{"id":6805,"date":"2022-08-22T23:47:52","date_gmt":"2020-10-27T18:17:52","guid":{"rendered":"https:\/\/radis.ee\/bureau-mural-pliable-radius\/"},"modified":"2024-10-08T10:09:03","modified_gmt":"2024-10-08T07:09:03","slug":"bureau-mural-pliable-ring","status":"publish","type":"product","link":"https:\/\/radis.ee\/fr\/bureau-mural-pliable-ring\/","title":{"rendered":"Bureau mural pliable RING"},"content":{"rendered":"<p>Est-ce le soleil? Est-ce une lune? Est-ce une passerelle vers un monde secret? Non, c&rsquo;est Ring, un poste de travail pliable unique con\u00e7u par Michael Hilgers. Id\u00e9al pour ceux qui n\u2019ont pas besoin d\u2019un bureau tous les jours, qui n\u2019ont tout simplement pas assez de place pour lui ou qui en ont mais qui veulent l\u2019utiliser diff\u00e9remment.<\/p>\n<p>Ring, peut \u00eatre soigneusement repli\u00e9 lorsqu&rsquo;il n&rsquo;est pas n\u00e9cessaire et retir\u00e9 pour le travail, pour exposer quelque chose, pour faire votre maquillage &#8211; vous choisissez. Lorsqu&rsquo;il est cach\u00e9, l&rsquo;outil mural devient un \u00e9l\u00e9ment amusant \u00e0 l&rsquo;int\u00e9rieur, ajoutant sophistication et caract\u00e8re.<\/p>\n<p>Pour l&rsquo;installation, placez simplement 2 vis avec une distance de 35 cm sur le mur et vous pouvez commencer \u00e0 l&rsquo;utiliser.<\/p>\n<p>La console murale a un diam\u00e8tre avant de 70 cm et une profondeur de 14 cm. Ouvrez le capot avant de 44 \u00e0 48 cm de profondeur. Les \u00e9tag\u00e8res int\u00e9rieures r\u00e9glables en hauteur mesurent 45 cm de large et 12 cm de profondeur. Hauteur int\u00e9rieure 45 cm. Charni\u00e8res H\u00e4fele solides. Disponible sur Koskisen HPL blanc sur contreplaqu\u00e9 et contreplaqu\u00e9 plaqu\u00e9 ch\u00eane.<\/p>\n","protected":false},"excerpt":{"rendered":"<p>Est-ce le soleil? Est-ce une lune? Est-ce une passerelle vers un monde secret? Non, c&rsquo;est Ring, un poste de travail pliable unique con\u00e7u par Michael Hilgers. Id\u00e9al pour ceux qui n\u2019ont pas besoin d\u2019un bureau tous les jours, qui n\u2019ont tout simplement pas assez de place pour lui ou qui en ont mais qui veulent&#8230;<\/p>\n","protected":false},"featured_media":15158,"comment_status":"open","ping_status":"closed","template":"","meta":{"_acf_changed":false},"product_brand":[],"product_cat":[779],"product_tag":[],"class_list":{"0":"post-6805","1":"product","2":"type-product","3":"status-publish","4":"has-post-thumbnail","6":"product_cat-les-tables","8":"first","9":"instock","10":"sale","11":"taxable","12":"shipping-taxable","13":"purchasable","14":"product-type-variable","15":"has-default-attributes"},"acf":[],"yoast_head":"<!-- This site is optimized with the Yoast SEO plugin v27.3 - https:\/\/yoast.com\/product\/yoast-seo-wordpress\/ -->\n<title>Bureau mural pliable RING - Radis<\/title>\n<meta name=\"robots\" content=\"index, follow, max-snippet:-1, max-image-preview:large, max-video-preview:-1\" \/>\n<link rel=\"canonical\" href=\"https:\/\/radis.ee\/fr\/bureau-mural-pliable-ring\/\" \/>\n<meta property=\"og:locale\" content=\"fr_FR\" \/>\n<meta property=\"og:type\" content=\"article\" \/>\n<meta property=\"og:title\" content=\"Bureau mural pliable RING - Radis\" \/>\n<meta property=\"og:description\" content=\"Est-ce le soleil? Est-ce une lune? Est-ce une passerelle vers un monde secret? Non, c&rsquo;est Ring, un poste de travail pliable unique con\u00e7u par Michael Hilgers. Id\u00e9al pour ceux qui n\u2019ont pas besoin d\u2019un bureau tous les jours, qui n\u2019ont tout simplement pas assez de place pour lui ou qui en ont mais qui veulent...\" \/>\n<meta property=\"og:url\" content=\"https:\/\/radis.ee\/fr\/bureau-mural-pliable-ring\/\" \/>\n<meta property=\"og:site_name\" content=\"Radis\" \/>\n<meta property=\"article:publisher\" content=\"https:\/\/www.facebook.com\/radisfurniture\/\" \/>\n<meta property=\"article:modified_time\" content=\"2024-10-08T07:09:03+00:00\" \/>\n<meta property=\"og:image\" content=\"https:\/\/radis.ee\/wp-content\/uploads\/2020\/05\/RA0646_RADIS_foldable_wall_desk_RING_oak_veneered_plywood_Michael_Hilgers_3_black_hinges_white_blackground.jpg\" \/>\n\t<meta property=\"og:image:width\" content=\"2444\" \/>\n\t<meta property=\"og:image:height\" content=\"2532\" \/>\n\t<meta property=\"og:image:type\" content=\"image\/jpeg\" \/>\n<meta name=\"twitter:card\" content=\"summary_large_image\" \/>\n<meta name=\"twitter:label1\" content=\"Dur\u00e9e de lecture estim\u00e9e\" \/>\n\t<meta name=\"twitter:data1\" content=\"1 minute\" \/>\n<script type=\"application\/ld+json\" class=\"yoast-schema-graph\">{\"@context\":\"https:\\\/\\\/schema.org\",\"@graph\":[{\"@type\":\"WebPage\",\"@id\":\"https:\\\/\\\/radis.ee\\\/fr\\\/bureau-mural-pliable-ring\\\/\",\"url\":\"https:\\\/\\\/radis.ee\\\/fr\\\/bureau-mural-pliable-ring\\\/\",\"name\":\"Bureau mural pliable RING - Radis\",\"isPartOf\":{\"@id\":\"https:\\\/\\\/radis.ee\\\/#website\"},\"primaryImageOfPage\":{\"@id\":\"https:\\\/\\\/radis.ee\\\/fr\\\/bureau-mural-pliable-ring\\\/#primaryimage\"},\"image\":{\"@id\":\"https:\\\/\\\/radis.ee\\\/fr\\\/bureau-mural-pliable-ring\\\/#primaryimage\"},\"thumbnailUrl\":\"https:\\\/\\\/radis.ee\\\/wp-content\\\/uploads\\\/2020\\\/05\\\/RA0646_RADIS_foldable_wall_desk_RING_oak_veneered_plywood_Michael_Hilgers_3_black_hinges_white_blackground.jpg\",\"datePublished\":\"2020-10-27T18:17:52+00:00\",\"dateModified\":\"2024-10-08T07:09:03+00:00\",\"breadcrumb\":{\"@id\":\"https:\\\/\\\/radis.ee\\\/fr\\\/bureau-mural-pliable-ring\\\/#breadcrumb\"},\"inLanguage\":\"fr-FR\",\"potentialAction\":[{\"@type\":\"ReadAction\",\"target\":[\"https:\\\/\\\/radis.ee\\\/fr\\\/bureau-mural-pliable-ring\\\/\"]}]},{\"@type\":\"ImageObject\",\"inLanguage\":\"fr-FR\",\"@id\":\"https:\\\/\\\/radis.ee\\\/fr\\\/bureau-mural-pliable-ring\\\/#primaryimage\",\"url\":\"https:\\\/\\\/radis.ee\\\/wp-content\\\/uploads\\\/2020\\\/05\\\/RA0646_RADIS_foldable_wall_desk_RING_oak_veneered_plywood_Michael_Hilgers_3_black_hinges_white_blackground.jpg\",\"contentUrl\":\"https:\\\/\\\/radis.ee\\\/wp-content\\\/uploads\\\/2020\\\/05\\\/RA0646_RADIS_foldable_wall_desk_RING_oak_veneered_plywood_Michael_Hilgers_3_black_hinges_white_blackground.jpg\",\"width\":2444,\"height\":2532,\"caption\":\"RADIS foldable wall desk RING oak veneered\"},{\"@type\":\"BreadcrumbList\",\"@id\":\"https:\\\/\\\/radis.ee\\\/fr\\\/bureau-mural-pliable-ring\\\/#breadcrumb\",\"itemListElement\":[{\"@type\":\"ListItem\",\"position\":1,\"name\":\"Home\",\"item\":\"https:\\\/\\\/radis.ee\\\/\"},{\"@type\":\"ListItem\",\"position\":2,\"name\":\"Magasin\",\"item\":\"https:\\\/\\\/radis.ee\\\/fr\\\/magasin\\\/\"},{\"@type\":\"ListItem\",\"position\":3,\"name\":\"Bureau mural pliable RING\"}]},{\"@type\":\"WebSite\",\"@id\":\"https:\\\/\\\/radis.ee\\\/#website\",\"url\":\"https:\\\/\\\/radis.ee\\\/\",\"name\":\"Radis\",\"description\":\"Nordic design furniture, environmentally friendly and sustainable.\",\"publisher\":{\"@id\":\"https:\\\/\\\/radis.ee\\\/#organization\"},\"potentialAction\":[{\"@type\":\"SearchAction\",\"target\":{\"@type\":\"EntryPoint\",\"urlTemplate\":\"https:\\\/\\\/radis.ee\\\/?s={search_term_string}\"},\"query-input\":{\"@type\":\"PropertyValueSpecification\",\"valueRequired\":true,\"valueName\":\"search_term_string\"}}],\"inLanguage\":\"fr-FR\"},{\"@type\":\"Organization\",\"@id\":\"https:\\\/\\\/radis.ee\\\/#organization\",\"name\":\"Radis O\u00dc\",\"url\":\"https:\\\/\\\/radis.ee\\\/\",\"logo\":{\"@type\":\"ImageObject\",\"inLanguage\":\"fr-FR\",\"@id\":\"https:\\\/\\\/radis.ee\\\/#\\\/schema\\\/logo\\\/image\\\/\",\"url\":\"https:\\\/\\\/radis.ee\\\/wp-content\\\/uploads\\\/2020\\\/10\\\/Radis-logo.png\",\"contentUrl\":\"https:\\\/\\\/radis.ee\\\/wp-content\\\/uploads\\\/2020\\\/10\\\/Radis-logo.png\",\"width\":300,\"height\":63,\"caption\":\"Radis O\u00dc\"},\"image\":{\"@id\":\"https:\\\/\\\/radis.ee\\\/#\\\/schema\\\/logo\\\/image\\\/\"},\"sameAs\":[\"https:\\\/\\\/www.facebook.com\\\/radisfurniture\\\/\"]}]}<\/script>\n<!-- \/ Yoast SEO plugin. -->","yoast_head_json":{"title":"Bureau mural pliable RING - Radis","robots":{"index":"index","follow":"follow","max-snippet":"max-snippet:-1","max-image-preview":"max-image-preview:large","max-video-preview":"max-video-preview:-1"},"canonical":"https:\/\/radis.ee\/fr\/bureau-mural-pliable-ring\/","og_locale":"fr_FR","og_type":"article","og_title":"Bureau mural pliable RING - Radis","og_description":"Est-ce le soleil? Est-ce une lune? Est-ce une passerelle vers un monde secret? Non, c&rsquo;est Ring, un poste de travail pliable unique con\u00e7u par Michael Hilgers. Id\u00e9al pour ceux qui n\u2019ont pas besoin d\u2019un bureau tous les jours, qui n\u2019ont tout simplement pas assez de place pour lui ou qui en ont mais qui veulent...","og_url":"https:\/\/radis.ee\/fr\/bureau-mural-pliable-ring\/","og_site_name":"Radis","article_publisher":"https:\/\/www.facebook.com\/radisfurniture\/","article_modified_time":"2024-10-08T07:09:03+00:00","og_image":[{"width":2444,"height":2532,"url":"https:\/\/radis.ee\/wp-content\/uploads\/2020\/05\/RA0646_RADIS_foldable_wall_desk_RING_oak_veneered_plywood_Michael_Hilgers_3_black_hinges_white_blackground.jpg","type":"image\/jpeg"}],"twitter_card":"summary_large_image","twitter_misc":{"Dur\u00e9e de lecture estim\u00e9e":"1 minute"},"schema":{"@context":"https:\/\/schema.org","@graph":[{"@type":"WebPage","@id":"https:\/\/radis.ee\/fr\/bureau-mural-pliable-ring\/","url":"https:\/\/radis.ee\/fr\/bureau-mural-pliable-ring\/","name":"Bureau mural pliable RING - Radis","isPartOf":{"@id":"https:\/\/radis.ee\/#website"},"primaryImageOfPage":{"@id":"https:\/\/radis.ee\/fr\/bureau-mural-pliable-ring\/#primaryimage"},"image":{"@id":"https:\/\/radis.ee\/fr\/bureau-mural-pliable-ring\/#primaryimage"},"thumbnailUrl":"https:\/\/radis.ee\/wp-content\/uploads\/2020\/05\/RA0646_RADIS_foldable_wall_desk_RING_oak_veneered_plywood_Michael_Hilgers_3_black_hinges_white_blackground.jpg","datePublished":"2020-10-27T18:17:52+00:00","dateModified":"2024-10-08T07:09:03+00:00","breadcrumb":{"@id":"https:\/\/radis.ee\/fr\/bureau-mural-pliable-ring\/#breadcrumb"},"inLanguage":"fr-FR","potentialAction":[{"@type":"ReadAction","target":["https:\/\/radis.ee\/fr\/bureau-mural-pliable-ring\/"]}]},{"@type":"ImageObject","inLanguage":"fr-FR","@id":"https:\/\/radis.ee\/fr\/bureau-mural-pliable-ring\/#primaryimage","url":"https:\/\/radis.ee\/wp-content\/uploads\/2020\/05\/RA0646_RADIS_foldable_wall_desk_RING_oak_veneered_plywood_Michael_Hilgers_3_black_hinges_white_blackground.jpg","contentUrl":"https:\/\/radis.ee\/wp-content\/uploads\/2020\/05\/RA0646_RADIS_foldable_wall_desk_RING_oak_veneered_plywood_Michael_Hilgers_3_black_hinges_white_blackground.jpg","width":2444,"height":2532,"caption":"RADIS foldable wall desk RING oak veneered"},{"@type":"BreadcrumbList","@id":"https:\/\/radis.ee\/fr\/bureau-mural-pliable-ring\/#breadcrumb","itemListElement":[{"@type":"ListItem","position":1,"name":"Home","item":"https:\/\/radis.ee\/"},{"@type":"ListItem","position":2,"name":"Magasin","item":"https:\/\/radis.ee\/fr\/magasin\/"},{"@type":"ListItem","position":3,"name":"Bureau mural pliable RING"}]},{"@type":"WebSite","@id":"https:\/\/radis.ee\/#website","url":"https:\/\/radis.ee\/","name":"Radis","description":"Nordic design furniture, environmentally friendly and sustainable.","publisher":{"@id":"https:\/\/radis.ee\/#organization"},"potentialAction":[{"@type":"SearchAction","target":{"@type":"EntryPoint","urlTemplate":"https:\/\/radis.ee\/?s={search_term_string}"},"query-input":{"@type":"PropertyValueSpecification","valueRequired":true,"valueName":"search_term_string"}}],"inLanguage":"fr-FR"},{"@type":"Organization","@id":"https:\/\/radis.ee\/#organization","name":"Radis O\u00dc","url":"https:\/\/radis.ee\/","logo":{"@type":"ImageObject","inLanguage":"fr-FR","@id":"https:\/\/radis.ee\/#\/schema\/logo\/image\/","url":"https:\/\/radis.ee\/wp-content\/uploads\/2020\/10\/Radis-logo.png","contentUrl":"https:\/\/radis.ee\/wp-content\/uploads\/2020\/10\/Radis-logo.png","width":300,"height":63,"caption":"Radis O\u00dc"},"image":{"@id":"https:\/\/radis.ee\/#\/schema\/logo\/image\/"},"sameAs":["https:\/\/www.facebook.com\/radisfurniture\/"]}]}},"_links":{"self":[{"href":"https:\/\/radis.ee\/fr\/wp-json\/wp\/v2\/product\/6805","targetHints":{"allow":["GET"]}}],"collection":[{"href":"https:\/\/radis.ee\/fr\/wp-json\/wp\/v2\/product"}],"about":[{"href":"https:\/\/radis.ee\/fr\/wp-json\/wp\/v2\/types\/product"}],"replies":[{"embeddable":true,"href":"https:\/\/radis.ee\/fr\/wp-json\/wp\/v2\/comments?post=6805"}],"wp:featuredmedia":[{"embeddable":true,"href":"https:\/\/radis.ee\/fr\/wp-json\/wp\/v2\/media\/15158"}],"wp:attachment":[{"href":"https:\/\/radis.ee\/fr\/wp-json\/wp\/v2\/media?parent=6805"}],"wp:term":[{"taxonomy":"product_brand","embeddable":true,"href":"https:\/\/radis.ee\/fr\/wp-json\/wp\/v2\/product_brand?post=6805"},{"taxonomy":"product_cat","embeddable":true,"href":"https:\/\/radis.ee\/fr\/wp-json\/wp\/v2\/product_cat?post=6805"},{"taxonomy":"product_tag","embeddable":true,"href":"https:\/\/radis.ee\/fr\/wp-json\/wp\/v2\/product_tag?post=6805"}],"curies":[{"name":"wp","href":"https:\/\/api.w.org\/{rel}","templated":true}]}}