{"id":6848,"date":"2022-08-20T22:44:50","date_gmt":"2022-08-20T19:44:50","guid":{"rendered":"https:\/\/radis.ee\/table-de-nuit-huh\/"},"modified":"2020-10-20T22:44:50","modified_gmt":"2020-10-20T19:44:50","slug":"table-de-nuit-huh","status":"publish","type":"product","link":"https:\/\/radis.ee\/fr\/table-de-nuit-huh\/","title":{"rendered":"Table de nuit HUH"},"content":{"rendered":"<p>Blottie sous la couverture avec une tasse de th\u00e9 chaud ou un r\u00e9veil \u00e0 remontage automatique, la table de chevet HUH est l\u00e0 pour vous soutenir. Votre livre pr\u00e9f\u00e9r\u00e9 repose dans le tiroir.<\/p>\n<p>En plus des deux \u00e9tag\u00e8res, la table de chevet dispose \u00e9galement d&rsquo;un tiroir spacieux. Fabriqu\u00e9 en contreplaqu\u00e9 de bouleau cir\u00e9 \u00e0 l&rsquo;huile. Rail de tiroir \u00e0 fermeture douce.<\/p>\n<p>La Collection HUH a \u00e9t\u00e9 nomin\u00e9e pour le prix du design estonien Bruno 2014.<\/p>\n","protected":false},"excerpt":{"rendered":"<p>Blottie sous la couverture avec une tasse de th\u00e9 chaud ou un r\u00e9veil \u00e0 remontage automatique, la table de chevet HUH est l\u00e0 pour vous soutenir. Votre livre pr\u00e9f\u00e9r\u00e9 repose dans le tiroir. En plus des deux \u00e9tag\u00e8res, la table de chevet dispose \u00e9galement d&rsquo;un tiroir spacieux. Fabriqu\u00e9 en contreplaqu\u00e9 de bouleau cir\u00e9 \u00e0 l&rsquo;huile&#8230;.<\/p>\n","protected":false},"featured_media":6849,"comment_status":"open","ping_status":"closed","template":"","meta":{"_acf_changed":false},"product_brand":[],"product_cat":[34,113],"product_tag":[],"class_list":{"0":"post-6848","1":"product","2":"type-product","3":"status-publish","4":"has-post-thumbnail","6":"product_cat-aksessuaarid","7":"product_cat-voodid","9":"first","10":"instock","11":"taxable","12":"shipping-taxable","13":"purchasable","14":"product-type-variable","15":"has-default-attributes"},"acf":[],"yoast_head":"<!-- This site is optimized with the Yoast SEO plugin v27.4 - https:\/\/yoast.com\/product\/yoast-seo-wordpress\/ -->\n<title>Table de nuit HUH - Radis<\/title>\n<meta name=\"robots\" content=\"index, follow, max-snippet:-1, max-image-preview:large, max-video-preview:-1\" \/>\n<link rel=\"canonical\" href=\"https:\/\/radis.ee\/fr\/table-de-nuit-huh\/\" \/>\n<meta property=\"og:locale\" content=\"fr_FR\" \/>\n<meta property=\"og:type\" content=\"article\" \/>\n<meta property=\"og:title\" content=\"Table de nuit HUH - Radis\" \/>\n<meta property=\"og:description\" content=\"Blottie sous la couverture avec une tasse de th\u00e9 chaud ou un r\u00e9veil \u00e0 remontage automatique, la table de chevet HUH est l\u00e0 pour vous soutenir. Votre livre pr\u00e9f\u00e9r\u00e9 repose dans le tiroir. En plus des deux \u00e9tag\u00e8res, la table de chevet dispose \u00e9galement d&rsquo;un tiroir spacieux. Fabriqu\u00e9 en contreplaqu\u00e9 de bouleau cir\u00e9 \u00e0 l&rsquo;huile....\" \/>\n<meta property=\"og:url\" content=\"https:\/\/radis.ee\/fr\/table-de-nuit-huh\/\" \/>\n<meta property=\"og:site_name\" content=\"Radis\" \/>\n<meta property=\"article:publisher\" content=\"https:\/\/www.facebook.com\/radisfurniture\/\" \/>\n<meta property=\"og:image\" content=\"https:\/\/radis.ee\/wp-content\/uploads\/2020\/10\/RA0542-Radis-night-stand-HUH-Pebble-Grey-and-White-oilwaxed-scaled.jpg\" \/>\n\t<meta property=\"og:image:width\" content=\"3177\" \/>\n\t<meta property=\"og:image:height\" content=\"3971\" \/>\n\t<meta property=\"og:image:type\" content=\"image\/jpeg\" \/>\n<meta name=\"twitter:card\" content=\"summary_large_image\" \/>\n<script type=\"application\/ld+json\" class=\"yoast-schema-graph\">{\"@context\":\"https:\\\/\\\/schema.org\",\"@graph\":[{\"@type\":\"WebPage\",\"@id\":\"https:\\\/\\\/radis.ee\\\/fr\\\/table-de-nuit-huh\\\/\",\"url\":\"https:\\\/\\\/radis.ee\\\/fr\\\/table-de-nuit-huh\\\/\",\"name\":\"Table de nuit HUH - Radis\",\"isPartOf\":{\"@id\":\"https:\\\/\\\/radis.ee\\\/#website\"},\"primaryImageOfPage\":{\"@id\":\"https:\\\/\\\/radis.ee\\\/fr\\\/table-de-nuit-huh\\\/#primaryimage\"},\"image\":{\"@id\":\"https:\\\/\\\/radis.ee\\\/fr\\\/table-de-nuit-huh\\\/#primaryimage\"},\"thumbnailUrl\":\"https:\\\/\\\/radis.ee\\\/wp-content\\\/uploads\\\/2020\\\/10\\\/RA0542-Radis-night-stand-HUH-Pebble-Grey-and-White-oilwaxed-scaled.jpg\",\"datePublished\":\"2022-08-20T19:44:50+00:00\",\"breadcrumb\":{\"@id\":\"https:\\\/\\\/radis.ee\\\/fr\\\/table-de-nuit-huh\\\/#breadcrumb\"},\"inLanguage\":\"fr-FR\",\"potentialAction\":[{\"@type\":\"ReadAction\",\"target\":[\"https:\\\/\\\/radis.ee\\\/fr\\\/table-de-nuit-huh\\\/\"]}]},{\"@type\":\"ImageObject\",\"inLanguage\":\"fr-FR\",\"@id\":\"https:\\\/\\\/radis.ee\\\/fr\\\/table-de-nuit-huh\\\/#primaryimage\",\"url\":\"https:\\\/\\\/radis.ee\\\/wp-content\\\/uploads\\\/2020\\\/10\\\/RA0542-Radis-night-stand-HUH-Pebble-Grey-and-White-oilwaxed-scaled.jpg\",\"contentUrl\":\"https:\\\/\\\/radis.ee\\\/wp-content\\\/uploads\\\/2020\\\/10\\\/RA0542-Radis-night-stand-HUH-Pebble-Grey-and-White-oilwaxed-scaled.jpg\",\"width\":3177,\"height\":3971},{\"@type\":\"BreadcrumbList\",\"@id\":\"https:\\\/\\\/radis.ee\\\/fr\\\/table-de-nuit-huh\\\/#breadcrumb\",\"itemListElement\":[{\"@type\":\"ListItem\",\"position\":1,\"name\":\"Home\",\"item\":\"https:\\\/\\\/radis.ee\\\/\"},{\"@type\":\"ListItem\",\"position\":2,\"name\":\"Magasin\",\"item\":\"https:\\\/\\\/radis.ee\\\/fr\\\/magasin\\\/\"},{\"@type\":\"ListItem\",\"position\":3,\"name\":\"Table de nuit HUH\"}]},{\"@type\":\"WebSite\",\"@id\":\"https:\\\/\\\/radis.ee\\\/#website\",\"url\":\"https:\\\/\\\/radis.ee\\\/\",\"name\":\"Radis\",\"description\":\"Nordic design furniture, environmentally friendly and sustainable.\",\"publisher\":{\"@id\":\"https:\\\/\\\/radis.ee\\\/#organization\"},\"potentialAction\":[{\"@type\":\"SearchAction\",\"target\":{\"@type\":\"EntryPoint\",\"urlTemplate\":\"https:\\\/\\\/radis.ee\\\/?s={search_term_string}\"},\"query-input\":{\"@type\":\"PropertyValueSpecification\",\"valueRequired\":true,\"valueName\":\"search_term_string\"}}],\"inLanguage\":\"fr-FR\"},{\"@type\":\"Organization\",\"@id\":\"https:\\\/\\\/radis.ee\\\/#organization\",\"name\":\"Radis O\u00dc\",\"url\":\"https:\\\/\\\/radis.ee\\\/\",\"logo\":{\"@type\":\"ImageObject\",\"inLanguage\":\"fr-FR\",\"@id\":\"https:\\\/\\\/radis.ee\\\/#\\\/schema\\\/logo\\\/image\\\/\",\"url\":\"https:\\\/\\\/radis.ee\\\/wp-content\\\/uploads\\\/2020\\\/10\\\/Radis-logo.png\",\"contentUrl\":\"https:\\\/\\\/radis.ee\\\/wp-content\\\/uploads\\\/2020\\\/10\\\/Radis-logo.png\",\"width\":300,\"height\":63,\"caption\":\"Radis O\u00dc\"},\"image\":{\"@id\":\"https:\\\/\\\/radis.ee\\\/#\\\/schema\\\/logo\\\/image\\\/\"},\"sameAs\":[\"https:\\\/\\\/www.facebook.com\\\/radisfurniture\\\/\"]}]}<\/script>\n<!-- \/ Yoast SEO plugin. -->","yoast_head_json":{"title":"Table de nuit HUH - Radis","robots":{"index":"index","follow":"follow","max-snippet":"max-snippet:-1","max-image-preview":"max-image-preview:large","max-video-preview":"max-video-preview:-1"},"canonical":"https:\/\/radis.ee\/fr\/table-de-nuit-huh\/","og_locale":"fr_FR","og_type":"article","og_title":"Table de nuit HUH - Radis","og_description":"Blottie sous la couverture avec une tasse de th\u00e9 chaud ou un r\u00e9veil \u00e0 remontage automatique, la table de chevet HUH est l\u00e0 pour vous soutenir. Votre livre pr\u00e9f\u00e9r\u00e9 repose dans le tiroir. En plus des deux \u00e9tag\u00e8res, la table de chevet dispose \u00e9galement d&rsquo;un tiroir spacieux. Fabriqu\u00e9 en contreplaqu\u00e9 de bouleau cir\u00e9 \u00e0 l&rsquo;huile....","og_url":"https:\/\/radis.ee\/fr\/table-de-nuit-huh\/","og_site_name":"Radis","article_publisher":"https:\/\/www.facebook.com\/radisfurniture\/","og_image":[{"width":3177,"height":3971,"url":"https:\/\/radis.ee\/wp-content\/uploads\/2020\/10\/RA0542-Radis-night-stand-HUH-Pebble-Grey-and-White-oilwaxed-scaled.jpg","type":"image\/jpeg"}],"twitter_card":"summary_large_image","schema":{"@context":"https:\/\/schema.org","@graph":[{"@type":"WebPage","@id":"https:\/\/radis.ee\/fr\/table-de-nuit-huh\/","url":"https:\/\/radis.ee\/fr\/table-de-nuit-huh\/","name":"Table de nuit HUH - Radis","isPartOf":{"@id":"https:\/\/radis.ee\/#website"},"primaryImageOfPage":{"@id":"https:\/\/radis.ee\/fr\/table-de-nuit-huh\/#primaryimage"},"image":{"@id":"https:\/\/radis.ee\/fr\/table-de-nuit-huh\/#primaryimage"},"thumbnailUrl":"https:\/\/radis.ee\/wp-content\/uploads\/2020\/10\/RA0542-Radis-night-stand-HUH-Pebble-Grey-and-White-oilwaxed-scaled.jpg","datePublished":"2022-08-20T19:44:50+00:00","breadcrumb":{"@id":"https:\/\/radis.ee\/fr\/table-de-nuit-huh\/#breadcrumb"},"inLanguage":"fr-FR","potentialAction":[{"@type":"ReadAction","target":["https:\/\/radis.ee\/fr\/table-de-nuit-huh\/"]}]},{"@type":"ImageObject","inLanguage":"fr-FR","@id":"https:\/\/radis.ee\/fr\/table-de-nuit-huh\/#primaryimage","url":"https:\/\/radis.ee\/wp-content\/uploads\/2020\/10\/RA0542-Radis-night-stand-HUH-Pebble-Grey-and-White-oilwaxed-scaled.jpg","contentUrl":"https:\/\/radis.ee\/wp-content\/uploads\/2020\/10\/RA0542-Radis-night-stand-HUH-Pebble-Grey-and-White-oilwaxed-scaled.jpg","width":3177,"height":3971},{"@type":"BreadcrumbList","@id":"https:\/\/radis.ee\/fr\/table-de-nuit-huh\/#breadcrumb","itemListElement":[{"@type":"ListItem","position":1,"name":"Home","item":"https:\/\/radis.ee\/"},{"@type":"ListItem","position":2,"name":"Magasin","item":"https:\/\/radis.ee\/fr\/magasin\/"},{"@type":"ListItem","position":3,"name":"Table de nuit HUH"}]},{"@type":"WebSite","@id":"https:\/\/radis.ee\/#website","url":"https:\/\/radis.ee\/","name":"Radis","description":"Nordic design furniture, environmentally friendly and sustainable.","publisher":{"@id":"https:\/\/radis.ee\/#organization"},"potentialAction":[{"@type":"SearchAction","target":{"@type":"EntryPoint","urlTemplate":"https:\/\/radis.ee\/?s={search_term_string}"},"query-input":{"@type":"PropertyValueSpecification","valueRequired":true,"valueName":"search_term_string"}}],"inLanguage":"fr-FR"},{"@type":"Organization","@id":"https:\/\/radis.ee\/#organization","name":"Radis O\u00dc","url":"https:\/\/radis.ee\/","logo":{"@type":"ImageObject","inLanguage":"fr-FR","@id":"https:\/\/radis.ee\/#\/schema\/logo\/image\/","url":"https:\/\/radis.ee\/wp-content\/uploads\/2020\/10\/Radis-logo.png","contentUrl":"https:\/\/radis.ee\/wp-content\/uploads\/2020\/10\/Radis-logo.png","width":300,"height":63,"caption":"Radis O\u00dc"},"image":{"@id":"https:\/\/radis.ee\/#\/schema\/logo\/image\/"},"sameAs":["https:\/\/www.facebook.com\/radisfurniture\/"]}]}},"_links":{"self":[{"href":"https:\/\/radis.ee\/fr\/wp-json\/wp\/v2\/product\/6848","targetHints":{"allow":["GET"]}}],"collection":[{"href":"https:\/\/radis.ee\/fr\/wp-json\/wp\/v2\/product"}],"about":[{"href":"https:\/\/radis.ee\/fr\/wp-json\/wp\/v2\/types\/product"}],"replies":[{"embeddable":true,"href":"https:\/\/radis.ee\/fr\/wp-json\/wp\/v2\/comments?post=6848"}],"wp:featuredmedia":[{"embeddable":true,"href":"https:\/\/radis.ee\/fr\/wp-json\/wp\/v2\/media\/6849"}],"wp:attachment":[{"href":"https:\/\/radis.ee\/fr\/wp-json\/wp\/v2\/media?parent=6848"}],"wp:term":[{"taxonomy":"product_brand","embeddable":true,"href":"https:\/\/radis.ee\/fr\/wp-json\/wp\/v2\/product_brand?post=6848"},{"taxonomy":"product_cat","embeddable":true,"href":"https:\/\/radis.ee\/fr\/wp-json\/wp\/v2\/product_cat?post=6848"},{"taxonomy":"product_tag","embeddable":true,"href":"https:\/\/radis.ee\/fr\/wp-json\/wp\/v2\/product_tag?post=6848"}],"curies":[{"name":"wp","href":"https:\/\/api.w.org\/{rel}","templated":true}]}}