{"id":6986,"date":"2022-02-14T21:19:56","date_gmt":"2022-02-14T19:19:56","guid":{"rendered":"https:\/\/radis.ee\/buffet-pix-4-x-4\/"},"modified":"2024-03-11T23:09:11","modified_gmt":"2024-03-11T21:09:11","slug":"buffet-pix-4x4","status":"publish","type":"product","link":"https:\/\/radis.ee\/fr\/buffet-pix-4x4\/","title":{"rendered":"Buffet PIX 4\u00d74"},"content":{"rendered":"<p>Caract\u00e8re spacieux et fort qui s&rsquo;int\u00e8gre bien dans le salon, la chambre d&rsquo;enfant ou m\u00eame le bureau. Le coffre PIX est tr\u00e8s accommodant et cr\u00e9e de l&rsquo;ordre.<\/p>\n<p>La hauteur de l&rsquo;\u00e9tag\u00e8re int\u00e9rieure est de 33 cm, la largeur int\u00e9rieure de 67 cm, convient donc \u00e9galement aux dossiers de bureau. Ou pour s&rsquo;adapter \u00e0 vos disques vinyles pr\u00e9f\u00e9r\u00e9s.<\/p>\n<p>Fabriqu\u00e9 en contreplaqu\u00e9 de bouleau, cir\u00e9 \u00e0 l&rsquo;huile, \u00e9galement plaqu\u00e9 ch\u00eane et rev\u00eatu de HPL. Charni\u00e8res de porte \u00e0 fermeture douce. Une plinthe de 8 cm de haut qui s&rsquo;adapte \u00e0 toutes les plinthes.<\/p>\n","protected":false},"excerpt":{"rendered":"<p>Caract\u00e8re spacieux et fort qui s&rsquo;int\u00e8gre bien dans le salon, la chambre d&rsquo;enfant ou m\u00eame le bureau. Le coffre PIX est tr\u00e8s accommodant et cr\u00e9e de l&rsquo;ordre. La hauteur de l&rsquo;\u00e9tag\u00e8re int\u00e9rieure est de 33 cm, la largeur int\u00e9rieure de 67 cm, convient donc \u00e9galement aux dossiers de bureau. Ou pour s&rsquo;adapter \u00e0 vos disques&#8230;<\/p>\n","protected":false},"featured_media":7005,"comment_status":"open","ping_status":"closed","template":"","meta":{"_acf_changed":false},"product_brand":[],"product_cat":[17],"product_tag":[],"class_list":{"0":"post-6986","1":"product","2":"type-product","3":"status-publish","4":"has-post-thumbnail","6":"product_cat-kummutid","8":"first","9":"instock","10":"sale","11":"taxable","12":"shipping-taxable","13":"purchasable","14":"product-type-variable","15":"has-default-attributes"},"acf":[],"yoast_head":"<!-- This site is optimized with the Yoast SEO plugin v27.4 - https:\/\/yoast.com\/product\/yoast-seo-wordpress\/ -->\n<title>Buffet PIX 4\u00d74 - Radis<\/title>\n<meta name=\"robots\" content=\"index, follow, max-snippet:-1, max-image-preview:large, max-video-preview:-1\" \/>\n<link rel=\"canonical\" href=\"https:\/\/radis.ee\/fr\/buffet-pix-4x4\/\" \/>\n<meta property=\"og:locale\" content=\"fr_FR\" \/>\n<meta property=\"og:type\" content=\"article\" \/>\n<meta property=\"og:title\" content=\"Buffet PIX 4\u00d74 - Radis\" \/>\n<meta property=\"og:description\" content=\"Caract\u00e8re spacieux et fort qui s&rsquo;int\u00e8gre bien dans le salon, la chambre d&rsquo;enfant ou m\u00eame le bureau. Le coffre PIX est tr\u00e8s accommodant et cr\u00e9e de l&rsquo;ordre. La hauteur de l&rsquo;\u00e9tag\u00e8re int\u00e9rieure est de 33 cm, la largeur int\u00e9rieure de 67 cm, convient donc \u00e9galement aux dossiers de bureau. Ou pour s&rsquo;adapter \u00e0 vos disques...\" \/>\n<meta property=\"og:url\" content=\"https:\/\/radis.ee\/fr\/buffet-pix-4x4\/\" \/>\n<meta property=\"og:site_name\" content=\"Radis\" \/>\n<meta property=\"article:publisher\" content=\"https:\/\/www.facebook.com\/radisfurniture\/\" \/>\n<meta property=\"article:modified_time\" content=\"2024-03-11T21:09:11+00:00\" \/>\n<meta property=\"og:image\" content=\"https:\/\/radis.ee\/wp-content\/uploads\/2020\/09\/RA0451-Radis-sideboard-PIX-4x4-pebble-grey-oilwaxed-doors-white-oak-pebble-grey-oilwaxed-scaled.jpg\" \/>\n\t<meta property=\"og:image:width\" content=\"2814\" \/>\n\t<meta property=\"og:image:height\" content=\"2814\" \/>\n\t<meta property=\"og:image:type\" content=\"image\/jpeg\" \/>\n<meta name=\"twitter:card\" content=\"summary_large_image\" \/>\n<script type=\"application\/ld+json\" class=\"yoast-schema-graph\">{\"@context\":\"https:\\\/\\\/schema.org\",\"@graph\":[{\"@type\":\"WebPage\",\"@id\":\"https:\\\/\\\/radis.ee\\\/fr\\\/buffet-pix-4x4\\\/\",\"url\":\"https:\\\/\\\/radis.ee\\\/fr\\\/buffet-pix-4x4\\\/\",\"name\":\"Buffet PIX 4\u00d74 - Radis\",\"isPartOf\":{\"@id\":\"https:\\\/\\\/radis.ee\\\/#website\"},\"primaryImageOfPage\":{\"@id\":\"https:\\\/\\\/radis.ee\\\/fr\\\/buffet-pix-4x4\\\/#primaryimage\"},\"image\":{\"@id\":\"https:\\\/\\\/radis.ee\\\/fr\\\/buffet-pix-4x4\\\/#primaryimage\"},\"thumbnailUrl\":\"https:\\\/\\\/radis.ee\\\/wp-content\\\/uploads\\\/2020\\\/09\\\/RA0451-Radis-sideboard-PIX-4x4-pebble-grey-oilwaxed-doors-white-oak-pebble-grey-oilwaxed-scaled.jpg\",\"datePublished\":\"2022-02-14T19:19:56+00:00\",\"dateModified\":\"2024-03-11T21:09:11+00:00\",\"breadcrumb\":{\"@id\":\"https:\\\/\\\/radis.ee\\\/fr\\\/buffet-pix-4x4\\\/#breadcrumb\"},\"inLanguage\":\"fr-FR\",\"potentialAction\":[{\"@type\":\"ReadAction\",\"target\":[\"https:\\\/\\\/radis.ee\\\/fr\\\/buffet-pix-4x4\\\/\"]}]},{\"@type\":\"ImageObject\",\"inLanguage\":\"fr-FR\",\"@id\":\"https:\\\/\\\/radis.ee\\\/fr\\\/buffet-pix-4x4\\\/#primaryimage\",\"url\":\"https:\\\/\\\/radis.ee\\\/wp-content\\\/uploads\\\/2020\\\/09\\\/RA0451-Radis-sideboard-PIX-4x4-pebble-grey-oilwaxed-doors-white-oak-pebble-grey-oilwaxed-scaled.jpg\",\"contentUrl\":\"https:\\\/\\\/radis.ee\\\/wp-content\\\/uploads\\\/2020\\\/09\\\/RA0451-Radis-sideboard-PIX-4x4-pebble-grey-oilwaxed-doors-white-oak-pebble-grey-oilwaxed-scaled.jpg\",\"width\":2814,\"height\":2814},{\"@type\":\"BreadcrumbList\",\"@id\":\"https:\\\/\\\/radis.ee\\\/fr\\\/buffet-pix-4x4\\\/#breadcrumb\",\"itemListElement\":[{\"@type\":\"ListItem\",\"position\":1,\"name\":\"Home\",\"item\":\"https:\\\/\\\/radis.ee\\\/\"},{\"@type\":\"ListItem\",\"position\":2,\"name\":\"Magasin\",\"item\":\"https:\\\/\\\/radis.ee\\\/fr\\\/magasin\\\/\"},{\"@type\":\"ListItem\",\"position\":3,\"name\":\"Buffet PIX 4\u00d74\"}]},{\"@type\":\"WebSite\",\"@id\":\"https:\\\/\\\/radis.ee\\\/#website\",\"url\":\"https:\\\/\\\/radis.ee\\\/\",\"name\":\"Radis\",\"description\":\"Nordic design furniture, environmentally friendly and sustainable.\",\"publisher\":{\"@id\":\"https:\\\/\\\/radis.ee\\\/#organization\"},\"potentialAction\":[{\"@type\":\"SearchAction\",\"target\":{\"@type\":\"EntryPoint\",\"urlTemplate\":\"https:\\\/\\\/radis.ee\\\/?s={search_term_string}\"},\"query-input\":{\"@type\":\"PropertyValueSpecification\",\"valueRequired\":true,\"valueName\":\"search_term_string\"}}],\"inLanguage\":\"fr-FR\"},{\"@type\":\"Organization\",\"@id\":\"https:\\\/\\\/radis.ee\\\/#organization\",\"name\":\"Radis O\u00dc\",\"url\":\"https:\\\/\\\/radis.ee\\\/\",\"logo\":{\"@type\":\"ImageObject\",\"inLanguage\":\"fr-FR\",\"@id\":\"https:\\\/\\\/radis.ee\\\/#\\\/schema\\\/logo\\\/image\\\/\",\"url\":\"https:\\\/\\\/radis.ee\\\/wp-content\\\/uploads\\\/2020\\\/10\\\/Radis-logo.png\",\"contentUrl\":\"https:\\\/\\\/radis.ee\\\/wp-content\\\/uploads\\\/2020\\\/10\\\/Radis-logo.png\",\"width\":300,\"height\":63,\"caption\":\"Radis O\u00dc\"},\"image\":{\"@id\":\"https:\\\/\\\/radis.ee\\\/#\\\/schema\\\/logo\\\/image\\\/\"},\"sameAs\":[\"https:\\\/\\\/www.facebook.com\\\/radisfurniture\\\/\"]}]}<\/script>\n<!-- \/ Yoast SEO plugin. -->","yoast_head_json":{"title":"Buffet PIX 4\u00d74 - Radis","robots":{"index":"index","follow":"follow","max-snippet":"max-snippet:-1","max-image-preview":"max-image-preview:large","max-video-preview":"max-video-preview:-1"},"canonical":"https:\/\/radis.ee\/fr\/buffet-pix-4x4\/","og_locale":"fr_FR","og_type":"article","og_title":"Buffet PIX 4\u00d74 - Radis","og_description":"Caract\u00e8re spacieux et fort qui s&rsquo;int\u00e8gre bien dans le salon, la chambre d&rsquo;enfant ou m\u00eame le bureau. Le coffre PIX est tr\u00e8s accommodant et cr\u00e9e de l&rsquo;ordre. La hauteur de l&rsquo;\u00e9tag\u00e8re int\u00e9rieure est de 33 cm, la largeur int\u00e9rieure de 67 cm, convient donc \u00e9galement aux dossiers de bureau. Ou pour s&rsquo;adapter \u00e0 vos disques...","og_url":"https:\/\/radis.ee\/fr\/buffet-pix-4x4\/","og_site_name":"Radis","article_publisher":"https:\/\/www.facebook.com\/radisfurniture\/","article_modified_time":"2024-03-11T21:09:11+00:00","og_image":[{"width":2814,"height":2814,"url":"https:\/\/radis.ee\/wp-content\/uploads\/2020\/09\/RA0451-Radis-sideboard-PIX-4x4-pebble-grey-oilwaxed-doors-white-oak-pebble-grey-oilwaxed-scaled.jpg","type":"image\/jpeg"}],"twitter_card":"summary_large_image","schema":{"@context":"https:\/\/schema.org","@graph":[{"@type":"WebPage","@id":"https:\/\/radis.ee\/fr\/buffet-pix-4x4\/","url":"https:\/\/radis.ee\/fr\/buffet-pix-4x4\/","name":"Buffet PIX 4\u00d74 - Radis","isPartOf":{"@id":"https:\/\/radis.ee\/#website"},"primaryImageOfPage":{"@id":"https:\/\/radis.ee\/fr\/buffet-pix-4x4\/#primaryimage"},"image":{"@id":"https:\/\/radis.ee\/fr\/buffet-pix-4x4\/#primaryimage"},"thumbnailUrl":"https:\/\/radis.ee\/wp-content\/uploads\/2020\/09\/RA0451-Radis-sideboard-PIX-4x4-pebble-grey-oilwaxed-doors-white-oak-pebble-grey-oilwaxed-scaled.jpg","datePublished":"2022-02-14T19:19:56+00:00","dateModified":"2024-03-11T21:09:11+00:00","breadcrumb":{"@id":"https:\/\/radis.ee\/fr\/buffet-pix-4x4\/#breadcrumb"},"inLanguage":"fr-FR","potentialAction":[{"@type":"ReadAction","target":["https:\/\/radis.ee\/fr\/buffet-pix-4x4\/"]}]},{"@type":"ImageObject","inLanguage":"fr-FR","@id":"https:\/\/radis.ee\/fr\/buffet-pix-4x4\/#primaryimage","url":"https:\/\/radis.ee\/wp-content\/uploads\/2020\/09\/RA0451-Radis-sideboard-PIX-4x4-pebble-grey-oilwaxed-doors-white-oak-pebble-grey-oilwaxed-scaled.jpg","contentUrl":"https:\/\/radis.ee\/wp-content\/uploads\/2020\/09\/RA0451-Radis-sideboard-PIX-4x4-pebble-grey-oilwaxed-doors-white-oak-pebble-grey-oilwaxed-scaled.jpg","width":2814,"height":2814},{"@type":"BreadcrumbList","@id":"https:\/\/radis.ee\/fr\/buffet-pix-4x4\/#breadcrumb","itemListElement":[{"@type":"ListItem","position":1,"name":"Home","item":"https:\/\/radis.ee\/"},{"@type":"ListItem","position":2,"name":"Magasin","item":"https:\/\/radis.ee\/fr\/magasin\/"},{"@type":"ListItem","position":3,"name":"Buffet PIX 4\u00d74"}]},{"@type":"WebSite","@id":"https:\/\/radis.ee\/#website","url":"https:\/\/radis.ee\/","name":"Radis","description":"Nordic design furniture, environmentally friendly and sustainable.","publisher":{"@id":"https:\/\/radis.ee\/#organization"},"potentialAction":[{"@type":"SearchAction","target":{"@type":"EntryPoint","urlTemplate":"https:\/\/radis.ee\/?s={search_term_string}"},"query-input":{"@type":"PropertyValueSpecification","valueRequired":true,"valueName":"search_term_string"}}],"inLanguage":"fr-FR"},{"@type":"Organization","@id":"https:\/\/radis.ee\/#organization","name":"Radis O\u00dc","url":"https:\/\/radis.ee\/","logo":{"@type":"ImageObject","inLanguage":"fr-FR","@id":"https:\/\/radis.ee\/#\/schema\/logo\/image\/","url":"https:\/\/radis.ee\/wp-content\/uploads\/2020\/10\/Radis-logo.png","contentUrl":"https:\/\/radis.ee\/wp-content\/uploads\/2020\/10\/Radis-logo.png","width":300,"height":63,"caption":"Radis O\u00dc"},"image":{"@id":"https:\/\/radis.ee\/#\/schema\/logo\/image\/"},"sameAs":["https:\/\/www.facebook.com\/radisfurniture\/"]}]}},"_links":{"self":[{"href":"https:\/\/radis.ee\/fr\/wp-json\/wp\/v2\/product\/6986","targetHints":{"allow":["GET"]}}],"collection":[{"href":"https:\/\/radis.ee\/fr\/wp-json\/wp\/v2\/product"}],"about":[{"href":"https:\/\/radis.ee\/fr\/wp-json\/wp\/v2\/types\/product"}],"replies":[{"embeddable":true,"href":"https:\/\/radis.ee\/fr\/wp-json\/wp\/v2\/comments?post=6986"}],"wp:featuredmedia":[{"embeddable":true,"href":"https:\/\/radis.ee\/fr\/wp-json\/wp\/v2\/media\/7005"}],"wp:attachment":[{"href":"https:\/\/radis.ee\/fr\/wp-json\/wp\/v2\/media?parent=6986"}],"wp:term":[{"taxonomy":"product_brand","embeddable":true,"href":"https:\/\/radis.ee\/fr\/wp-json\/wp\/v2\/product_brand?post=6986"},{"taxonomy":"product_cat","embeddable":true,"href":"https:\/\/radis.ee\/fr\/wp-json\/wp\/v2\/product_cat?post=6986"},{"taxonomy":"product_tag","embeddable":true,"href":"https:\/\/radis.ee\/fr\/wp-json\/wp\/v2\/product_tag?post=6986"}],"curies":[{"name":"wp","href":"https:\/\/api.w.org\/{rel}","templated":true}]}}