{"id":7092,"date":"2022-10-28T02:04:36","date_gmt":"2022-10-27T23:04:36","guid":{"rendered":"https:\/\/radis.ee\/table-a-manger-extensible-nam-nam\/"},"modified":"2026-02-09T22:56:47","modified_gmt":"2026-02-09T20:56:47","slug":"table-a-manger-extensible-nam-nam","status":"publish","type":"product","link":"https:\/\/radis.ee\/fr\/table-a-manger-extensible-nam-nam\/","title":{"rendered":"Table \u00e0 manger extensible NAM-NAM"},"content":{"rendered":"<p>La table \u00e0 manger extensible NAM-NAM est un chef-d&rsquo;\u0153uvre polyvalent d&rsquo;inspiration nordique, dot\u00e9e de rallonges int\u00e9gr\u00e9es dissimul\u00e9es et d&rsquo;un plateau durable en HPL ou plaqu\u00e9 ch\u00eane, ce qui en fait la solution \u00e9l\u00e9gante parfaite pour les repas de famille quotidiens comme pour les grands d\u00eeners.<\/p>\n<p>Dans le cas d&rsquo;un plus grand rassemblement, la longueur de la table peut \u00eatre augment\u00e9e instantan\u00e9ment d&rsquo;un m\u00e8tre. La table est id\u00e9alement utilis\u00e9e \u00e0 la maison et au bureau, car il est pr\u00e9f\u00e9rable de tenir les r\u00e9unions et les f\u00eates \u00e0 une table.<\/p>\n<p>Les extensions se plient ensemble et sont convenablement rang\u00e9es sous le dessus de table. La table allong\u00e9e de 1 m\u00e8tre peut \u00e9galement \u00eatre allong\u00e9e de moiti\u00e9 moins, c&rsquo;est-\u00e0-dire jusqu&rsquo;\u00e0 une longueur de 194 cm.<\/p>\n<p>Distance des jambes sur chaise hauteur 50cm :<\/p>\n<ul>\n<li>NAM-NAM 90x120cm &#8211; 87 cm, avec rallonge 60cm 147 cm<\/li>\n<li>NAM-NAM 96x144cm &#8211; 111 cm, avec rallonge de 50 cm 161 cm, avec une autre rallonge de 50 cm 211 cm<\/li>\n<li>NAM-NAM 120x120cm &#8211; 83 cm, avec extension de 50 cm 133 cm, avec une autre extension de 50 cm 183 cm<\/li>\n<\/ul>\n<p>Fabriqu\u00e9 en stratifi\u00e9 haute pression (HPL) soyeux sur contreplaqu\u00e9, panneaux interm\u00e9diaires sur demande en contreplaqu\u00e9 de bouleau cir\u00e9 \u00e0 l&rsquo;huile, pieds en bois de bouleau. Les couleurs du plateau de table HPL sont le blanc (RAL 9003), le gris clair (RAL 7042) ou le noir (PK F2253 Formica Diamond Black). Disponible \u00e9galement avec le linol\u00e9um pour meubles Forbo et tout le ch\u00eane plaqu\u00e9 sur contreplaqu\u00e9, alors les pieds de table sont \u00e9galement en bois de ch\u00eane massif. La hauteur du caisson de base de la table \u00e0 partir du sol est de 65 cm.<\/p>\n<p>La table NAM-NAM est d\u00e9j\u00e0 assembl\u00e9e, il vous suffit de fixer les pieds.<\/p>\n<p>Collection MAN a \u00e9t\u00e9 nomin\u00e9 pour le prix du design estonien Bruno 2016.<\/p>\n","protected":false},"excerpt":{"rendered":"<p>La table \u00e0 manger extensible NAM-NAM est un chef-d&rsquo;\u0153uvre polyvalent d&rsquo;inspiration nordique, dot\u00e9e de rallonges int\u00e9gr\u00e9es dissimul\u00e9es et d&rsquo;un plateau durable en HPL ou plaqu\u00e9 ch\u00eane, ce qui en fait la solution \u00e9l\u00e9gante parfaite pour les repas de famille quotidiens comme pour les grands d\u00eeners. Dans le cas d&rsquo;un plus grand rassemblement, la longueur de&#8230;<\/p>\n","protected":false},"featured_media":7103,"comment_status":"open","ping_status":"closed","template":"","meta":{"_acf_changed":false},"product_brand":[],"product_cat":[111],"product_tag":[],"class_list":{"0":"post-7092","1":"product","2":"type-product","3":"status-publish","4":"has-post-thumbnail","6":"product_cat-lauad","8":"first","9":"instock","10":"sale","11":"taxable","12":"shipping-taxable","13":"purchasable","14":"product-type-variable","15":"has-default-attributes"},"acf":[],"yoast_head":"<!-- This site is optimized with the Yoast SEO plugin v27.4 - https:\/\/yoast.com\/product\/yoast-seo-wordpress\/ -->\n<title>Table \u00e0 manger extensible NAM-NAM - Radis<\/title>\n<meta name=\"robots\" content=\"index, follow, max-snippet:-1, max-image-preview:large, max-video-preview:-1\" \/>\n<link rel=\"canonical\" href=\"https:\/\/radis.ee\/fr\/table-a-manger-extensible-nam-nam\/\" \/>\n<meta property=\"og:locale\" content=\"fr_FR\" \/>\n<meta property=\"og:type\" content=\"article\" \/>\n<meta property=\"og:title\" content=\"Table \u00e0 manger extensible NAM-NAM - Radis\" \/>\n<meta property=\"og:description\" content=\"La table \u00e0 manger extensible NAM-NAM est un chef-d&rsquo;\u0153uvre polyvalent d&rsquo;inspiration nordique, dot\u00e9e de rallonges int\u00e9gr\u00e9es dissimul\u00e9es et d&rsquo;un plateau durable en HPL ou plaqu\u00e9 ch\u00eane, ce qui en fait la solution \u00e9l\u00e9gante parfaite pour les repas de famille quotidiens comme pour les grands d\u00eeners. Dans le cas d&rsquo;un plus grand rassemblement, la longueur de...\" \/>\n<meta property=\"og:url\" content=\"https:\/\/radis.ee\/fr\/table-a-manger-extensible-nam-nam\/\" \/>\n<meta property=\"og:site_name\" content=\"Radis\" \/>\n<meta property=\"article:publisher\" content=\"https:\/\/www.facebook.com\/radisfurniture\/\" \/>\n<meta property=\"article:modified_time\" content=\"2026-02-09T20:56:47+00:00\" \/>\n<meta property=\"og:image\" content=\"https:\/\/radis.ee\/wp-content\/uploads\/2020\/10\/RA0468-Radis-extendable-dinner-table-NAM-NAM-2-white-top-light-oak.jpg\" \/>\n\t<meta property=\"og:image:width\" content=\"2500\" \/>\n\t<meta property=\"og:image:height\" content=\"2500\" \/>\n\t<meta property=\"og:image:type\" content=\"image\/jpeg\" \/>\n<meta name=\"twitter:card\" content=\"summary_large_image\" \/>\n<meta name=\"twitter:label1\" content=\"Dur\u00e9e de lecture estim\u00e9e\" \/>\n\t<meta name=\"twitter:data1\" content=\"2 minutes\" \/>\n<script type=\"application\/ld+json\" class=\"yoast-schema-graph\">{\"@context\":\"https:\\\/\\\/schema.org\",\"@graph\":[{\"@type\":\"WebPage\",\"@id\":\"https:\\\/\\\/radis.ee\\\/fr\\\/table-a-manger-extensible-nam-nam\\\/\",\"url\":\"https:\\\/\\\/radis.ee\\\/fr\\\/table-a-manger-extensible-nam-nam\\\/\",\"name\":\"Table \u00e0 manger extensible NAM-NAM - Radis\",\"isPartOf\":{\"@id\":\"https:\\\/\\\/radis.ee\\\/#website\"},\"primaryImageOfPage\":{\"@id\":\"https:\\\/\\\/radis.ee\\\/fr\\\/table-a-manger-extensible-nam-nam\\\/#primaryimage\"},\"image\":{\"@id\":\"https:\\\/\\\/radis.ee\\\/fr\\\/table-a-manger-extensible-nam-nam\\\/#primaryimage\"},\"thumbnailUrl\":\"https:\\\/\\\/radis.ee\\\/wp-content\\\/uploads\\\/2020\\\/10\\\/RA0468-Radis-extendable-dinner-table-NAM-NAM-2-white-top-light-oak.jpg\",\"datePublished\":\"2022-10-27T23:04:36+00:00\",\"dateModified\":\"2026-02-09T20:56:47+00:00\",\"breadcrumb\":{\"@id\":\"https:\\\/\\\/radis.ee\\\/fr\\\/table-a-manger-extensible-nam-nam\\\/#breadcrumb\"},\"inLanguage\":\"fr-FR\",\"potentialAction\":[{\"@type\":\"ReadAction\",\"target\":[\"https:\\\/\\\/radis.ee\\\/fr\\\/table-a-manger-extensible-nam-nam\\\/\"]}]},{\"@type\":\"ImageObject\",\"inLanguage\":\"fr-FR\",\"@id\":\"https:\\\/\\\/radis.ee\\\/fr\\\/table-a-manger-extensible-nam-nam\\\/#primaryimage\",\"url\":\"https:\\\/\\\/radis.ee\\\/wp-content\\\/uploads\\\/2020\\\/10\\\/RA0468-Radis-extendable-dinner-table-NAM-NAM-2-white-top-light-oak.jpg\",\"contentUrl\":\"https:\\\/\\\/radis.ee\\\/wp-content\\\/uploads\\\/2020\\\/10\\\/RA0468-Radis-extendable-dinner-table-NAM-NAM-2-white-top-light-oak.jpg\",\"width\":2500,\"height\":2500},{\"@type\":\"BreadcrumbList\",\"@id\":\"https:\\\/\\\/radis.ee\\\/fr\\\/table-a-manger-extensible-nam-nam\\\/#breadcrumb\",\"itemListElement\":[{\"@type\":\"ListItem\",\"position\":1,\"name\":\"Home\",\"item\":\"https:\\\/\\\/radis.ee\\\/\"},{\"@type\":\"ListItem\",\"position\":2,\"name\":\"Magasin\",\"item\":\"https:\\\/\\\/radis.ee\\\/fr\\\/magasin\\\/\"},{\"@type\":\"ListItem\",\"position\":3,\"name\":\"Table \u00e0 manger extensible NAM-NAM\"}]},{\"@type\":\"WebSite\",\"@id\":\"https:\\\/\\\/radis.ee\\\/#website\",\"url\":\"https:\\\/\\\/radis.ee\\\/\",\"name\":\"Radis\",\"description\":\"Nordic design furniture, environmentally friendly and sustainable.\",\"publisher\":{\"@id\":\"https:\\\/\\\/radis.ee\\\/#organization\"},\"potentialAction\":[{\"@type\":\"SearchAction\",\"target\":{\"@type\":\"EntryPoint\",\"urlTemplate\":\"https:\\\/\\\/radis.ee\\\/?s={search_term_string}\"},\"query-input\":{\"@type\":\"PropertyValueSpecification\",\"valueRequired\":true,\"valueName\":\"search_term_string\"}}],\"inLanguage\":\"fr-FR\"},{\"@type\":\"Organization\",\"@id\":\"https:\\\/\\\/radis.ee\\\/#organization\",\"name\":\"Radis O\u00dc\",\"url\":\"https:\\\/\\\/radis.ee\\\/\",\"logo\":{\"@type\":\"ImageObject\",\"inLanguage\":\"fr-FR\",\"@id\":\"https:\\\/\\\/radis.ee\\\/#\\\/schema\\\/logo\\\/image\\\/\",\"url\":\"https:\\\/\\\/radis.ee\\\/wp-content\\\/uploads\\\/2020\\\/10\\\/Radis-logo.png\",\"contentUrl\":\"https:\\\/\\\/radis.ee\\\/wp-content\\\/uploads\\\/2020\\\/10\\\/Radis-logo.png\",\"width\":300,\"height\":63,\"caption\":\"Radis O\u00dc\"},\"image\":{\"@id\":\"https:\\\/\\\/radis.ee\\\/#\\\/schema\\\/logo\\\/image\\\/\"},\"sameAs\":[\"https:\\\/\\\/www.facebook.com\\\/radisfurniture\\\/\"]}]}<\/script>\n<!-- \/ Yoast SEO plugin. -->","yoast_head_json":{"title":"Table \u00e0 manger extensible NAM-NAM - Radis","robots":{"index":"index","follow":"follow","max-snippet":"max-snippet:-1","max-image-preview":"max-image-preview:large","max-video-preview":"max-video-preview:-1"},"canonical":"https:\/\/radis.ee\/fr\/table-a-manger-extensible-nam-nam\/","og_locale":"fr_FR","og_type":"article","og_title":"Table \u00e0 manger extensible NAM-NAM - Radis","og_description":"La table \u00e0 manger extensible NAM-NAM est un chef-d&rsquo;\u0153uvre polyvalent d&rsquo;inspiration nordique, dot\u00e9e de rallonges int\u00e9gr\u00e9es dissimul\u00e9es et d&rsquo;un plateau durable en HPL ou plaqu\u00e9 ch\u00eane, ce qui en fait la solution \u00e9l\u00e9gante parfaite pour les repas de famille quotidiens comme pour les grands d\u00eeners. Dans le cas d&rsquo;un plus grand rassemblement, la longueur de...","og_url":"https:\/\/radis.ee\/fr\/table-a-manger-extensible-nam-nam\/","og_site_name":"Radis","article_publisher":"https:\/\/www.facebook.com\/radisfurniture\/","article_modified_time":"2026-02-09T20:56:47+00:00","og_image":[{"width":2500,"height":2500,"url":"https:\/\/radis.ee\/wp-content\/uploads\/2020\/10\/RA0468-Radis-extendable-dinner-table-NAM-NAM-2-white-top-light-oak.jpg","type":"image\/jpeg"}],"twitter_card":"summary_large_image","twitter_misc":{"Dur\u00e9e de lecture estim\u00e9e":"2 minutes"},"schema":{"@context":"https:\/\/schema.org","@graph":[{"@type":"WebPage","@id":"https:\/\/radis.ee\/fr\/table-a-manger-extensible-nam-nam\/","url":"https:\/\/radis.ee\/fr\/table-a-manger-extensible-nam-nam\/","name":"Table \u00e0 manger extensible NAM-NAM - Radis","isPartOf":{"@id":"https:\/\/radis.ee\/#website"},"primaryImageOfPage":{"@id":"https:\/\/radis.ee\/fr\/table-a-manger-extensible-nam-nam\/#primaryimage"},"image":{"@id":"https:\/\/radis.ee\/fr\/table-a-manger-extensible-nam-nam\/#primaryimage"},"thumbnailUrl":"https:\/\/radis.ee\/wp-content\/uploads\/2020\/10\/RA0468-Radis-extendable-dinner-table-NAM-NAM-2-white-top-light-oak.jpg","datePublished":"2022-10-27T23:04:36+00:00","dateModified":"2026-02-09T20:56:47+00:00","breadcrumb":{"@id":"https:\/\/radis.ee\/fr\/table-a-manger-extensible-nam-nam\/#breadcrumb"},"inLanguage":"fr-FR","potentialAction":[{"@type":"ReadAction","target":["https:\/\/radis.ee\/fr\/table-a-manger-extensible-nam-nam\/"]}]},{"@type":"ImageObject","inLanguage":"fr-FR","@id":"https:\/\/radis.ee\/fr\/table-a-manger-extensible-nam-nam\/#primaryimage","url":"https:\/\/radis.ee\/wp-content\/uploads\/2020\/10\/RA0468-Radis-extendable-dinner-table-NAM-NAM-2-white-top-light-oak.jpg","contentUrl":"https:\/\/radis.ee\/wp-content\/uploads\/2020\/10\/RA0468-Radis-extendable-dinner-table-NAM-NAM-2-white-top-light-oak.jpg","width":2500,"height":2500},{"@type":"BreadcrumbList","@id":"https:\/\/radis.ee\/fr\/table-a-manger-extensible-nam-nam\/#breadcrumb","itemListElement":[{"@type":"ListItem","position":1,"name":"Home","item":"https:\/\/radis.ee\/"},{"@type":"ListItem","position":2,"name":"Magasin","item":"https:\/\/radis.ee\/fr\/magasin\/"},{"@type":"ListItem","position":3,"name":"Table \u00e0 manger extensible NAM-NAM"}]},{"@type":"WebSite","@id":"https:\/\/radis.ee\/#website","url":"https:\/\/radis.ee\/","name":"Radis","description":"Nordic design furniture, environmentally friendly and sustainable.","publisher":{"@id":"https:\/\/radis.ee\/#organization"},"potentialAction":[{"@type":"SearchAction","target":{"@type":"EntryPoint","urlTemplate":"https:\/\/radis.ee\/?s={search_term_string}"},"query-input":{"@type":"PropertyValueSpecification","valueRequired":true,"valueName":"search_term_string"}}],"inLanguage":"fr-FR"},{"@type":"Organization","@id":"https:\/\/radis.ee\/#organization","name":"Radis O\u00dc","url":"https:\/\/radis.ee\/","logo":{"@type":"ImageObject","inLanguage":"fr-FR","@id":"https:\/\/radis.ee\/#\/schema\/logo\/image\/","url":"https:\/\/radis.ee\/wp-content\/uploads\/2020\/10\/Radis-logo.png","contentUrl":"https:\/\/radis.ee\/wp-content\/uploads\/2020\/10\/Radis-logo.png","width":300,"height":63,"caption":"Radis O\u00dc"},"image":{"@id":"https:\/\/radis.ee\/#\/schema\/logo\/image\/"},"sameAs":["https:\/\/www.facebook.com\/radisfurniture\/"]}]}},"_links":{"self":[{"href":"https:\/\/radis.ee\/fr\/wp-json\/wp\/v2\/product\/7092","targetHints":{"allow":["GET"]}}],"collection":[{"href":"https:\/\/radis.ee\/fr\/wp-json\/wp\/v2\/product"}],"about":[{"href":"https:\/\/radis.ee\/fr\/wp-json\/wp\/v2\/types\/product"}],"replies":[{"embeddable":true,"href":"https:\/\/radis.ee\/fr\/wp-json\/wp\/v2\/comments?post=7092"}],"wp:featuredmedia":[{"embeddable":true,"href":"https:\/\/radis.ee\/fr\/wp-json\/wp\/v2\/media\/7103"}],"wp:attachment":[{"href":"https:\/\/radis.ee\/fr\/wp-json\/wp\/v2\/media?parent=7092"}],"wp:term":[{"taxonomy":"product_brand","embeddable":true,"href":"https:\/\/radis.ee\/fr\/wp-json\/wp\/v2\/product_brand?post=7092"},{"taxonomy":"product_cat","embeddable":true,"href":"https:\/\/radis.ee\/fr\/wp-json\/wp\/v2\/product_cat?post=7092"},{"taxonomy":"product_tag","embeddable":true,"href":"https:\/\/radis.ee\/fr\/wp-json\/wp\/v2\/product_tag?post=7092"}],"curies":[{"name":"wp","href":"https:\/\/api.w.org\/{rel}","templated":true}]}}