{"id":7180,"date":"2023-05-12T23:18:06","date_gmt":"2020-10-12T20:18:06","guid":{"rendered":"https:\/\/radis.ee\/etagere-criss-cross-petit\/"},"modified":"2023-10-30T11:32:23","modified_gmt":"2023-10-30T09:32:23","slug":"etagere-criss-cross-petit","status":"publish","type":"product","link":"https:\/\/radis.ee\/fr\/etagere-criss-cross-petit\/","title":{"rendered":"\u00c9tag\u00e8re Criss-Cross Petit"},"content":{"rendered":"<p>S\u00e9duisamment ludique et ouvert d&rsquo;esprit! Des \u00e9tag\u00e8res pr\u00eates \u00e0 garder vos secrets. Tout est accessible, mais vous seul savez o\u00f9 tout est. Avec cette \u00e9tag\u00e8re en forme de puzzle, vous ajouterez de l&rsquo;\u00e9clat \u00e0 votre maison et laisserez vos invit\u00e9s \u00e0 bout de souffle.<\/p>\n<p>Le plus petit ensemble comprend 4 pi\u00e8ces avec six tenons (longueur 146 cm), 4 pi\u00e8ces avec quatre tenons (97 cm), 2 pi\u00e8ces avec trois tenons (72 cm) et 2 pi\u00e8ces avec deux tenons (48 cm). Donc, tous ensemble 12 pi\u00e8ces.<\/p>\n<p>Tous les d\u00e9tails peuvent \u00eatre m\u00e9lang\u00e9s. La distance entre deux tenons est de 25 cm.<\/p>\n<p>Fabriqu\u00e9 en contreplaqu\u00e9 de bouleau de 12 mm, HPL blanc Koskisen, mat\u00e9riau tr\u00e8s r\u00e9sistant. C&rsquo;est aussi une \u00e9tag\u00e8re tr\u00e8s \u00e9cologique &#8211; pour les d\u00e9chets, il n&rsquo;y a que de tr\u00e8s petits morceaux de d\u00e9chets. L&rsquo;\u00e9tag\u00e8re doit \u00eatre reli\u00e9e au mur avec les accessoires fournis.<\/p>\n<p>Shelf Criss-Cross a \u00e9t\u00e9 nomin\u00e9 pour le prix du design estonien Bruno 2018.<\/p>\n<div id=\"1594130576079-fbc9a5a6-ed5cc019-c3e0\" class=\"w-tabs-section active\">\n<div id=\"content-1594130576079-fbc9a5a6-ed5cc019-c3e0\" class=\"w-tabs-section-content\" aria-expanded=\"true\">\n<div class=\"w-tabs-section-content-h i-cf\">\n<div class=\"w-post-elm post_content\">\n<p><strong>2 Wochen Lieferung in ganz Europa!<\/strong><\/p>\n<\/div>\n<\/div>\n<\/div>\n<\/div>\n","protected":false},"excerpt":{"rendered":"<p>S\u00e9duisamment ludique et ouvert d&rsquo;esprit! Des \u00e9tag\u00e8res pr\u00eates \u00e0 garder vos secrets. Tout est accessible, mais vous seul savez o\u00f9 tout est. Avec cette \u00e9tag\u00e8re en forme de puzzle, vous ajouterez de l&rsquo;\u00e9clat \u00e0 votre maison et laisserez vos invit\u00e9s \u00e0 bout de souffle. Le plus petit ensemble comprend 4 pi\u00e8ces avec six tenons (longueur&#8230;<\/p>\n","protected":false},"featured_media":9273,"comment_status":"open","ping_status":"closed","template":"","meta":{"_acf_changed":false},"product_brand":[],"product_cat":[],"product_tag":[],"class_list":{"0":"post-7180","1":"product","2":"type-product","3":"status-publish","4":"has-post-thumbnail","7":"first","8":"instock","9":"taxable","10":"shipping-taxable","11":"purchasable","12":"product-type-simple"},"acf":[],"yoast_head":"<!-- This site is optimized with the Yoast SEO plugin v27.3 - https:\/\/yoast.com\/product\/yoast-seo-wordpress\/ -->\n<title>\u00c9tag\u00e8re Criss-Cross Petit - Radis<\/title>\n<meta name=\"robots\" content=\"index, follow, max-snippet:-1, max-image-preview:large, max-video-preview:-1\" \/>\n<link rel=\"canonical\" href=\"https:\/\/radis.ee\/fr\/etagere-criss-cross-petit\/\" \/>\n<meta property=\"og:locale\" content=\"fr_FR\" \/>\n<meta property=\"og:type\" content=\"article\" \/>\n<meta property=\"og:title\" content=\"\u00c9tag\u00e8re Criss-Cross Petit - Radis\" \/>\n<meta property=\"og:description\" content=\"S\u00e9duisamment ludique et ouvert d&rsquo;esprit! Des \u00e9tag\u00e8res pr\u00eates \u00e0 garder vos secrets. Tout est accessible, mais vous seul savez o\u00f9 tout est. Avec cette \u00e9tag\u00e8re en forme de puzzle, vous ajouterez de l&rsquo;\u00e9clat \u00e0 votre maison et laisserez vos invit\u00e9s \u00e0 bout de souffle. Le plus petit ensemble comprend 4 pi\u00e8ces avec six tenons (longueur...\" \/>\n<meta property=\"og:url\" content=\"https:\/\/radis.ee\/fr\/etagere-criss-cross-petit\/\" \/>\n<meta property=\"og:site_name\" content=\"Radis\" \/>\n<meta property=\"article:publisher\" content=\"https:\/\/www.facebook.com\/radisfurniture\/\" \/>\n<meta property=\"article:modified_time\" content=\"2023-10-30T09:32:23+00:00\" \/>\n<meta property=\"og:image\" content=\"https:\/\/radis.ee\/wp-content\/uploads\/2020\/10\/RA0544-Radis-shelf-CrissCross-small-details-white-multiplex-plywood-with-books-transparent-1.jpg\" \/>\n\t<meta property=\"og:image:width\" content=\"1595\" \/>\n\t<meta property=\"og:image:height\" content=\"1620\" \/>\n\t<meta property=\"og:image:type\" content=\"image\/jpeg\" \/>\n<meta name=\"twitter:card\" content=\"summary_large_image\" \/>\n<meta name=\"twitter:label1\" content=\"Dur\u00e9e de lecture estim\u00e9e\" \/>\n\t<meta name=\"twitter:data1\" content=\"1 minute\" \/>\n<script type=\"application\/ld+json\" class=\"yoast-schema-graph\">{\"@context\":\"https:\\\/\\\/schema.org\",\"@graph\":[{\"@type\":\"WebPage\",\"@id\":\"https:\\\/\\\/radis.ee\\\/fr\\\/etagere-criss-cross-petit\\\/\",\"url\":\"https:\\\/\\\/radis.ee\\\/fr\\\/etagere-criss-cross-petit\\\/\",\"name\":\"\u00c9tag\u00e8re Criss-Cross Petit - Radis\",\"isPartOf\":{\"@id\":\"https:\\\/\\\/radis.ee\\\/#website\"},\"primaryImageOfPage\":{\"@id\":\"https:\\\/\\\/radis.ee\\\/fr\\\/etagere-criss-cross-petit\\\/#primaryimage\"},\"image\":{\"@id\":\"https:\\\/\\\/radis.ee\\\/fr\\\/etagere-criss-cross-petit\\\/#primaryimage\"},\"thumbnailUrl\":\"https:\\\/\\\/radis.ee\\\/wp-content\\\/uploads\\\/2020\\\/10\\\/RA0544-Radis-shelf-CrissCross-small-details-white-multiplex-plywood-with-books-transparent-1.jpg\",\"datePublished\":\"2020-10-12T20:18:06+00:00\",\"dateModified\":\"2023-10-30T09:32:23+00:00\",\"breadcrumb\":{\"@id\":\"https:\\\/\\\/radis.ee\\\/fr\\\/etagere-criss-cross-petit\\\/#breadcrumb\"},\"inLanguage\":\"fr-FR\",\"potentialAction\":[{\"@type\":\"ReadAction\",\"target\":[\"https:\\\/\\\/radis.ee\\\/fr\\\/etagere-criss-cross-petit\\\/\"]}]},{\"@type\":\"ImageObject\",\"inLanguage\":\"fr-FR\",\"@id\":\"https:\\\/\\\/radis.ee\\\/fr\\\/etagere-criss-cross-petit\\\/#primaryimage\",\"url\":\"https:\\\/\\\/radis.ee\\\/wp-content\\\/uploads\\\/2020\\\/10\\\/RA0544-Radis-shelf-CrissCross-small-details-white-multiplex-plywood-with-books-transparent-1.jpg\",\"contentUrl\":\"https:\\\/\\\/radis.ee\\\/wp-content\\\/uploads\\\/2020\\\/10\\\/RA0544-Radis-shelf-CrissCross-small-details-white-multiplex-plywood-with-books-transparent-1.jpg\",\"width\":1595,\"height\":1620,\"caption\":\"SHELF CRISS-CROSS SMALL WHITE FILM\"},{\"@type\":\"BreadcrumbList\",\"@id\":\"https:\\\/\\\/radis.ee\\\/fr\\\/etagere-criss-cross-petit\\\/#breadcrumb\",\"itemListElement\":[{\"@type\":\"ListItem\",\"position\":1,\"name\":\"Home\",\"item\":\"https:\\\/\\\/radis.ee\\\/\"},{\"@type\":\"ListItem\",\"position\":2,\"name\":\"Magasin\",\"item\":\"https:\\\/\\\/radis.ee\\\/fr\\\/magasin\\\/\"},{\"@type\":\"ListItem\",\"position\":3,\"name\":\"\u00c9tag\u00e8re Criss-Cross Petit\"}]},{\"@type\":\"WebSite\",\"@id\":\"https:\\\/\\\/radis.ee\\\/#website\",\"url\":\"https:\\\/\\\/radis.ee\\\/\",\"name\":\"Radis\",\"description\":\"Nordic design furniture, environmentally friendly and sustainable.\",\"publisher\":{\"@id\":\"https:\\\/\\\/radis.ee\\\/#organization\"},\"potentialAction\":[{\"@type\":\"SearchAction\",\"target\":{\"@type\":\"EntryPoint\",\"urlTemplate\":\"https:\\\/\\\/radis.ee\\\/?s={search_term_string}\"},\"query-input\":{\"@type\":\"PropertyValueSpecification\",\"valueRequired\":true,\"valueName\":\"search_term_string\"}}],\"inLanguage\":\"fr-FR\"},{\"@type\":\"Organization\",\"@id\":\"https:\\\/\\\/radis.ee\\\/#organization\",\"name\":\"Radis O\u00dc\",\"url\":\"https:\\\/\\\/radis.ee\\\/\",\"logo\":{\"@type\":\"ImageObject\",\"inLanguage\":\"fr-FR\",\"@id\":\"https:\\\/\\\/radis.ee\\\/#\\\/schema\\\/logo\\\/image\\\/\",\"url\":\"https:\\\/\\\/radis.ee\\\/wp-content\\\/uploads\\\/2020\\\/10\\\/Radis-logo.png\",\"contentUrl\":\"https:\\\/\\\/radis.ee\\\/wp-content\\\/uploads\\\/2020\\\/10\\\/Radis-logo.png\",\"width\":300,\"height\":63,\"caption\":\"Radis O\u00dc\"},\"image\":{\"@id\":\"https:\\\/\\\/radis.ee\\\/#\\\/schema\\\/logo\\\/image\\\/\"},\"sameAs\":[\"https:\\\/\\\/www.facebook.com\\\/radisfurniture\\\/\"]}]}<\/script>\n<!-- \/ Yoast SEO plugin. -->","yoast_head_json":{"title":"\u00c9tag\u00e8re Criss-Cross Petit - Radis","robots":{"index":"index","follow":"follow","max-snippet":"max-snippet:-1","max-image-preview":"max-image-preview:large","max-video-preview":"max-video-preview:-1"},"canonical":"https:\/\/radis.ee\/fr\/etagere-criss-cross-petit\/","og_locale":"fr_FR","og_type":"article","og_title":"\u00c9tag\u00e8re Criss-Cross Petit - Radis","og_description":"S\u00e9duisamment ludique et ouvert d&rsquo;esprit! Des \u00e9tag\u00e8res pr\u00eates \u00e0 garder vos secrets. Tout est accessible, mais vous seul savez o\u00f9 tout est. Avec cette \u00e9tag\u00e8re en forme de puzzle, vous ajouterez de l&rsquo;\u00e9clat \u00e0 votre maison et laisserez vos invit\u00e9s \u00e0 bout de souffle. Le plus petit ensemble comprend 4 pi\u00e8ces avec six tenons (longueur...","og_url":"https:\/\/radis.ee\/fr\/etagere-criss-cross-petit\/","og_site_name":"Radis","article_publisher":"https:\/\/www.facebook.com\/radisfurniture\/","article_modified_time":"2023-10-30T09:32:23+00:00","og_image":[{"width":1595,"height":1620,"url":"https:\/\/radis.ee\/wp-content\/uploads\/2020\/10\/RA0544-Radis-shelf-CrissCross-small-details-white-multiplex-plywood-with-books-transparent-1.jpg","type":"image\/jpeg"}],"twitter_card":"summary_large_image","twitter_misc":{"Dur\u00e9e de lecture estim\u00e9e":"1 minute"},"schema":{"@context":"https:\/\/schema.org","@graph":[{"@type":"WebPage","@id":"https:\/\/radis.ee\/fr\/etagere-criss-cross-petit\/","url":"https:\/\/radis.ee\/fr\/etagere-criss-cross-petit\/","name":"\u00c9tag\u00e8re Criss-Cross Petit - Radis","isPartOf":{"@id":"https:\/\/radis.ee\/#website"},"primaryImageOfPage":{"@id":"https:\/\/radis.ee\/fr\/etagere-criss-cross-petit\/#primaryimage"},"image":{"@id":"https:\/\/radis.ee\/fr\/etagere-criss-cross-petit\/#primaryimage"},"thumbnailUrl":"https:\/\/radis.ee\/wp-content\/uploads\/2020\/10\/RA0544-Radis-shelf-CrissCross-small-details-white-multiplex-plywood-with-books-transparent-1.jpg","datePublished":"2020-10-12T20:18:06+00:00","dateModified":"2023-10-30T09:32:23+00:00","breadcrumb":{"@id":"https:\/\/radis.ee\/fr\/etagere-criss-cross-petit\/#breadcrumb"},"inLanguage":"fr-FR","potentialAction":[{"@type":"ReadAction","target":["https:\/\/radis.ee\/fr\/etagere-criss-cross-petit\/"]}]},{"@type":"ImageObject","inLanguage":"fr-FR","@id":"https:\/\/radis.ee\/fr\/etagere-criss-cross-petit\/#primaryimage","url":"https:\/\/radis.ee\/wp-content\/uploads\/2020\/10\/RA0544-Radis-shelf-CrissCross-small-details-white-multiplex-plywood-with-books-transparent-1.jpg","contentUrl":"https:\/\/radis.ee\/wp-content\/uploads\/2020\/10\/RA0544-Radis-shelf-CrissCross-small-details-white-multiplex-plywood-with-books-transparent-1.jpg","width":1595,"height":1620,"caption":"SHELF CRISS-CROSS SMALL WHITE FILM"},{"@type":"BreadcrumbList","@id":"https:\/\/radis.ee\/fr\/etagere-criss-cross-petit\/#breadcrumb","itemListElement":[{"@type":"ListItem","position":1,"name":"Home","item":"https:\/\/radis.ee\/"},{"@type":"ListItem","position":2,"name":"Magasin","item":"https:\/\/radis.ee\/fr\/magasin\/"},{"@type":"ListItem","position":3,"name":"\u00c9tag\u00e8re Criss-Cross Petit"}]},{"@type":"WebSite","@id":"https:\/\/radis.ee\/#website","url":"https:\/\/radis.ee\/","name":"Radis","description":"Nordic design furniture, environmentally friendly and sustainable.","publisher":{"@id":"https:\/\/radis.ee\/#organization"},"potentialAction":[{"@type":"SearchAction","target":{"@type":"EntryPoint","urlTemplate":"https:\/\/radis.ee\/?s={search_term_string}"},"query-input":{"@type":"PropertyValueSpecification","valueRequired":true,"valueName":"search_term_string"}}],"inLanguage":"fr-FR"},{"@type":"Organization","@id":"https:\/\/radis.ee\/#organization","name":"Radis O\u00dc","url":"https:\/\/radis.ee\/","logo":{"@type":"ImageObject","inLanguage":"fr-FR","@id":"https:\/\/radis.ee\/#\/schema\/logo\/image\/","url":"https:\/\/radis.ee\/wp-content\/uploads\/2020\/10\/Radis-logo.png","contentUrl":"https:\/\/radis.ee\/wp-content\/uploads\/2020\/10\/Radis-logo.png","width":300,"height":63,"caption":"Radis O\u00dc"},"image":{"@id":"https:\/\/radis.ee\/#\/schema\/logo\/image\/"},"sameAs":["https:\/\/www.facebook.com\/radisfurniture\/"]}]}},"_links":{"self":[{"href":"https:\/\/radis.ee\/fr\/wp-json\/wp\/v2\/product\/7180","targetHints":{"allow":["GET"]}}],"collection":[{"href":"https:\/\/radis.ee\/fr\/wp-json\/wp\/v2\/product"}],"about":[{"href":"https:\/\/radis.ee\/fr\/wp-json\/wp\/v2\/types\/product"}],"replies":[{"embeddable":true,"href":"https:\/\/radis.ee\/fr\/wp-json\/wp\/v2\/comments?post=7180"}],"wp:featuredmedia":[{"embeddable":true,"href":"https:\/\/radis.ee\/fr\/wp-json\/wp\/v2\/media\/9273"}],"wp:attachment":[{"href":"https:\/\/radis.ee\/fr\/wp-json\/wp\/v2\/media?parent=7180"}],"wp:term":[{"taxonomy":"product_brand","embeddable":true,"href":"https:\/\/radis.ee\/fr\/wp-json\/wp\/v2\/product_brand?post=7180"},{"taxonomy":"product_cat","embeddable":true,"href":"https:\/\/radis.ee\/fr\/wp-json\/wp\/v2\/product_cat?post=7180"},{"taxonomy":"product_tag","embeddable":true,"href":"https:\/\/radis.ee\/fr\/wp-json\/wp\/v2\/product_tag?post=7180"}],"curies":[{"name":"wp","href":"https:\/\/api.w.org\/{rel}","templated":true}]}}