{"id":7233,"date":"2020-10-10T19:34:33","date_gmt":"2020-10-10T16:34:33","guid":{"rendered":"https:\/\/radis.ee\/etagere-lift-l\/"},"modified":"2024-03-13T19:36:11","modified_gmt":"2024-03-13T17:36:11","slug":"etagere-lift-l","status":"publish","type":"product","link":"https:\/\/radis.ee\/fr\/etagere-lift-l\/","title":{"rendered":"\u00c9tag\u00e8re LIFT L"},"content":{"rendered":"<p>La vie est parfois impr\u00e9visible: qu&rsquo;il s&rsquo;agisse d&rsquo;un nouvel emploi, de nouveaux colocataires ou du grand amour, elle nous r\u00e9serve toujours de nouvelles surprises. C\u2019est pourquoi nous pr\u00e9f\u00e9rons rester flexibles &#8211; avec la nouvelle \u00e9tag\u00e8re LIFT, ce n\u2019est plus un probl\u00e8me dans votre maison!<\/p>\n<p>L&rsquo;\u00e9tag\u00e8re LIFT grandit avec nous. Si parfois nous sommes oblig\u00e9s de consid\u00e9rer les meubles lors de la mise en place de nos affaires, alors dans ce cas, c&rsquo;est le contraire qui se produit. Les \u00e9tag\u00e8res r\u00e9glables en hauteur conviennent aux grands et petits livres. Si vous le souhaitez, l&rsquo;\u00e9tag\u00e8re peut \u00eatre facilement \u00e9largie en ajoutant des murs verticaux. Lors du d\u00e9placement d&rsquo;un endroit \u00e0 un autre, les d\u00e9tails solides en contreplaqu\u00e9 montrent leur durabilit\u00e9. Pour un transport plus pratique, les d\u00e9tails les plus longs ne mesurent que 1,15 m\u00e8tre de long. La largeur de l&rsquo;\u00e9tag\u00e8re interm\u00e9diaire la plus large est de 49 cm (24 pi\u00e8ces), la largeur la plus \u00e9troite de 18 cm (\u00e9galement 24 pi\u00e8ces).<\/p>\n<p>Gr\u00e2ce \u00e0 la construction a\u00e9r\u00e9e, les rayons du soleil tombent \u00e0 travers l&rsquo;\u00e9tag\u00e8re, cr\u00e9ant un jeu de lumi\u00e8re sur les surfaces lumineuses. L&rsquo;\u00e9tag\u00e8re LIFT convient aux int\u00e9rieurs modernes et historiques. Avec quelques livres, il appara\u00eet comme une belle structure architecturale d&rsquo;un meuble. Cependant, rempli de livres, il reste modestement imperceptible. Les mots cl\u00e9s principaux de l&rsquo;\u00e9tag\u00e8re LIFT sont la flexibilit\u00e9 et la prise en compte des souhaits individuels.<\/p>\n<p>En tant que d\u00e9veloppement ult\u00e9rieur, l&rsquo;\u00e9tag\u00e8re LIFT peut \u00e9galement \u00eatre utilis\u00e9e comme bureau \u00e0 domicile. La version bureau \u00e0 domicile est \u00e9quip\u00e9e d&rsquo;un plateau de 45 cm de profondeur et 69 cm de largeur, au lieu d&rsquo;une \u00e9tag\u00e8re interm\u00e9diaire. Vous pouvez choisir vous-m\u00eame l&#8217;emplacement du plateau. Soit une position assise d&rsquo;une hauteur de 73 cm, soit une position debout d&rsquo;une hauteur de 90 \u00e0 110 cm.<\/p>\n<p>L&rsquo;\u00e9tag\u00e8re de haute qualit\u00e9 en contreplaqu\u00e9 de bouleau de 12 mm, HPL blanc Koskisen, mat\u00e9riau tr\u00e8s r\u00e9sistant ou en contreplaqu\u00e9 plaqu\u00e9 ch\u00eane de 16 mm ou en Forescolor-Valchromat de 12 mm (Panneau de fibres de bois color\u00e9es organiques) s&rsquo;adapte aux nouveaux besoins. La stabilit\u00e9 de l&rsquo;\u00e9tag\u00e8re est assur\u00e9e par les rainures, qui sont comprises entre 9-19 cm, 96-106 cm, 124-134 cm et 211-221 cm mesur\u00e9es \u00e0 partir du sol. Ainsi, tout ce qui est important pour vous trouve toujours sa place. Et s&rsquo;il est trop restreint, il vous suffit de cr\u00e9er plus d&rsquo;espace de stockage!<\/p>\n<p>\u00c9tag\u00e8re LIFT a remport\u00e9 le prix de la mention sp\u00e9ciale pour le German Design Award 2019!<\/p>\n<div id=\"1594130576079-fbc9a5a6-ed5cc019-c3e0\" class=\"w-tabs-section active\">\n<div id=\"content-1594130576079-fbc9a5a6-ed5cc019-c3e0\" class=\"w-tabs-section-content\" aria-expanded=\"true\">\n<div class=\"w-tabs-section-content-h i-cf\">\n<div class=\"w-post-elm post_content\">\n<p><strong>Livraison en 2 semaines dans toute l\u2019Europe !<\/strong><\/p>\n<\/div>\n<\/div>\n<\/div>\n<\/div>\n","protected":false},"excerpt":{"rendered":"<p>La vie est parfois impr\u00e9visible: qu&rsquo;il s&rsquo;agisse d&rsquo;un nouvel emploi, de nouveaux colocataires ou du grand amour, elle nous r\u00e9serve toujours de nouvelles surprises. C\u2019est pourquoi nous pr\u00e9f\u00e9rons rester flexibles &#8211; avec la nouvelle \u00e9tag\u00e8re LIFT, ce n\u2019est plus un probl\u00e8me dans votre maison! L&rsquo;\u00e9tag\u00e8re LIFT grandit avec nous. Si parfois nous sommes oblig\u00e9s de&#8230;<\/p>\n","protected":false},"featured_media":7239,"comment_status":"open","ping_status":"closed","template":"","meta":{"_acf_changed":false},"product_brand":[],"product_cat":[109],"product_tag":[],"class_list":{"0":"post-7233","1":"product","2":"type-product","3":"status-publish","4":"has-post-thumbnail","6":"product_cat-riiulid","8":"first","9":"instock","10":"sale","11":"taxable","12":"shipping-taxable","13":"purchasable","14":"product-type-variable","15":"has-default-attributes"},"acf":[],"yoast_head":"<!-- This site is optimized with the Yoast SEO plugin v27.3 - https:\/\/yoast.com\/product\/yoast-seo-wordpress\/ -->\n<title>\u00c9tag\u00e8re LIFT L - Radis<\/title>\n<meta name=\"robots\" content=\"index, follow, max-snippet:-1, max-image-preview:large, max-video-preview:-1\" \/>\n<link rel=\"canonical\" href=\"https:\/\/radis.ee\/fr\/etagere-lift-l\/\" \/>\n<meta property=\"og:locale\" content=\"fr_FR\" \/>\n<meta property=\"og:type\" content=\"article\" \/>\n<meta property=\"og:title\" content=\"\u00c9tag\u00e8re LIFT L - Radis\" \/>\n<meta property=\"og:description\" content=\"La vie est parfois impr\u00e9visible: qu&rsquo;il s&rsquo;agisse d&rsquo;un nouvel emploi, de nouveaux colocataires ou du grand amour, elle nous r\u00e9serve toujours de nouvelles surprises. C\u2019est pourquoi nous pr\u00e9f\u00e9rons rester flexibles &#8211; avec la nouvelle \u00e9tag\u00e8re LIFT, ce n\u2019est plus un probl\u00e8me dans votre maison! L&rsquo;\u00e9tag\u00e8re LIFT grandit avec nous. Si parfois nous sommes oblig\u00e9s de...\" \/>\n<meta property=\"og:url\" content=\"https:\/\/radis.ee\/fr\/etagere-lift-l\/\" \/>\n<meta property=\"og:site_name\" content=\"Radis\" \/>\n<meta property=\"article:publisher\" content=\"https:\/\/www.facebook.com\/radisfurniture\/\" \/>\n<meta property=\"article:modified_time\" content=\"2024-03-13T17:36:11+00:00\" \/>\n<meta property=\"og:image\" content=\"https:\/\/radis.ee\/wp-content\/uploads\/2020\/08\/RA0547-Radis-shelf-LIFT-Large-2-sr.jpg\" \/>\n\t<meta property=\"og:image:width\" content=\"600\" \/>\n\t<meta property=\"og:image:height\" content=\"600\" \/>\n\t<meta property=\"og:image:type\" content=\"image\/jpeg\" \/>\n<meta name=\"twitter:card\" content=\"summary_large_image\" \/>\n<meta name=\"twitter:label1\" content=\"Dur\u00e9e de lecture estim\u00e9e\" \/>\n\t<meta name=\"twitter:data1\" content=\"2 minutes\" \/>\n<script type=\"application\/ld+json\" class=\"yoast-schema-graph\">{\"@context\":\"https:\\\/\\\/schema.org\",\"@graph\":[{\"@type\":\"WebPage\",\"@id\":\"https:\\\/\\\/radis.ee\\\/fr\\\/etagere-lift-l\\\/\",\"url\":\"https:\\\/\\\/radis.ee\\\/fr\\\/etagere-lift-l\\\/\",\"name\":\"\u00c9tag\u00e8re LIFT L - Radis\",\"isPartOf\":{\"@id\":\"https:\\\/\\\/radis.ee\\\/#website\"},\"primaryImageOfPage\":{\"@id\":\"https:\\\/\\\/radis.ee\\\/fr\\\/etagere-lift-l\\\/#primaryimage\"},\"image\":{\"@id\":\"https:\\\/\\\/radis.ee\\\/fr\\\/etagere-lift-l\\\/#primaryimage\"},\"thumbnailUrl\":\"https:\\\/\\\/radis.ee\\\/wp-content\\\/uploads\\\/2020\\\/08\\\/RA0547-Radis-shelf-LIFT-Large-2-sr.jpg\",\"datePublished\":\"2020-10-10T16:34:33+00:00\",\"dateModified\":\"2024-03-13T17:36:11+00:00\",\"breadcrumb\":{\"@id\":\"https:\\\/\\\/radis.ee\\\/fr\\\/etagere-lift-l\\\/#breadcrumb\"},\"inLanguage\":\"fr-FR\",\"potentialAction\":[{\"@type\":\"ReadAction\",\"target\":[\"https:\\\/\\\/radis.ee\\\/fr\\\/etagere-lift-l\\\/\"]}]},{\"@type\":\"ImageObject\",\"inLanguage\":\"fr-FR\",\"@id\":\"https:\\\/\\\/radis.ee\\\/fr\\\/etagere-lift-l\\\/#primaryimage\",\"url\":\"https:\\\/\\\/radis.ee\\\/wp-content\\\/uploads\\\/2020\\\/08\\\/RA0547-Radis-shelf-LIFT-Large-2-sr.jpg\",\"contentUrl\":\"https:\\\/\\\/radis.ee\\\/wp-content\\\/uploads\\\/2020\\\/08\\\/RA0547-Radis-shelf-LIFT-Large-2-sr.jpg\",\"width\":600,\"height\":600},{\"@type\":\"BreadcrumbList\",\"@id\":\"https:\\\/\\\/radis.ee\\\/fr\\\/etagere-lift-l\\\/#breadcrumb\",\"itemListElement\":[{\"@type\":\"ListItem\",\"position\":1,\"name\":\"Home\",\"item\":\"https:\\\/\\\/radis.ee\\\/\"},{\"@type\":\"ListItem\",\"position\":2,\"name\":\"Magasin\",\"item\":\"https:\\\/\\\/radis.ee\\\/fr\\\/magasin\\\/\"},{\"@type\":\"ListItem\",\"position\":3,\"name\":\"\u00c9tag\u00e8re LIFT L\"}]},{\"@type\":\"WebSite\",\"@id\":\"https:\\\/\\\/radis.ee\\\/#website\",\"url\":\"https:\\\/\\\/radis.ee\\\/\",\"name\":\"Radis\",\"description\":\"Nordic design furniture, environmentally friendly and sustainable.\",\"publisher\":{\"@id\":\"https:\\\/\\\/radis.ee\\\/#organization\"},\"potentialAction\":[{\"@type\":\"SearchAction\",\"target\":{\"@type\":\"EntryPoint\",\"urlTemplate\":\"https:\\\/\\\/radis.ee\\\/?s={search_term_string}\"},\"query-input\":{\"@type\":\"PropertyValueSpecification\",\"valueRequired\":true,\"valueName\":\"search_term_string\"}}],\"inLanguage\":\"fr-FR\"},{\"@type\":\"Organization\",\"@id\":\"https:\\\/\\\/radis.ee\\\/#organization\",\"name\":\"Radis O\u00dc\",\"url\":\"https:\\\/\\\/radis.ee\\\/\",\"logo\":{\"@type\":\"ImageObject\",\"inLanguage\":\"fr-FR\",\"@id\":\"https:\\\/\\\/radis.ee\\\/#\\\/schema\\\/logo\\\/image\\\/\",\"url\":\"https:\\\/\\\/radis.ee\\\/wp-content\\\/uploads\\\/2020\\\/10\\\/Radis-logo.png\",\"contentUrl\":\"https:\\\/\\\/radis.ee\\\/wp-content\\\/uploads\\\/2020\\\/10\\\/Radis-logo.png\",\"width\":300,\"height\":63,\"caption\":\"Radis O\u00dc\"},\"image\":{\"@id\":\"https:\\\/\\\/radis.ee\\\/#\\\/schema\\\/logo\\\/image\\\/\"},\"sameAs\":[\"https:\\\/\\\/www.facebook.com\\\/radisfurniture\\\/\"]}]}<\/script>\n<!-- \/ Yoast SEO plugin. -->","yoast_head_json":{"title":"\u00c9tag\u00e8re LIFT L - Radis","robots":{"index":"index","follow":"follow","max-snippet":"max-snippet:-1","max-image-preview":"max-image-preview:large","max-video-preview":"max-video-preview:-1"},"canonical":"https:\/\/radis.ee\/fr\/etagere-lift-l\/","og_locale":"fr_FR","og_type":"article","og_title":"\u00c9tag\u00e8re LIFT L - Radis","og_description":"La vie est parfois impr\u00e9visible: qu&rsquo;il s&rsquo;agisse d&rsquo;un nouvel emploi, de nouveaux colocataires ou du grand amour, elle nous r\u00e9serve toujours de nouvelles surprises. C\u2019est pourquoi nous pr\u00e9f\u00e9rons rester flexibles &#8211; avec la nouvelle \u00e9tag\u00e8re LIFT, ce n\u2019est plus un probl\u00e8me dans votre maison! L&rsquo;\u00e9tag\u00e8re LIFT grandit avec nous. Si parfois nous sommes oblig\u00e9s de...","og_url":"https:\/\/radis.ee\/fr\/etagere-lift-l\/","og_site_name":"Radis","article_publisher":"https:\/\/www.facebook.com\/radisfurniture\/","article_modified_time":"2024-03-13T17:36:11+00:00","og_image":[{"width":600,"height":600,"url":"https:\/\/radis.ee\/wp-content\/uploads\/2020\/08\/RA0547-Radis-shelf-LIFT-Large-2-sr.jpg","type":"image\/jpeg"}],"twitter_card":"summary_large_image","twitter_misc":{"Dur\u00e9e de lecture estim\u00e9e":"2 minutes"},"schema":{"@context":"https:\/\/schema.org","@graph":[{"@type":"WebPage","@id":"https:\/\/radis.ee\/fr\/etagere-lift-l\/","url":"https:\/\/radis.ee\/fr\/etagere-lift-l\/","name":"\u00c9tag\u00e8re LIFT L - Radis","isPartOf":{"@id":"https:\/\/radis.ee\/#website"},"primaryImageOfPage":{"@id":"https:\/\/radis.ee\/fr\/etagere-lift-l\/#primaryimage"},"image":{"@id":"https:\/\/radis.ee\/fr\/etagere-lift-l\/#primaryimage"},"thumbnailUrl":"https:\/\/radis.ee\/wp-content\/uploads\/2020\/08\/RA0547-Radis-shelf-LIFT-Large-2-sr.jpg","datePublished":"2020-10-10T16:34:33+00:00","dateModified":"2024-03-13T17:36:11+00:00","breadcrumb":{"@id":"https:\/\/radis.ee\/fr\/etagere-lift-l\/#breadcrumb"},"inLanguage":"fr-FR","potentialAction":[{"@type":"ReadAction","target":["https:\/\/radis.ee\/fr\/etagere-lift-l\/"]}]},{"@type":"ImageObject","inLanguage":"fr-FR","@id":"https:\/\/radis.ee\/fr\/etagere-lift-l\/#primaryimage","url":"https:\/\/radis.ee\/wp-content\/uploads\/2020\/08\/RA0547-Radis-shelf-LIFT-Large-2-sr.jpg","contentUrl":"https:\/\/radis.ee\/wp-content\/uploads\/2020\/08\/RA0547-Radis-shelf-LIFT-Large-2-sr.jpg","width":600,"height":600},{"@type":"BreadcrumbList","@id":"https:\/\/radis.ee\/fr\/etagere-lift-l\/#breadcrumb","itemListElement":[{"@type":"ListItem","position":1,"name":"Home","item":"https:\/\/radis.ee\/"},{"@type":"ListItem","position":2,"name":"Magasin","item":"https:\/\/radis.ee\/fr\/magasin\/"},{"@type":"ListItem","position":3,"name":"\u00c9tag\u00e8re LIFT L"}]},{"@type":"WebSite","@id":"https:\/\/radis.ee\/#website","url":"https:\/\/radis.ee\/","name":"Radis","description":"Nordic design furniture, environmentally friendly and sustainable.","publisher":{"@id":"https:\/\/radis.ee\/#organization"},"potentialAction":[{"@type":"SearchAction","target":{"@type":"EntryPoint","urlTemplate":"https:\/\/radis.ee\/?s={search_term_string}"},"query-input":{"@type":"PropertyValueSpecification","valueRequired":true,"valueName":"search_term_string"}}],"inLanguage":"fr-FR"},{"@type":"Organization","@id":"https:\/\/radis.ee\/#organization","name":"Radis O\u00dc","url":"https:\/\/radis.ee\/","logo":{"@type":"ImageObject","inLanguage":"fr-FR","@id":"https:\/\/radis.ee\/#\/schema\/logo\/image\/","url":"https:\/\/radis.ee\/wp-content\/uploads\/2020\/10\/Radis-logo.png","contentUrl":"https:\/\/radis.ee\/wp-content\/uploads\/2020\/10\/Radis-logo.png","width":300,"height":63,"caption":"Radis O\u00dc"},"image":{"@id":"https:\/\/radis.ee\/#\/schema\/logo\/image\/"},"sameAs":["https:\/\/www.facebook.com\/radisfurniture\/"]}]}},"_links":{"self":[{"href":"https:\/\/radis.ee\/fr\/wp-json\/wp\/v2\/product\/7233","targetHints":{"allow":["GET"]}}],"collection":[{"href":"https:\/\/radis.ee\/fr\/wp-json\/wp\/v2\/product"}],"about":[{"href":"https:\/\/radis.ee\/fr\/wp-json\/wp\/v2\/types\/product"}],"replies":[{"embeddable":true,"href":"https:\/\/radis.ee\/fr\/wp-json\/wp\/v2\/comments?post=7233"}],"wp:featuredmedia":[{"embeddable":true,"href":"https:\/\/radis.ee\/fr\/wp-json\/wp\/v2\/media\/7239"}],"wp:attachment":[{"href":"https:\/\/radis.ee\/fr\/wp-json\/wp\/v2\/media?parent=7233"}],"wp:term":[{"taxonomy":"product_brand","embeddable":true,"href":"https:\/\/radis.ee\/fr\/wp-json\/wp\/v2\/product_brand?post=7233"},{"taxonomy":"product_cat","embeddable":true,"href":"https:\/\/radis.ee\/fr\/wp-json\/wp\/v2\/product_cat?post=7233"},{"taxonomy":"product_tag","embeddable":true,"href":"https:\/\/radis.ee\/fr\/wp-json\/wp\/v2\/product_tag?post=7233"}],"curies":[{"name":"wp","href":"https:\/\/api.w.org\/{rel}","templated":true}]}}