{"id":7259,"date":"2022-02-19T20:43:45","date_gmt":"2022-02-19T18:43:45","guid":{"rendered":"https:\/\/radis.ee\/buffet-sosixties-1-porte\/"},"modified":"2022-06-03T13:59:02","modified_gmt":"2022-06-03T10:59:02","slug":"buffet-sosixties-1-porte","status":"publish","type":"product","link":"https:\/\/radis.ee\/fr\/buffet-sosixties-1-porte\/","title":{"rendered":"Buffet SoSixties 1 porte"},"content":{"rendered":"<p>Les portes coulissantes sont de retour! Atteignez derri\u00e8re la porte pour attraper des livres ou des chaussettes! Les tiroirs peuvent cacher vos bijoux et photos de vacances. Un coffre heureux est le c\u0153ur d&rsquo;une maison.<\/p>\n<p>Buffet de style r\u00e9tro avec 3 tiroirs et armoire spacieuse derri\u00e8re la porte coulissante avec tablette de s\u00e9paration r\u00e9glable.<\/p>\n<p>Fabriqu\u00e9 en contreplaqu\u00e9 de bouleau naturel, cir\u00e9 \u00e0 l&rsquo;huile de ch\u00eane clair. Rails de tiroirs \u00e0 fermeture douce, porte sur rouleaux H\u00e4fele. La largeur de l&rsquo;\u00e9tag\u00e8re interm\u00e9diaire r\u00e9glable en hauteur est de 48 cm.<\/p>\n","protected":false},"excerpt":{"rendered":"<p>Les portes coulissantes sont de retour! Atteignez derri\u00e8re la porte pour attraper des livres ou des chaussettes! Les tiroirs peuvent cacher vos bijoux et photos de vacances. Un coffre heureux est le c\u0153ur d&rsquo;une maison. Buffet de style r\u00e9tro avec 3 tiroirs et armoire spacieuse derri\u00e8re la porte coulissante avec tablette de s\u00e9paration r\u00e9glable. Fabriqu\u00e9&#8230;<\/p>\n","protected":false},"featured_media":7270,"comment_status":"open","ping_status":"closed","template":"","meta":{"_acf_changed":false},"product_brand":[],"product_cat":[17],"product_tag":[],"class_list":{"0":"post-7259","1":"product","2":"type-product","3":"status-publish","4":"has-post-thumbnail","6":"product_cat-kummutid","8":"first","9":"instock","10":"taxable","11":"shipping-taxable","12":"purchasable","13":"product-type-variable","14":"has-default-attributes"},"acf":[],"yoast_head":"<!-- This site is optimized with the Yoast SEO plugin v27.4 - https:\/\/yoast.com\/product\/yoast-seo-wordpress\/ -->\n<title>Buffet SoSixties 1 porte - Radis<\/title>\n<meta name=\"robots\" content=\"index, follow, max-snippet:-1, max-image-preview:large, max-video-preview:-1\" \/>\n<link rel=\"canonical\" href=\"https:\/\/radis.ee\/fr\/buffet-sosixties-1-porte\/\" \/>\n<meta property=\"og:locale\" content=\"fr_FR\" \/>\n<meta property=\"og:type\" content=\"article\" \/>\n<meta property=\"og:title\" content=\"Buffet SoSixties 1 porte - Radis\" \/>\n<meta property=\"og:description\" content=\"Les portes coulissantes sont de retour! Atteignez derri\u00e8re la porte pour attraper des livres ou des chaussettes! Les tiroirs peuvent cacher vos bijoux et photos de vacances. Un coffre heureux est le c\u0153ur d&rsquo;une maison. Buffet de style r\u00e9tro avec 3 tiroirs et armoire spacieuse derri\u00e8re la porte coulissante avec tablette de s\u00e9paration r\u00e9glable. Fabriqu\u00e9...\" \/>\n<meta property=\"og:url\" content=\"https:\/\/radis.ee\/fr\/buffet-sosixties-1-porte\/\" \/>\n<meta property=\"og:site_name\" content=\"Radis\" \/>\n<meta property=\"article:publisher\" content=\"https:\/\/www.facebook.com\/radisfurniture\/\" \/>\n<meta property=\"article:modified_time\" content=\"2022-06-03T10:59:02+00:00\" \/>\n<meta property=\"og:image\" content=\"https:\/\/radis.ee\/wp-content\/uploads\/2020\/08\/RA0493-Radis-sideboard-SoSixties-102-medium-oak-oilwaxed-door-white-RAL-9010.jpg\" \/>\n\t<meta property=\"og:image:width\" content=\"2560\" \/>\n\t<meta property=\"og:image:height\" content=\"2560\" \/>\n\t<meta property=\"og:image:type\" content=\"image\/jpeg\" \/>\n<meta name=\"twitter:card\" content=\"summary_large_image\" \/>\n<script type=\"application\/ld+json\" class=\"yoast-schema-graph\">{\"@context\":\"https:\\\/\\\/schema.org\",\"@graph\":[{\"@type\":\"WebPage\",\"@id\":\"https:\\\/\\\/radis.ee\\\/fr\\\/buffet-sosixties-1-porte\\\/\",\"url\":\"https:\\\/\\\/radis.ee\\\/fr\\\/buffet-sosixties-1-porte\\\/\",\"name\":\"Buffet SoSixties 1 porte - Radis\",\"isPartOf\":{\"@id\":\"https:\\\/\\\/radis.ee\\\/#website\"},\"primaryImageOfPage\":{\"@id\":\"https:\\\/\\\/radis.ee\\\/fr\\\/buffet-sosixties-1-porte\\\/#primaryimage\"},\"image\":{\"@id\":\"https:\\\/\\\/radis.ee\\\/fr\\\/buffet-sosixties-1-porte\\\/#primaryimage\"},\"thumbnailUrl\":\"https:\\\/\\\/radis.ee\\\/wp-content\\\/uploads\\\/2020\\\/08\\\/RA0493-Radis-sideboard-SoSixties-102-medium-oak-oilwaxed-door-white-RAL-9010.jpg\",\"datePublished\":\"2022-02-19T18:43:45+00:00\",\"dateModified\":\"2022-06-03T10:59:02+00:00\",\"breadcrumb\":{\"@id\":\"https:\\\/\\\/radis.ee\\\/fr\\\/buffet-sosixties-1-porte\\\/#breadcrumb\"},\"inLanguage\":\"fr-FR\",\"potentialAction\":[{\"@type\":\"ReadAction\",\"target\":[\"https:\\\/\\\/radis.ee\\\/fr\\\/buffet-sosixties-1-porte\\\/\"]}]},{\"@type\":\"ImageObject\",\"inLanguage\":\"fr-FR\",\"@id\":\"https:\\\/\\\/radis.ee\\\/fr\\\/buffet-sosixties-1-porte\\\/#primaryimage\",\"url\":\"https:\\\/\\\/radis.ee\\\/wp-content\\\/uploads\\\/2020\\\/08\\\/RA0493-Radis-sideboard-SoSixties-102-medium-oak-oilwaxed-door-white-RAL-9010.jpg\",\"contentUrl\":\"https:\\\/\\\/radis.ee\\\/wp-content\\\/uploads\\\/2020\\\/08\\\/RA0493-Radis-sideboard-SoSixties-102-medium-oak-oilwaxed-door-white-RAL-9010.jpg\",\"width\":2560,\"height\":2560},{\"@type\":\"BreadcrumbList\",\"@id\":\"https:\\\/\\\/radis.ee\\\/fr\\\/buffet-sosixties-1-porte\\\/#breadcrumb\",\"itemListElement\":[{\"@type\":\"ListItem\",\"position\":1,\"name\":\"Home\",\"item\":\"https:\\\/\\\/radis.ee\\\/\"},{\"@type\":\"ListItem\",\"position\":2,\"name\":\"Magasin\",\"item\":\"https:\\\/\\\/radis.ee\\\/fr\\\/magasin\\\/\"},{\"@type\":\"ListItem\",\"position\":3,\"name\":\"Buffet SoSixties 1 porte\"}]},{\"@type\":\"WebSite\",\"@id\":\"https:\\\/\\\/radis.ee\\\/#website\",\"url\":\"https:\\\/\\\/radis.ee\\\/\",\"name\":\"Radis\",\"description\":\"Nordic design furniture, environmentally friendly and sustainable.\",\"publisher\":{\"@id\":\"https:\\\/\\\/radis.ee\\\/#organization\"},\"potentialAction\":[{\"@type\":\"SearchAction\",\"target\":{\"@type\":\"EntryPoint\",\"urlTemplate\":\"https:\\\/\\\/radis.ee\\\/?s={search_term_string}\"},\"query-input\":{\"@type\":\"PropertyValueSpecification\",\"valueRequired\":true,\"valueName\":\"search_term_string\"}}],\"inLanguage\":\"fr-FR\"},{\"@type\":\"Organization\",\"@id\":\"https:\\\/\\\/radis.ee\\\/#organization\",\"name\":\"Radis O\u00dc\",\"url\":\"https:\\\/\\\/radis.ee\\\/\",\"logo\":{\"@type\":\"ImageObject\",\"inLanguage\":\"fr-FR\",\"@id\":\"https:\\\/\\\/radis.ee\\\/#\\\/schema\\\/logo\\\/image\\\/\",\"url\":\"https:\\\/\\\/radis.ee\\\/wp-content\\\/uploads\\\/2020\\\/10\\\/Radis-logo.png\",\"contentUrl\":\"https:\\\/\\\/radis.ee\\\/wp-content\\\/uploads\\\/2020\\\/10\\\/Radis-logo.png\",\"width\":300,\"height\":63,\"caption\":\"Radis O\u00dc\"},\"image\":{\"@id\":\"https:\\\/\\\/radis.ee\\\/#\\\/schema\\\/logo\\\/image\\\/\"},\"sameAs\":[\"https:\\\/\\\/www.facebook.com\\\/radisfurniture\\\/\"]}]}<\/script>\n<!-- \/ Yoast SEO plugin. -->","yoast_head_json":{"title":"Buffet SoSixties 1 porte - Radis","robots":{"index":"index","follow":"follow","max-snippet":"max-snippet:-1","max-image-preview":"max-image-preview:large","max-video-preview":"max-video-preview:-1"},"canonical":"https:\/\/radis.ee\/fr\/buffet-sosixties-1-porte\/","og_locale":"fr_FR","og_type":"article","og_title":"Buffet SoSixties 1 porte - Radis","og_description":"Les portes coulissantes sont de retour! Atteignez derri\u00e8re la porte pour attraper des livres ou des chaussettes! Les tiroirs peuvent cacher vos bijoux et photos de vacances. Un coffre heureux est le c\u0153ur d&rsquo;une maison. Buffet de style r\u00e9tro avec 3 tiroirs et armoire spacieuse derri\u00e8re la porte coulissante avec tablette de s\u00e9paration r\u00e9glable. Fabriqu\u00e9...","og_url":"https:\/\/radis.ee\/fr\/buffet-sosixties-1-porte\/","og_site_name":"Radis","article_publisher":"https:\/\/www.facebook.com\/radisfurniture\/","article_modified_time":"2022-06-03T10:59:02+00:00","og_image":[{"width":2560,"height":2560,"url":"https:\/\/radis.ee\/wp-content\/uploads\/2020\/08\/RA0493-Radis-sideboard-SoSixties-102-medium-oak-oilwaxed-door-white-RAL-9010.jpg","type":"image\/jpeg"}],"twitter_card":"summary_large_image","schema":{"@context":"https:\/\/schema.org","@graph":[{"@type":"WebPage","@id":"https:\/\/radis.ee\/fr\/buffet-sosixties-1-porte\/","url":"https:\/\/radis.ee\/fr\/buffet-sosixties-1-porte\/","name":"Buffet SoSixties 1 porte - Radis","isPartOf":{"@id":"https:\/\/radis.ee\/#website"},"primaryImageOfPage":{"@id":"https:\/\/radis.ee\/fr\/buffet-sosixties-1-porte\/#primaryimage"},"image":{"@id":"https:\/\/radis.ee\/fr\/buffet-sosixties-1-porte\/#primaryimage"},"thumbnailUrl":"https:\/\/radis.ee\/wp-content\/uploads\/2020\/08\/RA0493-Radis-sideboard-SoSixties-102-medium-oak-oilwaxed-door-white-RAL-9010.jpg","datePublished":"2022-02-19T18:43:45+00:00","dateModified":"2022-06-03T10:59:02+00:00","breadcrumb":{"@id":"https:\/\/radis.ee\/fr\/buffet-sosixties-1-porte\/#breadcrumb"},"inLanguage":"fr-FR","potentialAction":[{"@type":"ReadAction","target":["https:\/\/radis.ee\/fr\/buffet-sosixties-1-porte\/"]}]},{"@type":"ImageObject","inLanguage":"fr-FR","@id":"https:\/\/radis.ee\/fr\/buffet-sosixties-1-porte\/#primaryimage","url":"https:\/\/radis.ee\/wp-content\/uploads\/2020\/08\/RA0493-Radis-sideboard-SoSixties-102-medium-oak-oilwaxed-door-white-RAL-9010.jpg","contentUrl":"https:\/\/radis.ee\/wp-content\/uploads\/2020\/08\/RA0493-Radis-sideboard-SoSixties-102-medium-oak-oilwaxed-door-white-RAL-9010.jpg","width":2560,"height":2560},{"@type":"BreadcrumbList","@id":"https:\/\/radis.ee\/fr\/buffet-sosixties-1-porte\/#breadcrumb","itemListElement":[{"@type":"ListItem","position":1,"name":"Home","item":"https:\/\/radis.ee\/"},{"@type":"ListItem","position":2,"name":"Magasin","item":"https:\/\/radis.ee\/fr\/magasin\/"},{"@type":"ListItem","position":3,"name":"Buffet SoSixties 1 porte"}]},{"@type":"WebSite","@id":"https:\/\/radis.ee\/#website","url":"https:\/\/radis.ee\/","name":"Radis","description":"Nordic design furniture, environmentally friendly and sustainable.","publisher":{"@id":"https:\/\/radis.ee\/#organization"},"potentialAction":[{"@type":"SearchAction","target":{"@type":"EntryPoint","urlTemplate":"https:\/\/radis.ee\/?s={search_term_string}"},"query-input":{"@type":"PropertyValueSpecification","valueRequired":true,"valueName":"search_term_string"}}],"inLanguage":"fr-FR"},{"@type":"Organization","@id":"https:\/\/radis.ee\/#organization","name":"Radis O\u00dc","url":"https:\/\/radis.ee\/","logo":{"@type":"ImageObject","inLanguage":"fr-FR","@id":"https:\/\/radis.ee\/#\/schema\/logo\/image\/","url":"https:\/\/radis.ee\/wp-content\/uploads\/2020\/10\/Radis-logo.png","contentUrl":"https:\/\/radis.ee\/wp-content\/uploads\/2020\/10\/Radis-logo.png","width":300,"height":63,"caption":"Radis O\u00dc"},"image":{"@id":"https:\/\/radis.ee\/#\/schema\/logo\/image\/"},"sameAs":["https:\/\/www.facebook.com\/radisfurniture\/"]}]}},"_links":{"self":[{"href":"https:\/\/radis.ee\/fr\/wp-json\/wp\/v2\/product\/7259","targetHints":{"allow":["GET"]}}],"collection":[{"href":"https:\/\/radis.ee\/fr\/wp-json\/wp\/v2\/product"}],"about":[{"href":"https:\/\/radis.ee\/fr\/wp-json\/wp\/v2\/types\/product"}],"replies":[{"embeddable":true,"href":"https:\/\/radis.ee\/fr\/wp-json\/wp\/v2\/comments?post=7259"}],"wp:featuredmedia":[{"embeddable":true,"href":"https:\/\/radis.ee\/fr\/wp-json\/wp\/v2\/media\/7270"}],"wp:attachment":[{"href":"https:\/\/radis.ee\/fr\/wp-json\/wp\/v2\/media?parent=7259"}],"wp:term":[{"taxonomy":"product_brand","embeddable":true,"href":"https:\/\/radis.ee\/fr\/wp-json\/wp\/v2\/product_brand?post=7259"},{"taxonomy":"product_cat","embeddable":true,"href":"https:\/\/radis.ee\/fr\/wp-json\/wp\/v2\/product_cat?post=7259"},{"taxonomy":"product_tag","embeddable":true,"href":"https:\/\/radis.ee\/fr\/wp-json\/wp\/v2\/product_tag?post=7259"}],"curies":[{"name":"wp","href":"https:\/\/api.w.org\/{rel}","templated":true}]}}