{"id":7277,"date":"2022-02-18T21:28:30","date_gmt":"2022-02-18T19:28:30","guid":{"rendered":"https:\/\/radis.ee\/buffet-sosixties-2-portes\/"},"modified":"2020-10-10T21:28:30","modified_gmt":"2020-10-10T18:28:30","slug":"buffet-sosixties-2-portes","status":"publish","type":"product","link":"https:\/\/radis.ee\/fr\/buffet-sosixties-2-portes\/","title":{"rendered":"Buffet SoSixties 2 portes"},"content":{"rendered":"<p>Les portes coulissantes sont de retour! Atteignez derri\u00e8re la porte pour attraper des livres ou des chaussettes! Les tiroirs peuvent cacher vos bijoux et photos de vacances. Un coffre heureux est le c\u0153ur d&rsquo;une maison.<\/p>\n<p>Buffet de style r\u00e9tro avec 3 tiroirs et derri\u00e8re les portes coulissantes armoire spacieuse avec tablette de s\u00e9paration r\u00e9glable d&rsquo;une largeur de 96 cm.<\/p>\n<p>Fabriqu\u00e9 en contreplaqu\u00e9 de bouleau naturel, cir\u00e9 \u00e0 l&rsquo;huile de ch\u00eane clair. Rails de tiroirs \u00e0 fermeture douce, portes sur rouleaux H\u00e4fele.<\/p>\n","protected":false},"excerpt":{"rendered":"<p>Les portes coulissantes sont de retour! Atteignez derri\u00e8re la porte pour attraper des livres ou des chaussettes! Les tiroirs peuvent cacher vos bijoux et photos de vacances. Un coffre heureux est le c\u0153ur d&rsquo;une maison. Buffet de style r\u00e9tro avec 3 tiroirs et derri\u00e8re les portes coulissantes armoire spacieuse avec tablette de s\u00e9paration r\u00e9glable d&rsquo;une&#8230;<\/p>\n","protected":false},"featured_media":7287,"comment_status":"open","ping_status":"closed","template":"","meta":{"_acf_changed":false},"product_brand":[],"product_cat":[17],"product_tag":[],"class_list":{"0":"post-7277","1":"product","2":"type-product","3":"status-publish","4":"has-post-thumbnail","6":"product_cat-kummutid","8":"first","9":"instock","10":"sale","11":"taxable","12":"shipping-taxable","13":"purchasable","14":"product-type-variable","15":"has-default-attributes"},"acf":[],"yoast_head":"<!-- This site is optimized with the Yoast SEO plugin v27.4 - https:\/\/yoast.com\/product\/yoast-seo-wordpress\/ -->\n<title>Buffet SoSixties 2 portes - Radis<\/title>\n<meta name=\"robots\" content=\"index, follow, max-snippet:-1, max-image-preview:large, max-video-preview:-1\" \/>\n<link rel=\"canonical\" href=\"https:\/\/radis.ee\/fr\/buffet-sosixties-2-portes\/\" \/>\n<meta property=\"og:locale\" content=\"fr_FR\" \/>\n<meta property=\"og:type\" content=\"article\" \/>\n<meta property=\"og:title\" content=\"Buffet SoSixties 2 portes - Radis\" \/>\n<meta property=\"og:description\" content=\"Les portes coulissantes sont de retour! Atteignez derri\u00e8re la porte pour attraper des livres ou des chaussettes! Les tiroirs peuvent cacher vos bijoux et photos de vacances. Un coffre heureux est le c\u0153ur d&rsquo;une maison. Buffet de style r\u00e9tro avec 3 tiroirs et derri\u00e8re les portes coulissantes armoire spacieuse avec tablette de s\u00e9paration r\u00e9glable d&rsquo;une...\" \/>\n<meta property=\"og:url\" content=\"https:\/\/radis.ee\/fr\/buffet-sosixties-2-portes\/\" \/>\n<meta property=\"og:site_name\" content=\"Radis\" \/>\n<meta property=\"article:publisher\" content=\"https:\/\/www.facebook.com\/radisfurniture\/\" \/>\n<meta property=\"og:image\" content=\"https:\/\/radis.ee\/wp-content\/uploads\/2020\/08\/RA0492-Radis-sideboard-SoSixties-150-medium-oak-oilwaxed-doors-White-and-pebble.jpg\" \/>\n\t<meta property=\"og:image:width\" content=\"2500\" \/>\n\t<meta property=\"og:image:height\" content=\"2499\" \/>\n\t<meta property=\"og:image:type\" content=\"image\/jpeg\" \/>\n<meta name=\"twitter:card\" content=\"summary_large_image\" \/>\n<script type=\"application\/ld+json\" class=\"yoast-schema-graph\">{\"@context\":\"https:\\\/\\\/schema.org\",\"@graph\":[{\"@type\":\"WebPage\",\"@id\":\"https:\\\/\\\/radis.ee\\\/fr\\\/buffet-sosixties-2-portes\\\/\",\"url\":\"https:\\\/\\\/radis.ee\\\/fr\\\/buffet-sosixties-2-portes\\\/\",\"name\":\"Buffet SoSixties 2 portes - Radis\",\"isPartOf\":{\"@id\":\"https:\\\/\\\/radis.ee\\\/#website\"},\"primaryImageOfPage\":{\"@id\":\"https:\\\/\\\/radis.ee\\\/fr\\\/buffet-sosixties-2-portes\\\/#primaryimage\"},\"image\":{\"@id\":\"https:\\\/\\\/radis.ee\\\/fr\\\/buffet-sosixties-2-portes\\\/#primaryimage\"},\"thumbnailUrl\":\"https:\\\/\\\/radis.ee\\\/wp-content\\\/uploads\\\/2020\\\/08\\\/RA0492-Radis-sideboard-SoSixties-150-medium-oak-oilwaxed-doors-White-and-pebble.jpg\",\"datePublished\":\"2022-02-18T19:28:30+00:00\",\"breadcrumb\":{\"@id\":\"https:\\\/\\\/radis.ee\\\/fr\\\/buffet-sosixties-2-portes\\\/#breadcrumb\"},\"inLanguage\":\"fr-FR\",\"potentialAction\":[{\"@type\":\"ReadAction\",\"target\":[\"https:\\\/\\\/radis.ee\\\/fr\\\/buffet-sosixties-2-portes\\\/\"]}]},{\"@type\":\"ImageObject\",\"inLanguage\":\"fr-FR\",\"@id\":\"https:\\\/\\\/radis.ee\\\/fr\\\/buffet-sosixties-2-portes\\\/#primaryimage\",\"url\":\"https:\\\/\\\/radis.ee\\\/wp-content\\\/uploads\\\/2020\\\/08\\\/RA0492-Radis-sideboard-SoSixties-150-medium-oak-oilwaxed-doors-White-and-pebble.jpg\",\"contentUrl\":\"https:\\\/\\\/radis.ee\\\/wp-content\\\/uploads\\\/2020\\\/08\\\/RA0492-Radis-sideboard-SoSixties-150-medium-oak-oilwaxed-doors-White-and-pebble.jpg\",\"width\":2500,\"height\":2499},{\"@type\":\"BreadcrumbList\",\"@id\":\"https:\\\/\\\/radis.ee\\\/fr\\\/buffet-sosixties-2-portes\\\/#breadcrumb\",\"itemListElement\":[{\"@type\":\"ListItem\",\"position\":1,\"name\":\"Home\",\"item\":\"https:\\\/\\\/radis.ee\\\/\"},{\"@type\":\"ListItem\",\"position\":2,\"name\":\"Magasin\",\"item\":\"https:\\\/\\\/radis.ee\\\/fr\\\/magasin\\\/\"},{\"@type\":\"ListItem\",\"position\":3,\"name\":\"Buffet SoSixties 2 portes\"}]},{\"@type\":\"WebSite\",\"@id\":\"https:\\\/\\\/radis.ee\\\/#website\",\"url\":\"https:\\\/\\\/radis.ee\\\/\",\"name\":\"Radis\",\"description\":\"Nordic design furniture, environmentally friendly and sustainable.\",\"publisher\":{\"@id\":\"https:\\\/\\\/radis.ee\\\/#organization\"},\"potentialAction\":[{\"@type\":\"SearchAction\",\"target\":{\"@type\":\"EntryPoint\",\"urlTemplate\":\"https:\\\/\\\/radis.ee\\\/?s={search_term_string}\"},\"query-input\":{\"@type\":\"PropertyValueSpecification\",\"valueRequired\":true,\"valueName\":\"search_term_string\"}}],\"inLanguage\":\"fr-FR\"},{\"@type\":\"Organization\",\"@id\":\"https:\\\/\\\/radis.ee\\\/#organization\",\"name\":\"Radis O\u00dc\",\"url\":\"https:\\\/\\\/radis.ee\\\/\",\"logo\":{\"@type\":\"ImageObject\",\"inLanguage\":\"fr-FR\",\"@id\":\"https:\\\/\\\/radis.ee\\\/#\\\/schema\\\/logo\\\/image\\\/\",\"url\":\"https:\\\/\\\/radis.ee\\\/wp-content\\\/uploads\\\/2020\\\/10\\\/Radis-logo.png\",\"contentUrl\":\"https:\\\/\\\/radis.ee\\\/wp-content\\\/uploads\\\/2020\\\/10\\\/Radis-logo.png\",\"width\":300,\"height\":63,\"caption\":\"Radis O\u00dc\"},\"image\":{\"@id\":\"https:\\\/\\\/radis.ee\\\/#\\\/schema\\\/logo\\\/image\\\/\"},\"sameAs\":[\"https:\\\/\\\/www.facebook.com\\\/radisfurniture\\\/\"]}]}<\/script>\n<!-- \/ Yoast SEO plugin. -->","yoast_head_json":{"title":"Buffet SoSixties 2 portes - Radis","robots":{"index":"index","follow":"follow","max-snippet":"max-snippet:-1","max-image-preview":"max-image-preview:large","max-video-preview":"max-video-preview:-1"},"canonical":"https:\/\/radis.ee\/fr\/buffet-sosixties-2-portes\/","og_locale":"fr_FR","og_type":"article","og_title":"Buffet SoSixties 2 portes - Radis","og_description":"Les portes coulissantes sont de retour! Atteignez derri\u00e8re la porte pour attraper des livres ou des chaussettes! Les tiroirs peuvent cacher vos bijoux et photos de vacances. Un coffre heureux est le c\u0153ur d&rsquo;une maison. Buffet de style r\u00e9tro avec 3 tiroirs et derri\u00e8re les portes coulissantes armoire spacieuse avec tablette de s\u00e9paration r\u00e9glable d&rsquo;une...","og_url":"https:\/\/radis.ee\/fr\/buffet-sosixties-2-portes\/","og_site_name":"Radis","article_publisher":"https:\/\/www.facebook.com\/radisfurniture\/","og_image":[{"width":2500,"height":2499,"url":"https:\/\/radis.ee\/wp-content\/uploads\/2020\/08\/RA0492-Radis-sideboard-SoSixties-150-medium-oak-oilwaxed-doors-White-and-pebble.jpg","type":"image\/jpeg"}],"twitter_card":"summary_large_image","schema":{"@context":"https:\/\/schema.org","@graph":[{"@type":"WebPage","@id":"https:\/\/radis.ee\/fr\/buffet-sosixties-2-portes\/","url":"https:\/\/radis.ee\/fr\/buffet-sosixties-2-portes\/","name":"Buffet SoSixties 2 portes - Radis","isPartOf":{"@id":"https:\/\/radis.ee\/#website"},"primaryImageOfPage":{"@id":"https:\/\/radis.ee\/fr\/buffet-sosixties-2-portes\/#primaryimage"},"image":{"@id":"https:\/\/radis.ee\/fr\/buffet-sosixties-2-portes\/#primaryimage"},"thumbnailUrl":"https:\/\/radis.ee\/wp-content\/uploads\/2020\/08\/RA0492-Radis-sideboard-SoSixties-150-medium-oak-oilwaxed-doors-White-and-pebble.jpg","datePublished":"2022-02-18T19:28:30+00:00","breadcrumb":{"@id":"https:\/\/radis.ee\/fr\/buffet-sosixties-2-portes\/#breadcrumb"},"inLanguage":"fr-FR","potentialAction":[{"@type":"ReadAction","target":["https:\/\/radis.ee\/fr\/buffet-sosixties-2-portes\/"]}]},{"@type":"ImageObject","inLanguage":"fr-FR","@id":"https:\/\/radis.ee\/fr\/buffet-sosixties-2-portes\/#primaryimage","url":"https:\/\/radis.ee\/wp-content\/uploads\/2020\/08\/RA0492-Radis-sideboard-SoSixties-150-medium-oak-oilwaxed-doors-White-and-pebble.jpg","contentUrl":"https:\/\/radis.ee\/wp-content\/uploads\/2020\/08\/RA0492-Radis-sideboard-SoSixties-150-medium-oak-oilwaxed-doors-White-and-pebble.jpg","width":2500,"height":2499},{"@type":"BreadcrumbList","@id":"https:\/\/radis.ee\/fr\/buffet-sosixties-2-portes\/#breadcrumb","itemListElement":[{"@type":"ListItem","position":1,"name":"Home","item":"https:\/\/radis.ee\/"},{"@type":"ListItem","position":2,"name":"Magasin","item":"https:\/\/radis.ee\/fr\/magasin\/"},{"@type":"ListItem","position":3,"name":"Buffet SoSixties 2 portes"}]},{"@type":"WebSite","@id":"https:\/\/radis.ee\/#website","url":"https:\/\/radis.ee\/","name":"Radis","description":"Nordic design furniture, environmentally friendly and sustainable.","publisher":{"@id":"https:\/\/radis.ee\/#organization"},"potentialAction":[{"@type":"SearchAction","target":{"@type":"EntryPoint","urlTemplate":"https:\/\/radis.ee\/?s={search_term_string}"},"query-input":{"@type":"PropertyValueSpecification","valueRequired":true,"valueName":"search_term_string"}}],"inLanguage":"fr-FR"},{"@type":"Organization","@id":"https:\/\/radis.ee\/#organization","name":"Radis O\u00dc","url":"https:\/\/radis.ee\/","logo":{"@type":"ImageObject","inLanguage":"fr-FR","@id":"https:\/\/radis.ee\/#\/schema\/logo\/image\/","url":"https:\/\/radis.ee\/wp-content\/uploads\/2020\/10\/Radis-logo.png","contentUrl":"https:\/\/radis.ee\/wp-content\/uploads\/2020\/10\/Radis-logo.png","width":300,"height":63,"caption":"Radis O\u00dc"},"image":{"@id":"https:\/\/radis.ee\/#\/schema\/logo\/image\/"},"sameAs":["https:\/\/www.facebook.com\/radisfurniture\/"]}]}},"_links":{"self":[{"href":"https:\/\/radis.ee\/fr\/wp-json\/wp\/v2\/product\/7277","targetHints":{"allow":["GET"]}}],"collection":[{"href":"https:\/\/radis.ee\/fr\/wp-json\/wp\/v2\/product"}],"about":[{"href":"https:\/\/radis.ee\/fr\/wp-json\/wp\/v2\/types\/product"}],"replies":[{"embeddable":true,"href":"https:\/\/radis.ee\/fr\/wp-json\/wp\/v2\/comments?post=7277"}],"wp:featuredmedia":[{"embeddable":true,"href":"https:\/\/radis.ee\/fr\/wp-json\/wp\/v2\/media\/7287"}],"wp:attachment":[{"href":"https:\/\/radis.ee\/fr\/wp-json\/wp\/v2\/media?parent=7277"}],"wp:term":[{"taxonomy":"product_brand","embeddable":true,"href":"https:\/\/radis.ee\/fr\/wp-json\/wp\/v2\/product_brand?post=7277"},{"taxonomy":"product_cat","embeddable":true,"href":"https:\/\/radis.ee\/fr\/wp-json\/wp\/v2\/product_cat?post=7277"},{"taxonomy":"product_tag","embeddable":true,"href":"https:\/\/radis.ee\/fr\/wp-json\/wp\/v2\/product_tag?post=7277"}],"curies":[{"name":"wp","href":"https:\/\/api.w.org\/{rel}","templated":true}]}}