{"id":7322,"date":"2020-10-09T20:22:59","date_gmt":"2020-10-09T17:22:59","guid":{"rendered":"https:\/\/radis.ee\/buffet-muster-4x2\/"},"modified":"2024-01-30T21:56:53","modified_gmt":"2024-01-30T19:56:53","slug":"buffet-romb-4x2","status":"publish","type":"product","link":"https:\/\/radis.ee\/fr\/buffet-romb-4x2\/","title":{"rendered":"Buffet ROMB 4\u00d72"},"content":{"rendered":"<p>Beaucoup de gens ne le savent pas, mais il y a certaines limites \u00e0 la beaut\u00e9 d&rsquo;un cabinet. Par exemple, une commode ne peut pas \u00eatre plus belle que celle-ci. N\u2019est-ce pas \u00e9vident? Vous seul pouvez voir derri\u00e8re ces portes d\u00e9routantes.<\/p>\n<p>La hauteur int\u00e9rieure des \u00e9tag\u00e8res est de 33 cm, elle convient donc \u00e9galement au bureau pour accueillir des dossiers. Fabriqu\u00e9es en contreplaqu\u00e9 de bouleau de haute qualit\u00e9, en contreplaqu\u00e9 cir\u00e9 \u00e0 l\u2019huile ou HPL, les charni\u00e8res de porte push2open s\u2019ouvrent et se ferment avec une pression.<\/p>\n<p>Le motif sur les portes est grav\u00e9. Derri\u00e8re les portes 3 \u00e9tag\u00e8res de 67 cm de large. Sous-sol de 8 cm de hauteur, qui s\u2019adapte \u00e0 diff\u00e9rentes plinthes.<\/p>\n","protected":false},"excerpt":{"rendered":"<p>Beaucoup de gens ne le savent pas, mais il y a certaines limites \u00e0 la beaut\u00e9 d&rsquo;un cabinet. Par exemple, une commode ne peut pas \u00eatre plus belle que celle-ci. N\u2019est-ce pas \u00e9vident? Vous seul pouvez voir derri\u00e8re ces portes d\u00e9routantes. La hauteur int\u00e9rieure des \u00e9tag\u00e8res est de 33 cm, elle convient donc \u00e9galement au&#8230;<\/p>\n","protected":false},"featured_media":12782,"comment_status":"open","ping_status":"closed","template":"","meta":{"_acf_changed":false},"product_brand":[],"product_cat":[17],"product_tag":[],"class_list":{"0":"post-7322","1":"product","2":"type-product","3":"status-publish","4":"has-post-thumbnail","6":"product_cat-kummutid","8":"first","9":"instock","10":"taxable","11":"shipping-taxable","12":"purchasable","13":"product-type-variable","14":"has-default-attributes"},"acf":[],"yoast_head":"<!-- This site is optimized with the Yoast SEO plugin v27.4 - https:\/\/yoast.com\/product\/yoast-seo-wordpress\/ -->\n<title>Buffet ROMB 4\u00d72 - Radis<\/title>\n<meta name=\"robots\" content=\"index, follow, max-snippet:-1, max-image-preview:large, max-video-preview:-1\" \/>\n<link rel=\"canonical\" href=\"https:\/\/radis.ee\/fr\/buffet-romb-4x2\/\" \/>\n<meta property=\"og:locale\" content=\"fr_FR\" \/>\n<meta property=\"og:type\" content=\"article\" \/>\n<meta property=\"og:title\" content=\"Buffet ROMB 4\u00d72 - Radis\" \/>\n<meta property=\"og:description\" content=\"Beaucoup de gens ne le savent pas, mais il y a certaines limites \u00e0 la beaut\u00e9 d&rsquo;un cabinet. Par exemple, une commode ne peut pas \u00eatre plus belle que celle-ci. N\u2019est-ce pas \u00e9vident? Vous seul pouvez voir derri\u00e8re ces portes d\u00e9routantes. La hauteur int\u00e9rieure des \u00e9tag\u00e8res est de 33 cm, elle convient donc \u00e9galement au...\" \/>\n<meta property=\"og:url\" content=\"https:\/\/radis.ee\/fr\/buffet-romb-4x2\/\" \/>\n<meta property=\"og:site_name\" content=\"Radis\" \/>\n<meta property=\"article:publisher\" content=\"https:\/\/www.facebook.com\/radisfurniture\/\" \/>\n<meta property=\"article:modified_time\" content=\"2024-01-30T19:56:53+00:00\" \/>\n<meta property=\"og:image\" content=\"https:\/\/radis.ee\/wp-content\/uploads\/2020\/10\/RADIS_sideboards_ROMB_4x2_white_CPL_plywood.jpg\" \/>\n\t<meta property=\"og:image:width\" content=\"2560\" \/>\n\t<meta property=\"og:image:height\" content=\"1920\" \/>\n\t<meta property=\"og:image:type\" content=\"image\/jpeg\" \/>\n<meta name=\"twitter:card\" content=\"summary_large_image\" \/>\n<meta name=\"twitter:label1\" content=\"Dur\u00e9e de lecture estim\u00e9e\" \/>\n\t<meta name=\"twitter:data1\" content=\"1 minute\" \/>\n<script type=\"application\/ld+json\" class=\"yoast-schema-graph\">{\"@context\":\"https:\\\/\\\/schema.org\",\"@graph\":[{\"@type\":\"WebPage\",\"@id\":\"https:\\\/\\\/radis.ee\\\/fr\\\/buffet-romb-4x2\\\/\",\"url\":\"https:\\\/\\\/radis.ee\\\/fr\\\/buffet-romb-4x2\\\/\",\"name\":\"Buffet ROMB 4\u00d72 - Radis\",\"isPartOf\":{\"@id\":\"https:\\\/\\\/radis.ee\\\/#website\"},\"primaryImageOfPage\":{\"@id\":\"https:\\\/\\\/radis.ee\\\/fr\\\/buffet-romb-4x2\\\/#primaryimage\"},\"image\":{\"@id\":\"https:\\\/\\\/radis.ee\\\/fr\\\/buffet-romb-4x2\\\/#primaryimage\"},\"thumbnailUrl\":\"https:\\\/\\\/radis.ee\\\/wp-content\\\/uploads\\\/2020\\\/10\\\/RADIS_sideboards_ROMB_4x2_white_CPL_plywood.jpg\",\"datePublished\":\"2020-10-09T17:22:59+00:00\",\"dateModified\":\"2024-01-30T19:56:53+00:00\",\"breadcrumb\":{\"@id\":\"https:\\\/\\\/radis.ee\\\/fr\\\/buffet-romb-4x2\\\/#breadcrumb\"},\"inLanguage\":\"fr-FR\",\"potentialAction\":[{\"@type\":\"ReadAction\",\"target\":[\"https:\\\/\\\/radis.ee\\\/fr\\\/buffet-romb-4x2\\\/\"]}]},{\"@type\":\"ImageObject\",\"inLanguage\":\"fr-FR\",\"@id\":\"https:\\\/\\\/radis.ee\\\/fr\\\/buffet-romb-4x2\\\/#primaryimage\",\"url\":\"https:\\\/\\\/radis.ee\\\/wp-content\\\/uploads\\\/2020\\\/10\\\/RADIS_sideboards_ROMB_4x2_white_CPL_plywood.jpg\",\"contentUrl\":\"https:\\\/\\\/radis.ee\\\/wp-content\\\/uploads\\\/2020\\\/10\\\/RADIS_sideboards_ROMB_4x2_white_CPL_plywood.jpg\",\"width\":2560,\"height\":1920,\"caption\":\"Radis sideboard ROMB 4x2 White CPL\"},{\"@type\":\"BreadcrumbList\",\"@id\":\"https:\\\/\\\/radis.ee\\\/fr\\\/buffet-romb-4x2\\\/#breadcrumb\",\"itemListElement\":[{\"@type\":\"ListItem\",\"position\":1,\"name\":\"Home\",\"item\":\"https:\\\/\\\/radis.ee\\\/\"},{\"@type\":\"ListItem\",\"position\":2,\"name\":\"Magasin\",\"item\":\"https:\\\/\\\/radis.ee\\\/fr\\\/magasin\\\/\"},{\"@type\":\"ListItem\",\"position\":3,\"name\":\"Buffet ROMB 4\u00d72\"}]},{\"@type\":\"WebSite\",\"@id\":\"https:\\\/\\\/radis.ee\\\/#website\",\"url\":\"https:\\\/\\\/radis.ee\\\/\",\"name\":\"Radis\",\"description\":\"Nordic design furniture, environmentally friendly and sustainable.\",\"publisher\":{\"@id\":\"https:\\\/\\\/radis.ee\\\/#organization\"},\"potentialAction\":[{\"@type\":\"SearchAction\",\"target\":{\"@type\":\"EntryPoint\",\"urlTemplate\":\"https:\\\/\\\/radis.ee\\\/?s={search_term_string}\"},\"query-input\":{\"@type\":\"PropertyValueSpecification\",\"valueRequired\":true,\"valueName\":\"search_term_string\"}}],\"inLanguage\":\"fr-FR\"},{\"@type\":\"Organization\",\"@id\":\"https:\\\/\\\/radis.ee\\\/#organization\",\"name\":\"Radis O\u00dc\",\"url\":\"https:\\\/\\\/radis.ee\\\/\",\"logo\":{\"@type\":\"ImageObject\",\"inLanguage\":\"fr-FR\",\"@id\":\"https:\\\/\\\/radis.ee\\\/#\\\/schema\\\/logo\\\/image\\\/\",\"url\":\"https:\\\/\\\/radis.ee\\\/wp-content\\\/uploads\\\/2020\\\/10\\\/Radis-logo.png\",\"contentUrl\":\"https:\\\/\\\/radis.ee\\\/wp-content\\\/uploads\\\/2020\\\/10\\\/Radis-logo.png\",\"width\":300,\"height\":63,\"caption\":\"Radis O\u00dc\"},\"image\":{\"@id\":\"https:\\\/\\\/radis.ee\\\/#\\\/schema\\\/logo\\\/image\\\/\"},\"sameAs\":[\"https:\\\/\\\/www.facebook.com\\\/radisfurniture\\\/\"]}]}<\/script>\n<!-- \/ Yoast SEO plugin. -->","yoast_head_json":{"title":"Buffet ROMB 4\u00d72 - Radis","robots":{"index":"index","follow":"follow","max-snippet":"max-snippet:-1","max-image-preview":"max-image-preview:large","max-video-preview":"max-video-preview:-1"},"canonical":"https:\/\/radis.ee\/fr\/buffet-romb-4x2\/","og_locale":"fr_FR","og_type":"article","og_title":"Buffet ROMB 4\u00d72 - Radis","og_description":"Beaucoup de gens ne le savent pas, mais il y a certaines limites \u00e0 la beaut\u00e9 d&rsquo;un cabinet. Par exemple, une commode ne peut pas \u00eatre plus belle que celle-ci. N\u2019est-ce pas \u00e9vident? Vous seul pouvez voir derri\u00e8re ces portes d\u00e9routantes. La hauteur int\u00e9rieure des \u00e9tag\u00e8res est de 33 cm, elle convient donc \u00e9galement au...","og_url":"https:\/\/radis.ee\/fr\/buffet-romb-4x2\/","og_site_name":"Radis","article_publisher":"https:\/\/www.facebook.com\/radisfurniture\/","article_modified_time":"2024-01-30T19:56:53+00:00","og_image":[{"width":2560,"height":1920,"url":"https:\/\/radis.ee\/wp-content\/uploads\/2020\/10\/RADIS_sideboards_ROMB_4x2_white_CPL_plywood.jpg","type":"image\/jpeg"}],"twitter_card":"summary_large_image","twitter_misc":{"Dur\u00e9e de lecture estim\u00e9e":"1 minute"},"schema":{"@context":"https:\/\/schema.org","@graph":[{"@type":"WebPage","@id":"https:\/\/radis.ee\/fr\/buffet-romb-4x2\/","url":"https:\/\/radis.ee\/fr\/buffet-romb-4x2\/","name":"Buffet ROMB 4\u00d72 - Radis","isPartOf":{"@id":"https:\/\/radis.ee\/#website"},"primaryImageOfPage":{"@id":"https:\/\/radis.ee\/fr\/buffet-romb-4x2\/#primaryimage"},"image":{"@id":"https:\/\/radis.ee\/fr\/buffet-romb-4x2\/#primaryimage"},"thumbnailUrl":"https:\/\/radis.ee\/wp-content\/uploads\/2020\/10\/RADIS_sideboards_ROMB_4x2_white_CPL_plywood.jpg","datePublished":"2020-10-09T17:22:59+00:00","dateModified":"2024-01-30T19:56:53+00:00","breadcrumb":{"@id":"https:\/\/radis.ee\/fr\/buffet-romb-4x2\/#breadcrumb"},"inLanguage":"fr-FR","potentialAction":[{"@type":"ReadAction","target":["https:\/\/radis.ee\/fr\/buffet-romb-4x2\/"]}]},{"@type":"ImageObject","inLanguage":"fr-FR","@id":"https:\/\/radis.ee\/fr\/buffet-romb-4x2\/#primaryimage","url":"https:\/\/radis.ee\/wp-content\/uploads\/2020\/10\/RADIS_sideboards_ROMB_4x2_white_CPL_plywood.jpg","contentUrl":"https:\/\/radis.ee\/wp-content\/uploads\/2020\/10\/RADIS_sideboards_ROMB_4x2_white_CPL_plywood.jpg","width":2560,"height":1920,"caption":"Radis sideboard ROMB 4x2 White CPL"},{"@type":"BreadcrumbList","@id":"https:\/\/radis.ee\/fr\/buffet-romb-4x2\/#breadcrumb","itemListElement":[{"@type":"ListItem","position":1,"name":"Home","item":"https:\/\/radis.ee\/"},{"@type":"ListItem","position":2,"name":"Magasin","item":"https:\/\/radis.ee\/fr\/magasin\/"},{"@type":"ListItem","position":3,"name":"Buffet ROMB 4\u00d72"}]},{"@type":"WebSite","@id":"https:\/\/radis.ee\/#website","url":"https:\/\/radis.ee\/","name":"Radis","description":"Nordic design furniture, environmentally friendly and sustainable.","publisher":{"@id":"https:\/\/radis.ee\/#organization"},"potentialAction":[{"@type":"SearchAction","target":{"@type":"EntryPoint","urlTemplate":"https:\/\/radis.ee\/?s={search_term_string}"},"query-input":{"@type":"PropertyValueSpecification","valueRequired":true,"valueName":"search_term_string"}}],"inLanguage":"fr-FR"},{"@type":"Organization","@id":"https:\/\/radis.ee\/#organization","name":"Radis O\u00dc","url":"https:\/\/radis.ee\/","logo":{"@type":"ImageObject","inLanguage":"fr-FR","@id":"https:\/\/radis.ee\/#\/schema\/logo\/image\/","url":"https:\/\/radis.ee\/wp-content\/uploads\/2020\/10\/Radis-logo.png","contentUrl":"https:\/\/radis.ee\/wp-content\/uploads\/2020\/10\/Radis-logo.png","width":300,"height":63,"caption":"Radis O\u00dc"},"image":{"@id":"https:\/\/radis.ee\/#\/schema\/logo\/image\/"},"sameAs":["https:\/\/www.facebook.com\/radisfurniture\/"]}]}},"_links":{"self":[{"href":"https:\/\/radis.ee\/fr\/wp-json\/wp\/v2\/product\/7322","targetHints":{"allow":["GET"]}}],"collection":[{"href":"https:\/\/radis.ee\/fr\/wp-json\/wp\/v2\/product"}],"about":[{"href":"https:\/\/radis.ee\/fr\/wp-json\/wp\/v2\/types\/product"}],"replies":[{"embeddable":true,"href":"https:\/\/radis.ee\/fr\/wp-json\/wp\/v2\/comments?post=7322"}],"wp:featuredmedia":[{"embeddable":true,"href":"https:\/\/radis.ee\/fr\/wp-json\/wp\/v2\/media\/12782"}],"wp:attachment":[{"href":"https:\/\/radis.ee\/fr\/wp-json\/wp\/v2\/media?parent=7322"}],"wp:term":[{"taxonomy":"product_brand","embeddable":true,"href":"https:\/\/radis.ee\/fr\/wp-json\/wp\/v2\/product_brand?post=7322"},{"taxonomy":"product_cat","embeddable":true,"href":"https:\/\/radis.ee\/fr\/wp-json\/wp\/v2\/product_cat?post=7322"},{"taxonomy":"product_tag","embeddable":true,"href":"https:\/\/radis.ee\/fr\/wp-json\/wp\/v2\/product_tag?post=7322"}],"curies":[{"name":"wp","href":"https:\/\/api.w.org\/{rel}","templated":true}]}}