{"id":7410,"date":"2022-09-22T21:28:01","date_gmt":"2020-10-07T18:28:01","guid":{"rendered":"https:\/\/radis.ee\/tabouret-io\/"},"modified":"2020-10-07T21:28:01","modified_gmt":"2020-10-07T18:28:01","slug":"tabouret-io","status":"publish","type":"product","link":"https:\/\/radis.ee\/fr\/tabouret-io\/","title":{"rendered":"Tabouret IO"},"content":{"rendered":"<p>IO est un meuble l\u00e9ger et \u00e9l\u00e9gant, un ajout hautement fonctionnel \u00e0 tout espace int\u00e9rieur.<\/p>\n<p>Son design \u00e9l\u00e9gant fait de cette beaut\u00e9 \u00e0 jambes hautes un \u00e9l\u00e9ment de d\u00e9cor parfait, que vous l&rsquo;utilisiez pour attacher vos lacets ou comme si\u00e8ge suppl\u00e9mentaire pour une r\u00e9union plus grande.<\/p>\n<p>Tissu Nevotex Wooly, pieds ch\u00eane.<\/p>\n<p>Concepteur: Raivo Prooso<\/p>\n","protected":false},"excerpt":{"rendered":"<p>IO est un meuble l\u00e9ger et \u00e9l\u00e9gant, un ajout hautement fonctionnel \u00e0 tout espace int\u00e9rieur. Son design \u00e9l\u00e9gant fait de cette beaut\u00e9 \u00e0 jambes hautes un \u00e9l\u00e9ment de d\u00e9cor parfait, que vous l&rsquo;utilisiez pour attacher vos lacets ou comme si\u00e8ge suppl\u00e9mentaire pour une r\u00e9union plus grande. Tissu Nevotex Wooly, pieds ch\u00eane. Concepteur: Raivo Prooso<\/p>\n","protected":false},"featured_media":7414,"comment_status":"open","ping_status":"closed","template":"","meta":{"_acf_changed":false},"product_brand":[],"product_cat":[],"product_tag":[],"class_list":{"0":"post-7410","1":"product","2":"type-product","3":"status-publish","4":"has-post-thumbnail","7":"first","8":"instock","9":"taxable","10":"shipping-taxable","11":"purchasable","12":"product-type-variable","13":"has-default-attributes"},"acf":[],"yoast_head":"<!-- This site is optimized with the Yoast SEO plugin v27.3 - https:\/\/yoast.com\/product\/yoast-seo-wordpress\/ -->\n<title>Tabouret IO - Radis<\/title>\n<meta name=\"robots\" content=\"index, follow, max-snippet:-1, max-image-preview:large, max-video-preview:-1\" \/>\n<link rel=\"canonical\" href=\"https:\/\/radis.ee\/fr\/tabouret-io\/\" \/>\n<meta property=\"og:locale\" content=\"fr_FR\" \/>\n<meta property=\"og:type\" content=\"article\" \/>\n<meta property=\"og:title\" content=\"Tabouret IO - Radis\" \/>\n<meta property=\"og:description\" content=\"IO est un meuble l\u00e9ger et \u00e9l\u00e9gant, un ajout hautement fonctionnel \u00e0 tout espace int\u00e9rieur. Son design \u00e9l\u00e9gant fait de cette beaut\u00e9 \u00e0 jambes hautes un \u00e9l\u00e9ment de d\u00e9cor parfait, que vous l&rsquo;utilisiez pour attacher vos lacets ou comme si\u00e8ge suppl\u00e9mentaire pour une r\u00e9union plus grande. Tissu Nevotex Wooly, pieds ch\u00eane. Concepteur: Raivo Prooso\" \/>\n<meta property=\"og:url\" content=\"https:\/\/radis.ee\/fr\/tabouret-io\/\" \/>\n<meta property=\"og:site_name\" content=\"Radis\" \/>\n<meta property=\"article:publisher\" content=\"https:\/\/www.facebook.com\/radisfurniture\/\" \/>\n<meta property=\"og:image\" content=\"https:\/\/radis.ee\/wp-content\/uploads\/2020\/10\/Stool_IO_Oak_fabric_Beige.jpg\" \/>\n\t<meta property=\"og:image:width\" content=\"2048\" \/>\n\t<meta property=\"og:image:height\" content=\"1367\" \/>\n\t<meta property=\"og:image:type\" content=\"image\/jpeg\" \/>\n<meta name=\"twitter:card\" content=\"summary_large_image\" \/>\n<script type=\"application\/ld+json\" class=\"yoast-schema-graph\">{\"@context\":\"https:\\\/\\\/schema.org\",\"@graph\":[{\"@type\":\"WebPage\",\"@id\":\"https:\\\/\\\/radis.ee\\\/fr\\\/tabouret-io\\\/\",\"url\":\"https:\\\/\\\/radis.ee\\\/fr\\\/tabouret-io\\\/\",\"name\":\"Tabouret IO - Radis\",\"isPartOf\":{\"@id\":\"https:\\\/\\\/radis.ee\\\/#website\"},\"primaryImageOfPage\":{\"@id\":\"https:\\\/\\\/radis.ee\\\/fr\\\/tabouret-io\\\/#primaryimage\"},\"image\":{\"@id\":\"https:\\\/\\\/radis.ee\\\/fr\\\/tabouret-io\\\/#primaryimage\"},\"thumbnailUrl\":\"https:\\\/\\\/radis.ee\\\/wp-content\\\/uploads\\\/2020\\\/10\\\/Stool_IO_Oak_fabric_Beige.jpg\",\"datePublished\":\"2020-10-07T18:28:01+00:00\",\"breadcrumb\":{\"@id\":\"https:\\\/\\\/radis.ee\\\/fr\\\/tabouret-io\\\/#breadcrumb\"},\"inLanguage\":\"fr-FR\",\"potentialAction\":[{\"@type\":\"ReadAction\",\"target\":[\"https:\\\/\\\/radis.ee\\\/fr\\\/tabouret-io\\\/\"]}]},{\"@type\":\"ImageObject\",\"inLanguage\":\"fr-FR\",\"@id\":\"https:\\\/\\\/radis.ee\\\/fr\\\/tabouret-io\\\/#primaryimage\",\"url\":\"https:\\\/\\\/radis.ee\\\/wp-content\\\/uploads\\\/2020\\\/10\\\/Stool_IO_Oak_fabric_Beige.jpg\",\"contentUrl\":\"https:\\\/\\\/radis.ee\\\/wp-content\\\/uploads\\\/2020\\\/10\\\/Stool_IO_Oak_fabric_Beige.jpg\",\"width\":2048,\"height\":1367},{\"@type\":\"BreadcrumbList\",\"@id\":\"https:\\\/\\\/radis.ee\\\/fr\\\/tabouret-io\\\/#breadcrumb\",\"itemListElement\":[{\"@type\":\"ListItem\",\"position\":1,\"name\":\"Home\",\"item\":\"https:\\\/\\\/radis.ee\\\/\"},{\"@type\":\"ListItem\",\"position\":2,\"name\":\"Magasin\",\"item\":\"https:\\\/\\\/radis.ee\\\/fr\\\/magasin\\\/\"},{\"@type\":\"ListItem\",\"position\":3,\"name\":\"Tabouret IO\"}]},{\"@type\":\"WebSite\",\"@id\":\"https:\\\/\\\/radis.ee\\\/#website\",\"url\":\"https:\\\/\\\/radis.ee\\\/\",\"name\":\"Radis\",\"description\":\"Nordic design furniture, environmentally friendly and sustainable.\",\"publisher\":{\"@id\":\"https:\\\/\\\/radis.ee\\\/#organization\"},\"potentialAction\":[{\"@type\":\"SearchAction\",\"target\":{\"@type\":\"EntryPoint\",\"urlTemplate\":\"https:\\\/\\\/radis.ee\\\/?s={search_term_string}\"},\"query-input\":{\"@type\":\"PropertyValueSpecification\",\"valueRequired\":true,\"valueName\":\"search_term_string\"}}],\"inLanguage\":\"fr-FR\"},{\"@type\":\"Organization\",\"@id\":\"https:\\\/\\\/radis.ee\\\/#organization\",\"name\":\"Radis O\u00dc\",\"url\":\"https:\\\/\\\/radis.ee\\\/\",\"logo\":{\"@type\":\"ImageObject\",\"inLanguage\":\"fr-FR\",\"@id\":\"https:\\\/\\\/radis.ee\\\/#\\\/schema\\\/logo\\\/image\\\/\",\"url\":\"https:\\\/\\\/radis.ee\\\/wp-content\\\/uploads\\\/2020\\\/10\\\/Radis-logo.png\",\"contentUrl\":\"https:\\\/\\\/radis.ee\\\/wp-content\\\/uploads\\\/2020\\\/10\\\/Radis-logo.png\",\"width\":300,\"height\":63,\"caption\":\"Radis O\u00dc\"},\"image\":{\"@id\":\"https:\\\/\\\/radis.ee\\\/#\\\/schema\\\/logo\\\/image\\\/\"},\"sameAs\":[\"https:\\\/\\\/www.facebook.com\\\/radisfurniture\\\/\"]}]}<\/script>\n<!-- \/ Yoast SEO plugin. -->","yoast_head_json":{"title":"Tabouret IO - Radis","robots":{"index":"index","follow":"follow","max-snippet":"max-snippet:-1","max-image-preview":"max-image-preview:large","max-video-preview":"max-video-preview:-1"},"canonical":"https:\/\/radis.ee\/fr\/tabouret-io\/","og_locale":"fr_FR","og_type":"article","og_title":"Tabouret IO - Radis","og_description":"IO est un meuble l\u00e9ger et \u00e9l\u00e9gant, un ajout hautement fonctionnel \u00e0 tout espace int\u00e9rieur. Son design \u00e9l\u00e9gant fait de cette beaut\u00e9 \u00e0 jambes hautes un \u00e9l\u00e9ment de d\u00e9cor parfait, que vous l&rsquo;utilisiez pour attacher vos lacets ou comme si\u00e8ge suppl\u00e9mentaire pour une r\u00e9union plus grande. Tissu Nevotex Wooly, pieds ch\u00eane. Concepteur: Raivo Prooso","og_url":"https:\/\/radis.ee\/fr\/tabouret-io\/","og_site_name":"Radis","article_publisher":"https:\/\/www.facebook.com\/radisfurniture\/","og_image":[{"width":2048,"height":1367,"url":"https:\/\/radis.ee\/wp-content\/uploads\/2020\/10\/Stool_IO_Oak_fabric_Beige.jpg","type":"image\/jpeg"}],"twitter_card":"summary_large_image","schema":{"@context":"https:\/\/schema.org","@graph":[{"@type":"WebPage","@id":"https:\/\/radis.ee\/fr\/tabouret-io\/","url":"https:\/\/radis.ee\/fr\/tabouret-io\/","name":"Tabouret IO - Radis","isPartOf":{"@id":"https:\/\/radis.ee\/#website"},"primaryImageOfPage":{"@id":"https:\/\/radis.ee\/fr\/tabouret-io\/#primaryimage"},"image":{"@id":"https:\/\/radis.ee\/fr\/tabouret-io\/#primaryimage"},"thumbnailUrl":"https:\/\/radis.ee\/wp-content\/uploads\/2020\/10\/Stool_IO_Oak_fabric_Beige.jpg","datePublished":"2020-10-07T18:28:01+00:00","breadcrumb":{"@id":"https:\/\/radis.ee\/fr\/tabouret-io\/#breadcrumb"},"inLanguage":"fr-FR","potentialAction":[{"@type":"ReadAction","target":["https:\/\/radis.ee\/fr\/tabouret-io\/"]}]},{"@type":"ImageObject","inLanguage":"fr-FR","@id":"https:\/\/radis.ee\/fr\/tabouret-io\/#primaryimage","url":"https:\/\/radis.ee\/wp-content\/uploads\/2020\/10\/Stool_IO_Oak_fabric_Beige.jpg","contentUrl":"https:\/\/radis.ee\/wp-content\/uploads\/2020\/10\/Stool_IO_Oak_fabric_Beige.jpg","width":2048,"height":1367},{"@type":"BreadcrumbList","@id":"https:\/\/radis.ee\/fr\/tabouret-io\/#breadcrumb","itemListElement":[{"@type":"ListItem","position":1,"name":"Home","item":"https:\/\/radis.ee\/"},{"@type":"ListItem","position":2,"name":"Magasin","item":"https:\/\/radis.ee\/fr\/magasin\/"},{"@type":"ListItem","position":3,"name":"Tabouret IO"}]},{"@type":"WebSite","@id":"https:\/\/radis.ee\/#website","url":"https:\/\/radis.ee\/","name":"Radis","description":"Nordic design furniture, environmentally friendly and sustainable.","publisher":{"@id":"https:\/\/radis.ee\/#organization"},"potentialAction":[{"@type":"SearchAction","target":{"@type":"EntryPoint","urlTemplate":"https:\/\/radis.ee\/?s={search_term_string}"},"query-input":{"@type":"PropertyValueSpecification","valueRequired":true,"valueName":"search_term_string"}}],"inLanguage":"fr-FR"},{"@type":"Organization","@id":"https:\/\/radis.ee\/#organization","name":"Radis O\u00dc","url":"https:\/\/radis.ee\/","logo":{"@type":"ImageObject","inLanguage":"fr-FR","@id":"https:\/\/radis.ee\/#\/schema\/logo\/image\/","url":"https:\/\/radis.ee\/wp-content\/uploads\/2020\/10\/Radis-logo.png","contentUrl":"https:\/\/radis.ee\/wp-content\/uploads\/2020\/10\/Radis-logo.png","width":300,"height":63,"caption":"Radis O\u00dc"},"image":{"@id":"https:\/\/radis.ee\/#\/schema\/logo\/image\/"},"sameAs":["https:\/\/www.facebook.com\/radisfurniture\/"]}]}},"_links":{"self":[{"href":"https:\/\/radis.ee\/fr\/wp-json\/wp\/v2\/product\/7410","targetHints":{"allow":["GET"]}}],"collection":[{"href":"https:\/\/radis.ee\/fr\/wp-json\/wp\/v2\/product"}],"about":[{"href":"https:\/\/radis.ee\/fr\/wp-json\/wp\/v2\/types\/product"}],"replies":[{"embeddable":true,"href":"https:\/\/radis.ee\/fr\/wp-json\/wp\/v2\/comments?post=7410"}],"wp:featuredmedia":[{"embeddable":true,"href":"https:\/\/radis.ee\/fr\/wp-json\/wp\/v2\/media\/7414"}],"wp:attachment":[{"href":"https:\/\/radis.ee\/fr\/wp-json\/wp\/v2\/media?parent=7410"}],"wp:term":[{"taxonomy":"product_brand","embeddable":true,"href":"https:\/\/radis.ee\/fr\/wp-json\/wp\/v2\/product_brand?post=7410"},{"taxonomy":"product_cat","embeddable":true,"href":"https:\/\/radis.ee\/fr\/wp-json\/wp\/v2\/product_cat?post=7410"},{"taxonomy":"product_tag","embeddable":true,"href":"https:\/\/radis.ee\/fr\/wp-json\/wp\/v2\/product_tag?post=7410"}],"curies":[{"name":"wp","href":"https:\/\/api.w.org\/{rel}","templated":true}]}}