{"id":7443,"date":"2020-10-04T23:08:44","date_gmt":"2020-10-04T20:08:44","guid":{"rendered":"https:\/\/radis.ee\/meuble-tv-boxy-2-portes\/"},"modified":"2026-03-25T13:24:38","modified_gmt":"2026-03-25T11:24:38","slug":"meuble-tv-boxy","status":"publish","type":"product","link":"https:\/\/radis.ee\/fr\/meuble-tv-boxy\/","title":{"rendered":"Meuble TV BOXY"},"content":{"rendered":"<p>Lorsque vous regardez la t\u00e9l\u00e9vision, vous souhaitez sans doute profiter d&rsquo;un cadre agr\u00e9able, m\u00eame lorsque votre regard se d\u00e9tourne de l&rsquo;\u00e9cran.<\/p>\n<p>Le meuble TV BOXY r\u00e9pond \u00e0 ce besoin. Son esth\u00e9tique \u00e9pur\u00e9e en fait un classique instantan\u00e9. Derri\u00e8re ses portes, vous pouvez ranger tout ce que vous voulez, des livres \u00e0 vos en-cas pr\u00e9f\u00e9r\u00e9s. Deux \u00e9tag\u00e8res interm\u00e9diaires r\u00e9glables en hauteur sont dissimul\u00e9es derri\u00e8re les portes. La version plus large dispose d&rsquo;une ouverture de 46 cm et d&rsquo;une \u00e9tag\u00e8re r\u00e9glable au centre des portes pour vos appareils.<\/p>\n<p>Fabriqu\u00e9 en contreplaqu\u00e9 de bouleau plaqu\u00e9 ch\u00eane, huil\u00e9 et cir\u00e9, \u00e9galement disponible en contreplaqu\u00e9 HPL blanc. Charni\u00e8res \u00e0 fermeture amortie. Portes \u00e0 ouverture par simple pression (push-2-open), poign\u00e9es noires en option. Un socle de 8 cm de haut sous le meuble TV permet d&rsquo;installer diff\u00e9rentes plinthes.<\/p>\n","protected":false},"excerpt":{"rendered":"<p>Lorsque vous regardez la t\u00e9l\u00e9vision, vous souhaitez sans doute profiter d&rsquo;un cadre agr\u00e9able, m\u00eame lorsque votre regard se d\u00e9tourne de l&rsquo;\u00e9cran. Le meuble TV BOXY r\u00e9pond \u00e0 ce besoin. Son esth\u00e9tique \u00e9pur\u00e9e en fait un classique instantan\u00e9. Derri\u00e8re ses portes, vous pouvez ranger tout ce que vous voulez, des livres \u00e0 vos en-cas pr\u00e9f\u00e9r\u00e9s. Deux&#8230;<\/p>\n","protected":false},"featured_media":10892,"comment_status":"open","ping_status":"closed","template":"","meta":{"_acf_changed":false},"product_brand":[],"product_cat":[909],"product_tag":[],"class_list":{"0":"post-7443","1":"product","2":"type-product","3":"status-publish","4":"has-post-thumbnail","6":"product_cat-meubles-tv","8":"first","9":"instock","10":"sale","11":"taxable","12":"shipping-taxable","13":"purchasable","14":"product-type-variable","15":"has-default-attributes"},"acf":[],"yoast_head":"<!-- This site is optimized with the Yoast SEO plugin v27.4 - https:\/\/yoast.com\/product\/yoast-seo-wordpress\/ -->\n<title>Meuble TV BOXY - Radis<\/title>\n<meta name=\"robots\" content=\"index, follow, max-snippet:-1, max-image-preview:large, max-video-preview:-1\" \/>\n<link rel=\"canonical\" href=\"https:\/\/radis.ee\/fr\/meuble-tv-boxy\/\" \/>\n<meta property=\"og:locale\" content=\"fr_FR\" \/>\n<meta property=\"og:type\" content=\"article\" \/>\n<meta property=\"og:title\" content=\"Meuble TV BOXY - Radis\" \/>\n<meta property=\"og:description\" content=\"Lorsque vous regardez la t\u00e9l\u00e9vision, vous souhaitez sans doute profiter d&rsquo;un cadre agr\u00e9able, m\u00eame lorsque votre regard se d\u00e9tourne de l&rsquo;\u00e9cran. Le meuble TV BOXY r\u00e9pond \u00e0 ce besoin. Son esth\u00e9tique \u00e9pur\u00e9e en fait un classique instantan\u00e9. Derri\u00e8re ses portes, vous pouvez ranger tout ce que vous voulez, des livres \u00e0 vos en-cas pr\u00e9f\u00e9r\u00e9s. Deux...\" \/>\n<meta property=\"og:url\" content=\"https:\/\/radis.ee\/fr\/meuble-tv-boxy\/\" \/>\n<meta property=\"og:site_name\" content=\"Radis\" \/>\n<meta property=\"article:publisher\" content=\"https:\/\/www.facebook.com\/radisfurniture\/\" \/>\n<meta property=\"article:modified_time\" content=\"2026-03-25T11:24:38+00:00\" \/>\n<meta property=\"og:image\" content=\"https:\/\/radis.ee\/wp-content\/uploads\/2020\/10\/TVstand_BOXY_white_plywood-Radis-scaled.jpg\" \/>\n\t<meta property=\"og:image:width\" content=\"2150\" \/>\n\t<meta property=\"og:image:height\" content=\"2560\" \/>\n\t<meta property=\"og:image:type\" content=\"image\/jpeg\" \/>\n<meta name=\"twitter:card\" content=\"summary_large_image\" \/>\n<meta name=\"twitter:label1\" content=\"Dur\u00e9e de lecture estim\u00e9e\" \/>\n\t<meta name=\"twitter:data1\" content=\"1 minute\" \/>\n<script type=\"application\/ld+json\" class=\"yoast-schema-graph\">{\"@context\":\"https:\\\/\\\/schema.org\",\"@graph\":[{\"@type\":\"WebPage\",\"@id\":\"https:\\\/\\\/radis.ee\\\/fr\\\/meuble-tv-boxy\\\/\",\"url\":\"https:\\\/\\\/radis.ee\\\/fr\\\/meuble-tv-boxy\\\/\",\"name\":\"Meuble TV BOXY - Radis\",\"isPartOf\":{\"@id\":\"https:\\\/\\\/radis.ee\\\/#website\"},\"primaryImageOfPage\":{\"@id\":\"https:\\\/\\\/radis.ee\\\/fr\\\/meuble-tv-boxy\\\/#primaryimage\"},\"image\":{\"@id\":\"https:\\\/\\\/radis.ee\\\/fr\\\/meuble-tv-boxy\\\/#primaryimage\"},\"thumbnailUrl\":\"https:\\\/\\\/radis.ee\\\/wp-content\\\/uploads\\\/2020\\\/10\\\/TVstand_BOXY_white_plywood-Radis-scaled.jpg\",\"datePublished\":\"2020-10-04T20:08:44+00:00\",\"dateModified\":\"2026-03-25T11:24:38+00:00\",\"breadcrumb\":{\"@id\":\"https:\\\/\\\/radis.ee\\\/fr\\\/meuble-tv-boxy\\\/#breadcrumb\"},\"inLanguage\":\"fr-FR\",\"potentialAction\":[{\"@type\":\"ReadAction\",\"target\":[\"https:\\\/\\\/radis.ee\\\/fr\\\/meuble-tv-boxy\\\/\"]}]},{\"@type\":\"ImageObject\",\"inLanguage\":\"fr-FR\",\"@id\":\"https:\\\/\\\/radis.ee\\\/fr\\\/meuble-tv-boxy\\\/#primaryimage\",\"url\":\"https:\\\/\\\/radis.ee\\\/wp-content\\\/uploads\\\/2020\\\/10\\\/TVstand_BOXY_white_plywood-Radis-scaled.jpg\",\"contentUrl\":\"https:\\\/\\\/radis.ee\\\/wp-content\\\/uploads\\\/2020\\\/10\\\/TVstand_BOXY_white_plywood-Radis-scaled.jpg\",\"width\":2150,\"height\":2560,\"caption\":\"RADIS TVSTAND BOXY 4 DOORS WHITE CPL PLYWOOD\"},{\"@type\":\"BreadcrumbList\",\"@id\":\"https:\\\/\\\/radis.ee\\\/fr\\\/meuble-tv-boxy\\\/#breadcrumb\",\"itemListElement\":[{\"@type\":\"ListItem\",\"position\":1,\"name\":\"Home\",\"item\":\"https:\\\/\\\/radis.ee\\\/\"},{\"@type\":\"ListItem\",\"position\":2,\"name\":\"Magasin\",\"item\":\"https:\\\/\\\/radis.ee\\\/fr\\\/magasin\\\/\"},{\"@type\":\"ListItem\",\"position\":3,\"name\":\"Meuble TV BOXY\"}]},{\"@type\":\"WebSite\",\"@id\":\"https:\\\/\\\/radis.ee\\\/#website\",\"url\":\"https:\\\/\\\/radis.ee\\\/\",\"name\":\"Radis\",\"description\":\"Nordic design furniture, environmentally friendly and sustainable.\",\"publisher\":{\"@id\":\"https:\\\/\\\/radis.ee\\\/#organization\"},\"potentialAction\":[{\"@type\":\"SearchAction\",\"target\":{\"@type\":\"EntryPoint\",\"urlTemplate\":\"https:\\\/\\\/radis.ee\\\/?s={search_term_string}\"},\"query-input\":{\"@type\":\"PropertyValueSpecification\",\"valueRequired\":true,\"valueName\":\"search_term_string\"}}],\"inLanguage\":\"fr-FR\"},{\"@type\":\"Organization\",\"@id\":\"https:\\\/\\\/radis.ee\\\/#organization\",\"name\":\"Radis O\u00dc\",\"url\":\"https:\\\/\\\/radis.ee\\\/\",\"logo\":{\"@type\":\"ImageObject\",\"inLanguage\":\"fr-FR\",\"@id\":\"https:\\\/\\\/radis.ee\\\/#\\\/schema\\\/logo\\\/image\\\/\",\"url\":\"https:\\\/\\\/radis.ee\\\/wp-content\\\/uploads\\\/2020\\\/10\\\/Radis-logo.png\",\"contentUrl\":\"https:\\\/\\\/radis.ee\\\/wp-content\\\/uploads\\\/2020\\\/10\\\/Radis-logo.png\",\"width\":300,\"height\":63,\"caption\":\"Radis O\u00dc\"},\"image\":{\"@id\":\"https:\\\/\\\/radis.ee\\\/#\\\/schema\\\/logo\\\/image\\\/\"},\"sameAs\":[\"https:\\\/\\\/www.facebook.com\\\/radisfurniture\\\/\"]}]}<\/script>\n<!-- \/ Yoast SEO plugin. -->","yoast_head_json":{"title":"Meuble TV BOXY - Radis","robots":{"index":"index","follow":"follow","max-snippet":"max-snippet:-1","max-image-preview":"max-image-preview:large","max-video-preview":"max-video-preview:-1"},"canonical":"https:\/\/radis.ee\/fr\/meuble-tv-boxy\/","og_locale":"fr_FR","og_type":"article","og_title":"Meuble TV BOXY - Radis","og_description":"Lorsque vous regardez la t\u00e9l\u00e9vision, vous souhaitez sans doute profiter d&rsquo;un cadre agr\u00e9able, m\u00eame lorsque votre regard se d\u00e9tourne de l&rsquo;\u00e9cran. Le meuble TV BOXY r\u00e9pond \u00e0 ce besoin. Son esth\u00e9tique \u00e9pur\u00e9e en fait un classique instantan\u00e9. Derri\u00e8re ses portes, vous pouvez ranger tout ce que vous voulez, des livres \u00e0 vos en-cas pr\u00e9f\u00e9r\u00e9s. Deux...","og_url":"https:\/\/radis.ee\/fr\/meuble-tv-boxy\/","og_site_name":"Radis","article_publisher":"https:\/\/www.facebook.com\/radisfurniture\/","article_modified_time":"2026-03-25T11:24:38+00:00","og_image":[{"width":2150,"height":2560,"url":"https:\/\/radis.ee\/wp-content\/uploads\/2020\/10\/TVstand_BOXY_white_plywood-Radis-scaled.jpg","type":"image\/jpeg"}],"twitter_card":"summary_large_image","twitter_misc":{"Dur\u00e9e de lecture estim\u00e9e":"1 minute"},"schema":{"@context":"https:\/\/schema.org","@graph":[{"@type":"WebPage","@id":"https:\/\/radis.ee\/fr\/meuble-tv-boxy\/","url":"https:\/\/radis.ee\/fr\/meuble-tv-boxy\/","name":"Meuble TV BOXY - Radis","isPartOf":{"@id":"https:\/\/radis.ee\/#website"},"primaryImageOfPage":{"@id":"https:\/\/radis.ee\/fr\/meuble-tv-boxy\/#primaryimage"},"image":{"@id":"https:\/\/radis.ee\/fr\/meuble-tv-boxy\/#primaryimage"},"thumbnailUrl":"https:\/\/radis.ee\/wp-content\/uploads\/2020\/10\/TVstand_BOXY_white_plywood-Radis-scaled.jpg","datePublished":"2020-10-04T20:08:44+00:00","dateModified":"2026-03-25T11:24:38+00:00","breadcrumb":{"@id":"https:\/\/radis.ee\/fr\/meuble-tv-boxy\/#breadcrumb"},"inLanguage":"fr-FR","potentialAction":[{"@type":"ReadAction","target":["https:\/\/radis.ee\/fr\/meuble-tv-boxy\/"]}]},{"@type":"ImageObject","inLanguage":"fr-FR","@id":"https:\/\/radis.ee\/fr\/meuble-tv-boxy\/#primaryimage","url":"https:\/\/radis.ee\/wp-content\/uploads\/2020\/10\/TVstand_BOXY_white_plywood-Radis-scaled.jpg","contentUrl":"https:\/\/radis.ee\/wp-content\/uploads\/2020\/10\/TVstand_BOXY_white_plywood-Radis-scaled.jpg","width":2150,"height":2560,"caption":"RADIS TVSTAND BOXY 4 DOORS WHITE CPL PLYWOOD"},{"@type":"BreadcrumbList","@id":"https:\/\/radis.ee\/fr\/meuble-tv-boxy\/#breadcrumb","itemListElement":[{"@type":"ListItem","position":1,"name":"Home","item":"https:\/\/radis.ee\/"},{"@type":"ListItem","position":2,"name":"Magasin","item":"https:\/\/radis.ee\/fr\/magasin\/"},{"@type":"ListItem","position":3,"name":"Meuble TV BOXY"}]},{"@type":"WebSite","@id":"https:\/\/radis.ee\/#website","url":"https:\/\/radis.ee\/","name":"Radis","description":"Nordic design furniture, environmentally friendly and sustainable.","publisher":{"@id":"https:\/\/radis.ee\/#organization"},"potentialAction":[{"@type":"SearchAction","target":{"@type":"EntryPoint","urlTemplate":"https:\/\/radis.ee\/?s={search_term_string}"},"query-input":{"@type":"PropertyValueSpecification","valueRequired":true,"valueName":"search_term_string"}}],"inLanguage":"fr-FR"},{"@type":"Organization","@id":"https:\/\/radis.ee\/#organization","name":"Radis O\u00dc","url":"https:\/\/radis.ee\/","logo":{"@type":"ImageObject","inLanguage":"fr-FR","@id":"https:\/\/radis.ee\/#\/schema\/logo\/image\/","url":"https:\/\/radis.ee\/wp-content\/uploads\/2020\/10\/Radis-logo.png","contentUrl":"https:\/\/radis.ee\/wp-content\/uploads\/2020\/10\/Radis-logo.png","width":300,"height":63,"caption":"Radis O\u00dc"},"image":{"@id":"https:\/\/radis.ee\/#\/schema\/logo\/image\/"},"sameAs":["https:\/\/www.facebook.com\/radisfurniture\/"]}]}},"_links":{"self":[{"href":"https:\/\/radis.ee\/fr\/wp-json\/wp\/v2\/product\/7443","targetHints":{"allow":["GET"]}}],"collection":[{"href":"https:\/\/radis.ee\/fr\/wp-json\/wp\/v2\/product"}],"about":[{"href":"https:\/\/radis.ee\/fr\/wp-json\/wp\/v2\/types\/product"}],"replies":[{"embeddable":true,"href":"https:\/\/radis.ee\/fr\/wp-json\/wp\/v2\/comments?post=7443"}],"wp:featuredmedia":[{"embeddable":true,"href":"https:\/\/radis.ee\/fr\/wp-json\/wp\/v2\/media\/10892"}],"wp:attachment":[{"href":"https:\/\/radis.ee\/fr\/wp-json\/wp\/v2\/media?parent=7443"}],"wp:term":[{"taxonomy":"product_brand","embeddable":true,"href":"https:\/\/radis.ee\/fr\/wp-json\/wp\/v2\/product_brand?post=7443"},{"taxonomy":"product_cat","embeddable":true,"href":"https:\/\/radis.ee\/fr\/wp-json\/wp\/v2\/product_cat?post=7443"},{"taxonomy":"product_tag","embeddable":true,"href":"https:\/\/radis.ee\/fr\/wp-json\/wp\/v2\/product_tag?post=7443"}],"curies":[{"name":"wp","href":"https:\/\/api.w.org\/{rel}","templated":true}]}}