{"id":7486,"date":"2020-05-01T12:19:16","date_gmt":"2020-10-04T09:19:16","guid":{"rendered":"https:\/\/radis.ee\/bureau-noble\/"},"modified":"2020-10-04T12:19:16","modified_gmt":"2020-10-04T09:19:16","slug":"bureau-noble","status":"publish","type":"product","link":"https:\/\/radis.ee\/fr\/bureau-noble\/","title":{"rendered":"Bureau NOBLE"},"content":{"rendered":"<p>Ce bureau de la s\u00e9rie Noble dispose d&rsquo;un espace lat\u00e9ral astucieux sur lequel vous pouvez ranger votre imprimante, vos plantes ou votre chat qui ronronne qui aime regarder votre travail.<\/p>\n<p>Toutes les autres qualit\u00e9s sont aussi bonnes que les autres produits de la s\u00e9rie Noble. Le contreplaqu\u00e9 de ch\u00eane de haute qualit\u00e9 est le mat\u00e9riau principal. Le stratifi\u00e9 haute pression (HPL &#8211; blanc RAL 9003 ou gris clair RAL 7042) ou le linol\u00e9um Forbo qui est naturel et durable recouvre le plateau. Cette table est le lieu derri\u00e8re lequel r\u00e9aliser vos ambitions et vos r\u00eaves professionnels.<\/p>\n<p>Rails de tiroir cach\u00e9s \u00e0 fermeture douce. Les dimensions int\u00e9rieures du tiroir de bureau NOBLE sont de 48x64cm, la hauteur int\u00e9rieure est de 5cm. Pieds en \u00e9pingle \u00e0 cheveux en m\u00e9tal enduit de poudre, ton anthracite.<\/p>\n<p>Le bureau NOBLE est d\u00e9j\u00e0 assembl\u00e9, il vous suffit de fixer les pieds.<\/p>\n<p>La s\u00e9rie NOBLE a atteint le deuxi\u00e8me tour du Estonian Design Award Bruno 2020.<\/p>\n","protected":false},"excerpt":{"rendered":"<p>Ce bureau de la s\u00e9rie Noble dispose d&rsquo;un espace lat\u00e9ral astucieux sur lequel vous pouvez ranger votre imprimante, vos plantes ou votre chat qui ronronne qui aime regarder votre travail. Toutes les autres qualit\u00e9s sont aussi bonnes que les autres produits de la s\u00e9rie Noble. Le contreplaqu\u00e9 de ch\u00eane de haute qualit\u00e9 est le mat\u00e9riau&#8230;<\/p>\n","protected":false},"featured_media":7492,"comment_status":"open","ping_status":"closed","template":"","meta":{"_acf_changed":false},"product_brand":[],"product_cat":[],"product_tag":[],"class_list":{"0":"post-7486","1":"product","2":"type-product","3":"status-publish","4":"has-post-thumbnail","7":"first","8":"instock","9":"taxable","10":"shipping-taxable","11":"purchasable","12":"product-type-variable"},"acf":[],"yoast_head":"<!-- This site is optimized with the Yoast SEO plugin v27.4 - https:\/\/yoast.com\/product\/yoast-seo-wordpress\/ -->\n<title>Bureau NOBLE - Radis<\/title>\n<meta name=\"robots\" content=\"index, follow, max-snippet:-1, max-image-preview:large, max-video-preview:-1\" \/>\n<link rel=\"canonical\" href=\"https:\/\/radis.ee\/fr\/bureau-noble\/\" \/>\n<meta property=\"og:locale\" content=\"fr_FR\" \/>\n<meta property=\"og:type\" content=\"article\" \/>\n<meta property=\"og:title\" content=\"Bureau NOBLE - Radis\" \/>\n<meta property=\"og:description\" content=\"Ce bureau de la s\u00e9rie Noble dispose d&rsquo;un espace lat\u00e9ral astucieux sur lequel vous pouvez ranger votre imprimante, vos plantes ou votre chat qui ronronne qui aime regarder votre travail. Toutes les autres qualit\u00e9s sont aussi bonnes que les autres produits de la s\u00e9rie Noble. Le contreplaqu\u00e9 de ch\u00eane de haute qualit\u00e9 est le mat\u00e9riau...\" \/>\n<meta property=\"og:url\" content=\"https:\/\/radis.ee\/fr\/bureau-noble\/\" \/>\n<meta property=\"og:site_name\" content=\"Radis\" \/>\n<meta property=\"article:publisher\" content=\"https:\/\/www.facebook.com\/radisfurniture\/\" \/>\n<meta property=\"og:image\" content=\"https:\/\/radis.ee\/wp-content\/uploads\/2020\/09\/RA0635-Radis-desk-NOBLE-oak-plywood-olive-linoleum-print-scaled.jpg\" \/>\n\t<meta property=\"og:image:width\" content=\"5300\" \/>\n\t<meta property=\"og:image:height\" content=\"5300\" \/>\n\t<meta property=\"og:image:type\" content=\"image\/jpeg\" \/>\n<meta name=\"twitter:card\" content=\"summary_large_image\" \/>\n<meta name=\"twitter:label1\" content=\"Dur\u00e9e de lecture estim\u00e9e\" \/>\n\t<meta name=\"twitter:data1\" content=\"1 minute\" \/>\n<script type=\"application\/ld+json\" class=\"yoast-schema-graph\">{\"@context\":\"https:\\\/\\\/schema.org\",\"@graph\":[{\"@type\":\"WebPage\",\"@id\":\"https:\\\/\\\/radis.ee\\\/fr\\\/bureau-noble\\\/\",\"url\":\"https:\\\/\\\/radis.ee\\\/fr\\\/bureau-noble\\\/\",\"name\":\"Bureau NOBLE - Radis\",\"isPartOf\":{\"@id\":\"https:\\\/\\\/radis.ee\\\/#website\"},\"primaryImageOfPage\":{\"@id\":\"https:\\\/\\\/radis.ee\\\/fr\\\/bureau-noble\\\/#primaryimage\"},\"image\":{\"@id\":\"https:\\\/\\\/radis.ee\\\/fr\\\/bureau-noble\\\/#primaryimage\"},\"thumbnailUrl\":\"https:\\\/\\\/radis.ee\\\/wp-content\\\/uploads\\\/2020\\\/09\\\/RA0635-Radis-desk-NOBLE-oak-plywood-olive-linoleum-print-scaled.jpg\",\"datePublished\":\"2020-10-04T09:19:16+00:00\",\"breadcrumb\":{\"@id\":\"https:\\\/\\\/radis.ee\\\/fr\\\/bureau-noble\\\/#breadcrumb\"},\"inLanguage\":\"fr-FR\",\"potentialAction\":[{\"@type\":\"ReadAction\",\"target\":[\"https:\\\/\\\/radis.ee\\\/fr\\\/bureau-noble\\\/\"]}]},{\"@type\":\"ImageObject\",\"inLanguage\":\"fr-FR\",\"@id\":\"https:\\\/\\\/radis.ee\\\/fr\\\/bureau-noble\\\/#primaryimage\",\"url\":\"https:\\\/\\\/radis.ee\\\/wp-content\\\/uploads\\\/2020\\\/09\\\/RA0635-Radis-desk-NOBLE-oak-plywood-olive-linoleum-print-scaled.jpg\",\"contentUrl\":\"https:\\\/\\\/radis.ee\\\/wp-content\\\/uploads\\\/2020\\\/09\\\/RA0635-Radis-desk-NOBLE-oak-plywood-olive-linoleum-print-scaled.jpg\",\"width\":5300,\"height\":5300},{\"@type\":\"BreadcrumbList\",\"@id\":\"https:\\\/\\\/radis.ee\\\/fr\\\/bureau-noble\\\/#breadcrumb\",\"itemListElement\":[{\"@type\":\"ListItem\",\"position\":1,\"name\":\"Home\",\"item\":\"https:\\\/\\\/radis.ee\\\/\"},{\"@type\":\"ListItem\",\"position\":2,\"name\":\"Magasin\",\"item\":\"https:\\\/\\\/radis.ee\\\/fr\\\/magasin\\\/\"},{\"@type\":\"ListItem\",\"position\":3,\"name\":\"Bureau NOBLE\"}]},{\"@type\":\"WebSite\",\"@id\":\"https:\\\/\\\/radis.ee\\\/#website\",\"url\":\"https:\\\/\\\/radis.ee\\\/\",\"name\":\"Radis\",\"description\":\"Nordic design furniture, environmentally friendly and sustainable.\",\"publisher\":{\"@id\":\"https:\\\/\\\/radis.ee\\\/#organization\"},\"potentialAction\":[{\"@type\":\"SearchAction\",\"target\":{\"@type\":\"EntryPoint\",\"urlTemplate\":\"https:\\\/\\\/radis.ee\\\/?s={search_term_string}\"},\"query-input\":{\"@type\":\"PropertyValueSpecification\",\"valueRequired\":true,\"valueName\":\"search_term_string\"}}],\"inLanguage\":\"fr-FR\"},{\"@type\":\"Organization\",\"@id\":\"https:\\\/\\\/radis.ee\\\/#organization\",\"name\":\"Radis O\u00dc\",\"url\":\"https:\\\/\\\/radis.ee\\\/\",\"logo\":{\"@type\":\"ImageObject\",\"inLanguage\":\"fr-FR\",\"@id\":\"https:\\\/\\\/radis.ee\\\/#\\\/schema\\\/logo\\\/image\\\/\",\"url\":\"https:\\\/\\\/radis.ee\\\/wp-content\\\/uploads\\\/2020\\\/10\\\/Radis-logo.png\",\"contentUrl\":\"https:\\\/\\\/radis.ee\\\/wp-content\\\/uploads\\\/2020\\\/10\\\/Radis-logo.png\",\"width\":300,\"height\":63,\"caption\":\"Radis O\u00dc\"},\"image\":{\"@id\":\"https:\\\/\\\/radis.ee\\\/#\\\/schema\\\/logo\\\/image\\\/\"},\"sameAs\":[\"https:\\\/\\\/www.facebook.com\\\/radisfurniture\\\/\"]}]}<\/script>\n<!-- \/ Yoast SEO plugin. -->","yoast_head_json":{"title":"Bureau NOBLE - Radis","robots":{"index":"index","follow":"follow","max-snippet":"max-snippet:-1","max-image-preview":"max-image-preview:large","max-video-preview":"max-video-preview:-1"},"canonical":"https:\/\/radis.ee\/fr\/bureau-noble\/","og_locale":"fr_FR","og_type":"article","og_title":"Bureau NOBLE - Radis","og_description":"Ce bureau de la s\u00e9rie Noble dispose d&rsquo;un espace lat\u00e9ral astucieux sur lequel vous pouvez ranger votre imprimante, vos plantes ou votre chat qui ronronne qui aime regarder votre travail. Toutes les autres qualit\u00e9s sont aussi bonnes que les autres produits de la s\u00e9rie Noble. Le contreplaqu\u00e9 de ch\u00eane de haute qualit\u00e9 est le mat\u00e9riau...","og_url":"https:\/\/radis.ee\/fr\/bureau-noble\/","og_site_name":"Radis","article_publisher":"https:\/\/www.facebook.com\/radisfurniture\/","og_image":[{"width":5300,"height":5300,"url":"https:\/\/radis.ee\/wp-content\/uploads\/2020\/09\/RA0635-Radis-desk-NOBLE-oak-plywood-olive-linoleum-print-scaled.jpg","type":"image\/jpeg"}],"twitter_card":"summary_large_image","twitter_misc":{"Dur\u00e9e de lecture estim\u00e9e":"1 minute"},"schema":{"@context":"https:\/\/schema.org","@graph":[{"@type":"WebPage","@id":"https:\/\/radis.ee\/fr\/bureau-noble\/","url":"https:\/\/radis.ee\/fr\/bureau-noble\/","name":"Bureau NOBLE - Radis","isPartOf":{"@id":"https:\/\/radis.ee\/#website"},"primaryImageOfPage":{"@id":"https:\/\/radis.ee\/fr\/bureau-noble\/#primaryimage"},"image":{"@id":"https:\/\/radis.ee\/fr\/bureau-noble\/#primaryimage"},"thumbnailUrl":"https:\/\/radis.ee\/wp-content\/uploads\/2020\/09\/RA0635-Radis-desk-NOBLE-oak-plywood-olive-linoleum-print-scaled.jpg","datePublished":"2020-10-04T09:19:16+00:00","breadcrumb":{"@id":"https:\/\/radis.ee\/fr\/bureau-noble\/#breadcrumb"},"inLanguage":"fr-FR","potentialAction":[{"@type":"ReadAction","target":["https:\/\/radis.ee\/fr\/bureau-noble\/"]}]},{"@type":"ImageObject","inLanguage":"fr-FR","@id":"https:\/\/radis.ee\/fr\/bureau-noble\/#primaryimage","url":"https:\/\/radis.ee\/wp-content\/uploads\/2020\/09\/RA0635-Radis-desk-NOBLE-oak-plywood-olive-linoleum-print-scaled.jpg","contentUrl":"https:\/\/radis.ee\/wp-content\/uploads\/2020\/09\/RA0635-Radis-desk-NOBLE-oak-plywood-olive-linoleum-print-scaled.jpg","width":5300,"height":5300},{"@type":"BreadcrumbList","@id":"https:\/\/radis.ee\/fr\/bureau-noble\/#breadcrumb","itemListElement":[{"@type":"ListItem","position":1,"name":"Home","item":"https:\/\/radis.ee\/"},{"@type":"ListItem","position":2,"name":"Magasin","item":"https:\/\/radis.ee\/fr\/magasin\/"},{"@type":"ListItem","position":3,"name":"Bureau NOBLE"}]},{"@type":"WebSite","@id":"https:\/\/radis.ee\/#website","url":"https:\/\/radis.ee\/","name":"Radis","description":"Nordic design furniture, environmentally friendly and sustainable.","publisher":{"@id":"https:\/\/radis.ee\/#organization"},"potentialAction":[{"@type":"SearchAction","target":{"@type":"EntryPoint","urlTemplate":"https:\/\/radis.ee\/?s={search_term_string}"},"query-input":{"@type":"PropertyValueSpecification","valueRequired":true,"valueName":"search_term_string"}}],"inLanguage":"fr-FR"},{"@type":"Organization","@id":"https:\/\/radis.ee\/#organization","name":"Radis O\u00dc","url":"https:\/\/radis.ee\/","logo":{"@type":"ImageObject","inLanguage":"fr-FR","@id":"https:\/\/radis.ee\/#\/schema\/logo\/image\/","url":"https:\/\/radis.ee\/wp-content\/uploads\/2020\/10\/Radis-logo.png","contentUrl":"https:\/\/radis.ee\/wp-content\/uploads\/2020\/10\/Radis-logo.png","width":300,"height":63,"caption":"Radis O\u00dc"},"image":{"@id":"https:\/\/radis.ee\/#\/schema\/logo\/image\/"},"sameAs":["https:\/\/www.facebook.com\/radisfurniture\/"]}]}},"_links":{"self":[{"href":"https:\/\/radis.ee\/fr\/wp-json\/wp\/v2\/product\/7486","targetHints":{"allow":["GET"]}}],"collection":[{"href":"https:\/\/radis.ee\/fr\/wp-json\/wp\/v2\/product"}],"about":[{"href":"https:\/\/radis.ee\/fr\/wp-json\/wp\/v2\/types\/product"}],"replies":[{"embeddable":true,"href":"https:\/\/radis.ee\/fr\/wp-json\/wp\/v2\/comments?post=7486"}],"wp:featuredmedia":[{"embeddable":true,"href":"https:\/\/radis.ee\/fr\/wp-json\/wp\/v2\/media\/7492"}],"wp:attachment":[{"href":"https:\/\/radis.ee\/fr\/wp-json\/wp\/v2\/media?parent=7486"}],"wp:term":[{"taxonomy":"product_brand","embeddable":true,"href":"https:\/\/radis.ee\/fr\/wp-json\/wp\/v2\/product_brand?post=7486"},{"taxonomy":"product_cat","embeddable":true,"href":"https:\/\/radis.ee\/fr\/wp-json\/wp\/v2\/product_cat?post=7486"},{"taxonomy":"product_tag","embeddable":true,"href":"https:\/\/radis.ee\/fr\/wp-json\/wp\/v2\/product_tag?post=7486"}],"curies":[{"name":"wp","href":"https:\/\/api.w.org\/{rel}","templated":true}]}}