{"id":7549,"date":"2022-09-13T00:28:05","date_gmt":"2022-09-12T21:28:05","guid":{"rendered":"https:\/\/radis.ee\/lit-huh\/"},"modified":"2024-01-31T22:06:45","modified_gmt":"2024-01-31T20:06:45","slug":"lit-huh","status":"publish","type":"product","link":"https:\/\/radis.ee\/fr\/lit-huh\/","title":{"rendered":"Lit HUH"},"content":{"rendered":"<p>L&rsquo;achat de ce lit durable d\u00e9marre une relation durable. HUH r\u00e9sistera \u00e0 tous les plaisanteries avec vos enfants ou votre partenaire. Le lit est facilement assembl\u00e9 et d\u00e9mont\u00e9 et est attach\u00e9 \u00e0 un cadre solide. L&rsquo;appui-t\u00eate est correctement inclin\u00e9 pour lire confortablement au lit.<\/p>\n<p>Fabriqu\u00e9 en contreplaqu\u00e9 de bouleau ou contreplaqu\u00e9 plaqu\u00e9 ch\u00eane, cir\u00e9 \u00e0 l&rsquo;huile, \u00e9galement en HPL Koskisen blanc sur contreplaqu\u00e9. Comprend les sommiers en contreplaqu\u00e9. Les lits plus larges ont \u00e9galement une jambe de soutien au milieu.<\/p>\n<p>Le cadre de lit est 7 cm plus large que la largeur du matelas, longueur 209 cm, hauteur du fond du lit \u00e0 partir du sol 25 cm, hauteur des pieds de l&rsquo;appui-t\u00eate 90 cm.<\/p>\n<p>Disponible avec deux tables de chevet-\u00e9tag\u00e8res fix\u00e9es aux pieds des lits. La table de chevet mesure 36 cm de long, 40 cm de haut \u00e0 partir du sol, les \u00e9tag\u00e8res d&rsquo;une hauteur int\u00e9rieure de 15 cm et d&rsquo;une profondeur de 23 \u00e0 36 cm. La hauteur de matelas appropri\u00e9e est de 25 cm maximum. Si vous avez plus haut, faites-le nous savoir.<\/p>\n<p>La Collection HUH a \u00e9t\u00e9 nomin\u00e9e pour le prix du design estonien Bruno 2014.<\/p>\n","protected":false},"excerpt":{"rendered":"<p>L&rsquo;achat de ce lit durable d\u00e9marre une relation durable. HUH r\u00e9sistera \u00e0 tous les plaisanteries avec vos enfants ou votre partenaire. Le lit est facilement assembl\u00e9 et d\u00e9mont\u00e9 et est attach\u00e9 \u00e0 un cadre solide. L&rsquo;appui-t\u00eate est correctement inclin\u00e9 pour lire confortablement au lit. Fabriqu\u00e9 en contreplaqu\u00e9 de bouleau ou contreplaqu\u00e9 plaqu\u00e9 ch\u00eane, cir\u00e9 \u00e0&#8230;<\/p>\n","protected":false},"featured_media":9067,"comment_status":"open","ping_status":"closed","template":"","meta":{"_acf_changed":false},"product_brand":[],"product_cat":[113],"product_tag":[],"class_list":{"0":"post-7549","1":"product","2":"type-product","3":"status-publish","4":"has-post-thumbnail","6":"product_cat-voodid","8":"first","9":"instock","10":"sale","11":"taxable","12":"shipping-taxable","13":"purchasable","14":"product-type-variable","15":"has-default-attributes"},"acf":[],"yoast_head":"<!-- This site is optimized with the Yoast SEO plugin v27.4 - https:\/\/yoast.com\/product\/yoast-seo-wordpress\/ -->\n<title>Lit HUH - Radis<\/title>\n<meta name=\"robots\" content=\"index, follow, max-snippet:-1, max-image-preview:large, max-video-preview:-1\" \/>\n<link rel=\"canonical\" href=\"https:\/\/radis.ee\/fr\/lit-huh\/\" \/>\n<meta property=\"og:locale\" content=\"fr_FR\" \/>\n<meta property=\"og:type\" content=\"article\" \/>\n<meta property=\"og:title\" content=\"Lit HUH - Radis\" \/>\n<meta property=\"og:description\" content=\"L&rsquo;achat de ce lit durable d\u00e9marre une relation durable. HUH r\u00e9sistera \u00e0 tous les plaisanteries avec vos enfants ou votre partenaire. Le lit est facilement assembl\u00e9 et d\u00e9mont\u00e9 et est attach\u00e9 \u00e0 un cadre solide. L&rsquo;appui-t\u00eate est correctement inclin\u00e9 pour lire confortablement au lit. Fabriqu\u00e9 en contreplaqu\u00e9 de bouleau ou contreplaqu\u00e9 plaqu\u00e9 ch\u00eane, cir\u00e9 \u00e0...\" \/>\n<meta property=\"og:url\" content=\"https:\/\/radis.ee\/fr\/lit-huh\/\" \/>\n<meta property=\"og:site_name\" content=\"Radis\" \/>\n<meta property=\"article:publisher\" content=\"https:\/\/www.facebook.com\/radisfurniture\/\" \/>\n<meta property=\"article:modified_time\" content=\"2024-01-31T20:06:45+00:00\" \/>\n<meta property=\"og:image\" content=\"https:\/\/radis.ee\/wp-content\/uploads\/2020\/10\/RADIS_bed_HUH_OAK_VENEERED_avafoto.jpg\" \/>\n\t<meta property=\"og:image:width\" content=\"1376\" \/>\n\t<meta property=\"og:image:height\" content=\"1867\" \/>\n\t<meta property=\"og:image:type\" content=\"image\/jpeg\" \/>\n<meta name=\"twitter:card\" content=\"summary_large_image\" \/>\n<meta name=\"twitter:label1\" content=\"Dur\u00e9e de lecture estim\u00e9e\" \/>\n\t<meta name=\"twitter:data1\" content=\"1 minute\" \/>\n<script type=\"application\/ld+json\" class=\"yoast-schema-graph\">{\"@context\":\"https:\\\/\\\/schema.org\",\"@graph\":[{\"@type\":\"WebPage\",\"@id\":\"https:\\\/\\\/radis.ee\\\/fr\\\/lit-huh\\\/\",\"url\":\"https:\\\/\\\/radis.ee\\\/fr\\\/lit-huh\\\/\",\"name\":\"Lit HUH - Radis\",\"isPartOf\":{\"@id\":\"https:\\\/\\\/radis.ee\\\/#website\"},\"primaryImageOfPage\":{\"@id\":\"https:\\\/\\\/radis.ee\\\/fr\\\/lit-huh\\\/#primaryimage\"},\"image\":{\"@id\":\"https:\\\/\\\/radis.ee\\\/fr\\\/lit-huh\\\/#primaryimage\"},\"thumbnailUrl\":\"https:\\\/\\\/radis.ee\\\/wp-content\\\/uploads\\\/2020\\\/10\\\/RADIS_bed_HUH_OAK_VENEERED_avafoto.jpg\",\"datePublished\":\"2022-09-12T21:28:05+00:00\",\"dateModified\":\"2024-01-31T20:06:45+00:00\",\"breadcrumb\":{\"@id\":\"https:\\\/\\\/radis.ee\\\/fr\\\/lit-huh\\\/#breadcrumb\"},\"inLanguage\":\"fr-FR\",\"potentialAction\":[{\"@type\":\"ReadAction\",\"target\":[\"https:\\\/\\\/radis.ee\\\/fr\\\/lit-huh\\\/\"]}]},{\"@type\":\"ImageObject\",\"inLanguage\":\"fr-FR\",\"@id\":\"https:\\\/\\\/radis.ee\\\/fr\\\/lit-huh\\\/#primaryimage\",\"url\":\"https:\\\/\\\/radis.ee\\\/wp-content\\\/uploads\\\/2020\\\/10\\\/RADIS_bed_HUH_OAK_VENEERED_avafoto.jpg\",\"contentUrl\":\"https:\\\/\\\/radis.ee\\\/wp-content\\\/uploads\\\/2020\\\/10\\\/RADIS_bed_HUH_OAK_VENEERED_avafoto.jpg\",\"width\":1376,\"height\":1867,\"caption\":\"BED HUH OAK VENEERED\"},{\"@type\":\"BreadcrumbList\",\"@id\":\"https:\\\/\\\/radis.ee\\\/fr\\\/lit-huh\\\/#breadcrumb\",\"itemListElement\":[{\"@type\":\"ListItem\",\"position\":1,\"name\":\"Home\",\"item\":\"https:\\\/\\\/radis.ee\\\/\"},{\"@type\":\"ListItem\",\"position\":2,\"name\":\"Magasin\",\"item\":\"https:\\\/\\\/radis.ee\\\/fr\\\/magasin\\\/\"},{\"@type\":\"ListItem\",\"position\":3,\"name\":\"Lit HUH\"}]},{\"@type\":\"WebSite\",\"@id\":\"https:\\\/\\\/radis.ee\\\/#website\",\"url\":\"https:\\\/\\\/radis.ee\\\/\",\"name\":\"Radis\",\"description\":\"Nordic design furniture, environmentally friendly and sustainable.\",\"publisher\":{\"@id\":\"https:\\\/\\\/radis.ee\\\/#organization\"},\"potentialAction\":[{\"@type\":\"SearchAction\",\"target\":{\"@type\":\"EntryPoint\",\"urlTemplate\":\"https:\\\/\\\/radis.ee\\\/?s={search_term_string}\"},\"query-input\":{\"@type\":\"PropertyValueSpecification\",\"valueRequired\":true,\"valueName\":\"search_term_string\"}}],\"inLanguage\":\"fr-FR\"},{\"@type\":\"Organization\",\"@id\":\"https:\\\/\\\/radis.ee\\\/#organization\",\"name\":\"Radis O\u00dc\",\"url\":\"https:\\\/\\\/radis.ee\\\/\",\"logo\":{\"@type\":\"ImageObject\",\"inLanguage\":\"fr-FR\",\"@id\":\"https:\\\/\\\/radis.ee\\\/#\\\/schema\\\/logo\\\/image\\\/\",\"url\":\"https:\\\/\\\/radis.ee\\\/wp-content\\\/uploads\\\/2020\\\/10\\\/Radis-logo.png\",\"contentUrl\":\"https:\\\/\\\/radis.ee\\\/wp-content\\\/uploads\\\/2020\\\/10\\\/Radis-logo.png\",\"width\":300,\"height\":63,\"caption\":\"Radis O\u00dc\"},\"image\":{\"@id\":\"https:\\\/\\\/radis.ee\\\/#\\\/schema\\\/logo\\\/image\\\/\"},\"sameAs\":[\"https:\\\/\\\/www.facebook.com\\\/radisfurniture\\\/\"]}]}<\/script>\n<!-- \/ Yoast SEO plugin. -->","yoast_head_json":{"title":"Lit HUH - Radis","robots":{"index":"index","follow":"follow","max-snippet":"max-snippet:-1","max-image-preview":"max-image-preview:large","max-video-preview":"max-video-preview:-1"},"canonical":"https:\/\/radis.ee\/fr\/lit-huh\/","og_locale":"fr_FR","og_type":"article","og_title":"Lit HUH - Radis","og_description":"L&rsquo;achat de ce lit durable d\u00e9marre une relation durable. HUH r\u00e9sistera \u00e0 tous les plaisanteries avec vos enfants ou votre partenaire. Le lit est facilement assembl\u00e9 et d\u00e9mont\u00e9 et est attach\u00e9 \u00e0 un cadre solide. L&rsquo;appui-t\u00eate est correctement inclin\u00e9 pour lire confortablement au lit. Fabriqu\u00e9 en contreplaqu\u00e9 de bouleau ou contreplaqu\u00e9 plaqu\u00e9 ch\u00eane, cir\u00e9 \u00e0...","og_url":"https:\/\/radis.ee\/fr\/lit-huh\/","og_site_name":"Radis","article_publisher":"https:\/\/www.facebook.com\/radisfurniture\/","article_modified_time":"2024-01-31T20:06:45+00:00","og_image":[{"width":1376,"height":1867,"url":"https:\/\/radis.ee\/wp-content\/uploads\/2020\/10\/RADIS_bed_HUH_OAK_VENEERED_avafoto.jpg","type":"image\/jpeg"}],"twitter_card":"summary_large_image","twitter_misc":{"Dur\u00e9e de lecture estim\u00e9e":"1 minute"},"schema":{"@context":"https:\/\/schema.org","@graph":[{"@type":"WebPage","@id":"https:\/\/radis.ee\/fr\/lit-huh\/","url":"https:\/\/radis.ee\/fr\/lit-huh\/","name":"Lit HUH - Radis","isPartOf":{"@id":"https:\/\/radis.ee\/#website"},"primaryImageOfPage":{"@id":"https:\/\/radis.ee\/fr\/lit-huh\/#primaryimage"},"image":{"@id":"https:\/\/radis.ee\/fr\/lit-huh\/#primaryimage"},"thumbnailUrl":"https:\/\/radis.ee\/wp-content\/uploads\/2020\/10\/RADIS_bed_HUH_OAK_VENEERED_avafoto.jpg","datePublished":"2022-09-12T21:28:05+00:00","dateModified":"2024-01-31T20:06:45+00:00","breadcrumb":{"@id":"https:\/\/radis.ee\/fr\/lit-huh\/#breadcrumb"},"inLanguage":"fr-FR","potentialAction":[{"@type":"ReadAction","target":["https:\/\/radis.ee\/fr\/lit-huh\/"]}]},{"@type":"ImageObject","inLanguage":"fr-FR","@id":"https:\/\/radis.ee\/fr\/lit-huh\/#primaryimage","url":"https:\/\/radis.ee\/wp-content\/uploads\/2020\/10\/RADIS_bed_HUH_OAK_VENEERED_avafoto.jpg","contentUrl":"https:\/\/radis.ee\/wp-content\/uploads\/2020\/10\/RADIS_bed_HUH_OAK_VENEERED_avafoto.jpg","width":1376,"height":1867,"caption":"BED HUH OAK VENEERED"},{"@type":"BreadcrumbList","@id":"https:\/\/radis.ee\/fr\/lit-huh\/#breadcrumb","itemListElement":[{"@type":"ListItem","position":1,"name":"Home","item":"https:\/\/radis.ee\/"},{"@type":"ListItem","position":2,"name":"Magasin","item":"https:\/\/radis.ee\/fr\/magasin\/"},{"@type":"ListItem","position":3,"name":"Lit HUH"}]},{"@type":"WebSite","@id":"https:\/\/radis.ee\/#website","url":"https:\/\/radis.ee\/","name":"Radis","description":"Nordic design furniture, environmentally friendly and sustainable.","publisher":{"@id":"https:\/\/radis.ee\/#organization"},"potentialAction":[{"@type":"SearchAction","target":{"@type":"EntryPoint","urlTemplate":"https:\/\/radis.ee\/?s={search_term_string}"},"query-input":{"@type":"PropertyValueSpecification","valueRequired":true,"valueName":"search_term_string"}}],"inLanguage":"fr-FR"},{"@type":"Organization","@id":"https:\/\/radis.ee\/#organization","name":"Radis O\u00dc","url":"https:\/\/radis.ee\/","logo":{"@type":"ImageObject","inLanguage":"fr-FR","@id":"https:\/\/radis.ee\/#\/schema\/logo\/image\/","url":"https:\/\/radis.ee\/wp-content\/uploads\/2020\/10\/Radis-logo.png","contentUrl":"https:\/\/radis.ee\/wp-content\/uploads\/2020\/10\/Radis-logo.png","width":300,"height":63,"caption":"Radis O\u00dc"},"image":{"@id":"https:\/\/radis.ee\/#\/schema\/logo\/image\/"},"sameAs":["https:\/\/www.facebook.com\/radisfurniture\/"]}]}},"_links":{"self":[{"href":"https:\/\/radis.ee\/fr\/wp-json\/wp\/v2\/product\/7549","targetHints":{"allow":["GET"]}}],"collection":[{"href":"https:\/\/radis.ee\/fr\/wp-json\/wp\/v2\/product"}],"about":[{"href":"https:\/\/radis.ee\/fr\/wp-json\/wp\/v2\/types\/product"}],"replies":[{"embeddable":true,"href":"https:\/\/radis.ee\/fr\/wp-json\/wp\/v2\/comments?post=7549"}],"wp:featuredmedia":[{"embeddable":true,"href":"https:\/\/radis.ee\/fr\/wp-json\/wp\/v2\/media\/9067"}],"wp:attachment":[{"href":"https:\/\/radis.ee\/fr\/wp-json\/wp\/v2\/media?parent=7549"}],"wp:term":[{"taxonomy":"product_brand","embeddable":true,"href":"https:\/\/radis.ee\/fr\/wp-json\/wp\/v2\/product_brand?post=7549"},{"taxonomy":"product_cat","embeddable":true,"href":"https:\/\/radis.ee\/fr\/wp-json\/wp\/v2\/product_cat?post=7549"},{"taxonomy":"product_tag","embeddable":true,"href":"https:\/\/radis.ee\/fr\/wp-json\/wp\/v2\/product_tag?post=7549"}],"curies":[{"name":"wp","href":"https:\/\/api.w.org\/{rel}","templated":true}]}}