{"id":7616,"date":"2022-08-22T10:23:56","date_gmt":"2022-08-22T07:23:56","guid":{"rendered":"https:\/\/radis.ee\/tabouret-chick\/"},"modified":"2025-06-02T12:23:27","modified_gmt":"2025-06-02T09:23:27","slug":"tabouret-chick","status":"publish","type":"product","link":"https:\/\/radis.ee\/fr\/tabouret-chick\/","title":{"rendered":"Tabouret CHICK"},"content":{"rendered":"<p>Chick est un accessoire d&rsquo;int\u00e9rieur qui se caract\u00e9rise par son design ludique.<\/p>\n<p>\u00ab\u00a0Chick\u00a0\u00bb a \u00e9t\u00e9 con\u00e7u \u00e0 l&rsquo;origine comme un petit tabouret, mais pour le moment, il s&rsquo;agit plus d&rsquo;un petit \u00e9l\u00e9ment d\u00e9coratif qui sert de petite table d&rsquo;appoint ou de table de chevet comme repose-pieds d&rsquo;un fauteuil, mais il a \u00e9galement une fonction suppl\u00e9mentaire &#8211; pour te faire sourire!<\/p>\n<p>Bois de bouleau lamell\u00e9-coll\u00e9, acajou ou ch\u00eane, pieds en m\u00e9tal peint en noir. Bois naturel, de l\u00e9g\u00e8res variations de couleur et de l\u00e9gers n\u0153uds peuvent appara\u00eetre.<\/p>\n","protected":false},"excerpt":{"rendered":"<p>Chick est un accessoire d&rsquo;int\u00e9rieur qui se caract\u00e9rise par son design ludique. \u00ab\u00a0Chick\u00a0\u00bb a \u00e9t\u00e9 con\u00e7u \u00e0 l&rsquo;origine comme un petit tabouret, mais pour le moment, il s&rsquo;agit plus d&rsquo;un petit \u00e9l\u00e9ment d\u00e9coratif qui sert de petite table d&rsquo;appoint ou de table de chevet comme repose-pieds d&rsquo;un fauteuil, mais il a \u00e9galement une fonction suppl\u00e9mentaire&#8230;<\/p>\n","protected":false},"featured_media":7000,"comment_status":"open","ping_status":"closed","template":"","meta":{"_acf_changed":false},"product_brand":[],"product_cat":[34,111],"product_tag":[],"class_list":{"0":"post-7616","1":"product","2":"type-product","3":"status-publish","4":"has-post-thumbnail","6":"product_cat-aksessuaarid","7":"product_cat-lauad","9":"first","10":"instock","11":"sale","12":"taxable","13":"shipping-taxable","14":"purchasable","15":"product-type-variable","16":"has-default-attributes"},"acf":[],"yoast_head":"<!-- This site is optimized with the Yoast SEO plugin v27.4 - https:\/\/yoast.com\/product\/yoast-seo-wordpress\/ -->\n<title>Tabouret CHICK - Radis<\/title>\n<meta name=\"robots\" content=\"index, follow, max-snippet:-1, max-image-preview:large, max-video-preview:-1\" \/>\n<link rel=\"canonical\" href=\"https:\/\/radis.ee\/lauake-tibu\/\" \/>\n<meta property=\"og:locale\" content=\"fr_FR\" \/>\n<meta property=\"og:type\" content=\"article\" \/>\n<meta property=\"og:title\" content=\"Tabouret CHICK - Radis\" \/>\n<meta property=\"og:description\" content=\"Chick est un accessoire d&rsquo;int\u00e9rieur qui se caract\u00e9rise par son design ludique. \u00ab\u00a0Chick\u00a0\u00bb a \u00e9t\u00e9 con\u00e7u \u00e0 l&rsquo;origine comme un petit tabouret, mais pour le moment, il s&rsquo;agit plus d&rsquo;un petit \u00e9l\u00e9ment d\u00e9coratif qui sert de petite table d&rsquo;appoint ou de table de chevet comme repose-pieds d&rsquo;un fauteuil, mais il a \u00e9galement une fonction suppl\u00e9mentaire...\" \/>\n<meta property=\"og:url\" content=\"https:\/\/radis.ee\/lauake-tibu\/\" \/>\n<meta property=\"og:site_name\" content=\"Radis\" \/>\n<meta property=\"article:publisher\" content=\"https:\/\/www.facebook.com\/radisfurniture\/\" \/>\n<meta property=\"article:modified_time\" content=\"2025-06-02T09:23:27+00:00\" \/>\n<meta property=\"og:image\" content=\"https:\/\/radis.ee\/wp-content\/uploads\/2020\/09\/RADIS_stool_CHICK_Maria_-R\u00e4sta_natural-scaled.jpg\" \/>\n\t<meta property=\"og:image:width\" content=\"3840\" \/>\n\t<meta property=\"og:image:height\" content=\"3840\" \/>\n\t<meta property=\"og:image:type\" content=\"image\/jpeg\" \/>\n<meta name=\"twitter:card\" content=\"summary_large_image\" \/>\n<script type=\"application\/ld+json\" class=\"yoast-schema-graph\">{\"@context\":\"https:\\\/\\\/schema.org\",\"@graph\":[{\"@type\":\"WebPage\",\"@id\":\"https:\\\/\\\/radis.ee\\\/lauake-tibu\\\/\",\"url\":\"https:\\\/\\\/radis.ee\\\/lauake-tibu\\\/\",\"name\":\"Tabouret CHICK - Radis\",\"isPartOf\":{\"@id\":\"https:\\\/\\\/radis.ee\\\/#website\"},\"primaryImageOfPage\":{\"@id\":\"https:\\\/\\\/radis.ee\\\/lauake-tibu\\\/#primaryimage\"},\"image\":{\"@id\":\"https:\\\/\\\/radis.ee\\\/lauake-tibu\\\/#primaryimage\"},\"thumbnailUrl\":\"https:\\\/\\\/radis.ee\\\/wp-content\\\/uploads\\\/2020\\\/09\\\/RADIS_stool_CHICK_Maria_-R\u00e4sta_natural-scaled.jpg\",\"datePublished\":\"2022-08-22T07:23:56+00:00\",\"dateModified\":\"2025-06-02T09:23:27+00:00\",\"breadcrumb\":{\"@id\":\"https:\\\/\\\/radis.ee\\\/lauake-tibu\\\/#breadcrumb\"},\"inLanguage\":\"fr-FR\",\"potentialAction\":[{\"@type\":\"ReadAction\",\"target\":[\"https:\\\/\\\/radis.ee\\\/lauake-tibu\\\/\"]}]},{\"@type\":\"ImageObject\",\"inLanguage\":\"fr-FR\",\"@id\":\"https:\\\/\\\/radis.ee\\\/lauake-tibu\\\/#primaryimage\",\"url\":\"https:\\\/\\\/radis.ee\\\/wp-content\\\/uploads\\\/2020\\\/09\\\/RADIS_stool_CHICK_Maria_-R\u00e4sta_natural-scaled.jpg\",\"contentUrl\":\"https:\\\/\\\/radis.ee\\\/wp-content\\\/uploads\\\/2020\\\/09\\\/RADIS_stool_CHICK_Maria_-R\u00e4sta_natural-scaled.jpg\",\"width\":3840,\"height\":3840},{\"@type\":\"BreadcrumbList\",\"@id\":\"https:\\\/\\\/radis.ee\\\/lauake-tibu\\\/#breadcrumb\",\"itemListElement\":[{\"@type\":\"ListItem\",\"position\":1,\"name\":\"Home\",\"item\":\"https:\\\/\\\/radis.ee\\\/\"},{\"@type\":\"ListItem\",\"position\":2,\"name\":\"Magasin\",\"item\":\"https:\\\/\\\/radis.ee\\\/fr\\\/magasin\\\/\"},{\"@type\":\"ListItem\",\"position\":3,\"name\":\"Tabouret CHICK\"}]},{\"@type\":\"WebSite\",\"@id\":\"https:\\\/\\\/radis.ee\\\/#website\",\"url\":\"https:\\\/\\\/radis.ee\\\/\",\"name\":\"Radis\",\"description\":\"Nordic design furniture, environmentally friendly and sustainable.\",\"publisher\":{\"@id\":\"https:\\\/\\\/radis.ee\\\/#organization\"},\"potentialAction\":[{\"@type\":\"SearchAction\",\"target\":{\"@type\":\"EntryPoint\",\"urlTemplate\":\"https:\\\/\\\/radis.ee\\\/?s={search_term_string}\"},\"query-input\":{\"@type\":\"PropertyValueSpecification\",\"valueRequired\":true,\"valueName\":\"search_term_string\"}}],\"inLanguage\":\"fr-FR\"},{\"@type\":\"Organization\",\"@id\":\"https:\\\/\\\/radis.ee\\\/#organization\",\"name\":\"Radis O\u00dc\",\"url\":\"https:\\\/\\\/radis.ee\\\/\",\"logo\":{\"@type\":\"ImageObject\",\"inLanguage\":\"fr-FR\",\"@id\":\"https:\\\/\\\/radis.ee\\\/#\\\/schema\\\/logo\\\/image\\\/\",\"url\":\"https:\\\/\\\/radis.ee\\\/wp-content\\\/uploads\\\/2020\\\/10\\\/Radis-logo.png\",\"contentUrl\":\"https:\\\/\\\/radis.ee\\\/wp-content\\\/uploads\\\/2020\\\/10\\\/Radis-logo.png\",\"width\":300,\"height\":63,\"caption\":\"Radis O\u00dc\"},\"image\":{\"@id\":\"https:\\\/\\\/radis.ee\\\/#\\\/schema\\\/logo\\\/image\\\/\"},\"sameAs\":[\"https:\\\/\\\/www.facebook.com\\\/radisfurniture\\\/\"]}]}<\/script>\n<!-- \/ Yoast SEO plugin. -->","yoast_head_json":{"title":"Tabouret CHICK - Radis","robots":{"index":"index","follow":"follow","max-snippet":"max-snippet:-1","max-image-preview":"max-image-preview:large","max-video-preview":"max-video-preview:-1"},"canonical":"https:\/\/radis.ee\/lauake-tibu\/","og_locale":"fr_FR","og_type":"article","og_title":"Tabouret CHICK - Radis","og_description":"Chick est un accessoire d&rsquo;int\u00e9rieur qui se caract\u00e9rise par son design ludique. \u00ab\u00a0Chick\u00a0\u00bb a \u00e9t\u00e9 con\u00e7u \u00e0 l&rsquo;origine comme un petit tabouret, mais pour le moment, il s&rsquo;agit plus d&rsquo;un petit \u00e9l\u00e9ment d\u00e9coratif qui sert de petite table d&rsquo;appoint ou de table de chevet comme repose-pieds d&rsquo;un fauteuil, mais il a \u00e9galement une fonction suppl\u00e9mentaire...","og_url":"https:\/\/radis.ee\/lauake-tibu\/","og_site_name":"Radis","article_publisher":"https:\/\/www.facebook.com\/radisfurniture\/","article_modified_time":"2025-06-02T09:23:27+00:00","og_image":[{"width":3840,"height":3840,"url":"https:\/\/radis.ee\/wp-content\/uploads\/2020\/09\/RADIS_stool_CHICK_Maria_-R\u00e4sta_natural-scaled.jpg","type":"image\/jpeg"}],"twitter_card":"summary_large_image","schema":{"@context":"https:\/\/schema.org","@graph":[{"@type":"WebPage","@id":"https:\/\/radis.ee\/lauake-tibu\/","url":"https:\/\/radis.ee\/lauake-tibu\/","name":"Tabouret CHICK - Radis","isPartOf":{"@id":"https:\/\/radis.ee\/#website"},"primaryImageOfPage":{"@id":"https:\/\/radis.ee\/lauake-tibu\/#primaryimage"},"image":{"@id":"https:\/\/radis.ee\/lauake-tibu\/#primaryimage"},"thumbnailUrl":"https:\/\/radis.ee\/wp-content\/uploads\/2020\/09\/RADIS_stool_CHICK_Maria_-R\u00e4sta_natural-scaled.jpg","datePublished":"2022-08-22T07:23:56+00:00","dateModified":"2025-06-02T09:23:27+00:00","breadcrumb":{"@id":"https:\/\/radis.ee\/lauake-tibu\/#breadcrumb"},"inLanguage":"fr-FR","potentialAction":[{"@type":"ReadAction","target":["https:\/\/radis.ee\/lauake-tibu\/"]}]},{"@type":"ImageObject","inLanguage":"fr-FR","@id":"https:\/\/radis.ee\/lauake-tibu\/#primaryimage","url":"https:\/\/radis.ee\/wp-content\/uploads\/2020\/09\/RADIS_stool_CHICK_Maria_-R\u00e4sta_natural-scaled.jpg","contentUrl":"https:\/\/radis.ee\/wp-content\/uploads\/2020\/09\/RADIS_stool_CHICK_Maria_-R\u00e4sta_natural-scaled.jpg","width":3840,"height":3840},{"@type":"BreadcrumbList","@id":"https:\/\/radis.ee\/lauake-tibu\/#breadcrumb","itemListElement":[{"@type":"ListItem","position":1,"name":"Home","item":"https:\/\/radis.ee\/"},{"@type":"ListItem","position":2,"name":"Magasin","item":"https:\/\/radis.ee\/fr\/magasin\/"},{"@type":"ListItem","position":3,"name":"Tabouret CHICK"}]},{"@type":"WebSite","@id":"https:\/\/radis.ee\/#website","url":"https:\/\/radis.ee\/","name":"Radis","description":"Nordic design furniture, environmentally friendly and sustainable.","publisher":{"@id":"https:\/\/radis.ee\/#organization"},"potentialAction":[{"@type":"SearchAction","target":{"@type":"EntryPoint","urlTemplate":"https:\/\/radis.ee\/?s={search_term_string}"},"query-input":{"@type":"PropertyValueSpecification","valueRequired":true,"valueName":"search_term_string"}}],"inLanguage":"fr-FR"},{"@type":"Organization","@id":"https:\/\/radis.ee\/#organization","name":"Radis O\u00dc","url":"https:\/\/radis.ee\/","logo":{"@type":"ImageObject","inLanguage":"fr-FR","@id":"https:\/\/radis.ee\/#\/schema\/logo\/image\/","url":"https:\/\/radis.ee\/wp-content\/uploads\/2020\/10\/Radis-logo.png","contentUrl":"https:\/\/radis.ee\/wp-content\/uploads\/2020\/10\/Radis-logo.png","width":300,"height":63,"caption":"Radis O\u00dc"},"image":{"@id":"https:\/\/radis.ee\/#\/schema\/logo\/image\/"},"sameAs":["https:\/\/www.facebook.com\/radisfurniture\/"]}]}},"_links":{"self":[{"href":"https:\/\/radis.ee\/fr\/wp-json\/wp\/v2\/product\/7616","targetHints":{"allow":["GET"]}}],"collection":[{"href":"https:\/\/radis.ee\/fr\/wp-json\/wp\/v2\/product"}],"about":[{"href":"https:\/\/radis.ee\/fr\/wp-json\/wp\/v2\/types\/product"}],"replies":[{"embeddable":true,"href":"https:\/\/radis.ee\/fr\/wp-json\/wp\/v2\/comments?post=7616"}],"wp:featuredmedia":[{"embeddable":true,"href":"https:\/\/radis.ee\/fr\/wp-json\/wp\/v2\/media\/7000"}],"wp:attachment":[{"href":"https:\/\/radis.ee\/fr\/wp-json\/wp\/v2\/media?parent=7616"}],"wp:term":[{"taxonomy":"product_brand","embeddable":true,"href":"https:\/\/radis.ee\/fr\/wp-json\/wp\/v2\/product_brand?post=7616"},{"taxonomy":"product_cat","embeddable":true,"href":"https:\/\/radis.ee\/fr\/wp-json\/wp\/v2\/product_cat?post=7616"},{"taxonomy":"product_tag","embeddable":true,"href":"https:\/\/radis.ee\/fr\/wp-json\/wp\/v2\/product_tag?post=7616"}],"curies":[{"name":"wp","href":"https:\/\/api.w.org\/{rel}","templated":true}]}}