{"id":7621,"date":"2022-08-23T11:22:30","date_gmt":"2022-08-23T08:22:30","guid":{"rendered":"https:\/\/radis.ee\/table-a-manger-huh\/"},"modified":"2024-03-12T11:17:43","modified_gmt":"2024-03-12T09:17:43","slug":"table-a-manger-huh","status":"publish","type":"product","link":"https:\/\/radis.ee\/fr\/table-a-manger-huh\/","title":{"rendered":"Table \u00e0 manger HUH"},"content":{"rendered":"<p>Une foule apporte de la joie \u00e0 chaque maison et bureau. Serrez-vous les invit\u00e9s autour de la table comme des sardines dans une bo\u00eete? Non! Vous les placez soigneusement autour de la table HUH.<\/p>\n<p>En contreplaqu\u00e9 de bouleau, plateau de table plaqu\u00e9 ch\u00eane ou HPL (stratifi\u00e9 haute pression) &#8211; blanc (RAL 9003) et gris clair (RAL 7042), pieds cir\u00e9s \u00e0 l&rsquo;huile.<\/p>\n<p>La Collection HUH a \u00e9t\u00e9 nomin\u00e9e pour le prix du design estonien Bruno 2014.<\/p>\n","protected":false},"excerpt":{"rendered":"<p>Une foule apporte de la joie \u00e0 chaque maison et bureau. Serrez-vous les invit\u00e9s autour de la table comme des sardines dans une bo\u00eete? Non! Vous les placez soigneusement autour de la table HUH. En contreplaqu\u00e9 de bouleau, plateau de table plaqu\u00e9 ch\u00eane ou HPL (stratifi\u00e9 haute pression) &#8211; blanc (RAL 9003) et gris clair&#8230;<\/p>\n","protected":false},"featured_media":25038,"comment_status":"open","ping_status":"closed","template":"","meta":{"_acf_changed":false},"product_brand":[],"product_cat":[111],"product_tag":[],"class_list":{"0":"post-7621","1":"product","2":"type-product","3":"status-publish","4":"has-post-thumbnail","6":"product_cat-lauad","8":"first","9":"instock","10":"taxable","11":"shipping-taxable","12":"purchasable","13":"product-type-variable","14":"has-default-attributes"},"acf":[],"yoast_head":"<!-- This site is optimized with the Yoast SEO plugin v27.4 - https:\/\/yoast.com\/product\/yoast-seo-wordpress\/ -->\n<title>Table \u00e0 manger HUH - Radis<\/title>\n<meta name=\"robots\" content=\"index, follow, max-snippet:-1, max-image-preview:large, max-video-preview:-1\" \/>\n<link rel=\"canonical\" href=\"https:\/\/radis.ee\/fr\/table-a-manger-huh\/\" \/>\n<meta property=\"og:locale\" content=\"fr_FR\" \/>\n<meta property=\"og:type\" content=\"article\" \/>\n<meta property=\"og:title\" content=\"Table \u00e0 manger HUH - Radis\" \/>\n<meta property=\"og:description\" content=\"Une foule apporte de la joie \u00e0 chaque maison et bureau. Serrez-vous les invit\u00e9s autour de la table comme des sardines dans une bo\u00eete? Non! Vous les placez soigneusement autour de la table HUH. En contreplaqu\u00e9 de bouleau, plateau de table plaqu\u00e9 ch\u00eane ou HPL (stratifi\u00e9 haute pression) &#8211; blanc (RAL 9003) et gris clair...\" \/>\n<meta property=\"og:url\" content=\"https:\/\/radis.ee\/fr\/table-a-manger-huh\/\" \/>\n<meta property=\"og:site_name\" content=\"Radis\" \/>\n<meta property=\"article:publisher\" content=\"https:\/\/www.facebook.com\/radisfurniture\/\" \/>\n<meta property=\"article:modified_time\" content=\"2024-03-12T09:17:43+00:00\" \/>\n<meta property=\"og:image\" content=\"https:\/\/radis.ee\/wp-content\/uploads\/2022\/08\/Radis_diningtable_HUH_oak_veneered_legs_black_stain.jpg\" \/>\n\t<meta property=\"og:image:width\" content=\"1323\" \/>\n\t<meta property=\"og:image:height\" content=\"1594\" \/>\n\t<meta property=\"og:image:type\" content=\"image\/jpeg\" \/>\n<meta name=\"twitter:card\" content=\"summary_large_image\" \/>\n<script type=\"application\/ld+json\" class=\"yoast-schema-graph\">{\"@context\":\"https:\\\/\\\/schema.org\",\"@graph\":[{\"@type\":\"WebPage\",\"@id\":\"https:\\\/\\\/radis.ee\\\/fr\\\/table-a-manger-huh\\\/\",\"url\":\"https:\\\/\\\/radis.ee\\\/fr\\\/table-a-manger-huh\\\/\",\"name\":\"Table \u00e0 manger HUH - Radis\",\"isPartOf\":{\"@id\":\"https:\\\/\\\/radis.ee\\\/#website\"},\"primaryImageOfPage\":{\"@id\":\"https:\\\/\\\/radis.ee\\\/fr\\\/table-a-manger-huh\\\/#primaryimage\"},\"image\":{\"@id\":\"https:\\\/\\\/radis.ee\\\/fr\\\/table-a-manger-huh\\\/#primaryimage\"},\"thumbnailUrl\":\"https:\\\/\\\/radis.ee\\\/wp-content\\\/uploads\\\/2022\\\/08\\\/Radis_diningtable_HUH_oak_veneered_legs_black_stain.jpg\",\"datePublished\":\"2022-08-23T08:22:30+00:00\",\"dateModified\":\"2024-03-12T09:17:43+00:00\",\"breadcrumb\":{\"@id\":\"https:\\\/\\\/radis.ee\\\/fr\\\/table-a-manger-huh\\\/#breadcrumb\"},\"inLanguage\":\"fr-FR\",\"potentialAction\":[{\"@type\":\"ReadAction\",\"target\":[\"https:\\\/\\\/radis.ee\\\/fr\\\/table-a-manger-huh\\\/\"]}]},{\"@type\":\"ImageObject\",\"inLanguage\":\"fr-FR\",\"@id\":\"https:\\\/\\\/radis.ee\\\/fr\\\/table-a-manger-huh\\\/#primaryimage\",\"url\":\"https:\\\/\\\/radis.ee\\\/wp-content\\\/uploads\\\/2022\\\/08\\\/Radis_diningtable_HUH_oak_veneered_legs_black_stain.jpg\",\"contentUrl\":\"https:\\\/\\\/radis.ee\\\/wp-content\\\/uploads\\\/2022\\\/08\\\/Radis_diningtable_HUH_oak_veneered_legs_black_stain.jpg\",\"width\":1323,\"height\":1594,\"caption\":\"RADIS dining table HUH\"},{\"@type\":\"BreadcrumbList\",\"@id\":\"https:\\\/\\\/radis.ee\\\/fr\\\/table-a-manger-huh\\\/#breadcrumb\",\"itemListElement\":[{\"@type\":\"ListItem\",\"position\":1,\"name\":\"Home\",\"item\":\"https:\\\/\\\/radis.ee\\\/\"},{\"@type\":\"ListItem\",\"position\":2,\"name\":\"Magasin\",\"item\":\"https:\\\/\\\/radis.ee\\\/fr\\\/magasin\\\/\"},{\"@type\":\"ListItem\",\"position\":3,\"name\":\"Table \u00e0 manger HUH\"}]},{\"@type\":\"WebSite\",\"@id\":\"https:\\\/\\\/radis.ee\\\/#website\",\"url\":\"https:\\\/\\\/radis.ee\\\/\",\"name\":\"Radis\",\"description\":\"Nordic design furniture, environmentally friendly and sustainable.\",\"publisher\":{\"@id\":\"https:\\\/\\\/radis.ee\\\/#organization\"},\"potentialAction\":[{\"@type\":\"SearchAction\",\"target\":{\"@type\":\"EntryPoint\",\"urlTemplate\":\"https:\\\/\\\/radis.ee\\\/?s={search_term_string}\"},\"query-input\":{\"@type\":\"PropertyValueSpecification\",\"valueRequired\":true,\"valueName\":\"search_term_string\"}}],\"inLanguage\":\"fr-FR\"},{\"@type\":\"Organization\",\"@id\":\"https:\\\/\\\/radis.ee\\\/#organization\",\"name\":\"Radis O\u00dc\",\"url\":\"https:\\\/\\\/radis.ee\\\/\",\"logo\":{\"@type\":\"ImageObject\",\"inLanguage\":\"fr-FR\",\"@id\":\"https:\\\/\\\/radis.ee\\\/#\\\/schema\\\/logo\\\/image\\\/\",\"url\":\"https:\\\/\\\/radis.ee\\\/wp-content\\\/uploads\\\/2020\\\/10\\\/Radis-logo.png\",\"contentUrl\":\"https:\\\/\\\/radis.ee\\\/wp-content\\\/uploads\\\/2020\\\/10\\\/Radis-logo.png\",\"width\":300,\"height\":63,\"caption\":\"Radis O\u00dc\"},\"image\":{\"@id\":\"https:\\\/\\\/radis.ee\\\/#\\\/schema\\\/logo\\\/image\\\/\"},\"sameAs\":[\"https:\\\/\\\/www.facebook.com\\\/radisfurniture\\\/\"]}]}<\/script>\n<!-- \/ Yoast SEO plugin. -->","yoast_head_json":{"title":"Table \u00e0 manger HUH - Radis","robots":{"index":"index","follow":"follow","max-snippet":"max-snippet:-1","max-image-preview":"max-image-preview:large","max-video-preview":"max-video-preview:-1"},"canonical":"https:\/\/radis.ee\/fr\/table-a-manger-huh\/","og_locale":"fr_FR","og_type":"article","og_title":"Table \u00e0 manger HUH - Radis","og_description":"Une foule apporte de la joie \u00e0 chaque maison et bureau. Serrez-vous les invit\u00e9s autour de la table comme des sardines dans une bo\u00eete? Non! Vous les placez soigneusement autour de la table HUH. En contreplaqu\u00e9 de bouleau, plateau de table plaqu\u00e9 ch\u00eane ou HPL (stratifi\u00e9 haute pression) &#8211; blanc (RAL 9003) et gris clair...","og_url":"https:\/\/radis.ee\/fr\/table-a-manger-huh\/","og_site_name":"Radis","article_publisher":"https:\/\/www.facebook.com\/radisfurniture\/","article_modified_time":"2024-03-12T09:17:43+00:00","og_image":[{"width":1323,"height":1594,"url":"https:\/\/radis.ee\/wp-content\/uploads\/2022\/08\/Radis_diningtable_HUH_oak_veneered_legs_black_stain.jpg","type":"image\/jpeg"}],"twitter_card":"summary_large_image","schema":{"@context":"https:\/\/schema.org","@graph":[{"@type":"WebPage","@id":"https:\/\/radis.ee\/fr\/table-a-manger-huh\/","url":"https:\/\/radis.ee\/fr\/table-a-manger-huh\/","name":"Table \u00e0 manger HUH - Radis","isPartOf":{"@id":"https:\/\/radis.ee\/#website"},"primaryImageOfPage":{"@id":"https:\/\/radis.ee\/fr\/table-a-manger-huh\/#primaryimage"},"image":{"@id":"https:\/\/radis.ee\/fr\/table-a-manger-huh\/#primaryimage"},"thumbnailUrl":"https:\/\/radis.ee\/wp-content\/uploads\/2022\/08\/Radis_diningtable_HUH_oak_veneered_legs_black_stain.jpg","datePublished":"2022-08-23T08:22:30+00:00","dateModified":"2024-03-12T09:17:43+00:00","breadcrumb":{"@id":"https:\/\/radis.ee\/fr\/table-a-manger-huh\/#breadcrumb"},"inLanguage":"fr-FR","potentialAction":[{"@type":"ReadAction","target":["https:\/\/radis.ee\/fr\/table-a-manger-huh\/"]}]},{"@type":"ImageObject","inLanguage":"fr-FR","@id":"https:\/\/radis.ee\/fr\/table-a-manger-huh\/#primaryimage","url":"https:\/\/radis.ee\/wp-content\/uploads\/2022\/08\/Radis_diningtable_HUH_oak_veneered_legs_black_stain.jpg","contentUrl":"https:\/\/radis.ee\/wp-content\/uploads\/2022\/08\/Radis_diningtable_HUH_oak_veneered_legs_black_stain.jpg","width":1323,"height":1594,"caption":"RADIS dining table HUH"},{"@type":"BreadcrumbList","@id":"https:\/\/radis.ee\/fr\/table-a-manger-huh\/#breadcrumb","itemListElement":[{"@type":"ListItem","position":1,"name":"Home","item":"https:\/\/radis.ee\/"},{"@type":"ListItem","position":2,"name":"Magasin","item":"https:\/\/radis.ee\/fr\/magasin\/"},{"@type":"ListItem","position":3,"name":"Table \u00e0 manger HUH"}]},{"@type":"WebSite","@id":"https:\/\/radis.ee\/#website","url":"https:\/\/radis.ee\/","name":"Radis","description":"Nordic design furniture, environmentally friendly and sustainable.","publisher":{"@id":"https:\/\/radis.ee\/#organization"},"potentialAction":[{"@type":"SearchAction","target":{"@type":"EntryPoint","urlTemplate":"https:\/\/radis.ee\/?s={search_term_string}"},"query-input":{"@type":"PropertyValueSpecification","valueRequired":true,"valueName":"search_term_string"}}],"inLanguage":"fr-FR"},{"@type":"Organization","@id":"https:\/\/radis.ee\/#organization","name":"Radis O\u00dc","url":"https:\/\/radis.ee\/","logo":{"@type":"ImageObject","inLanguage":"fr-FR","@id":"https:\/\/radis.ee\/#\/schema\/logo\/image\/","url":"https:\/\/radis.ee\/wp-content\/uploads\/2020\/10\/Radis-logo.png","contentUrl":"https:\/\/radis.ee\/wp-content\/uploads\/2020\/10\/Radis-logo.png","width":300,"height":63,"caption":"Radis O\u00dc"},"image":{"@id":"https:\/\/radis.ee\/#\/schema\/logo\/image\/"},"sameAs":["https:\/\/www.facebook.com\/radisfurniture\/"]}]}},"_links":{"self":[{"href":"https:\/\/radis.ee\/fr\/wp-json\/wp\/v2\/product\/7621","targetHints":{"allow":["GET"]}}],"collection":[{"href":"https:\/\/radis.ee\/fr\/wp-json\/wp\/v2\/product"}],"about":[{"href":"https:\/\/radis.ee\/fr\/wp-json\/wp\/v2\/types\/product"}],"replies":[{"embeddable":true,"href":"https:\/\/radis.ee\/fr\/wp-json\/wp\/v2\/comments?post=7621"}],"wp:featuredmedia":[{"embeddable":true,"href":"https:\/\/radis.ee\/fr\/wp-json\/wp\/v2\/media\/25038"}],"wp:attachment":[{"href":"https:\/\/radis.ee\/fr\/wp-json\/wp\/v2\/media?parent=7621"}],"wp:term":[{"taxonomy":"product_brand","embeddable":true,"href":"https:\/\/radis.ee\/fr\/wp-json\/wp\/v2\/product_brand?post=7621"},{"taxonomy":"product_cat","embeddable":true,"href":"https:\/\/radis.ee\/fr\/wp-json\/wp\/v2\/product_cat?post=7621"},{"taxonomy":"product_tag","embeddable":true,"href":"https:\/\/radis.ee\/fr\/wp-json\/wp\/v2\/product_tag?post=7621"}],"curies":[{"name":"wp","href":"https:\/\/api.w.org\/{rel}","templated":true}]}}