{"id":7674,"date":"2020-07-27T23:27:06","date_gmt":"2020-09-27T20:27:06","guid":{"rendered":"https:\/\/radis.ee\/lit-gigogne\/"},"modified":"2020-09-27T23:27:06","modified_gmt":"2020-09-27T20:27:06","slug":"lit-gigogne","status":"publish","type":"product","link":"https:\/\/radis.ee\/fr\/lit-gigogne\/","title":{"rendered":"Lit gigogne"},"content":{"rendered":"<p>Un lit multi-personnes amusant o\u00f9 les enfants pourront faire une sieste pendant la journ\u00e9e. Le lit gigogne encourage les r\u00eaves color\u00e9s et convient aux jardins d&rsquo;enfants ou aux familles avec de nombreux enfants.<\/p>\n<p>Le lit se tire \u00e0 l&rsquo;aide des roues arri\u00e8re du meuble. Fabriqu\u00e9 en contreplaqu\u00e9 de bouleau cir\u00e9 \u00e0 l&rsquo;huile. Comprend des sommiers en contreplaqu\u00e9.<\/p>\n<p>La version 3 lits convient aux matelas 70 \u00d7 140\/145\/150 cm, hauteur totale du lit 94 cm.<\/p>\n","protected":false},"excerpt":{"rendered":"<p>Un lit multi-personnes amusant o\u00f9 les enfants pourront faire une sieste pendant la journ\u00e9e. Le lit gigogne encourage les r\u00eaves color\u00e9s et convient aux jardins d&rsquo;enfants ou aux familles avec de nombreux enfants. Le lit se tire \u00e0 l&rsquo;aide des roues arri\u00e8re du meuble. Fabriqu\u00e9 en contreplaqu\u00e9 de bouleau cir\u00e9 \u00e0 l&rsquo;huile. Comprend des sommiers&#8230;<\/p>\n","protected":false},"featured_media":7679,"comment_status":"open","ping_status":"closed","template":"","meta":{"_acf_changed":false},"product_brand":[],"product_cat":[113],"product_tag":[],"class_list":{"0":"post-7674","1":"product","2":"type-product","3":"status-publish","4":"has-post-thumbnail","6":"product_cat-voodid","8":"first","9":"instock","10":"taxable","11":"shipping-taxable","12":"purchasable","13":"product-type-simple"},"acf":[],"yoast_head":"<!-- This site is optimized with the Yoast SEO plugin v27.4 - https:\/\/yoast.com\/product\/yoast-seo-wordpress\/ -->\n<title>Lit gigogne - Radis<\/title>\n<meta name=\"robots\" content=\"index, follow, max-snippet:-1, max-image-preview:large, max-video-preview:-1\" \/>\n<link rel=\"canonical\" href=\"https:\/\/radis.ee\/sahtelvoodi\/\" \/>\n<meta property=\"og:locale\" content=\"fr_FR\" \/>\n<meta property=\"og:type\" content=\"article\" \/>\n<meta property=\"og:title\" content=\"Lit gigogne - Radis\" \/>\n<meta property=\"og:description\" content=\"Un lit multi-personnes amusant o\u00f9 les enfants pourront faire une sieste pendant la journ\u00e9e. Le lit gigogne encourage les r\u00eaves color\u00e9s et convient aux jardins d&rsquo;enfants ou aux familles avec de nombreux enfants. Le lit se tire \u00e0 l&rsquo;aide des roues arri\u00e8re du meuble. Fabriqu\u00e9 en contreplaqu\u00e9 de bouleau cir\u00e9 \u00e0 l&rsquo;huile. Comprend des sommiers...\" \/>\n<meta property=\"og:url\" content=\"https:\/\/radis.ee\/sahtelvoodi\/\" \/>\n<meta property=\"og:site_name\" content=\"Radis\" \/>\n<meta property=\"article:publisher\" content=\"https:\/\/www.facebook.com\/radisfurniture\/\" \/>\n<meta property=\"og:image\" content=\"https:\/\/radis.ee\/wp-content\/uploads\/2020\/09\/PULL-OUT_BED_NATURAL-1.jpg\" \/>\n\t<meta property=\"og:image:width\" content=\"1868\" \/>\n\t<meta property=\"og:image:height\" content=\"1868\" \/>\n\t<meta property=\"og:image:type\" content=\"image\/jpeg\" \/>\n<meta name=\"twitter:card\" content=\"summary_large_image\" \/>\n<script type=\"application\/ld+json\" class=\"yoast-schema-graph\">{\"@context\":\"https:\\\/\\\/schema.org\",\"@graph\":[{\"@type\":\"WebPage\",\"@id\":\"https:\\\/\\\/radis.ee\\\/sahtelvoodi\\\/\",\"url\":\"https:\\\/\\\/radis.ee\\\/sahtelvoodi\\\/\",\"name\":\"Lit gigogne - Radis\",\"isPartOf\":{\"@id\":\"https:\\\/\\\/radis.ee\\\/#website\"},\"primaryImageOfPage\":{\"@id\":\"https:\\\/\\\/radis.ee\\\/sahtelvoodi\\\/#primaryimage\"},\"image\":{\"@id\":\"https:\\\/\\\/radis.ee\\\/sahtelvoodi\\\/#primaryimage\"},\"thumbnailUrl\":\"https:\\\/\\\/radis.ee\\\/wp-content\\\/uploads\\\/2020\\\/09\\\/PULL-OUT_BED_NATURAL-1.jpg\",\"datePublished\":\"2020-09-27T20:27:06+00:00\",\"breadcrumb\":{\"@id\":\"https:\\\/\\\/radis.ee\\\/sahtelvoodi\\\/#breadcrumb\"},\"inLanguage\":\"fr-FR\",\"potentialAction\":[{\"@type\":\"ReadAction\",\"target\":[\"https:\\\/\\\/radis.ee\\\/sahtelvoodi\\\/\"]}]},{\"@type\":\"ImageObject\",\"inLanguage\":\"fr-FR\",\"@id\":\"https:\\\/\\\/radis.ee\\\/sahtelvoodi\\\/#primaryimage\",\"url\":\"https:\\\/\\\/radis.ee\\\/wp-content\\\/uploads\\\/2020\\\/09\\\/PULL-OUT_BED_NATURAL-1.jpg\",\"contentUrl\":\"https:\\\/\\\/radis.ee\\\/wp-content\\\/uploads\\\/2020\\\/09\\\/PULL-OUT_BED_NATURAL-1.jpg\",\"width\":1868,\"height\":1868},{\"@type\":\"BreadcrumbList\",\"@id\":\"https:\\\/\\\/radis.ee\\\/sahtelvoodi\\\/#breadcrumb\",\"itemListElement\":[{\"@type\":\"ListItem\",\"position\":1,\"name\":\"Home\",\"item\":\"https:\\\/\\\/radis.ee\\\/\"},{\"@type\":\"ListItem\",\"position\":2,\"name\":\"Magasin\",\"item\":\"https:\\\/\\\/radis.ee\\\/fr\\\/magasin\\\/\"},{\"@type\":\"ListItem\",\"position\":3,\"name\":\"Lit gigogne\"}]},{\"@type\":\"WebSite\",\"@id\":\"https:\\\/\\\/radis.ee\\\/#website\",\"url\":\"https:\\\/\\\/radis.ee\\\/\",\"name\":\"Radis\",\"description\":\"Nordic design furniture, environmentally friendly and sustainable.\",\"publisher\":{\"@id\":\"https:\\\/\\\/radis.ee\\\/#organization\"},\"potentialAction\":[{\"@type\":\"SearchAction\",\"target\":{\"@type\":\"EntryPoint\",\"urlTemplate\":\"https:\\\/\\\/radis.ee\\\/?s={search_term_string}\"},\"query-input\":{\"@type\":\"PropertyValueSpecification\",\"valueRequired\":true,\"valueName\":\"search_term_string\"}}],\"inLanguage\":\"fr-FR\"},{\"@type\":\"Organization\",\"@id\":\"https:\\\/\\\/radis.ee\\\/#organization\",\"name\":\"Radis O\u00dc\",\"url\":\"https:\\\/\\\/radis.ee\\\/\",\"logo\":{\"@type\":\"ImageObject\",\"inLanguage\":\"fr-FR\",\"@id\":\"https:\\\/\\\/radis.ee\\\/#\\\/schema\\\/logo\\\/image\\\/\",\"url\":\"https:\\\/\\\/radis.ee\\\/wp-content\\\/uploads\\\/2020\\\/10\\\/Radis-logo.png\",\"contentUrl\":\"https:\\\/\\\/radis.ee\\\/wp-content\\\/uploads\\\/2020\\\/10\\\/Radis-logo.png\",\"width\":300,\"height\":63,\"caption\":\"Radis O\u00dc\"},\"image\":{\"@id\":\"https:\\\/\\\/radis.ee\\\/#\\\/schema\\\/logo\\\/image\\\/\"},\"sameAs\":[\"https:\\\/\\\/www.facebook.com\\\/radisfurniture\\\/\"]}]}<\/script>\n<!-- \/ Yoast SEO plugin. -->","yoast_head_json":{"title":"Lit gigogne - Radis","robots":{"index":"index","follow":"follow","max-snippet":"max-snippet:-1","max-image-preview":"max-image-preview:large","max-video-preview":"max-video-preview:-1"},"canonical":"https:\/\/radis.ee\/sahtelvoodi\/","og_locale":"fr_FR","og_type":"article","og_title":"Lit gigogne - Radis","og_description":"Un lit multi-personnes amusant o\u00f9 les enfants pourront faire une sieste pendant la journ\u00e9e. Le lit gigogne encourage les r\u00eaves color\u00e9s et convient aux jardins d&rsquo;enfants ou aux familles avec de nombreux enfants. Le lit se tire \u00e0 l&rsquo;aide des roues arri\u00e8re du meuble. Fabriqu\u00e9 en contreplaqu\u00e9 de bouleau cir\u00e9 \u00e0 l&rsquo;huile. Comprend des sommiers...","og_url":"https:\/\/radis.ee\/sahtelvoodi\/","og_site_name":"Radis","article_publisher":"https:\/\/www.facebook.com\/radisfurniture\/","og_image":[{"width":1868,"height":1868,"url":"https:\/\/radis.ee\/wp-content\/uploads\/2020\/09\/PULL-OUT_BED_NATURAL-1.jpg","type":"image\/jpeg"}],"twitter_card":"summary_large_image","schema":{"@context":"https:\/\/schema.org","@graph":[{"@type":"WebPage","@id":"https:\/\/radis.ee\/sahtelvoodi\/","url":"https:\/\/radis.ee\/sahtelvoodi\/","name":"Lit gigogne - Radis","isPartOf":{"@id":"https:\/\/radis.ee\/#website"},"primaryImageOfPage":{"@id":"https:\/\/radis.ee\/sahtelvoodi\/#primaryimage"},"image":{"@id":"https:\/\/radis.ee\/sahtelvoodi\/#primaryimage"},"thumbnailUrl":"https:\/\/radis.ee\/wp-content\/uploads\/2020\/09\/PULL-OUT_BED_NATURAL-1.jpg","datePublished":"2020-09-27T20:27:06+00:00","breadcrumb":{"@id":"https:\/\/radis.ee\/sahtelvoodi\/#breadcrumb"},"inLanguage":"fr-FR","potentialAction":[{"@type":"ReadAction","target":["https:\/\/radis.ee\/sahtelvoodi\/"]}]},{"@type":"ImageObject","inLanguage":"fr-FR","@id":"https:\/\/radis.ee\/sahtelvoodi\/#primaryimage","url":"https:\/\/radis.ee\/wp-content\/uploads\/2020\/09\/PULL-OUT_BED_NATURAL-1.jpg","contentUrl":"https:\/\/radis.ee\/wp-content\/uploads\/2020\/09\/PULL-OUT_BED_NATURAL-1.jpg","width":1868,"height":1868},{"@type":"BreadcrumbList","@id":"https:\/\/radis.ee\/sahtelvoodi\/#breadcrumb","itemListElement":[{"@type":"ListItem","position":1,"name":"Home","item":"https:\/\/radis.ee\/"},{"@type":"ListItem","position":2,"name":"Magasin","item":"https:\/\/radis.ee\/fr\/magasin\/"},{"@type":"ListItem","position":3,"name":"Lit gigogne"}]},{"@type":"WebSite","@id":"https:\/\/radis.ee\/#website","url":"https:\/\/radis.ee\/","name":"Radis","description":"Nordic design furniture, environmentally friendly and sustainable.","publisher":{"@id":"https:\/\/radis.ee\/#organization"},"potentialAction":[{"@type":"SearchAction","target":{"@type":"EntryPoint","urlTemplate":"https:\/\/radis.ee\/?s={search_term_string}"},"query-input":{"@type":"PropertyValueSpecification","valueRequired":true,"valueName":"search_term_string"}}],"inLanguage":"fr-FR"},{"@type":"Organization","@id":"https:\/\/radis.ee\/#organization","name":"Radis O\u00dc","url":"https:\/\/radis.ee\/","logo":{"@type":"ImageObject","inLanguage":"fr-FR","@id":"https:\/\/radis.ee\/#\/schema\/logo\/image\/","url":"https:\/\/radis.ee\/wp-content\/uploads\/2020\/10\/Radis-logo.png","contentUrl":"https:\/\/radis.ee\/wp-content\/uploads\/2020\/10\/Radis-logo.png","width":300,"height":63,"caption":"Radis O\u00dc"},"image":{"@id":"https:\/\/radis.ee\/#\/schema\/logo\/image\/"},"sameAs":["https:\/\/www.facebook.com\/radisfurniture\/"]}]}},"_links":{"self":[{"href":"https:\/\/radis.ee\/fr\/wp-json\/wp\/v2\/product\/7674","targetHints":{"allow":["GET"]}}],"collection":[{"href":"https:\/\/radis.ee\/fr\/wp-json\/wp\/v2\/product"}],"about":[{"href":"https:\/\/radis.ee\/fr\/wp-json\/wp\/v2\/types\/product"}],"replies":[{"embeddable":true,"href":"https:\/\/radis.ee\/fr\/wp-json\/wp\/v2\/comments?post=7674"}],"wp:featuredmedia":[{"embeddable":true,"href":"https:\/\/radis.ee\/fr\/wp-json\/wp\/v2\/media\/7679"}],"wp:attachment":[{"href":"https:\/\/radis.ee\/fr\/wp-json\/wp\/v2\/media?parent=7674"}],"wp:term":[{"taxonomy":"product_brand","embeddable":true,"href":"https:\/\/radis.ee\/fr\/wp-json\/wp\/v2\/product_brand?post=7674"},{"taxonomy":"product_cat","embeddable":true,"href":"https:\/\/radis.ee\/fr\/wp-json\/wp\/v2\/product_cat?post=7674"},{"taxonomy":"product_tag","embeddable":true,"href":"https:\/\/radis.ee\/fr\/wp-json\/wp\/v2\/product_tag?post=7674"}],"curies":[{"name":"wp","href":"https:\/\/api.w.org\/{rel}","templated":true}]}}