{"id":7680,"date":"2022-09-12T23:08:22","date_gmt":"2020-09-27T20:08:22","guid":{"rendered":"https:\/\/radis.ee\/lit-muster-avec-tiroirs\/"},"modified":"2024-01-31T22:18:36","modified_gmt":"2024-01-31T20:18:36","slug":"lit-dreamy-avec-sommiers","status":"publish","type":"product","link":"https:\/\/radis.ee\/fr\/lit-dreamy-avec-sommiers\/","title":{"rendered":"Lit DREAMY avec sommiers"},"content":{"rendered":"<p>Les r\u00eaves les plus merveilleux, les plus \u00e9vocateurs et les plus color\u00e9s viendront \u00e0 vous dans le lit DREAMY. Un cadre robuste et s\u00e9curis\u00e9 pour votre matelas le plus doux, c&rsquo;est une d\u00e9claration dans chaque chambre.<\/p>\n<p>La largeur du lit correspond \u00e0 la largeur du matelas choisi + 4 cm. La hauteur du bord du lit est de 40 cm. La hauteur du bas du matelas \u00e0 partir du sol est de 25 cm.<\/p>\n<p>Fabriqu\u00e9 en contreplaqu\u00e9 de bouleau HPL stratifi\u00e9 haute pression Koskisen de 18 mm, si vous le souhaitez, c\u00f4t\u00e9s en contreplaqu\u00e9 naturel, cire d&rsquo;huile de ch\u00eane clair cir\u00e9 \u00e0 l&rsquo;huile ou enti\u00e8rement en placage de ch\u00eane.<\/p>\n<p>Sous le lit se trouvent trois caissons \u00e0 tiroirs sur roulettes solides, profondeur int\u00e9rieure 70 cm, hauteur 17 cm et largeur 60 cm. La bo\u00eete de lit peut \u00eatre utilis\u00e9e des deux c\u00f4t\u00e9s du lit. Comprend \u00e9galement des sommiers en contreplaqu\u00e9. Il y a un solide noyau en contreplaqu\u00e9 entre les bases, qui maintient fermement les c\u00f4t\u00e9s du lit, ainsi que les tiroirs inf\u00e9rieurs align\u00e9s.<\/p>\n","protected":false},"excerpt":{"rendered":"<p>Les r\u00eaves les plus merveilleux, les plus \u00e9vocateurs et les plus color\u00e9s viendront \u00e0 vous dans le lit DREAMY. Un cadre robuste et s\u00e9curis\u00e9 pour votre matelas le plus doux, c&rsquo;est une d\u00e9claration dans chaque chambre. La largeur du lit correspond \u00e0 la largeur du matelas choisi + 4 cm. La hauteur du bord du&#8230;<\/p>\n","protected":false},"featured_media":21102,"comment_status":"open","ping_status":"closed","template":"","meta":{"_acf_changed":false},"product_brand":[],"product_cat":[113],"product_tag":[],"class_list":{"0":"post-7680","1":"product","2":"type-product","3":"status-publish","4":"has-post-thumbnail","6":"product_cat-voodid","8":"first","9":"instock","10":"taxable","11":"shipping-taxable","12":"purchasable","13":"product-type-variable","14":"has-default-attributes"},"acf":[],"yoast_head":"<!-- This site is optimized with the Yoast SEO plugin v27.3 - https:\/\/yoast.com\/product\/yoast-seo-wordpress\/ -->\n<title>Lit DREAMY avec sommiers - Radis<\/title>\n<meta name=\"robots\" content=\"index, follow, max-snippet:-1, max-image-preview:large, max-video-preview:-1\" \/>\n<link rel=\"canonical\" href=\"https:\/\/radis.ee\/fr\/lit-dreamy-avec-sommiers\/\" \/>\n<meta property=\"og:locale\" content=\"fr_FR\" \/>\n<meta property=\"og:type\" content=\"article\" \/>\n<meta property=\"og:title\" content=\"Lit DREAMY avec sommiers - Radis\" \/>\n<meta property=\"og:description\" content=\"Les r\u00eaves les plus merveilleux, les plus \u00e9vocateurs et les plus color\u00e9s viendront \u00e0 vous dans le lit DREAMY. Un cadre robuste et s\u00e9curis\u00e9 pour votre matelas le plus doux, c&rsquo;est une d\u00e9claration dans chaque chambre. La largeur du lit correspond \u00e0 la largeur du matelas choisi + 4 cm. La hauteur du bord du...\" \/>\n<meta property=\"og:url\" content=\"https:\/\/radis.ee\/fr\/lit-dreamy-avec-sommiers\/\" \/>\n<meta property=\"og:site_name\" content=\"Radis\" \/>\n<meta property=\"article:publisher\" content=\"https:\/\/www.facebook.com\/radisfurniture\/\" \/>\n<meta property=\"article:modified_time\" content=\"2024-01-31T20:18:36+00:00\" \/>\n<meta property=\"og:image\" content=\"https:\/\/radis.ee\/wp-content\/uploads\/2022\/09\/RADIS_bed_DREAMY_Oak_veneered_White_background.jpg\" \/>\n\t<meta property=\"og:image:width\" content=\"521\" \/>\n\t<meta property=\"og:image:height\" content=\"620\" \/>\n\t<meta property=\"og:image:type\" content=\"image\/jpeg\" \/>\n<meta name=\"twitter:card\" content=\"summary_large_image\" \/>\n<meta name=\"twitter:label1\" content=\"Dur\u00e9e de lecture estim\u00e9e\" \/>\n\t<meta name=\"twitter:data1\" content=\"1 minute\" \/>\n<script type=\"application\/ld+json\" class=\"yoast-schema-graph\">{\"@context\":\"https:\\\/\\\/schema.org\",\"@graph\":[{\"@type\":\"WebPage\",\"@id\":\"https:\\\/\\\/radis.ee\\\/fr\\\/lit-dreamy-avec-sommiers\\\/\",\"url\":\"https:\\\/\\\/radis.ee\\\/fr\\\/lit-dreamy-avec-sommiers\\\/\",\"name\":\"Lit DREAMY avec sommiers - Radis\",\"isPartOf\":{\"@id\":\"https:\\\/\\\/radis.ee\\\/#website\"},\"primaryImageOfPage\":{\"@id\":\"https:\\\/\\\/radis.ee\\\/fr\\\/lit-dreamy-avec-sommiers\\\/#primaryimage\"},\"image\":{\"@id\":\"https:\\\/\\\/radis.ee\\\/fr\\\/lit-dreamy-avec-sommiers\\\/#primaryimage\"},\"thumbnailUrl\":\"https:\\\/\\\/radis.ee\\\/wp-content\\\/uploads\\\/2022\\\/09\\\/RADIS_bed_DREAMY_Oak_veneered_White_background.jpg\",\"datePublished\":\"2020-09-27T20:08:22+00:00\",\"dateModified\":\"2024-01-31T20:18:36+00:00\",\"breadcrumb\":{\"@id\":\"https:\\\/\\\/radis.ee\\\/fr\\\/lit-dreamy-avec-sommiers\\\/#breadcrumb\"},\"inLanguage\":\"fr-FR\",\"potentialAction\":[{\"@type\":\"ReadAction\",\"target\":[\"https:\\\/\\\/radis.ee\\\/fr\\\/lit-dreamy-avec-sommiers\\\/\"]}]},{\"@type\":\"ImageObject\",\"inLanguage\":\"fr-FR\",\"@id\":\"https:\\\/\\\/radis.ee\\\/fr\\\/lit-dreamy-avec-sommiers\\\/#primaryimage\",\"url\":\"https:\\\/\\\/radis.ee\\\/wp-content\\\/uploads\\\/2022\\\/09\\\/RADIS_bed_DREAMY_Oak_veneered_White_background.jpg\",\"contentUrl\":\"https:\\\/\\\/radis.ee\\\/wp-content\\\/uploads\\\/2022\\\/09\\\/RADIS_bed_DREAMY_Oak_veneered_White_background.jpg\",\"width\":521,\"height\":620,\"caption\":\"Radis bed DREAMY Oak veneered\"},{\"@type\":\"BreadcrumbList\",\"@id\":\"https:\\\/\\\/radis.ee\\\/fr\\\/lit-dreamy-avec-sommiers\\\/#breadcrumb\",\"itemListElement\":[{\"@type\":\"ListItem\",\"position\":1,\"name\":\"Home\",\"item\":\"https:\\\/\\\/radis.ee\\\/\"},{\"@type\":\"ListItem\",\"position\":2,\"name\":\"Magasin\",\"item\":\"https:\\\/\\\/radis.ee\\\/fr\\\/magasin\\\/\"},{\"@type\":\"ListItem\",\"position\":3,\"name\":\"Lit DREAMY avec sommiers\"}]},{\"@type\":\"WebSite\",\"@id\":\"https:\\\/\\\/radis.ee\\\/#website\",\"url\":\"https:\\\/\\\/radis.ee\\\/\",\"name\":\"Radis\",\"description\":\"Nordic design furniture, environmentally friendly and sustainable.\",\"publisher\":{\"@id\":\"https:\\\/\\\/radis.ee\\\/#organization\"},\"potentialAction\":[{\"@type\":\"SearchAction\",\"target\":{\"@type\":\"EntryPoint\",\"urlTemplate\":\"https:\\\/\\\/radis.ee\\\/?s={search_term_string}\"},\"query-input\":{\"@type\":\"PropertyValueSpecification\",\"valueRequired\":true,\"valueName\":\"search_term_string\"}}],\"inLanguage\":\"fr-FR\"},{\"@type\":\"Organization\",\"@id\":\"https:\\\/\\\/radis.ee\\\/#organization\",\"name\":\"Radis O\u00dc\",\"url\":\"https:\\\/\\\/radis.ee\\\/\",\"logo\":{\"@type\":\"ImageObject\",\"inLanguage\":\"fr-FR\",\"@id\":\"https:\\\/\\\/radis.ee\\\/#\\\/schema\\\/logo\\\/image\\\/\",\"url\":\"https:\\\/\\\/radis.ee\\\/wp-content\\\/uploads\\\/2020\\\/10\\\/Radis-logo.png\",\"contentUrl\":\"https:\\\/\\\/radis.ee\\\/wp-content\\\/uploads\\\/2020\\\/10\\\/Radis-logo.png\",\"width\":300,\"height\":63,\"caption\":\"Radis O\u00dc\"},\"image\":{\"@id\":\"https:\\\/\\\/radis.ee\\\/#\\\/schema\\\/logo\\\/image\\\/\"},\"sameAs\":[\"https:\\\/\\\/www.facebook.com\\\/radisfurniture\\\/\"]}]}<\/script>\n<!-- \/ Yoast SEO plugin. -->","yoast_head_json":{"title":"Lit DREAMY avec sommiers - Radis","robots":{"index":"index","follow":"follow","max-snippet":"max-snippet:-1","max-image-preview":"max-image-preview:large","max-video-preview":"max-video-preview:-1"},"canonical":"https:\/\/radis.ee\/fr\/lit-dreamy-avec-sommiers\/","og_locale":"fr_FR","og_type":"article","og_title":"Lit DREAMY avec sommiers - Radis","og_description":"Les r\u00eaves les plus merveilleux, les plus \u00e9vocateurs et les plus color\u00e9s viendront \u00e0 vous dans le lit DREAMY. Un cadre robuste et s\u00e9curis\u00e9 pour votre matelas le plus doux, c&rsquo;est une d\u00e9claration dans chaque chambre. La largeur du lit correspond \u00e0 la largeur du matelas choisi + 4 cm. La hauteur du bord du...","og_url":"https:\/\/radis.ee\/fr\/lit-dreamy-avec-sommiers\/","og_site_name":"Radis","article_publisher":"https:\/\/www.facebook.com\/radisfurniture\/","article_modified_time":"2024-01-31T20:18:36+00:00","og_image":[{"width":521,"height":620,"url":"https:\/\/radis.ee\/wp-content\/uploads\/2022\/09\/RADIS_bed_DREAMY_Oak_veneered_White_background.jpg","type":"image\/jpeg"}],"twitter_card":"summary_large_image","twitter_misc":{"Dur\u00e9e de lecture estim\u00e9e":"1 minute"},"schema":{"@context":"https:\/\/schema.org","@graph":[{"@type":"WebPage","@id":"https:\/\/radis.ee\/fr\/lit-dreamy-avec-sommiers\/","url":"https:\/\/radis.ee\/fr\/lit-dreamy-avec-sommiers\/","name":"Lit DREAMY avec sommiers - Radis","isPartOf":{"@id":"https:\/\/radis.ee\/#website"},"primaryImageOfPage":{"@id":"https:\/\/radis.ee\/fr\/lit-dreamy-avec-sommiers\/#primaryimage"},"image":{"@id":"https:\/\/radis.ee\/fr\/lit-dreamy-avec-sommiers\/#primaryimage"},"thumbnailUrl":"https:\/\/radis.ee\/wp-content\/uploads\/2022\/09\/RADIS_bed_DREAMY_Oak_veneered_White_background.jpg","datePublished":"2020-09-27T20:08:22+00:00","dateModified":"2024-01-31T20:18:36+00:00","breadcrumb":{"@id":"https:\/\/radis.ee\/fr\/lit-dreamy-avec-sommiers\/#breadcrumb"},"inLanguage":"fr-FR","potentialAction":[{"@type":"ReadAction","target":["https:\/\/radis.ee\/fr\/lit-dreamy-avec-sommiers\/"]}]},{"@type":"ImageObject","inLanguage":"fr-FR","@id":"https:\/\/radis.ee\/fr\/lit-dreamy-avec-sommiers\/#primaryimage","url":"https:\/\/radis.ee\/wp-content\/uploads\/2022\/09\/RADIS_bed_DREAMY_Oak_veneered_White_background.jpg","contentUrl":"https:\/\/radis.ee\/wp-content\/uploads\/2022\/09\/RADIS_bed_DREAMY_Oak_veneered_White_background.jpg","width":521,"height":620,"caption":"Radis bed DREAMY Oak veneered"},{"@type":"BreadcrumbList","@id":"https:\/\/radis.ee\/fr\/lit-dreamy-avec-sommiers\/#breadcrumb","itemListElement":[{"@type":"ListItem","position":1,"name":"Home","item":"https:\/\/radis.ee\/"},{"@type":"ListItem","position":2,"name":"Magasin","item":"https:\/\/radis.ee\/fr\/magasin\/"},{"@type":"ListItem","position":3,"name":"Lit DREAMY avec sommiers"}]},{"@type":"WebSite","@id":"https:\/\/radis.ee\/#website","url":"https:\/\/radis.ee\/","name":"Radis","description":"Nordic design furniture, environmentally friendly and sustainable.","publisher":{"@id":"https:\/\/radis.ee\/#organization"},"potentialAction":[{"@type":"SearchAction","target":{"@type":"EntryPoint","urlTemplate":"https:\/\/radis.ee\/?s={search_term_string}"},"query-input":{"@type":"PropertyValueSpecification","valueRequired":true,"valueName":"search_term_string"}}],"inLanguage":"fr-FR"},{"@type":"Organization","@id":"https:\/\/radis.ee\/#organization","name":"Radis O\u00dc","url":"https:\/\/radis.ee\/","logo":{"@type":"ImageObject","inLanguage":"fr-FR","@id":"https:\/\/radis.ee\/#\/schema\/logo\/image\/","url":"https:\/\/radis.ee\/wp-content\/uploads\/2020\/10\/Radis-logo.png","contentUrl":"https:\/\/radis.ee\/wp-content\/uploads\/2020\/10\/Radis-logo.png","width":300,"height":63,"caption":"Radis O\u00dc"},"image":{"@id":"https:\/\/radis.ee\/#\/schema\/logo\/image\/"},"sameAs":["https:\/\/www.facebook.com\/radisfurniture\/"]}]}},"_links":{"self":[{"href":"https:\/\/radis.ee\/fr\/wp-json\/wp\/v2\/product\/7680","targetHints":{"allow":["GET"]}}],"collection":[{"href":"https:\/\/radis.ee\/fr\/wp-json\/wp\/v2\/product"}],"about":[{"href":"https:\/\/radis.ee\/fr\/wp-json\/wp\/v2\/types\/product"}],"replies":[{"embeddable":true,"href":"https:\/\/radis.ee\/fr\/wp-json\/wp\/v2\/comments?post=7680"}],"wp:featuredmedia":[{"embeddable":true,"href":"https:\/\/radis.ee\/fr\/wp-json\/wp\/v2\/media\/21102"}],"wp:attachment":[{"href":"https:\/\/radis.ee\/fr\/wp-json\/wp\/v2\/media?parent=7680"}],"wp:term":[{"taxonomy":"product_brand","embeddable":true,"href":"https:\/\/radis.ee\/fr\/wp-json\/wp\/v2\/product_brand?post=7680"},{"taxonomy":"product_cat","embeddable":true,"href":"https:\/\/radis.ee\/fr\/wp-json\/wp\/v2\/product_cat?post=7680"},{"taxonomy":"product_tag","embeddable":true,"href":"https:\/\/radis.ee\/fr\/wp-json\/wp\/v2\/product_tag?post=7680"}],"curies":[{"name":"wp","href":"https:\/\/api.w.org\/{rel}","templated":true}]}}