{"id":7725,"date":"2022-09-12T21:50:09","date_gmt":"2020-09-27T19:50:09","guid":{"rendered":"https:\/\/radis.ee\/lit-dangle\/"},"modified":"2024-02-23T14:58:31","modified_gmt":"2024-02-23T12:58:31","slug":"lit-dangle","status":"publish","type":"product","link":"https:\/\/radis.ee\/fr\/lit-dangle\/","title":{"rendered":"LIT D&rsquo;ANGLE"},"content":{"rendered":"<p>Le lit d&rsquo;angle du designer de meubles allemand Michael Hilgers transforme un coin de pi\u00e8ce inutilis\u00e9 en une zone confortable.<\/p>\n<p>Le design asym\u00e9trique distinctif avec sa forme en forme de nid, m\u00eame sans t\u00eate de lit traditionnelle, offre la possibilit\u00e9 de s&rsquo;asseoir et de lire dans le lit.<\/p>\n<p>En m\u00eame temps, vous ne dormez pas sur le mur froid comme dans un lit conventionnel.<\/p>\n<p>Fabriqu\u00e9 en contreplaqu\u00e9 de bouleau, cir\u00e9 \u00e0 l&rsquo;huile, \u00e9galement plaqu\u00e9 ch\u00eane ou stratifi\u00e9 haute pression Koskisen HPL. Le lit est une interpr\u00e9tation fra\u00eeche et peu encombrante d&rsquo;un meuble traditionnel.<\/p>\n<p>Dans 3 coins, il y a des pieds m\u00e9talliques solides pour garder le lit fluide. Le lit a \u00e9galement une jambe de soutien au milieu.<\/p>\n<p>La hauteur du bord du lit \u00e0 partir du fond du lit est de 15 cm. La hauteur du sommier \u00e0 partir du sol est de 28 cm. Les sommiers en contreplaqu\u00e9 sont \u00e9galement inclus. Disponible aussi avec la position du miroir.<\/p>\n<p>La hauteur de coin la plus \u00e9lev\u00e9e est de 69 cm du sol, la plus basse de 35 cm. Les dimensions du lit sont 4 cm plus larges que la taille du matelas choisie. Comprend les sommiers en contreplaqu\u00e9.<\/p>\n","protected":false},"excerpt":{"rendered":"<p>Le lit d&rsquo;angle du designer de meubles allemand Michael Hilgers transforme un coin de pi\u00e8ce inutilis\u00e9 en une zone confortable. Le design asym\u00e9trique distinctif avec sa forme en forme de nid, m\u00eame sans t\u00eate de lit traditionnelle, offre la possibilit\u00e9 de s&rsquo;asseoir et de lire dans le lit. En m\u00eame temps, vous ne dormez pas&#8230;<\/p>\n","protected":false},"featured_media":7732,"comment_status":"open","ping_status":"closed","template":"","meta":{"_acf_changed":false},"product_brand":[],"product_cat":[260],"product_tag":[],"class_list":{"0":"post-7725","1":"product","2":"type-product","3":"status-publish","4":"has-post-thumbnail","6":"product_cat-beds","8":"first","9":"instock","10":"taxable","11":"shipping-taxable","12":"purchasable","13":"product-type-variable","14":"has-default-attributes"},"acf":[],"yoast_head":"<!-- This site is optimized with the Yoast SEO plugin v27.4 - https:\/\/yoast.com\/product\/yoast-seo-wordpress\/ -->\n<title>LIT D&#039;ANGLE - Radis<\/title>\n<meta name=\"robots\" content=\"index, follow, max-snippet:-1, max-image-preview:large, max-video-preview:-1\" \/>\n<link rel=\"canonical\" href=\"https:\/\/radis.ee\/fr\/lit-dangle\/\" \/>\n<meta property=\"og:locale\" content=\"fr_FR\" \/>\n<meta property=\"og:type\" content=\"article\" \/>\n<meta property=\"og:title\" content=\"LIT D&#039;ANGLE - Radis\" \/>\n<meta property=\"og:description\" content=\"Le lit d&rsquo;angle du designer de meubles allemand Michael Hilgers transforme un coin de pi\u00e8ce inutilis\u00e9 en une zone confortable. Le design asym\u00e9trique distinctif avec sa forme en forme de nid, m\u00eame sans t\u00eate de lit traditionnelle, offre la possibilit\u00e9 de s&rsquo;asseoir et de lire dans le lit. En m\u00eame temps, vous ne dormez pas...\" \/>\n<meta property=\"og:url\" content=\"https:\/\/radis.ee\/fr\/lit-dangle\/\" \/>\n<meta property=\"og:site_name\" content=\"Radis\" \/>\n<meta property=\"article:publisher\" content=\"https:\/\/www.facebook.com\/radisfurniture\/\" \/>\n<meta property=\"article:modified_time\" content=\"2024-02-23T12:58:31+00:00\" \/>\n<meta property=\"og:image\" content=\"https:\/\/radis.ee\/wp-content\/uploads\/2020\/09\/RADIS_CORNERBED_WHITE-1.jpg\" \/>\n\t<meta property=\"og:image:width\" content=\"2500\" \/>\n\t<meta property=\"og:image:height\" content=\"2500\" \/>\n\t<meta property=\"og:image:type\" content=\"image\/jpeg\" \/>\n<meta name=\"twitter:card\" content=\"summary_large_image\" \/>\n<meta name=\"twitter:label1\" content=\"Dur\u00e9e de lecture estim\u00e9e\" \/>\n\t<meta name=\"twitter:data1\" content=\"1 minute\" \/>\n<script type=\"application\/ld+json\" class=\"yoast-schema-graph\">{\"@context\":\"https:\\\/\\\/schema.org\",\"@graph\":[{\"@type\":\"WebPage\",\"@id\":\"https:\\\/\\\/radis.ee\\\/fr\\\/lit-dangle\\\/\",\"url\":\"https:\\\/\\\/radis.ee\\\/fr\\\/lit-dangle\\\/\",\"name\":\"LIT D'ANGLE - Radis\",\"isPartOf\":{\"@id\":\"https:\\\/\\\/radis.ee\\\/#website\"},\"primaryImageOfPage\":{\"@id\":\"https:\\\/\\\/radis.ee\\\/fr\\\/lit-dangle\\\/#primaryimage\"},\"image\":{\"@id\":\"https:\\\/\\\/radis.ee\\\/fr\\\/lit-dangle\\\/#primaryimage\"},\"thumbnailUrl\":\"https:\\\/\\\/radis.ee\\\/wp-content\\\/uploads\\\/2020\\\/09\\\/RADIS_CORNERBED_WHITE-1.jpg\",\"datePublished\":\"2020-09-27T19:50:09+00:00\",\"dateModified\":\"2024-02-23T12:58:31+00:00\",\"breadcrumb\":{\"@id\":\"https:\\\/\\\/radis.ee\\\/fr\\\/lit-dangle\\\/#breadcrumb\"},\"inLanguage\":\"fr-FR\",\"potentialAction\":[{\"@type\":\"ReadAction\",\"target\":[\"https:\\\/\\\/radis.ee\\\/fr\\\/lit-dangle\\\/\"]}]},{\"@type\":\"ImageObject\",\"inLanguage\":\"fr-FR\",\"@id\":\"https:\\\/\\\/radis.ee\\\/fr\\\/lit-dangle\\\/#primaryimage\",\"url\":\"https:\\\/\\\/radis.ee\\\/wp-content\\\/uploads\\\/2020\\\/09\\\/RADIS_CORNERBED_WHITE-1.jpg\",\"contentUrl\":\"https:\\\/\\\/radis.ee\\\/wp-content\\\/uploads\\\/2020\\\/09\\\/RADIS_CORNERBED_WHITE-1.jpg\",\"width\":2500,\"height\":2500},{\"@type\":\"BreadcrumbList\",\"@id\":\"https:\\\/\\\/radis.ee\\\/fr\\\/lit-dangle\\\/#breadcrumb\",\"itemListElement\":[{\"@type\":\"ListItem\",\"position\":1,\"name\":\"Home\",\"item\":\"https:\\\/\\\/radis.ee\\\/\"},{\"@type\":\"ListItem\",\"position\":2,\"name\":\"Magasin\",\"item\":\"https:\\\/\\\/radis.ee\\\/fr\\\/magasin\\\/\"},{\"@type\":\"ListItem\",\"position\":3,\"name\":\"LIT D&rsquo;ANGLE\"}]},{\"@type\":\"WebSite\",\"@id\":\"https:\\\/\\\/radis.ee\\\/#website\",\"url\":\"https:\\\/\\\/radis.ee\\\/\",\"name\":\"Radis\",\"description\":\"Nordic design furniture, environmentally friendly and sustainable.\",\"publisher\":{\"@id\":\"https:\\\/\\\/radis.ee\\\/#organization\"},\"potentialAction\":[{\"@type\":\"SearchAction\",\"target\":{\"@type\":\"EntryPoint\",\"urlTemplate\":\"https:\\\/\\\/radis.ee\\\/?s={search_term_string}\"},\"query-input\":{\"@type\":\"PropertyValueSpecification\",\"valueRequired\":true,\"valueName\":\"search_term_string\"}}],\"inLanguage\":\"fr-FR\"},{\"@type\":\"Organization\",\"@id\":\"https:\\\/\\\/radis.ee\\\/#organization\",\"name\":\"Radis O\u00dc\",\"url\":\"https:\\\/\\\/radis.ee\\\/\",\"logo\":{\"@type\":\"ImageObject\",\"inLanguage\":\"fr-FR\",\"@id\":\"https:\\\/\\\/radis.ee\\\/#\\\/schema\\\/logo\\\/image\\\/\",\"url\":\"https:\\\/\\\/radis.ee\\\/wp-content\\\/uploads\\\/2020\\\/10\\\/Radis-logo.png\",\"contentUrl\":\"https:\\\/\\\/radis.ee\\\/wp-content\\\/uploads\\\/2020\\\/10\\\/Radis-logo.png\",\"width\":300,\"height\":63,\"caption\":\"Radis O\u00dc\"},\"image\":{\"@id\":\"https:\\\/\\\/radis.ee\\\/#\\\/schema\\\/logo\\\/image\\\/\"},\"sameAs\":[\"https:\\\/\\\/www.facebook.com\\\/radisfurniture\\\/\"]}]}<\/script>\n<!-- \/ Yoast SEO plugin. -->","yoast_head_json":{"title":"LIT D'ANGLE - Radis","robots":{"index":"index","follow":"follow","max-snippet":"max-snippet:-1","max-image-preview":"max-image-preview:large","max-video-preview":"max-video-preview:-1"},"canonical":"https:\/\/radis.ee\/fr\/lit-dangle\/","og_locale":"fr_FR","og_type":"article","og_title":"LIT D'ANGLE - Radis","og_description":"Le lit d&rsquo;angle du designer de meubles allemand Michael Hilgers transforme un coin de pi\u00e8ce inutilis\u00e9 en une zone confortable. Le design asym\u00e9trique distinctif avec sa forme en forme de nid, m\u00eame sans t\u00eate de lit traditionnelle, offre la possibilit\u00e9 de s&rsquo;asseoir et de lire dans le lit. En m\u00eame temps, vous ne dormez pas...","og_url":"https:\/\/radis.ee\/fr\/lit-dangle\/","og_site_name":"Radis","article_publisher":"https:\/\/www.facebook.com\/radisfurniture\/","article_modified_time":"2024-02-23T12:58:31+00:00","og_image":[{"width":2500,"height":2500,"url":"https:\/\/radis.ee\/wp-content\/uploads\/2020\/09\/RADIS_CORNERBED_WHITE-1.jpg","type":"image\/jpeg"}],"twitter_card":"summary_large_image","twitter_misc":{"Dur\u00e9e de lecture estim\u00e9e":"1 minute"},"schema":{"@context":"https:\/\/schema.org","@graph":[{"@type":"WebPage","@id":"https:\/\/radis.ee\/fr\/lit-dangle\/","url":"https:\/\/radis.ee\/fr\/lit-dangle\/","name":"LIT D'ANGLE - Radis","isPartOf":{"@id":"https:\/\/radis.ee\/#website"},"primaryImageOfPage":{"@id":"https:\/\/radis.ee\/fr\/lit-dangle\/#primaryimage"},"image":{"@id":"https:\/\/radis.ee\/fr\/lit-dangle\/#primaryimage"},"thumbnailUrl":"https:\/\/radis.ee\/wp-content\/uploads\/2020\/09\/RADIS_CORNERBED_WHITE-1.jpg","datePublished":"2020-09-27T19:50:09+00:00","dateModified":"2024-02-23T12:58:31+00:00","breadcrumb":{"@id":"https:\/\/radis.ee\/fr\/lit-dangle\/#breadcrumb"},"inLanguage":"fr-FR","potentialAction":[{"@type":"ReadAction","target":["https:\/\/radis.ee\/fr\/lit-dangle\/"]}]},{"@type":"ImageObject","inLanguage":"fr-FR","@id":"https:\/\/radis.ee\/fr\/lit-dangle\/#primaryimage","url":"https:\/\/radis.ee\/wp-content\/uploads\/2020\/09\/RADIS_CORNERBED_WHITE-1.jpg","contentUrl":"https:\/\/radis.ee\/wp-content\/uploads\/2020\/09\/RADIS_CORNERBED_WHITE-1.jpg","width":2500,"height":2500},{"@type":"BreadcrumbList","@id":"https:\/\/radis.ee\/fr\/lit-dangle\/#breadcrumb","itemListElement":[{"@type":"ListItem","position":1,"name":"Home","item":"https:\/\/radis.ee\/"},{"@type":"ListItem","position":2,"name":"Magasin","item":"https:\/\/radis.ee\/fr\/magasin\/"},{"@type":"ListItem","position":3,"name":"LIT D&rsquo;ANGLE"}]},{"@type":"WebSite","@id":"https:\/\/radis.ee\/#website","url":"https:\/\/radis.ee\/","name":"Radis","description":"Nordic design furniture, environmentally friendly and sustainable.","publisher":{"@id":"https:\/\/radis.ee\/#organization"},"potentialAction":[{"@type":"SearchAction","target":{"@type":"EntryPoint","urlTemplate":"https:\/\/radis.ee\/?s={search_term_string}"},"query-input":{"@type":"PropertyValueSpecification","valueRequired":true,"valueName":"search_term_string"}}],"inLanguage":"fr-FR"},{"@type":"Organization","@id":"https:\/\/radis.ee\/#organization","name":"Radis O\u00dc","url":"https:\/\/radis.ee\/","logo":{"@type":"ImageObject","inLanguage":"fr-FR","@id":"https:\/\/radis.ee\/#\/schema\/logo\/image\/","url":"https:\/\/radis.ee\/wp-content\/uploads\/2020\/10\/Radis-logo.png","contentUrl":"https:\/\/radis.ee\/wp-content\/uploads\/2020\/10\/Radis-logo.png","width":300,"height":63,"caption":"Radis O\u00dc"},"image":{"@id":"https:\/\/radis.ee\/#\/schema\/logo\/image\/"},"sameAs":["https:\/\/www.facebook.com\/radisfurniture\/"]}]}},"_links":{"self":[{"href":"https:\/\/radis.ee\/fr\/wp-json\/wp\/v2\/product\/7725","targetHints":{"allow":["GET"]}}],"collection":[{"href":"https:\/\/radis.ee\/fr\/wp-json\/wp\/v2\/product"}],"about":[{"href":"https:\/\/radis.ee\/fr\/wp-json\/wp\/v2\/types\/product"}],"replies":[{"embeddable":true,"href":"https:\/\/radis.ee\/fr\/wp-json\/wp\/v2\/comments?post=7725"}],"wp:featuredmedia":[{"embeddable":true,"href":"https:\/\/radis.ee\/fr\/wp-json\/wp\/v2\/media\/7732"}],"wp:attachment":[{"href":"https:\/\/radis.ee\/fr\/wp-json\/wp\/v2\/media?parent=7725"}],"wp:term":[{"taxonomy":"product_brand","embeddable":true,"href":"https:\/\/radis.ee\/fr\/wp-json\/wp\/v2\/product_brand?post=7725"},{"taxonomy":"product_cat","embeddable":true,"href":"https:\/\/radis.ee\/fr\/wp-json\/wp\/v2\/product_cat?post=7725"},{"taxonomy":"product_tag","embeddable":true,"href":"https:\/\/radis.ee\/fr\/wp-json\/wp\/v2\/product_tag?post=7725"}],"curies":[{"name":"wp","href":"https:\/\/api.w.org\/{rel}","templated":true}]}}