{"id":7792,"date":"2020-10-27T20:21:28","date_gmt":"2020-09-27T17:21:28","guid":{"rendered":"https:\/\/radis.ee\/meuble-tv-pix\/"},"modified":"2024-01-31T21:30:02","modified_gmt":"2024-01-31T19:30:02","slug":"meuble-tv-pix","status":"publish","type":"product","link":"https:\/\/radis.ee\/fr\/meuble-tv-pix\/","title":{"rendered":"Meuble TV PIX"},"content":{"rendered":"<p>Placez votre \u00e9quipement multim\u00e9dia dans une position claire. Le support stable avec des armoires spacieuses met vos m\u00e9dias en service avec les films, la musique et les comp\u00e9titions sportives pr\u00e9f\u00e9r\u00e9s.<\/p>\n<p>La hauteur int\u00e9rieure de l&rsquo;armoire 4 portes est de 33 cm avec des \u00e9tag\u00e8res de s\u00e9paration r\u00e9glables en hauteur.<\/p>\n<p>Fabriqu\u00e9 en contreplaqu\u00e9 de bouleau, cir\u00e9 \u00e0 l&rsquo;huile, \u00e9galement plaqu\u00e9 ch\u00eane et HPL Koskisen blanc. Charni\u00e8res de porte \u00e0 fermeture douce.<\/p>\n","protected":false},"excerpt":{"rendered":"<p>Placez votre \u00e9quipement multim\u00e9dia dans une position claire. Le support stable avec des armoires spacieuses met vos m\u00e9dias en service avec les films, la musique et les comp\u00e9titions sportives pr\u00e9f\u00e9r\u00e9s. La hauteur int\u00e9rieure de l&rsquo;armoire 4 portes est de 33 cm avec des \u00e9tag\u00e8res de s\u00e9paration r\u00e9glables en hauteur. Fabriqu\u00e9 en contreplaqu\u00e9 de bouleau, cir\u00e9&#8230;<\/p>\n","protected":false},"featured_media":7799,"comment_status":"open","ping_status":"closed","template":"","meta":{"_acf_changed":false},"product_brand":[],"product_cat":[112],"product_tag":[],"class_list":{"0":"post-7792","1":"product","2":"type-product","3":"status-publish","4":"has-post-thumbnail","6":"product_cat-tv-alused","8":"first","9":"instock","10":"sale","11":"taxable","12":"shipping-taxable","13":"purchasable","14":"product-type-variable","15":"has-default-attributes"},"acf":[],"yoast_head":"<!-- This site is optimized with the Yoast SEO plugin v27.4 - https:\/\/yoast.com\/product\/yoast-seo-wordpress\/ -->\n<title>Meuble TV PIX - Radis<\/title>\n<meta name=\"robots\" content=\"index, follow, max-snippet:-1, max-image-preview:large, max-video-preview:-1\" \/>\n<link rel=\"canonical\" href=\"https:\/\/radis.ee\/tv-alus-pix\/\" \/>\n<meta property=\"og:locale\" content=\"fr_FR\" \/>\n<meta property=\"og:type\" content=\"article\" \/>\n<meta property=\"og:title\" content=\"Meuble TV PIX - Radis\" \/>\n<meta property=\"og:description\" content=\"Placez votre \u00e9quipement multim\u00e9dia dans une position claire. Le support stable avec des armoires spacieuses met vos m\u00e9dias en service avec les films, la musique et les comp\u00e9titions sportives pr\u00e9f\u00e9r\u00e9s. La hauteur int\u00e9rieure de l&rsquo;armoire 4 portes est de 33 cm avec des \u00e9tag\u00e8res de s\u00e9paration r\u00e9glables en hauteur. Fabriqu\u00e9 en contreplaqu\u00e9 de bouleau, cir\u00e9...\" \/>\n<meta property=\"og:url\" content=\"https:\/\/radis.ee\/tv-alus-pix\/\" \/>\n<meta property=\"og:site_name\" content=\"Radis\" \/>\n<meta property=\"article:publisher\" content=\"https:\/\/www.facebook.com\/radisfurniture\/\" \/>\n<meta property=\"article:modified_time\" content=\"2024-01-31T19:30:02+00:00\" \/>\n<meta property=\"og:image\" content=\"https:\/\/radis.ee\/wp-content\/uploads\/2020\/09\/RA0512-Radis-TV-stand-PIX-light-oak.jpg\" \/>\n\t<meta property=\"og:image:width\" content=\"2095\" \/>\n\t<meta property=\"og:image:height\" content=\"2095\" \/>\n\t<meta property=\"og:image:type\" content=\"image\/jpeg\" \/>\n<meta name=\"twitter:card\" content=\"summary_large_image\" \/>\n<script type=\"application\/ld+json\" class=\"yoast-schema-graph\">{\"@context\":\"https:\\\/\\\/schema.org\",\"@graph\":[{\"@type\":\"WebPage\",\"@id\":\"https:\\\/\\\/radis.ee\\\/tv-alus-pix\\\/\",\"url\":\"https:\\\/\\\/radis.ee\\\/tv-alus-pix\\\/\",\"name\":\"Meuble TV PIX - Radis\",\"isPartOf\":{\"@id\":\"https:\\\/\\\/radis.ee\\\/#website\"},\"primaryImageOfPage\":{\"@id\":\"https:\\\/\\\/radis.ee\\\/tv-alus-pix\\\/#primaryimage\"},\"image\":{\"@id\":\"https:\\\/\\\/radis.ee\\\/tv-alus-pix\\\/#primaryimage\"},\"thumbnailUrl\":\"https:\\\/\\\/radis.ee\\\/wp-content\\\/uploads\\\/2020\\\/09\\\/RA0512-Radis-TV-stand-PIX-light-oak.jpg\",\"datePublished\":\"2020-09-27T17:21:28+00:00\",\"dateModified\":\"2024-01-31T19:30:02+00:00\",\"breadcrumb\":{\"@id\":\"https:\\\/\\\/radis.ee\\\/tv-alus-pix\\\/#breadcrumb\"},\"inLanguage\":\"fr-FR\",\"potentialAction\":[{\"@type\":\"ReadAction\",\"target\":[\"https:\\\/\\\/radis.ee\\\/tv-alus-pix\\\/\"]}]},{\"@type\":\"ImageObject\",\"inLanguage\":\"fr-FR\",\"@id\":\"https:\\\/\\\/radis.ee\\\/tv-alus-pix\\\/#primaryimage\",\"url\":\"https:\\\/\\\/radis.ee\\\/wp-content\\\/uploads\\\/2020\\\/09\\\/RA0512-Radis-TV-stand-PIX-light-oak.jpg\",\"contentUrl\":\"https:\\\/\\\/radis.ee\\\/wp-content\\\/uploads\\\/2020\\\/09\\\/RA0512-Radis-TV-stand-PIX-light-oak.jpg\",\"width\":2095,\"height\":2095},{\"@type\":\"BreadcrumbList\",\"@id\":\"https:\\\/\\\/radis.ee\\\/tv-alus-pix\\\/#breadcrumb\",\"itemListElement\":[{\"@type\":\"ListItem\",\"position\":1,\"name\":\"Home\",\"item\":\"https:\\\/\\\/radis.ee\\\/\"},{\"@type\":\"ListItem\",\"position\":2,\"name\":\"Magasin\",\"item\":\"https:\\\/\\\/radis.ee\\\/fr\\\/magasin\\\/\"},{\"@type\":\"ListItem\",\"position\":3,\"name\":\"Meuble TV PIX\"}]},{\"@type\":\"WebSite\",\"@id\":\"https:\\\/\\\/radis.ee\\\/#website\",\"url\":\"https:\\\/\\\/radis.ee\\\/\",\"name\":\"Radis\",\"description\":\"Nordic design furniture, environmentally friendly and sustainable.\",\"publisher\":{\"@id\":\"https:\\\/\\\/radis.ee\\\/#organization\"},\"potentialAction\":[{\"@type\":\"SearchAction\",\"target\":{\"@type\":\"EntryPoint\",\"urlTemplate\":\"https:\\\/\\\/radis.ee\\\/?s={search_term_string}\"},\"query-input\":{\"@type\":\"PropertyValueSpecification\",\"valueRequired\":true,\"valueName\":\"search_term_string\"}}],\"inLanguage\":\"fr-FR\"},{\"@type\":\"Organization\",\"@id\":\"https:\\\/\\\/radis.ee\\\/#organization\",\"name\":\"Radis O\u00dc\",\"url\":\"https:\\\/\\\/radis.ee\\\/\",\"logo\":{\"@type\":\"ImageObject\",\"inLanguage\":\"fr-FR\",\"@id\":\"https:\\\/\\\/radis.ee\\\/#\\\/schema\\\/logo\\\/image\\\/\",\"url\":\"https:\\\/\\\/radis.ee\\\/wp-content\\\/uploads\\\/2020\\\/10\\\/Radis-logo.png\",\"contentUrl\":\"https:\\\/\\\/radis.ee\\\/wp-content\\\/uploads\\\/2020\\\/10\\\/Radis-logo.png\",\"width\":300,\"height\":63,\"caption\":\"Radis O\u00dc\"},\"image\":{\"@id\":\"https:\\\/\\\/radis.ee\\\/#\\\/schema\\\/logo\\\/image\\\/\"},\"sameAs\":[\"https:\\\/\\\/www.facebook.com\\\/radisfurniture\\\/\"]}]}<\/script>\n<!-- \/ Yoast SEO plugin. -->","yoast_head_json":{"title":"Meuble TV PIX - Radis","robots":{"index":"index","follow":"follow","max-snippet":"max-snippet:-1","max-image-preview":"max-image-preview:large","max-video-preview":"max-video-preview:-1"},"canonical":"https:\/\/radis.ee\/tv-alus-pix\/","og_locale":"fr_FR","og_type":"article","og_title":"Meuble TV PIX - Radis","og_description":"Placez votre \u00e9quipement multim\u00e9dia dans une position claire. Le support stable avec des armoires spacieuses met vos m\u00e9dias en service avec les films, la musique et les comp\u00e9titions sportives pr\u00e9f\u00e9r\u00e9s. La hauteur int\u00e9rieure de l&rsquo;armoire 4 portes est de 33 cm avec des \u00e9tag\u00e8res de s\u00e9paration r\u00e9glables en hauteur. Fabriqu\u00e9 en contreplaqu\u00e9 de bouleau, cir\u00e9...","og_url":"https:\/\/radis.ee\/tv-alus-pix\/","og_site_name":"Radis","article_publisher":"https:\/\/www.facebook.com\/radisfurniture\/","article_modified_time":"2024-01-31T19:30:02+00:00","og_image":[{"width":2095,"height":2095,"url":"https:\/\/radis.ee\/wp-content\/uploads\/2020\/09\/RA0512-Radis-TV-stand-PIX-light-oak.jpg","type":"image\/jpeg"}],"twitter_card":"summary_large_image","schema":{"@context":"https:\/\/schema.org","@graph":[{"@type":"WebPage","@id":"https:\/\/radis.ee\/tv-alus-pix\/","url":"https:\/\/radis.ee\/tv-alus-pix\/","name":"Meuble TV PIX - Radis","isPartOf":{"@id":"https:\/\/radis.ee\/#website"},"primaryImageOfPage":{"@id":"https:\/\/radis.ee\/tv-alus-pix\/#primaryimage"},"image":{"@id":"https:\/\/radis.ee\/tv-alus-pix\/#primaryimage"},"thumbnailUrl":"https:\/\/radis.ee\/wp-content\/uploads\/2020\/09\/RA0512-Radis-TV-stand-PIX-light-oak.jpg","datePublished":"2020-09-27T17:21:28+00:00","dateModified":"2024-01-31T19:30:02+00:00","breadcrumb":{"@id":"https:\/\/radis.ee\/tv-alus-pix\/#breadcrumb"},"inLanguage":"fr-FR","potentialAction":[{"@type":"ReadAction","target":["https:\/\/radis.ee\/tv-alus-pix\/"]}]},{"@type":"ImageObject","inLanguage":"fr-FR","@id":"https:\/\/radis.ee\/tv-alus-pix\/#primaryimage","url":"https:\/\/radis.ee\/wp-content\/uploads\/2020\/09\/RA0512-Radis-TV-stand-PIX-light-oak.jpg","contentUrl":"https:\/\/radis.ee\/wp-content\/uploads\/2020\/09\/RA0512-Radis-TV-stand-PIX-light-oak.jpg","width":2095,"height":2095},{"@type":"BreadcrumbList","@id":"https:\/\/radis.ee\/tv-alus-pix\/#breadcrumb","itemListElement":[{"@type":"ListItem","position":1,"name":"Home","item":"https:\/\/radis.ee\/"},{"@type":"ListItem","position":2,"name":"Magasin","item":"https:\/\/radis.ee\/fr\/magasin\/"},{"@type":"ListItem","position":3,"name":"Meuble TV PIX"}]},{"@type":"WebSite","@id":"https:\/\/radis.ee\/#website","url":"https:\/\/radis.ee\/","name":"Radis","description":"Nordic design furniture, environmentally friendly and sustainable.","publisher":{"@id":"https:\/\/radis.ee\/#organization"},"potentialAction":[{"@type":"SearchAction","target":{"@type":"EntryPoint","urlTemplate":"https:\/\/radis.ee\/?s={search_term_string}"},"query-input":{"@type":"PropertyValueSpecification","valueRequired":true,"valueName":"search_term_string"}}],"inLanguage":"fr-FR"},{"@type":"Organization","@id":"https:\/\/radis.ee\/#organization","name":"Radis O\u00dc","url":"https:\/\/radis.ee\/","logo":{"@type":"ImageObject","inLanguage":"fr-FR","@id":"https:\/\/radis.ee\/#\/schema\/logo\/image\/","url":"https:\/\/radis.ee\/wp-content\/uploads\/2020\/10\/Radis-logo.png","contentUrl":"https:\/\/radis.ee\/wp-content\/uploads\/2020\/10\/Radis-logo.png","width":300,"height":63,"caption":"Radis O\u00dc"},"image":{"@id":"https:\/\/radis.ee\/#\/schema\/logo\/image\/"},"sameAs":["https:\/\/www.facebook.com\/radisfurniture\/"]}]}},"_links":{"self":[{"href":"https:\/\/radis.ee\/fr\/wp-json\/wp\/v2\/product\/7792","targetHints":{"allow":["GET"]}}],"collection":[{"href":"https:\/\/radis.ee\/fr\/wp-json\/wp\/v2\/product"}],"about":[{"href":"https:\/\/radis.ee\/fr\/wp-json\/wp\/v2\/types\/product"}],"replies":[{"embeddable":true,"href":"https:\/\/radis.ee\/fr\/wp-json\/wp\/v2\/comments?post=7792"}],"wp:featuredmedia":[{"embeddable":true,"href":"https:\/\/radis.ee\/fr\/wp-json\/wp\/v2\/media\/7799"}],"wp:attachment":[{"href":"https:\/\/radis.ee\/fr\/wp-json\/wp\/v2\/media?parent=7792"}],"wp:term":[{"taxonomy":"product_brand","embeddable":true,"href":"https:\/\/radis.ee\/fr\/wp-json\/wp\/v2\/product_brand?post=7792"},{"taxonomy":"product_cat","embeddable":true,"href":"https:\/\/radis.ee\/fr\/wp-json\/wp\/v2\/product_cat?post=7792"},{"taxonomy":"product_tag","embeddable":true,"href":"https:\/\/radis.ee\/fr\/wp-json\/wp\/v2\/product_tag?post=7792"}],"curies":[{"name":"wp","href":"https:\/\/api.w.org\/{rel}","templated":true}]}}