{"id":7823,"date":"2020-10-05T19:38:10","date_gmt":"2020-09-27T16:38:10","guid":{"rendered":"https:\/\/radis.ee\/meuble-tv-4-portes-muster\/"},"modified":"2024-01-31T21:43:13","modified_gmt":"2024-01-31T19:43:13","slug":"meuble-tv-romb","status":"publish","type":"product","link":"https:\/\/radis.ee\/fr\/meuble-tv-romb\/","title":{"rendered":"Meuble TV ROMB"},"content":{"rendered":"<p>Le charme du motif enivrant des lignes parle au spectateur. Les quatre portes cachent tout ce qui ne concerne pas les autres. Ce meuble TV combine une beaut\u00e9 sans limites avec une immense fonctionnalit\u00e9.<\/p>\n<p>La hauteur interne est de 33 cm, il convient donc \u00e9galement au bureau pour accueillir des dossiers ou des disques vinyles pr\u00e9f\u00e9r\u00e9s. \u00c0 l&rsquo;int\u00e9rieur, il y a \u00e9galement deux \u00e9tag\u00e8res interm\u00e9diaires r\u00e9glables en hauteur.<\/p>\n<p>Fabriqu\u00e9es en contreplaqu\u00e9 de bouleau de haute qualit\u00e9, en contreplaqu\u00e9 cir\u00e9 \u00e0 l&rsquo;huile ou HPL, les charni\u00e8res de porte push2open s&rsquo;ouvrent et se ferment avec une pression. Le motif sur les portes est grav\u00e9. Sous-sol de 8 cm de hauteur, qui s&rsquo;adapte \u00e0 diff\u00e9rentes plinthes.<\/p>\n","protected":false},"excerpt":{"rendered":"<p>Le charme du motif enivrant des lignes parle au spectateur. Les quatre portes cachent tout ce qui ne concerne pas les autres. Ce meuble TV combine une beaut\u00e9 sans limites avec une immense fonctionnalit\u00e9. La hauteur interne est de 33 cm, il convient donc \u00e9galement au bureau pour accueillir des dossiers ou des disques vinyles&#8230;<\/p>\n","protected":false},"featured_media":15337,"comment_status":"open","ping_status":"closed","template":"","meta":{"_acf_changed":false},"product_brand":[],"product_cat":[112],"product_tag":[],"class_list":{"0":"post-7823","1":"product","2":"type-product","3":"status-publish","4":"has-post-thumbnail","6":"product_cat-tv-alused","8":"first","9":"instock","10":"taxable","11":"shipping-taxable","12":"purchasable","13":"product-type-variable","14":"has-default-attributes"},"acf":[],"yoast_head":"<!-- This site is optimized with the Yoast SEO plugin v27.4 - https:\/\/yoast.com\/product\/yoast-seo-wordpress\/ -->\n<title>Meuble TV ROMB - Radis<\/title>\n<meta name=\"robots\" content=\"index, follow, max-snippet:-1, max-image-preview:large, max-video-preview:-1\" \/>\n<link rel=\"canonical\" href=\"https:\/\/radis.ee\/tv-alus-romb\/\" \/>\n<meta property=\"og:locale\" content=\"fr_FR\" \/>\n<meta property=\"og:type\" content=\"article\" \/>\n<meta property=\"og:title\" content=\"Meuble TV ROMB - Radis\" \/>\n<meta property=\"og:description\" content=\"Le charme du motif enivrant des lignes parle au spectateur. Les quatre portes cachent tout ce qui ne concerne pas les autres. Ce meuble TV combine une beaut\u00e9 sans limites avec une immense fonctionnalit\u00e9. La hauteur interne est de 33 cm, il convient donc \u00e9galement au bureau pour accueillir des dossiers ou des disques vinyles...\" \/>\n<meta property=\"og:url\" content=\"https:\/\/radis.ee\/tv-alus-romb\/\" \/>\n<meta property=\"og:site_name\" content=\"Radis\" \/>\n<meta property=\"article:publisher\" content=\"https:\/\/www.facebook.com\/radisfurniture\/\" \/>\n<meta property=\"article:modified_time\" content=\"2024-01-31T19:43:13+00:00\" \/>\n<meta property=\"og:image\" content=\"https:\/\/radis.ee\/wp-content\/uploads\/2020\/10\/RADIS_TVstand_ROMB_white_CPL_plywood_5-scaled.jpg\" \/>\n\t<meta property=\"og:image:width\" content=\"2166\" \/>\n\t<meta property=\"og:image:height\" content=\"2560\" \/>\n\t<meta property=\"og:image:type\" content=\"image\/jpeg\" \/>\n<meta name=\"twitter:card\" content=\"summary_large_image\" \/>\n<meta name=\"twitter:label1\" content=\"Dur\u00e9e de lecture estim\u00e9e\" \/>\n\t<meta name=\"twitter:data1\" content=\"1 minute\" \/>\n<script type=\"application\/ld+json\" class=\"yoast-schema-graph\">{\"@context\":\"https:\\\/\\\/schema.org\",\"@graph\":[{\"@type\":\"WebPage\",\"@id\":\"https:\\\/\\\/radis.ee\\\/tv-alus-romb\\\/\",\"url\":\"https:\\\/\\\/radis.ee\\\/tv-alus-romb\\\/\",\"name\":\"Meuble TV ROMB - Radis\",\"isPartOf\":{\"@id\":\"https:\\\/\\\/radis.ee\\\/#website\"},\"primaryImageOfPage\":{\"@id\":\"https:\\\/\\\/radis.ee\\\/tv-alus-romb\\\/#primaryimage\"},\"image\":{\"@id\":\"https:\\\/\\\/radis.ee\\\/tv-alus-romb\\\/#primaryimage\"},\"thumbnailUrl\":\"https:\\\/\\\/radis.ee\\\/wp-content\\\/uploads\\\/2020\\\/10\\\/RADIS_TVstand_ROMB_white_CPL_plywood_5-scaled.jpg\",\"datePublished\":\"2020-09-27T16:38:10+00:00\",\"dateModified\":\"2024-01-31T19:43:13+00:00\",\"breadcrumb\":{\"@id\":\"https:\\\/\\\/radis.ee\\\/tv-alus-romb\\\/#breadcrumb\"},\"inLanguage\":\"fr-FR\",\"potentialAction\":[{\"@type\":\"ReadAction\",\"target\":[\"https:\\\/\\\/radis.ee\\\/tv-alus-romb\\\/\"]}]},{\"@type\":\"ImageObject\",\"inLanguage\":\"fr-FR\",\"@id\":\"https:\\\/\\\/radis.ee\\\/tv-alus-romb\\\/#primaryimage\",\"url\":\"https:\\\/\\\/radis.ee\\\/wp-content\\\/uploads\\\/2020\\\/10\\\/RADIS_TVstand_ROMB_white_CPL_plywood_5-scaled.jpg\",\"contentUrl\":\"https:\\\/\\\/radis.ee\\\/wp-content\\\/uploads\\\/2020\\\/10\\\/RADIS_TVstand_ROMB_white_CPL_plywood_5-scaled.jpg\",\"width\":2166,\"height\":2560,\"caption\":\"RADIS TV-stand ROMB White CPL plywood\"},{\"@type\":\"BreadcrumbList\",\"@id\":\"https:\\\/\\\/radis.ee\\\/tv-alus-romb\\\/#breadcrumb\",\"itemListElement\":[{\"@type\":\"ListItem\",\"position\":1,\"name\":\"Home\",\"item\":\"https:\\\/\\\/radis.ee\\\/\"},{\"@type\":\"ListItem\",\"position\":2,\"name\":\"Magasin\",\"item\":\"https:\\\/\\\/radis.ee\\\/fr\\\/magasin\\\/\"},{\"@type\":\"ListItem\",\"position\":3,\"name\":\"Meuble TV ROMB\"}]},{\"@type\":\"WebSite\",\"@id\":\"https:\\\/\\\/radis.ee\\\/#website\",\"url\":\"https:\\\/\\\/radis.ee\\\/\",\"name\":\"Radis\",\"description\":\"Nordic design furniture, environmentally friendly and sustainable.\",\"publisher\":{\"@id\":\"https:\\\/\\\/radis.ee\\\/#organization\"},\"potentialAction\":[{\"@type\":\"SearchAction\",\"target\":{\"@type\":\"EntryPoint\",\"urlTemplate\":\"https:\\\/\\\/radis.ee\\\/?s={search_term_string}\"},\"query-input\":{\"@type\":\"PropertyValueSpecification\",\"valueRequired\":true,\"valueName\":\"search_term_string\"}}],\"inLanguage\":\"fr-FR\"},{\"@type\":\"Organization\",\"@id\":\"https:\\\/\\\/radis.ee\\\/#organization\",\"name\":\"Radis O\u00dc\",\"url\":\"https:\\\/\\\/radis.ee\\\/\",\"logo\":{\"@type\":\"ImageObject\",\"inLanguage\":\"fr-FR\",\"@id\":\"https:\\\/\\\/radis.ee\\\/#\\\/schema\\\/logo\\\/image\\\/\",\"url\":\"https:\\\/\\\/radis.ee\\\/wp-content\\\/uploads\\\/2020\\\/10\\\/Radis-logo.png\",\"contentUrl\":\"https:\\\/\\\/radis.ee\\\/wp-content\\\/uploads\\\/2020\\\/10\\\/Radis-logo.png\",\"width\":300,\"height\":63,\"caption\":\"Radis O\u00dc\"},\"image\":{\"@id\":\"https:\\\/\\\/radis.ee\\\/#\\\/schema\\\/logo\\\/image\\\/\"},\"sameAs\":[\"https:\\\/\\\/www.facebook.com\\\/radisfurniture\\\/\"]}]}<\/script>\n<!-- \/ Yoast SEO plugin. -->","yoast_head_json":{"title":"Meuble TV ROMB - Radis","robots":{"index":"index","follow":"follow","max-snippet":"max-snippet:-1","max-image-preview":"max-image-preview:large","max-video-preview":"max-video-preview:-1"},"canonical":"https:\/\/radis.ee\/tv-alus-romb\/","og_locale":"fr_FR","og_type":"article","og_title":"Meuble TV ROMB - Radis","og_description":"Le charme du motif enivrant des lignes parle au spectateur. Les quatre portes cachent tout ce qui ne concerne pas les autres. Ce meuble TV combine une beaut\u00e9 sans limites avec une immense fonctionnalit\u00e9. La hauteur interne est de 33 cm, il convient donc \u00e9galement au bureau pour accueillir des dossiers ou des disques vinyles...","og_url":"https:\/\/radis.ee\/tv-alus-romb\/","og_site_name":"Radis","article_publisher":"https:\/\/www.facebook.com\/radisfurniture\/","article_modified_time":"2024-01-31T19:43:13+00:00","og_image":[{"width":2166,"height":2560,"url":"https:\/\/radis.ee\/wp-content\/uploads\/2020\/10\/RADIS_TVstand_ROMB_white_CPL_plywood_5-scaled.jpg","type":"image\/jpeg"}],"twitter_card":"summary_large_image","twitter_misc":{"Dur\u00e9e de lecture estim\u00e9e":"1 minute"},"schema":{"@context":"https:\/\/schema.org","@graph":[{"@type":"WebPage","@id":"https:\/\/radis.ee\/tv-alus-romb\/","url":"https:\/\/radis.ee\/tv-alus-romb\/","name":"Meuble TV ROMB - Radis","isPartOf":{"@id":"https:\/\/radis.ee\/#website"},"primaryImageOfPage":{"@id":"https:\/\/radis.ee\/tv-alus-romb\/#primaryimage"},"image":{"@id":"https:\/\/radis.ee\/tv-alus-romb\/#primaryimage"},"thumbnailUrl":"https:\/\/radis.ee\/wp-content\/uploads\/2020\/10\/RADIS_TVstand_ROMB_white_CPL_plywood_5-scaled.jpg","datePublished":"2020-09-27T16:38:10+00:00","dateModified":"2024-01-31T19:43:13+00:00","breadcrumb":{"@id":"https:\/\/radis.ee\/tv-alus-romb\/#breadcrumb"},"inLanguage":"fr-FR","potentialAction":[{"@type":"ReadAction","target":["https:\/\/radis.ee\/tv-alus-romb\/"]}]},{"@type":"ImageObject","inLanguage":"fr-FR","@id":"https:\/\/radis.ee\/tv-alus-romb\/#primaryimage","url":"https:\/\/radis.ee\/wp-content\/uploads\/2020\/10\/RADIS_TVstand_ROMB_white_CPL_plywood_5-scaled.jpg","contentUrl":"https:\/\/radis.ee\/wp-content\/uploads\/2020\/10\/RADIS_TVstand_ROMB_white_CPL_plywood_5-scaled.jpg","width":2166,"height":2560,"caption":"RADIS TV-stand ROMB White CPL plywood"},{"@type":"BreadcrumbList","@id":"https:\/\/radis.ee\/tv-alus-romb\/#breadcrumb","itemListElement":[{"@type":"ListItem","position":1,"name":"Home","item":"https:\/\/radis.ee\/"},{"@type":"ListItem","position":2,"name":"Magasin","item":"https:\/\/radis.ee\/fr\/magasin\/"},{"@type":"ListItem","position":3,"name":"Meuble TV ROMB"}]},{"@type":"WebSite","@id":"https:\/\/radis.ee\/#website","url":"https:\/\/radis.ee\/","name":"Radis","description":"Nordic design furniture, environmentally friendly and sustainable.","publisher":{"@id":"https:\/\/radis.ee\/#organization"},"potentialAction":[{"@type":"SearchAction","target":{"@type":"EntryPoint","urlTemplate":"https:\/\/radis.ee\/?s={search_term_string}"},"query-input":{"@type":"PropertyValueSpecification","valueRequired":true,"valueName":"search_term_string"}}],"inLanguage":"fr-FR"},{"@type":"Organization","@id":"https:\/\/radis.ee\/#organization","name":"Radis O\u00dc","url":"https:\/\/radis.ee\/","logo":{"@type":"ImageObject","inLanguage":"fr-FR","@id":"https:\/\/radis.ee\/#\/schema\/logo\/image\/","url":"https:\/\/radis.ee\/wp-content\/uploads\/2020\/10\/Radis-logo.png","contentUrl":"https:\/\/radis.ee\/wp-content\/uploads\/2020\/10\/Radis-logo.png","width":300,"height":63,"caption":"Radis O\u00dc"},"image":{"@id":"https:\/\/radis.ee\/#\/schema\/logo\/image\/"},"sameAs":["https:\/\/www.facebook.com\/radisfurniture\/"]}]}},"_links":{"self":[{"href":"https:\/\/radis.ee\/fr\/wp-json\/wp\/v2\/product\/7823","targetHints":{"allow":["GET"]}}],"collection":[{"href":"https:\/\/radis.ee\/fr\/wp-json\/wp\/v2\/product"}],"about":[{"href":"https:\/\/radis.ee\/fr\/wp-json\/wp\/v2\/types\/product"}],"replies":[{"embeddable":true,"href":"https:\/\/radis.ee\/fr\/wp-json\/wp\/v2\/comments?post=7823"}],"wp:featuredmedia":[{"embeddable":true,"href":"https:\/\/radis.ee\/fr\/wp-json\/wp\/v2\/media\/15337"}],"wp:attachment":[{"href":"https:\/\/radis.ee\/fr\/wp-json\/wp\/v2\/media?parent=7823"}],"wp:term":[{"taxonomy":"product_brand","embeddable":true,"href":"https:\/\/radis.ee\/fr\/wp-json\/wp\/v2\/product_brand?post=7823"},{"taxonomy":"product_cat","embeddable":true,"href":"https:\/\/radis.ee\/fr\/wp-json\/wp\/v2\/product_cat?post=7823"},{"taxonomy":"product_tag","embeddable":true,"href":"https:\/\/radis.ee\/fr\/wp-json\/wp\/v2\/product_tag?post=7823"}],"curies":[{"name":"wp","href":"https:\/\/api.w.org\/{rel}","templated":true}]}}