{"id":7834,"date":"2022-08-23T11:11:20","date_gmt":"2022-08-23T08:11:20","guid":{"rendered":"https:\/\/radis.ee\/bureau-huh\/"},"modified":"2020-09-27T19:16:20","modified_gmt":"2020-09-27T16:16:20","slug":"bureau-huh","status":"publish","type":"product","link":"https:\/\/radis.ee\/fr\/bureau-huh\/","title":{"rendered":"Bureau HUH"},"content":{"rendered":"<p>Un bureau aussi \u00e9l\u00e9gant fera couler l&rsquo;encre. L&rsquo;\u00e9tag\u00e8re du milieu est destin\u00e9e \u00e0 vos stylos et les tiroirs lat\u00e9raux stockent les papiers importants. PS! Le bureau fera \u00e9galement fonctionner votre stylo dans votre ordinateur.<\/p>\n<p>Fabriqu\u00e9 en contreplaqu\u00e9 de bouleau cir\u00e9 \u00e0 l&rsquo;huile. Rails de tiroir \u00e0 fermeture douce. Les dimensions int\u00e9rieures des deux tiroirs sont de 24 \u00d7 43 cm, la hauteur int\u00e9rieure est de 7 cm. Largeur \u00e9tag\u00e8re moyenne 52 cm.<\/p>\n<p>Le bureau est d\u00e9j\u00e0 assembl\u00e9, il ne vous reste plus qu&rsquo;\u00e0 visser les pieds chez vous.<\/p>\n<p>La Collection HUH a \u00e9t\u00e9 nomin\u00e9e pour le prix du design estonien Bruno 2014.<\/p>\n","protected":false},"excerpt":{"rendered":"<p>Un bureau aussi \u00e9l\u00e9gant fera couler l&rsquo;encre. L&rsquo;\u00e9tag\u00e8re du milieu est destin\u00e9e \u00e0 vos stylos et les tiroirs lat\u00e9raux stockent les papiers importants. PS! Le bureau fera \u00e9galement fonctionner votre stylo dans votre ordinateur. Fabriqu\u00e9 en contreplaqu\u00e9 de bouleau cir\u00e9 \u00e0 l&rsquo;huile. Rails de tiroir \u00e0 fermeture douce. Les dimensions int\u00e9rieures des deux tiroirs sont&#8230;<\/p>\n","protected":false},"featured_media":7843,"comment_status":"open","ping_status":"closed","template":"","meta":{"_acf_changed":false},"product_brand":[],"product_cat":[111],"product_tag":[],"class_list":{"0":"post-7834","1":"product","2":"type-product","3":"status-publish","4":"has-post-thumbnail","6":"product_cat-lauad","8":"first","9":"instock","10":"taxable","11":"shipping-taxable","12":"purchasable","13":"product-type-variable","14":"has-default-attributes"},"acf":[],"yoast_head":"<!-- This site is optimized with the Yoast SEO plugin v27.3 - https:\/\/yoast.com\/product\/yoast-seo-wordpress\/ -->\n<title>Bureau HUH - Radis<\/title>\n<meta name=\"robots\" content=\"index, follow, max-snippet:-1, max-image-preview:large, max-video-preview:-1\" \/>\n<link rel=\"canonical\" href=\"https:\/\/radis.ee\/kirjutuslaud-huh\/\" \/>\n<meta property=\"og:locale\" content=\"fr_FR\" \/>\n<meta property=\"og:type\" content=\"article\" \/>\n<meta property=\"og:title\" content=\"Bureau HUH - Radis\" \/>\n<meta property=\"og:description\" content=\"Un bureau aussi \u00e9l\u00e9gant fera couler l&rsquo;encre. L&rsquo;\u00e9tag\u00e8re du milieu est destin\u00e9e \u00e0 vos stylos et les tiroirs lat\u00e9raux stockent les papiers importants. PS! Le bureau fera \u00e9galement fonctionner votre stylo dans votre ordinateur. Fabriqu\u00e9 en contreplaqu\u00e9 de bouleau cir\u00e9 \u00e0 l&rsquo;huile. Rails de tiroir \u00e0 fermeture douce. Les dimensions int\u00e9rieures des deux tiroirs sont...\" \/>\n<meta property=\"og:url\" content=\"https:\/\/radis.ee\/kirjutuslaud-huh\/\" \/>\n<meta property=\"og:site_name\" content=\"Radis\" \/>\n<meta property=\"article:publisher\" content=\"https:\/\/www.facebook.com\/radisfurniture\/\" \/>\n<meta property=\"og:image\" content=\"https:\/\/radis.ee\/wp-content\/uploads\/2020\/09\/RA0324-Radis-desk-HUH-pebble-grey-legs-white-oilwaxed-scaled.jpg\" \/>\n\t<meta property=\"og:image:width\" content=\"3580\" \/>\n\t<meta property=\"og:image:height\" content=\"3580\" \/>\n\t<meta property=\"og:image:type\" content=\"image\/jpeg\" \/>\n<meta name=\"twitter:card\" content=\"summary_large_image\" \/>\n<meta name=\"twitter:label1\" content=\"Dur\u00e9e de lecture estim\u00e9e\" \/>\n\t<meta name=\"twitter:data1\" content=\"1 minute\" \/>\n<script type=\"application\/ld+json\" class=\"yoast-schema-graph\">{\"@context\":\"https:\\\/\\\/schema.org\",\"@graph\":[{\"@type\":\"WebPage\",\"@id\":\"https:\\\/\\\/radis.ee\\\/kirjutuslaud-huh\\\/\",\"url\":\"https:\\\/\\\/radis.ee\\\/kirjutuslaud-huh\\\/\",\"name\":\"Bureau HUH - Radis\",\"isPartOf\":{\"@id\":\"https:\\\/\\\/radis.ee\\\/#website\"},\"primaryImageOfPage\":{\"@id\":\"https:\\\/\\\/radis.ee\\\/kirjutuslaud-huh\\\/#primaryimage\"},\"image\":{\"@id\":\"https:\\\/\\\/radis.ee\\\/kirjutuslaud-huh\\\/#primaryimage\"},\"thumbnailUrl\":\"https:\\\/\\\/radis.ee\\\/wp-content\\\/uploads\\\/2020\\\/09\\\/RA0324-Radis-desk-HUH-pebble-grey-legs-white-oilwaxed-scaled.jpg\",\"datePublished\":\"2022-08-23T08:11:20+00:00\",\"breadcrumb\":{\"@id\":\"https:\\\/\\\/radis.ee\\\/kirjutuslaud-huh\\\/#breadcrumb\"},\"inLanguage\":\"fr-FR\",\"potentialAction\":[{\"@type\":\"ReadAction\",\"target\":[\"https:\\\/\\\/radis.ee\\\/kirjutuslaud-huh\\\/\"]}]},{\"@type\":\"ImageObject\",\"inLanguage\":\"fr-FR\",\"@id\":\"https:\\\/\\\/radis.ee\\\/kirjutuslaud-huh\\\/#primaryimage\",\"url\":\"https:\\\/\\\/radis.ee\\\/wp-content\\\/uploads\\\/2020\\\/09\\\/RA0324-Radis-desk-HUH-pebble-grey-legs-white-oilwaxed-scaled.jpg\",\"contentUrl\":\"https:\\\/\\\/radis.ee\\\/wp-content\\\/uploads\\\/2020\\\/09\\\/RA0324-Radis-desk-HUH-pebble-grey-legs-white-oilwaxed-scaled.jpg\",\"width\":3580,\"height\":3580},{\"@type\":\"BreadcrumbList\",\"@id\":\"https:\\\/\\\/radis.ee\\\/kirjutuslaud-huh\\\/#breadcrumb\",\"itemListElement\":[{\"@type\":\"ListItem\",\"position\":1,\"name\":\"Home\",\"item\":\"https:\\\/\\\/radis.ee\\\/\"},{\"@type\":\"ListItem\",\"position\":2,\"name\":\"Magasin\",\"item\":\"https:\\\/\\\/radis.ee\\\/fr\\\/magasin\\\/\"},{\"@type\":\"ListItem\",\"position\":3,\"name\":\"Bureau HUH\"}]},{\"@type\":\"WebSite\",\"@id\":\"https:\\\/\\\/radis.ee\\\/#website\",\"url\":\"https:\\\/\\\/radis.ee\\\/\",\"name\":\"Radis\",\"description\":\"Nordic design furniture, environmentally friendly and sustainable.\",\"publisher\":{\"@id\":\"https:\\\/\\\/radis.ee\\\/#organization\"},\"potentialAction\":[{\"@type\":\"SearchAction\",\"target\":{\"@type\":\"EntryPoint\",\"urlTemplate\":\"https:\\\/\\\/radis.ee\\\/?s={search_term_string}\"},\"query-input\":{\"@type\":\"PropertyValueSpecification\",\"valueRequired\":true,\"valueName\":\"search_term_string\"}}],\"inLanguage\":\"fr-FR\"},{\"@type\":\"Organization\",\"@id\":\"https:\\\/\\\/radis.ee\\\/#organization\",\"name\":\"Radis O\u00dc\",\"url\":\"https:\\\/\\\/radis.ee\\\/\",\"logo\":{\"@type\":\"ImageObject\",\"inLanguage\":\"fr-FR\",\"@id\":\"https:\\\/\\\/radis.ee\\\/#\\\/schema\\\/logo\\\/image\\\/\",\"url\":\"https:\\\/\\\/radis.ee\\\/wp-content\\\/uploads\\\/2020\\\/10\\\/Radis-logo.png\",\"contentUrl\":\"https:\\\/\\\/radis.ee\\\/wp-content\\\/uploads\\\/2020\\\/10\\\/Radis-logo.png\",\"width\":300,\"height\":63,\"caption\":\"Radis O\u00dc\"},\"image\":{\"@id\":\"https:\\\/\\\/radis.ee\\\/#\\\/schema\\\/logo\\\/image\\\/\"},\"sameAs\":[\"https:\\\/\\\/www.facebook.com\\\/radisfurniture\\\/\"]}]}<\/script>\n<!-- \/ Yoast SEO plugin. -->","yoast_head_json":{"title":"Bureau HUH - Radis","robots":{"index":"index","follow":"follow","max-snippet":"max-snippet:-1","max-image-preview":"max-image-preview:large","max-video-preview":"max-video-preview:-1"},"canonical":"https:\/\/radis.ee\/kirjutuslaud-huh\/","og_locale":"fr_FR","og_type":"article","og_title":"Bureau HUH - Radis","og_description":"Un bureau aussi \u00e9l\u00e9gant fera couler l&rsquo;encre. L&rsquo;\u00e9tag\u00e8re du milieu est destin\u00e9e \u00e0 vos stylos et les tiroirs lat\u00e9raux stockent les papiers importants. PS! Le bureau fera \u00e9galement fonctionner votre stylo dans votre ordinateur. Fabriqu\u00e9 en contreplaqu\u00e9 de bouleau cir\u00e9 \u00e0 l&rsquo;huile. Rails de tiroir \u00e0 fermeture douce. Les dimensions int\u00e9rieures des deux tiroirs sont...","og_url":"https:\/\/radis.ee\/kirjutuslaud-huh\/","og_site_name":"Radis","article_publisher":"https:\/\/www.facebook.com\/radisfurniture\/","og_image":[{"width":3580,"height":3580,"url":"https:\/\/radis.ee\/wp-content\/uploads\/2020\/09\/RA0324-Radis-desk-HUH-pebble-grey-legs-white-oilwaxed-scaled.jpg","type":"image\/jpeg"}],"twitter_card":"summary_large_image","twitter_misc":{"Dur\u00e9e de lecture estim\u00e9e":"1 minute"},"schema":{"@context":"https:\/\/schema.org","@graph":[{"@type":"WebPage","@id":"https:\/\/radis.ee\/kirjutuslaud-huh\/","url":"https:\/\/radis.ee\/kirjutuslaud-huh\/","name":"Bureau HUH - Radis","isPartOf":{"@id":"https:\/\/radis.ee\/#website"},"primaryImageOfPage":{"@id":"https:\/\/radis.ee\/kirjutuslaud-huh\/#primaryimage"},"image":{"@id":"https:\/\/radis.ee\/kirjutuslaud-huh\/#primaryimage"},"thumbnailUrl":"https:\/\/radis.ee\/wp-content\/uploads\/2020\/09\/RA0324-Radis-desk-HUH-pebble-grey-legs-white-oilwaxed-scaled.jpg","datePublished":"2022-08-23T08:11:20+00:00","breadcrumb":{"@id":"https:\/\/radis.ee\/kirjutuslaud-huh\/#breadcrumb"},"inLanguage":"fr-FR","potentialAction":[{"@type":"ReadAction","target":["https:\/\/radis.ee\/kirjutuslaud-huh\/"]}]},{"@type":"ImageObject","inLanguage":"fr-FR","@id":"https:\/\/radis.ee\/kirjutuslaud-huh\/#primaryimage","url":"https:\/\/radis.ee\/wp-content\/uploads\/2020\/09\/RA0324-Radis-desk-HUH-pebble-grey-legs-white-oilwaxed-scaled.jpg","contentUrl":"https:\/\/radis.ee\/wp-content\/uploads\/2020\/09\/RA0324-Radis-desk-HUH-pebble-grey-legs-white-oilwaxed-scaled.jpg","width":3580,"height":3580},{"@type":"BreadcrumbList","@id":"https:\/\/radis.ee\/kirjutuslaud-huh\/#breadcrumb","itemListElement":[{"@type":"ListItem","position":1,"name":"Home","item":"https:\/\/radis.ee\/"},{"@type":"ListItem","position":2,"name":"Magasin","item":"https:\/\/radis.ee\/fr\/magasin\/"},{"@type":"ListItem","position":3,"name":"Bureau HUH"}]},{"@type":"WebSite","@id":"https:\/\/radis.ee\/#website","url":"https:\/\/radis.ee\/","name":"Radis","description":"Nordic design furniture, environmentally friendly and sustainable.","publisher":{"@id":"https:\/\/radis.ee\/#organization"},"potentialAction":[{"@type":"SearchAction","target":{"@type":"EntryPoint","urlTemplate":"https:\/\/radis.ee\/?s={search_term_string}"},"query-input":{"@type":"PropertyValueSpecification","valueRequired":true,"valueName":"search_term_string"}}],"inLanguage":"fr-FR"},{"@type":"Organization","@id":"https:\/\/radis.ee\/#organization","name":"Radis O\u00dc","url":"https:\/\/radis.ee\/","logo":{"@type":"ImageObject","inLanguage":"fr-FR","@id":"https:\/\/radis.ee\/#\/schema\/logo\/image\/","url":"https:\/\/radis.ee\/wp-content\/uploads\/2020\/10\/Radis-logo.png","contentUrl":"https:\/\/radis.ee\/wp-content\/uploads\/2020\/10\/Radis-logo.png","width":300,"height":63,"caption":"Radis O\u00dc"},"image":{"@id":"https:\/\/radis.ee\/#\/schema\/logo\/image\/"},"sameAs":["https:\/\/www.facebook.com\/radisfurniture\/"]}]}},"_links":{"self":[{"href":"https:\/\/radis.ee\/fr\/wp-json\/wp\/v2\/product\/7834","targetHints":{"allow":["GET"]}}],"collection":[{"href":"https:\/\/radis.ee\/fr\/wp-json\/wp\/v2\/product"}],"about":[{"href":"https:\/\/radis.ee\/fr\/wp-json\/wp\/v2\/types\/product"}],"replies":[{"embeddable":true,"href":"https:\/\/radis.ee\/fr\/wp-json\/wp\/v2\/comments?post=7834"}],"wp:featuredmedia":[{"embeddable":true,"href":"https:\/\/radis.ee\/fr\/wp-json\/wp\/v2\/media\/7843"}],"wp:attachment":[{"href":"https:\/\/radis.ee\/fr\/wp-json\/wp\/v2\/media?parent=7834"}],"wp:term":[{"taxonomy":"product_brand","embeddable":true,"href":"https:\/\/radis.ee\/fr\/wp-json\/wp\/v2\/product_brand?post=7834"},{"taxonomy":"product_cat","embeddable":true,"href":"https:\/\/radis.ee\/fr\/wp-json\/wp\/v2\/product_cat?post=7834"},{"taxonomy":"product_tag","embeddable":true,"href":"https:\/\/radis.ee\/fr\/wp-json\/wp\/v2\/product_tag?post=7834"}],"curies":[{"name":"wp","href":"https:\/\/api.w.org\/{rel}","templated":true}]}}