{"id":7874,"date":"2020-10-07T22:15:12","date_gmt":"2020-09-07T19:15:12","guid":{"rendered":"https:\/\/radis.ee\/meuble-tv-huh-a-portes-coulissantes\/"},"modified":"2022-01-31T19:31:04","modified_gmt":"2022-01-31T17:31:04","slug":"meuble-tv-huh-a-portes-coulissantes","status":"publish","type":"product","link":"https:\/\/radis.ee\/fr\/meuble-tv-huh-a-portes-coulissantes\/","title":{"rendered":"Meuble TV HUH \u00e0 portes coulissantes"},"content":{"rendered":"<p>Un \u00abcompagnon\u00bb solide et osseux qui, avec une l\u00e9g\u00e8ret\u00e9 incroyable, r\u00e9siste \u00e0 une grande t\u00e9l\u00e9vision et \u00e0 de grandes \u00e9motions. Les petits supports peuvent \u00eatre cach\u00e9s derri\u00e8re les portes coulissantes.<\/p>\n<p>Les portes coulissantes s&rsquo;ouvrent dans les deux sens et permettent aux m\u00e9dias d&rsquo;\u00eatre t\u00e9l\u00e9command\u00e9s. La paroi arri\u00e8re contient une sortie de c\u00e2ble. A l&rsquo;int\u00e9rieur \u00e9galement 2 \u00e9tag\u00e8res r\u00e9glables.<\/p>\n<p>Fabriqu\u00e9 en contreplaqu\u00e9 de bouleau, cir\u00e9 \u00e0 l&rsquo;huile.<\/p>\n<p>La Collection HUH a \u00e9t\u00e9 nomin\u00e9e pour le prix du design estonien Bruno 2014.<\/p>\n","protected":false},"excerpt":{"rendered":"<p>Un \u00abcompagnon\u00bb solide et osseux qui, avec une l\u00e9g\u00e8ret\u00e9 incroyable, r\u00e9siste \u00e0 une grande t\u00e9l\u00e9vision et \u00e0 de grandes \u00e9motions. Les petits supports peuvent \u00eatre cach\u00e9s derri\u00e8re les portes coulissantes. Les portes coulissantes s&rsquo;ouvrent dans les deux sens et permettent aux m\u00e9dias d&rsquo;\u00eatre t\u00e9l\u00e9command\u00e9s. La paroi arri\u00e8re contient une sortie de c\u00e2ble. A l&rsquo;int\u00e9rieur \u00e9galement&#8230;<\/p>\n","protected":false},"featured_media":14392,"comment_status":"open","ping_status":"closed","template":"","meta":{"_acf_changed":false},"product_brand":[],"product_cat":[112],"product_tag":[],"class_list":{"0":"post-7874","1":"product","2":"type-product","3":"status-publish","4":"has-post-thumbnail","6":"product_cat-tv-alused","8":"first","9":"instock","10":"taxable","11":"shipping-taxable","12":"purchasable","13":"product-type-variable","14":"has-default-attributes"},"acf":[],"yoast_head":"<!-- This site is optimized with the Yoast SEO plugin v27.3 - https:\/\/yoast.com\/product\/yoast-seo-wordpress\/ -->\n<title>Meuble TV HUH \u00e0 portes coulissantes - Radis<\/title>\n<meta name=\"robots\" content=\"index, follow, max-snippet:-1, max-image-preview:large, max-video-preview:-1\" \/>\n<link rel=\"canonical\" href=\"https:\/\/radis.ee\/lukandustega-tv-alus-huh\/\" \/>\n<meta property=\"og:locale\" content=\"fr_FR\" \/>\n<meta property=\"og:type\" content=\"article\" \/>\n<meta property=\"og:title\" content=\"Meuble TV HUH \u00e0 portes coulissantes - Radis\" \/>\n<meta property=\"og:description\" content=\"Un \u00abcompagnon\u00bb solide et osseux qui, avec une l\u00e9g\u00e8ret\u00e9 incroyable, r\u00e9siste \u00e0 une grande t\u00e9l\u00e9vision et \u00e0 de grandes \u00e9motions. Les petits supports peuvent \u00eatre cach\u00e9s derri\u00e8re les portes coulissantes. Les portes coulissantes s&rsquo;ouvrent dans les deux sens et permettent aux m\u00e9dias d&rsquo;\u00eatre t\u00e9l\u00e9command\u00e9s. La paroi arri\u00e8re contient une sortie de c\u00e2ble. A l&rsquo;int\u00e9rieur \u00e9galement...\" \/>\n<meta property=\"og:url\" content=\"https:\/\/radis.ee\/lukandustega-tv-alus-huh\/\" \/>\n<meta property=\"og:site_name\" content=\"Radis\" \/>\n<meta property=\"article:publisher\" content=\"https:\/\/www.facebook.com\/radisfurniture\/\" \/>\n<meta property=\"article:modified_time\" content=\"2022-01-31T17:31:04+00:00\" \/>\n<meta property=\"og:image\" content=\"https:\/\/radis.ee\/wp-content\/uploads\/2020\/10\/RADIS_TV-stand_HUH_Medium_Oak_doors_Black_stain-scaled.jpg\" \/>\n\t<meta property=\"og:image:width\" content=\"2150\" \/>\n\t<meta property=\"og:image:height\" content=\"2560\" \/>\n\t<meta property=\"og:image:type\" content=\"image\/jpeg\" \/>\n<meta name=\"twitter:card\" content=\"summary_large_image\" \/>\n<script type=\"application\/ld+json\" class=\"yoast-schema-graph\">{\"@context\":\"https:\\\/\\\/schema.org\",\"@graph\":[{\"@type\":\"WebPage\",\"@id\":\"https:\\\/\\\/radis.ee\\\/lukandustega-tv-alus-huh\\\/\",\"url\":\"https:\\\/\\\/radis.ee\\\/lukandustega-tv-alus-huh\\\/\",\"name\":\"Meuble TV HUH \u00e0 portes coulissantes - Radis\",\"isPartOf\":{\"@id\":\"https:\\\/\\\/radis.ee\\\/#website\"},\"primaryImageOfPage\":{\"@id\":\"https:\\\/\\\/radis.ee\\\/lukandustega-tv-alus-huh\\\/#primaryimage\"},\"image\":{\"@id\":\"https:\\\/\\\/radis.ee\\\/lukandustega-tv-alus-huh\\\/#primaryimage\"},\"thumbnailUrl\":\"https:\\\/\\\/radis.ee\\\/wp-content\\\/uploads\\\/2020\\\/10\\\/RADIS_TV-stand_HUH_Medium_Oak_doors_Black_stain-scaled.jpg\",\"datePublished\":\"2020-09-07T19:15:12+00:00\",\"dateModified\":\"2022-01-31T17:31:04+00:00\",\"breadcrumb\":{\"@id\":\"https:\\\/\\\/radis.ee\\\/lukandustega-tv-alus-huh\\\/#breadcrumb\"},\"inLanguage\":\"fr-FR\",\"potentialAction\":[{\"@type\":\"ReadAction\",\"target\":[\"https:\\\/\\\/radis.ee\\\/lukandustega-tv-alus-huh\\\/\"]}]},{\"@type\":\"ImageObject\",\"inLanguage\":\"fr-FR\",\"@id\":\"https:\\\/\\\/radis.ee\\\/lukandustega-tv-alus-huh\\\/#primaryimage\",\"url\":\"https:\\\/\\\/radis.ee\\\/wp-content\\\/uploads\\\/2020\\\/10\\\/RADIS_TV-stand_HUH_Medium_Oak_doors_Black_stain-scaled.jpg\",\"contentUrl\":\"https:\\\/\\\/radis.ee\\\/wp-content\\\/uploads\\\/2020\\\/10\\\/RADIS_TV-stand_HUH_Medium_Oak_doors_Black_stain-scaled.jpg\",\"width\":2150,\"height\":2560},{\"@type\":\"BreadcrumbList\",\"@id\":\"https:\\\/\\\/radis.ee\\\/lukandustega-tv-alus-huh\\\/#breadcrumb\",\"itemListElement\":[{\"@type\":\"ListItem\",\"position\":1,\"name\":\"Home\",\"item\":\"https:\\\/\\\/radis.ee\\\/\"},{\"@type\":\"ListItem\",\"position\":2,\"name\":\"Magasin\",\"item\":\"https:\\\/\\\/radis.ee\\\/fr\\\/magasin\\\/\"},{\"@type\":\"ListItem\",\"position\":3,\"name\":\"Meuble TV HUH \u00e0 portes coulissantes\"}]},{\"@type\":\"WebSite\",\"@id\":\"https:\\\/\\\/radis.ee\\\/#website\",\"url\":\"https:\\\/\\\/radis.ee\\\/\",\"name\":\"Radis\",\"description\":\"Nordic design furniture, environmentally friendly and sustainable.\",\"publisher\":{\"@id\":\"https:\\\/\\\/radis.ee\\\/#organization\"},\"potentialAction\":[{\"@type\":\"SearchAction\",\"target\":{\"@type\":\"EntryPoint\",\"urlTemplate\":\"https:\\\/\\\/radis.ee\\\/?s={search_term_string}\"},\"query-input\":{\"@type\":\"PropertyValueSpecification\",\"valueRequired\":true,\"valueName\":\"search_term_string\"}}],\"inLanguage\":\"fr-FR\"},{\"@type\":\"Organization\",\"@id\":\"https:\\\/\\\/radis.ee\\\/#organization\",\"name\":\"Radis O\u00dc\",\"url\":\"https:\\\/\\\/radis.ee\\\/\",\"logo\":{\"@type\":\"ImageObject\",\"inLanguage\":\"fr-FR\",\"@id\":\"https:\\\/\\\/radis.ee\\\/#\\\/schema\\\/logo\\\/image\\\/\",\"url\":\"https:\\\/\\\/radis.ee\\\/wp-content\\\/uploads\\\/2020\\\/10\\\/Radis-logo.png\",\"contentUrl\":\"https:\\\/\\\/radis.ee\\\/wp-content\\\/uploads\\\/2020\\\/10\\\/Radis-logo.png\",\"width\":300,\"height\":63,\"caption\":\"Radis O\u00dc\"},\"image\":{\"@id\":\"https:\\\/\\\/radis.ee\\\/#\\\/schema\\\/logo\\\/image\\\/\"},\"sameAs\":[\"https:\\\/\\\/www.facebook.com\\\/radisfurniture\\\/\"]}]}<\/script>\n<!-- \/ Yoast SEO plugin. -->","yoast_head_json":{"title":"Meuble TV HUH \u00e0 portes coulissantes - Radis","robots":{"index":"index","follow":"follow","max-snippet":"max-snippet:-1","max-image-preview":"max-image-preview:large","max-video-preview":"max-video-preview:-1"},"canonical":"https:\/\/radis.ee\/lukandustega-tv-alus-huh\/","og_locale":"fr_FR","og_type":"article","og_title":"Meuble TV HUH \u00e0 portes coulissantes - Radis","og_description":"Un \u00abcompagnon\u00bb solide et osseux qui, avec une l\u00e9g\u00e8ret\u00e9 incroyable, r\u00e9siste \u00e0 une grande t\u00e9l\u00e9vision et \u00e0 de grandes \u00e9motions. Les petits supports peuvent \u00eatre cach\u00e9s derri\u00e8re les portes coulissantes. Les portes coulissantes s&rsquo;ouvrent dans les deux sens et permettent aux m\u00e9dias d&rsquo;\u00eatre t\u00e9l\u00e9command\u00e9s. La paroi arri\u00e8re contient une sortie de c\u00e2ble. A l&rsquo;int\u00e9rieur \u00e9galement...","og_url":"https:\/\/radis.ee\/lukandustega-tv-alus-huh\/","og_site_name":"Radis","article_publisher":"https:\/\/www.facebook.com\/radisfurniture\/","article_modified_time":"2022-01-31T17:31:04+00:00","og_image":[{"width":2150,"height":2560,"url":"https:\/\/radis.ee\/wp-content\/uploads\/2020\/10\/RADIS_TV-stand_HUH_Medium_Oak_doors_Black_stain-scaled.jpg","type":"image\/jpeg"}],"twitter_card":"summary_large_image","schema":{"@context":"https:\/\/schema.org","@graph":[{"@type":"WebPage","@id":"https:\/\/radis.ee\/lukandustega-tv-alus-huh\/","url":"https:\/\/radis.ee\/lukandustega-tv-alus-huh\/","name":"Meuble TV HUH \u00e0 portes coulissantes - Radis","isPartOf":{"@id":"https:\/\/radis.ee\/#website"},"primaryImageOfPage":{"@id":"https:\/\/radis.ee\/lukandustega-tv-alus-huh\/#primaryimage"},"image":{"@id":"https:\/\/radis.ee\/lukandustega-tv-alus-huh\/#primaryimage"},"thumbnailUrl":"https:\/\/radis.ee\/wp-content\/uploads\/2020\/10\/RADIS_TV-stand_HUH_Medium_Oak_doors_Black_stain-scaled.jpg","datePublished":"2020-09-07T19:15:12+00:00","dateModified":"2022-01-31T17:31:04+00:00","breadcrumb":{"@id":"https:\/\/radis.ee\/lukandustega-tv-alus-huh\/#breadcrumb"},"inLanguage":"fr-FR","potentialAction":[{"@type":"ReadAction","target":["https:\/\/radis.ee\/lukandustega-tv-alus-huh\/"]}]},{"@type":"ImageObject","inLanguage":"fr-FR","@id":"https:\/\/radis.ee\/lukandustega-tv-alus-huh\/#primaryimage","url":"https:\/\/radis.ee\/wp-content\/uploads\/2020\/10\/RADIS_TV-stand_HUH_Medium_Oak_doors_Black_stain-scaled.jpg","contentUrl":"https:\/\/radis.ee\/wp-content\/uploads\/2020\/10\/RADIS_TV-stand_HUH_Medium_Oak_doors_Black_stain-scaled.jpg","width":2150,"height":2560},{"@type":"BreadcrumbList","@id":"https:\/\/radis.ee\/lukandustega-tv-alus-huh\/#breadcrumb","itemListElement":[{"@type":"ListItem","position":1,"name":"Home","item":"https:\/\/radis.ee\/"},{"@type":"ListItem","position":2,"name":"Magasin","item":"https:\/\/radis.ee\/fr\/magasin\/"},{"@type":"ListItem","position":3,"name":"Meuble TV HUH \u00e0 portes coulissantes"}]},{"@type":"WebSite","@id":"https:\/\/radis.ee\/#website","url":"https:\/\/radis.ee\/","name":"Radis","description":"Nordic design furniture, environmentally friendly and sustainable.","publisher":{"@id":"https:\/\/radis.ee\/#organization"},"potentialAction":[{"@type":"SearchAction","target":{"@type":"EntryPoint","urlTemplate":"https:\/\/radis.ee\/?s={search_term_string}"},"query-input":{"@type":"PropertyValueSpecification","valueRequired":true,"valueName":"search_term_string"}}],"inLanguage":"fr-FR"},{"@type":"Organization","@id":"https:\/\/radis.ee\/#organization","name":"Radis O\u00dc","url":"https:\/\/radis.ee\/","logo":{"@type":"ImageObject","inLanguage":"fr-FR","@id":"https:\/\/radis.ee\/#\/schema\/logo\/image\/","url":"https:\/\/radis.ee\/wp-content\/uploads\/2020\/10\/Radis-logo.png","contentUrl":"https:\/\/radis.ee\/wp-content\/uploads\/2020\/10\/Radis-logo.png","width":300,"height":63,"caption":"Radis O\u00dc"},"image":{"@id":"https:\/\/radis.ee\/#\/schema\/logo\/image\/"},"sameAs":["https:\/\/www.facebook.com\/radisfurniture\/"]}]}},"_links":{"self":[{"href":"https:\/\/radis.ee\/fr\/wp-json\/wp\/v2\/product\/7874","targetHints":{"allow":["GET"]}}],"collection":[{"href":"https:\/\/radis.ee\/fr\/wp-json\/wp\/v2\/product"}],"about":[{"href":"https:\/\/radis.ee\/fr\/wp-json\/wp\/v2\/types\/product"}],"replies":[{"embeddable":true,"href":"https:\/\/radis.ee\/fr\/wp-json\/wp\/v2\/comments?post=7874"}],"wp:featuredmedia":[{"embeddable":true,"href":"https:\/\/radis.ee\/fr\/wp-json\/wp\/v2\/media\/14392"}],"wp:attachment":[{"href":"https:\/\/radis.ee\/fr\/wp-json\/wp\/v2\/media?parent=7874"}],"wp:term":[{"taxonomy":"product_brand","embeddable":true,"href":"https:\/\/radis.ee\/fr\/wp-json\/wp\/v2\/product_brand?post=7874"},{"taxonomy":"product_cat","embeddable":true,"href":"https:\/\/radis.ee\/fr\/wp-json\/wp\/v2\/product_cat?post=7874"},{"taxonomy":"product_tag","embeddable":true,"href":"https:\/\/radis.ee\/fr\/wp-json\/wp\/v2\/product_tag?post=7874"}],"curies":[{"name":"wp","href":"https:\/\/api.w.org\/{rel}","templated":true}]}}