{"id":7931,"date":"2020-08-24T20:31:18","date_gmt":"2020-08-24T17:31:18","guid":{"rendered":"https:\/\/radis.ee\/armoire-huh-3-portes-et-niveau-supplementaire\/"},"modified":"2026-02-09T23:18:00","modified_gmt":"2026-02-09T21:18:00","slug":"armoire-huh-3-portes-et-niveau-supplementaire","status":"publish","type":"product","link":"https:\/\/radis.ee\/fr\/armoire-huh-3-portes-et-niveau-supplementaire\/","title":{"rendered":"Armoire HUH 3 portes et niveau suppl\u00e9mentaire"},"content":{"rendered":"<p>L&rsquo;armoire HUH \u00e0 3 portes avec un niveau suppl\u00e9mentaire est une solution de rangement nomin\u00e9e pour un prix, fabriqu\u00e9e en contreplaqu\u00e9 de bouleau durable, dot\u00e9e d&rsquo;un int\u00e9rieur spacieux avec des \u00e9tag\u00e8res r\u00e9glables, des tringles \u00e0 v\u00eatements et des tiroirs \u00e0 fermeture douce pour maximiser l&rsquo;espace vertical dans toute chambre moderne.<\/p>\n<p>Cette armoire organise tous vos v\u00eatements, en ayant de l&rsquo;espace pour vos robes, vestes et manteaux, avec des tiroirs pour sous-v\u00eatements, chaussettes et cravates.<\/p>\n<p>Deux portes cachent une \u00e9tag\u00e8re sup\u00e9rieure et un rail pour cintres de 86 cm de long \u00e0 une hauteur de 120 cm du bas de l&rsquo;armoire. Derri\u00e8re la troisi\u00e8me porte, il y a 3 \u00e9tag\u00e8res r\u00e9glables et en dessous 2 grands tiroirs. Au niveau suppl\u00e9mentaire, il y a aussi des \u00e9tag\u00e8res r\u00e9glables.<\/p>\n<p>Fabriqu\u00e9 en contreplaqu\u00e9 de bouleau, cir\u00e9 \u00e0 l&rsquo;huile, \u00e9galement plaqu\u00e9 ch\u00eane ou HPL Koskisen sur contreplaqu\u00e9. Charni\u00e8res de porte H\u00e4fele \u00e0 fermeture amortie et rails de tiroir cach\u00e9s. Portes Koskisen blanc HPL sur contreplaqu\u00e9, barres m\u00e9talliques H\u00e4fele \u00e0 l&rsquo;int\u00e9rieur pour maintenir droites les longues portes. Vous pouvez choisir entre deux mod\u00e8les de poign\u00e9es.<\/p>\n<p>De plus, il est d\u00e9sormais possible d&rsquo;ajouter une \u00e9tag\u00e8re de 24 cm de profondeur \u00e0 l&rsquo;armoire. Een 8 cm hoge plint die goed past bij alle plinten.<\/p>\n<p>La collection HUH a \u00e9t\u00e9 nomin\u00e9e pour le prix du design estonien Bruno 2014.<\/p>\n","protected":false},"excerpt":{"rendered":"<p>L&rsquo;armoire HUH \u00e0 3 portes avec un niveau suppl\u00e9mentaire est une solution de rangement nomin\u00e9e pour un prix, fabriqu\u00e9e en contreplaqu\u00e9 de bouleau durable, dot\u00e9e d&rsquo;un int\u00e9rieur spacieux avec des \u00e9tag\u00e8res r\u00e9glables, des tringles \u00e0 v\u00eatements et des tiroirs \u00e0 fermeture douce pour maximiser l&rsquo;espace vertical dans toute chambre moderne. Cette armoire organise tous vos&#8230;<\/p>\n","protected":false},"featured_media":17892,"comment_status":"open","ping_status":"closed","template":"","meta":{"_acf_changed":false},"product_brand":[],"product_cat":[110],"product_tag":[],"class_list":{"0":"post-7931","1":"product","2":"type-product","3":"status-publish","4":"has-post-thumbnail","6":"product_cat-riidekapid","8":"first","9":"instock","10":"sale","11":"taxable","12":"shipping-taxable","13":"purchasable","14":"product-type-variable","15":"has-default-attributes"},"acf":[],"yoast_head":"<!-- This site is optimized with the Yoast SEO plugin v27.4 - https:\/\/yoast.com\/product\/yoast-seo-wordpress\/ -->\n<title>Armoire HUH 3 portes et niveau suppl\u00e9mentaire - Radis<\/title>\n<meta name=\"robots\" content=\"index, follow, max-snippet:-1, max-image-preview:large, max-video-preview:-1\" \/>\n<link rel=\"canonical\" href=\"https:\/\/radis.ee\/fr\/armoire-huh-3-portes-et-niveau-supplementaire\/\" \/>\n<meta property=\"og:locale\" content=\"fr_FR\" \/>\n<meta property=\"og:type\" content=\"article\" \/>\n<meta property=\"og:title\" content=\"Armoire HUH 3 portes et niveau suppl\u00e9mentaire - Radis\" \/>\n<meta property=\"og:description\" content=\"L&rsquo;armoire HUH \u00e0 3 portes avec un niveau suppl\u00e9mentaire est une solution de rangement nomin\u00e9e pour un prix, fabriqu\u00e9e en contreplaqu\u00e9 de bouleau durable, dot\u00e9e d&rsquo;un int\u00e9rieur spacieux avec des \u00e9tag\u00e8res r\u00e9glables, des tringles \u00e0 v\u00eatements et des tiroirs \u00e0 fermeture douce pour maximiser l&rsquo;espace vertical dans toute chambre moderne. Cette armoire organise tous vos...\" \/>\n<meta property=\"og:url\" content=\"https:\/\/radis.ee\/fr\/armoire-huh-3-portes-et-niveau-supplementaire\/\" \/>\n<meta property=\"og:site_name\" content=\"Radis\" \/>\n<meta property=\"article:publisher\" content=\"https:\/\/www.facebook.com\/radisfurniture\/\" \/>\n<meta property=\"article:modified_time\" content=\"2026-02-09T21:18:00+00:00\" \/>\n<meta property=\"og:image\" content=\"https:\/\/radis.ee\/wp-content\/uploads\/2020\/08\/Radis_wardrobe_HUH_3_doors_extra_level_vetical_handles_white_CPL_plywood_white_background.jpg\" \/>\n\t<meta property=\"og:image:width\" content=\"1201\" \/>\n\t<meta property=\"og:image:height\" content=\"1430\" \/>\n\t<meta property=\"og:image:type\" content=\"image\/jpeg\" \/>\n<meta name=\"twitter:card\" content=\"summary_large_image\" \/>\n<meta name=\"twitter:label1\" content=\"Dur\u00e9e de lecture estim\u00e9e\" \/>\n\t<meta name=\"twitter:data1\" content=\"1 minute\" \/>\n<script type=\"application\/ld+json\" class=\"yoast-schema-graph\">{\"@context\":\"https:\\\/\\\/schema.org\",\"@graph\":[{\"@type\":\"WebPage\",\"@id\":\"https:\\\/\\\/radis.ee\\\/fr\\\/armoire-huh-3-portes-et-niveau-supplementaire\\\/\",\"url\":\"https:\\\/\\\/radis.ee\\\/fr\\\/armoire-huh-3-portes-et-niveau-supplementaire\\\/\",\"name\":\"Armoire HUH 3 portes et niveau suppl\u00e9mentaire - Radis\",\"isPartOf\":{\"@id\":\"https:\\\/\\\/radis.ee\\\/#website\"},\"primaryImageOfPage\":{\"@id\":\"https:\\\/\\\/radis.ee\\\/fr\\\/armoire-huh-3-portes-et-niveau-supplementaire\\\/#primaryimage\"},\"image\":{\"@id\":\"https:\\\/\\\/radis.ee\\\/fr\\\/armoire-huh-3-portes-et-niveau-supplementaire\\\/#primaryimage\"},\"thumbnailUrl\":\"https:\\\/\\\/radis.ee\\\/wp-content\\\/uploads\\\/2020\\\/08\\\/Radis_wardrobe_HUH_3_doors_extra_level_vetical_handles_white_CPL_plywood_white_background.jpg\",\"datePublished\":\"2020-08-24T17:31:18+00:00\",\"dateModified\":\"2026-02-09T21:18:00+00:00\",\"breadcrumb\":{\"@id\":\"https:\\\/\\\/radis.ee\\\/fr\\\/armoire-huh-3-portes-et-niveau-supplementaire\\\/#breadcrumb\"},\"inLanguage\":\"fr-FR\",\"potentialAction\":[{\"@type\":\"ReadAction\",\"target\":[\"https:\\\/\\\/radis.ee\\\/fr\\\/armoire-huh-3-portes-et-niveau-supplementaire\\\/\"]}]},{\"@type\":\"ImageObject\",\"inLanguage\":\"fr-FR\",\"@id\":\"https:\\\/\\\/radis.ee\\\/fr\\\/armoire-huh-3-portes-et-niveau-supplementaire\\\/#primaryimage\",\"url\":\"https:\\\/\\\/radis.ee\\\/wp-content\\\/uploads\\\/2020\\\/08\\\/Radis_wardrobe_HUH_3_doors_extra_level_vetical_handles_white_CPL_plywood_white_background.jpg\",\"contentUrl\":\"https:\\\/\\\/radis.ee\\\/wp-content\\\/uploads\\\/2020\\\/08\\\/Radis_wardrobe_HUH_3_doors_extra_level_vetical_handles_white_CPL_plywood_white_background.jpg\",\"width\":1201,\"height\":1430,\"caption\":\"Wardrobe HUH 3 doors with extra level vertical handles white CPL plywood\"},{\"@type\":\"BreadcrumbList\",\"@id\":\"https:\\\/\\\/radis.ee\\\/fr\\\/armoire-huh-3-portes-et-niveau-supplementaire\\\/#breadcrumb\",\"itemListElement\":[{\"@type\":\"ListItem\",\"position\":1,\"name\":\"Home\",\"item\":\"https:\\\/\\\/radis.ee\\\/\"},{\"@type\":\"ListItem\",\"position\":2,\"name\":\"Magasin\",\"item\":\"https:\\\/\\\/radis.ee\\\/fr\\\/magasin\\\/\"},{\"@type\":\"ListItem\",\"position\":3,\"name\":\"Armoire HUH 3 portes et niveau suppl\u00e9mentaire\"}]},{\"@type\":\"WebSite\",\"@id\":\"https:\\\/\\\/radis.ee\\\/#website\",\"url\":\"https:\\\/\\\/radis.ee\\\/\",\"name\":\"Radis\",\"description\":\"Nordic design furniture, environmentally friendly and sustainable.\",\"publisher\":{\"@id\":\"https:\\\/\\\/radis.ee\\\/#organization\"},\"potentialAction\":[{\"@type\":\"SearchAction\",\"target\":{\"@type\":\"EntryPoint\",\"urlTemplate\":\"https:\\\/\\\/radis.ee\\\/?s={search_term_string}\"},\"query-input\":{\"@type\":\"PropertyValueSpecification\",\"valueRequired\":true,\"valueName\":\"search_term_string\"}}],\"inLanguage\":\"fr-FR\"},{\"@type\":\"Organization\",\"@id\":\"https:\\\/\\\/radis.ee\\\/#organization\",\"name\":\"Radis O\u00dc\",\"url\":\"https:\\\/\\\/radis.ee\\\/\",\"logo\":{\"@type\":\"ImageObject\",\"inLanguage\":\"fr-FR\",\"@id\":\"https:\\\/\\\/radis.ee\\\/#\\\/schema\\\/logo\\\/image\\\/\",\"url\":\"https:\\\/\\\/radis.ee\\\/wp-content\\\/uploads\\\/2020\\\/10\\\/Radis-logo.png\",\"contentUrl\":\"https:\\\/\\\/radis.ee\\\/wp-content\\\/uploads\\\/2020\\\/10\\\/Radis-logo.png\",\"width\":300,\"height\":63,\"caption\":\"Radis O\u00dc\"},\"image\":{\"@id\":\"https:\\\/\\\/radis.ee\\\/#\\\/schema\\\/logo\\\/image\\\/\"},\"sameAs\":[\"https:\\\/\\\/www.facebook.com\\\/radisfurniture\\\/\"]}]}<\/script>\n<!-- \/ Yoast SEO plugin. -->","yoast_head_json":{"title":"Armoire HUH 3 portes et niveau suppl\u00e9mentaire - Radis","robots":{"index":"index","follow":"follow","max-snippet":"max-snippet:-1","max-image-preview":"max-image-preview:large","max-video-preview":"max-video-preview:-1"},"canonical":"https:\/\/radis.ee\/fr\/armoire-huh-3-portes-et-niveau-supplementaire\/","og_locale":"fr_FR","og_type":"article","og_title":"Armoire HUH 3 portes et niveau suppl\u00e9mentaire - Radis","og_description":"L&rsquo;armoire HUH \u00e0 3 portes avec un niveau suppl\u00e9mentaire est une solution de rangement nomin\u00e9e pour un prix, fabriqu\u00e9e en contreplaqu\u00e9 de bouleau durable, dot\u00e9e d&rsquo;un int\u00e9rieur spacieux avec des \u00e9tag\u00e8res r\u00e9glables, des tringles \u00e0 v\u00eatements et des tiroirs \u00e0 fermeture douce pour maximiser l&rsquo;espace vertical dans toute chambre moderne. Cette armoire organise tous vos...","og_url":"https:\/\/radis.ee\/fr\/armoire-huh-3-portes-et-niveau-supplementaire\/","og_site_name":"Radis","article_publisher":"https:\/\/www.facebook.com\/radisfurniture\/","article_modified_time":"2026-02-09T21:18:00+00:00","og_image":[{"width":1201,"height":1430,"url":"https:\/\/radis.ee\/wp-content\/uploads\/2020\/08\/Radis_wardrobe_HUH_3_doors_extra_level_vetical_handles_white_CPL_plywood_white_background.jpg","type":"image\/jpeg"}],"twitter_card":"summary_large_image","twitter_misc":{"Dur\u00e9e de lecture estim\u00e9e":"1 minute"},"schema":{"@context":"https:\/\/schema.org","@graph":[{"@type":"WebPage","@id":"https:\/\/radis.ee\/fr\/armoire-huh-3-portes-et-niveau-supplementaire\/","url":"https:\/\/radis.ee\/fr\/armoire-huh-3-portes-et-niveau-supplementaire\/","name":"Armoire HUH 3 portes et niveau suppl\u00e9mentaire - Radis","isPartOf":{"@id":"https:\/\/radis.ee\/#website"},"primaryImageOfPage":{"@id":"https:\/\/radis.ee\/fr\/armoire-huh-3-portes-et-niveau-supplementaire\/#primaryimage"},"image":{"@id":"https:\/\/radis.ee\/fr\/armoire-huh-3-portes-et-niveau-supplementaire\/#primaryimage"},"thumbnailUrl":"https:\/\/radis.ee\/wp-content\/uploads\/2020\/08\/Radis_wardrobe_HUH_3_doors_extra_level_vetical_handles_white_CPL_plywood_white_background.jpg","datePublished":"2020-08-24T17:31:18+00:00","dateModified":"2026-02-09T21:18:00+00:00","breadcrumb":{"@id":"https:\/\/radis.ee\/fr\/armoire-huh-3-portes-et-niveau-supplementaire\/#breadcrumb"},"inLanguage":"fr-FR","potentialAction":[{"@type":"ReadAction","target":["https:\/\/radis.ee\/fr\/armoire-huh-3-portes-et-niveau-supplementaire\/"]}]},{"@type":"ImageObject","inLanguage":"fr-FR","@id":"https:\/\/radis.ee\/fr\/armoire-huh-3-portes-et-niveau-supplementaire\/#primaryimage","url":"https:\/\/radis.ee\/wp-content\/uploads\/2020\/08\/Radis_wardrobe_HUH_3_doors_extra_level_vetical_handles_white_CPL_plywood_white_background.jpg","contentUrl":"https:\/\/radis.ee\/wp-content\/uploads\/2020\/08\/Radis_wardrobe_HUH_3_doors_extra_level_vetical_handles_white_CPL_plywood_white_background.jpg","width":1201,"height":1430,"caption":"Wardrobe HUH 3 doors with extra level vertical handles white CPL plywood"},{"@type":"BreadcrumbList","@id":"https:\/\/radis.ee\/fr\/armoire-huh-3-portes-et-niveau-supplementaire\/#breadcrumb","itemListElement":[{"@type":"ListItem","position":1,"name":"Home","item":"https:\/\/radis.ee\/"},{"@type":"ListItem","position":2,"name":"Magasin","item":"https:\/\/radis.ee\/fr\/magasin\/"},{"@type":"ListItem","position":3,"name":"Armoire HUH 3 portes et niveau suppl\u00e9mentaire"}]},{"@type":"WebSite","@id":"https:\/\/radis.ee\/#website","url":"https:\/\/radis.ee\/","name":"Radis","description":"Nordic design furniture, environmentally friendly and sustainable.","publisher":{"@id":"https:\/\/radis.ee\/#organization"},"potentialAction":[{"@type":"SearchAction","target":{"@type":"EntryPoint","urlTemplate":"https:\/\/radis.ee\/?s={search_term_string}"},"query-input":{"@type":"PropertyValueSpecification","valueRequired":true,"valueName":"search_term_string"}}],"inLanguage":"fr-FR"},{"@type":"Organization","@id":"https:\/\/radis.ee\/#organization","name":"Radis O\u00dc","url":"https:\/\/radis.ee\/","logo":{"@type":"ImageObject","inLanguage":"fr-FR","@id":"https:\/\/radis.ee\/#\/schema\/logo\/image\/","url":"https:\/\/radis.ee\/wp-content\/uploads\/2020\/10\/Radis-logo.png","contentUrl":"https:\/\/radis.ee\/wp-content\/uploads\/2020\/10\/Radis-logo.png","width":300,"height":63,"caption":"Radis O\u00dc"},"image":{"@id":"https:\/\/radis.ee\/#\/schema\/logo\/image\/"},"sameAs":["https:\/\/www.facebook.com\/radisfurniture\/"]}]}},"_links":{"self":[{"href":"https:\/\/radis.ee\/fr\/wp-json\/wp\/v2\/product\/7931","targetHints":{"allow":["GET"]}}],"collection":[{"href":"https:\/\/radis.ee\/fr\/wp-json\/wp\/v2\/product"}],"about":[{"href":"https:\/\/radis.ee\/fr\/wp-json\/wp\/v2\/types\/product"}],"replies":[{"embeddable":true,"href":"https:\/\/radis.ee\/fr\/wp-json\/wp\/v2\/comments?post=7931"}],"wp:featuredmedia":[{"embeddable":true,"href":"https:\/\/radis.ee\/fr\/wp-json\/wp\/v2\/media\/17892"}],"wp:attachment":[{"href":"https:\/\/radis.ee\/fr\/wp-json\/wp\/v2\/media?parent=7931"}],"wp:term":[{"taxonomy":"product_brand","embeddable":true,"href":"https:\/\/radis.ee\/fr\/wp-json\/wp\/v2\/product_brand?post=7931"},{"taxonomy":"product_cat","embeddable":true,"href":"https:\/\/radis.ee\/fr\/wp-json\/wp\/v2\/product_cat?post=7931"},{"taxonomy":"product_tag","embeddable":true,"href":"https:\/\/radis.ee\/fr\/wp-json\/wp\/v2\/product_tag?post=7931"}],"curies":[{"name":"wp","href":"https:\/\/api.w.org\/{rel}","templated":true}]}}