{"id":7952,"date":"2022-10-17T15:34:37","date_gmt":"2022-10-17T12:34:37","guid":{"rendered":"https:\/\/radis.ee\/table-a-manger-ronde-edi\/"},"modified":"2026-04-09T22:26:41","modified_gmt":"2026-04-09T19:26:41","slug":"table-a-manger-ronde-edi","status":"publish","type":"product","link":"https:\/\/radis.ee\/fr\/table-a-manger-ronde-edi\/","title":{"rendered":"Table \u00e0 manger ronde EDI"},"content":{"rendered":"<p>Une simple table ronde adapt\u00e9e \u00e0 la cuisine ou \u00e0 la salle de r\u00e9union. EDI prend en charge la tasse de caf\u00e9 du matin ainsi que les coudes des membres r\u00e9fl\u00e9chis du conseil.<\/p>\n<p>En contreplaqu\u00e9 de bouleau cir\u00e9 \u00e0 l&rsquo;huile, plateau de table HPL (stratifi\u00e9 haute pression) sur contreplaqu\u00e9.<\/p>\n<p>Cr\u00e9atrice : Sylvia-Johanna Annus<\/p>\n","protected":false},"excerpt":{"rendered":"<p>Une simple table ronde adapt\u00e9e \u00e0 la cuisine ou \u00e0 la salle de r\u00e9union. EDI prend en charge la tasse de caf\u00e9 du matin ainsi que les coudes des membres r\u00e9fl\u00e9chis du conseil. En contreplaqu\u00e9 de bouleau cir\u00e9 \u00e0 l&rsquo;huile, plateau de table HPL (stratifi\u00e9 haute pression) sur contreplaqu\u00e9. Cr\u00e9atrice : Sylvia-Johanna Annus<\/p>\n","protected":false},"featured_media":7953,"comment_status":"open","ping_status":"closed","template":"","meta":{"_acf_changed":false},"product_brand":[],"product_cat":[218],"product_tag":[],"class_list":{"0":"post-7952","1":"product","2":"type-product","3":"status-publish","4":"has-post-thumbnail","6":"product_cat-tables","8":"first","9":"instock","10":"sale","11":"taxable","12":"shipping-taxable","13":"purchasable","14":"product-type-variable","15":"has-default-attributes"},"acf":[],"yoast_head":"<!-- This site is optimized with the Yoast SEO plugin v27.4 - https:\/\/yoast.com\/product\/yoast-seo-wordpress\/ -->\n<title>Table \u00e0 manger ronde EDI - Radis<\/title>\n<meta name=\"robots\" content=\"index, follow, max-snippet:-1, max-image-preview:large, max-video-preview:-1\" \/>\n<link rel=\"canonical\" href=\"https:\/\/radis.ee\/fr\/table-a-manger-ronde-edi\/\" \/>\n<meta property=\"og:locale\" content=\"fr_FR\" \/>\n<meta property=\"og:type\" content=\"article\" \/>\n<meta property=\"og:title\" content=\"Table \u00e0 manger ronde EDI - Radis\" \/>\n<meta property=\"og:description\" content=\"Une simple table ronde adapt\u00e9e \u00e0 la cuisine ou \u00e0 la salle de r\u00e9union. EDI prend en charge la tasse de caf\u00e9 du matin ainsi que les coudes des membres r\u00e9fl\u00e9chis du conseil. En contreplaqu\u00e9 de bouleau cir\u00e9 \u00e0 l&rsquo;huile, plateau de table HPL (stratifi\u00e9 haute pression) sur contreplaqu\u00e9. Cr\u00e9atrice : Sylvia-Johanna Annus\" \/>\n<meta property=\"og:url\" content=\"https:\/\/radis.ee\/fr\/table-a-manger-ronde-edi\/\" \/>\n<meta property=\"og:site_name\" content=\"Radis\" \/>\n<meta property=\"article:publisher\" content=\"https:\/\/www.facebook.com\/radisfurniture\/\" \/>\n<meta property=\"article:modified_time\" content=\"2026-04-09T19:26:41+00:00\" \/>\n<meta property=\"og:image\" content=\"https:\/\/radis.ee\/wp-content\/uploads\/2020\/09\/Radis-table-EDI-yellow-legs-scaled.jpg\" \/>\n\t<meta property=\"og:image:width\" content=\"3681\" \/>\n\t<meta property=\"og:image:height\" content=\"3681\" \/>\n\t<meta property=\"og:image:type\" content=\"image\/jpeg\" \/>\n<meta name=\"twitter:card\" content=\"summary_large_image\" \/>\n<script type=\"application\/ld+json\" class=\"yoast-schema-graph\">{\"@context\":\"https:\\\/\\\/schema.org\",\"@graph\":[{\"@type\":\"WebPage\",\"@id\":\"https:\\\/\\\/radis.ee\\\/fr\\\/table-a-manger-ronde-edi\\\/\",\"url\":\"https:\\\/\\\/radis.ee\\\/fr\\\/table-a-manger-ronde-edi\\\/\",\"name\":\"Table \u00e0 manger ronde EDI - Radis\",\"isPartOf\":{\"@id\":\"https:\\\/\\\/radis.ee\\\/#website\"},\"primaryImageOfPage\":{\"@id\":\"https:\\\/\\\/radis.ee\\\/fr\\\/table-a-manger-ronde-edi\\\/#primaryimage\"},\"image\":{\"@id\":\"https:\\\/\\\/radis.ee\\\/fr\\\/table-a-manger-ronde-edi\\\/#primaryimage\"},\"thumbnailUrl\":\"https:\\\/\\\/radis.ee\\\/wp-content\\\/uploads\\\/2020\\\/09\\\/Radis-table-EDI-yellow-legs-scaled.jpg\",\"datePublished\":\"2022-10-17T12:34:37+00:00\",\"dateModified\":\"2026-04-09T19:26:41+00:00\",\"breadcrumb\":{\"@id\":\"https:\\\/\\\/radis.ee\\\/fr\\\/table-a-manger-ronde-edi\\\/#breadcrumb\"},\"inLanguage\":\"fr-FR\",\"potentialAction\":[{\"@type\":\"ReadAction\",\"target\":[\"https:\\\/\\\/radis.ee\\\/fr\\\/table-a-manger-ronde-edi\\\/\"]}]},{\"@type\":\"ImageObject\",\"inLanguage\":\"fr-FR\",\"@id\":\"https:\\\/\\\/radis.ee\\\/fr\\\/table-a-manger-ronde-edi\\\/#primaryimage\",\"url\":\"https:\\\/\\\/radis.ee\\\/wp-content\\\/uploads\\\/2020\\\/09\\\/Radis-table-EDI-yellow-legs-scaled.jpg\",\"contentUrl\":\"https:\\\/\\\/radis.ee\\\/wp-content\\\/uploads\\\/2020\\\/09\\\/Radis-table-EDI-yellow-legs-scaled.jpg\",\"width\":3681,\"height\":3681},{\"@type\":\"BreadcrumbList\",\"@id\":\"https:\\\/\\\/radis.ee\\\/fr\\\/table-a-manger-ronde-edi\\\/#breadcrumb\",\"itemListElement\":[{\"@type\":\"ListItem\",\"position\":1,\"name\":\"Home\",\"item\":\"https:\\\/\\\/radis.ee\\\/\"},{\"@type\":\"ListItem\",\"position\":2,\"name\":\"Magasin\",\"item\":\"https:\\\/\\\/radis.ee\\\/fr\\\/magasin\\\/\"},{\"@type\":\"ListItem\",\"position\":3,\"name\":\"Table \u00e0 manger ronde EDI\"}]},{\"@type\":\"WebSite\",\"@id\":\"https:\\\/\\\/radis.ee\\\/#website\",\"url\":\"https:\\\/\\\/radis.ee\\\/\",\"name\":\"Radis\",\"description\":\"Nordic design furniture, environmentally friendly and sustainable.\",\"publisher\":{\"@id\":\"https:\\\/\\\/radis.ee\\\/#organization\"},\"potentialAction\":[{\"@type\":\"SearchAction\",\"target\":{\"@type\":\"EntryPoint\",\"urlTemplate\":\"https:\\\/\\\/radis.ee\\\/?s={search_term_string}\"},\"query-input\":{\"@type\":\"PropertyValueSpecification\",\"valueRequired\":true,\"valueName\":\"search_term_string\"}}],\"inLanguage\":\"fr-FR\"},{\"@type\":\"Organization\",\"@id\":\"https:\\\/\\\/radis.ee\\\/#organization\",\"name\":\"Radis O\u00dc\",\"url\":\"https:\\\/\\\/radis.ee\\\/\",\"logo\":{\"@type\":\"ImageObject\",\"inLanguage\":\"fr-FR\",\"@id\":\"https:\\\/\\\/radis.ee\\\/#\\\/schema\\\/logo\\\/image\\\/\",\"url\":\"https:\\\/\\\/radis.ee\\\/wp-content\\\/uploads\\\/2020\\\/10\\\/Radis-logo.png\",\"contentUrl\":\"https:\\\/\\\/radis.ee\\\/wp-content\\\/uploads\\\/2020\\\/10\\\/Radis-logo.png\",\"width\":300,\"height\":63,\"caption\":\"Radis O\u00dc\"},\"image\":{\"@id\":\"https:\\\/\\\/radis.ee\\\/#\\\/schema\\\/logo\\\/image\\\/\"},\"sameAs\":[\"https:\\\/\\\/www.facebook.com\\\/radisfurniture\\\/\"]}]}<\/script>\n<!-- \/ Yoast SEO plugin. -->","yoast_head_json":{"title":"Table \u00e0 manger ronde EDI - Radis","robots":{"index":"index","follow":"follow","max-snippet":"max-snippet:-1","max-image-preview":"max-image-preview:large","max-video-preview":"max-video-preview:-1"},"canonical":"https:\/\/radis.ee\/fr\/table-a-manger-ronde-edi\/","og_locale":"fr_FR","og_type":"article","og_title":"Table \u00e0 manger ronde EDI - Radis","og_description":"Une simple table ronde adapt\u00e9e \u00e0 la cuisine ou \u00e0 la salle de r\u00e9union. EDI prend en charge la tasse de caf\u00e9 du matin ainsi que les coudes des membres r\u00e9fl\u00e9chis du conseil. En contreplaqu\u00e9 de bouleau cir\u00e9 \u00e0 l&rsquo;huile, plateau de table HPL (stratifi\u00e9 haute pression) sur contreplaqu\u00e9. Cr\u00e9atrice : Sylvia-Johanna Annus","og_url":"https:\/\/radis.ee\/fr\/table-a-manger-ronde-edi\/","og_site_name":"Radis","article_publisher":"https:\/\/www.facebook.com\/radisfurniture\/","article_modified_time":"2026-04-09T19:26:41+00:00","og_image":[{"width":3681,"height":3681,"url":"https:\/\/radis.ee\/wp-content\/uploads\/2020\/09\/Radis-table-EDI-yellow-legs-scaled.jpg","type":"image\/jpeg"}],"twitter_card":"summary_large_image","schema":{"@context":"https:\/\/schema.org","@graph":[{"@type":"WebPage","@id":"https:\/\/radis.ee\/fr\/table-a-manger-ronde-edi\/","url":"https:\/\/radis.ee\/fr\/table-a-manger-ronde-edi\/","name":"Table \u00e0 manger ronde EDI - Radis","isPartOf":{"@id":"https:\/\/radis.ee\/#website"},"primaryImageOfPage":{"@id":"https:\/\/radis.ee\/fr\/table-a-manger-ronde-edi\/#primaryimage"},"image":{"@id":"https:\/\/radis.ee\/fr\/table-a-manger-ronde-edi\/#primaryimage"},"thumbnailUrl":"https:\/\/radis.ee\/wp-content\/uploads\/2020\/09\/Radis-table-EDI-yellow-legs-scaled.jpg","datePublished":"2022-10-17T12:34:37+00:00","dateModified":"2026-04-09T19:26:41+00:00","breadcrumb":{"@id":"https:\/\/radis.ee\/fr\/table-a-manger-ronde-edi\/#breadcrumb"},"inLanguage":"fr-FR","potentialAction":[{"@type":"ReadAction","target":["https:\/\/radis.ee\/fr\/table-a-manger-ronde-edi\/"]}]},{"@type":"ImageObject","inLanguage":"fr-FR","@id":"https:\/\/radis.ee\/fr\/table-a-manger-ronde-edi\/#primaryimage","url":"https:\/\/radis.ee\/wp-content\/uploads\/2020\/09\/Radis-table-EDI-yellow-legs-scaled.jpg","contentUrl":"https:\/\/radis.ee\/wp-content\/uploads\/2020\/09\/Radis-table-EDI-yellow-legs-scaled.jpg","width":3681,"height":3681},{"@type":"BreadcrumbList","@id":"https:\/\/radis.ee\/fr\/table-a-manger-ronde-edi\/#breadcrumb","itemListElement":[{"@type":"ListItem","position":1,"name":"Home","item":"https:\/\/radis.ee\/"},{"@type":"ListItem","position":2,"name":"Magasin","item":"https:\/\/radis.ee\/fr\/magasin\/"},{"@type":"ListItem","position":3,"name":"Table \u00e0 manger ronde EDI"}]},{"@type":"WebSite","@id":"https:\/\/radis.ee\/#website","url":"https:\/\/radis.ee\/","name":"Radis","description":"Nordic design furniture, environmentally friendly and sustainable.","publisher":{"@id":"https:\/\/radis.ee\/#organization"},"potentialAction":[{"@type":"SearchAction","target":{"@type":"EntryPoint","urlTemplate":"https:\/\/radis.ee\/?s={search_term_string}"},"query-input":{"@type":"PropertyValueSpecification","valueRequired":true,"valueName":"search_term_string"}}],"inLanguage":"fr-FR"},{"@type":"Organization","@id":"https:\/\/radis.ee\/#organization","name":"Radis O\u00dc","url":"https:\/\/radis.ee\/","logo":{"@type":"ImageObject","inLanguage":"fr-FR","@id":"https:\/\/radis.ee\/#\/schema\/logo\/image\/","url":"https:\/\/radis.ee\/wp-content\/uploads\/2020\/10\/Radis-logo.png","contentUrl":"https:\/\/radis.ee\/wp-content\/uploads\/2020\/10\/Radis-logo.png","width":300,"height":63,"caption":"Radis O\u00dc"},"image":{"@id":"https:\/\/radis.ee\/#\/schema\/logo\/image\/"},"sameAs":["https:\/\/www.facebook.com\/radisfurniture\/"]}]}},"_links":{"self":[{"href":"https:\/\/radis.ee\/fr\/wp-json\/wp\/v2\/product\/7952","targetHints":{"allow":["GET"]}}],"collection":[{"href":"https:\/\/radis.ee\/fr\/wp-json\/wp\/v2\/product"}],"about":[{"href":"https:\/\/radis.ee\/fr\/wp-json\/wp\/v2\/types\/product"}],"replies":[{"embeddable":true,"href":"https:\/\/radis.ee\/fr\/wp-json\/wp\/v2\/comments?post=7952"}],"wp:featuredmedia":[{"embeddable":true,"href":"https:\/\/radis.ee\/fr\/wp-json\/wp\/v2\/media\/7953"}],"wp:attachment":[{"href":"https:\/\/radis.ee\/fr\/wp-json\/wp\/v2\/media?parent=7952"}],"wp:term":[{"taxonomy":"product_brand","embeddable":true,"href":"https:\/\/radis.ee\/fr\/wp-json\/wp\/v2\/product_brand?post=7952"},{"taxonomy":"product_cat","embeddable":true,"href":"https:\/\/radis.ee\/fr\/wp-json\/wp\/v2\/product_cat?post=7952"},{"taxonomy":"product_tag","embeddable":true,"href":"https:\/\/radis.ee\/fr\/wp-json\/wp\/v2\/product_tag?post=7952"}],"curies":[{"name":"wp","href":"https:\/\/api.w.org\/{rel}","templated":true}]}}