{"id":8066,"date":"2020-08-15T11:06:04","date_gmt":"2020-08-15T08:06:04","guid":{"rendered":"https:\/\/radis.ee\/etagere-engrener\/"},"modified":"2025-01-27T18:23:39","modified_gmt":"2025-01-27T16:23:39","slug":"etagere-mesh","status":"publish","type":"product","link":"https:\/\/radis.ee\/fr\/etagere-mesh\/","title":{"rendered":"\u00c9tag\u00e8re MESH"},"content":{"rendered":"<p>Cette biblioth\u00e8que en nid d&rsquo;abeille vous fera l&rsquo;envie non seulement de la voisine, mais aussi de toutes les abeilles dans un rayon de 100 km. Les coins passionnants ajoutent du piquant \u00e0 votre int\u00e9rieur, et vous savez que vous ne pourrez jamais en avoir assez. Eh bien, vous ne pouvez tout simplement pas.<\/p>\n<p>Disponible en 4 versions:<\/p>\n<ul>\n<li>2 \u00d7 5 &#8211; hauteur 61cm, largeur 151 cm<\/li>\n<li>5 \u00d7 5 &#8211; hauteur et largeur 151 cm<\/li>\n<li>7 \u00d7 5 &#8211; hauteur 211 cm, largeur 151 cm<\/li>\n<li>7 \u00d7 8 &#8211; hauteur 211 cm, largeur 241 cm<\/li>\n<\/ul>\n<p>La profondeur de l&rsquo;\u00e9tag\u00e8re est de 30 \u00e0 40 cm selon le bord de l&rsquo;\u00e9tag\u00e8re. La hauteur et la largeur d&rsquo;une \u00e9tag\u00e8re sont de 29 cm. Cela rend cette \u00e9tag\u00e8re \u00e9galement tr\u00e8s solide. L&rsquo;\u00e9tag\u00e8re peut \u00eatre utilis\u00e9e \u00e0 la fois verticalement et horizontalement.<\/p>\n<p>L&rsquo;\u00e9tag\u00e8re de haute qualit\u00e9 est fabriqu\u00e9e en contreplaqu\u00e9 de bouleau HPL blanc de 12 mm ou en contreplaqu\u00e9 plaqu\u00e9 ch\u00eane de 16 mm, un mat\u00e9riau tr\u00e8s r\u00e9sistant. Les c\u00f4t\u00e9s ext\u00e9rieurs sont fix\u00e9s avec des chevilles et des excentriques, les int\u00e9rieurs avec des \u00e9pingles. Socle optionnel de 8 cm de hauteur en dessous.<\/p>\n<div id=\"1594130576079-fbc9a5a6-ed5cc019-c3e0\" class=\"w-tabs-section active\">\n<div id=\"content-1594130576079-fbc9a5a6-ed5cc019-c3e0\" class=\"w-tabs-section-content\" aria-expanded=\"true\">\n<div class=\"w-tabs-section-content-h i-cf\">\n<div class=\"w-post-elm post_content\">\n<p><strong>Livraison en 2 semaines dans toute l\u2019Europe !<\/strong><\/p>\n<\/div>\n<\/div>\n<\/div>\n<\/div>\n","protected":false},"excerpt":{"rendered":"<p>Cette biblioth\u00e8que en nid d&rsquo;abeille vous fera l&rsquo;envie non seulement de la voisine, mais aussi de toutes les abeilles dans un rayon de 100 km. Les coins passionnants ajoutent du piquant \u00e0 votre int\u00e9rieur, et vous savez que vous ne pourrez jamais en avoir assez. Eh bien, vous ne pouvez tout simplement pas. Disponible en&#8230;<\/p>\n","protected":false},"featured_media":8073,"comment_status":"open","ping_status":"closed","template":"","meta":{"_acf_changed":false},"product_brand":[],"product_cat":[109],"product_tag":[],"class_list":{"0":"post-8066","1":"product","2":"type-product","3":"status-publish","4":"has-post-thumbnail","6":"product_cat-riiulid","8":"first","9":"instock","10":"taxable","11":"shipping-taxable","12":"purchasable","13":"product-type-variable","14":"has-default-attributes"},"acf":[],"yoast_head":"<!-- This site is optimized with the Yoast SEO plugin v27.4 - https:\/\/yoast.com\/product\/yoast-seo-wordpress\/ -->\n<title>\u00c9tag\u00e8re MESH - Radis<\/title>\n<meta name=\"robots\" content=\"index, follow, max-snippet:-1, max-image-preview:large, max-video-preview:-1\" \/>\n<link rel=\"canonical\" href=\"https:\/\/radis.ee\/fr\/etagere-mesh\/\" \/>\n<meta property=\"og:locale\" content=\"fr_FR\" \/>\n<meta property=\"og:type\" content=\"article\" \/>\n<meta property=\"og:title\" content=\"\u00c9tag\u00e8re MESH - Radis\" \/>\n<meta property=\"og:description\" content=\"Cette biblioth\u00e8que en nid d&rsquo;abeille vous fera l&rsquo;envie non seulement de la voisine, mais aussi de toutes les abeilles dans un rayon de 100 km. Les coins passionnants ajoutent du piquant \u00e0 votre int\u00e9rieur, et vous savez que vous ne pourrez jamais en avoir assez. Eh bien, vous ne pouvez tout simplement pas. Disponible en...\" \/>\n<meta property=\"og:url\" content=\"https:\/\/radis.ee\/fr\/etagere-mesh\/\" \/>\n<meta property=\"og:site_name\" content=\"Radis\" \/>\n<meta property=\"article:publisher\" content=\"https:\/\/www.facebook.com\/radisfurniture\/\" \/>\n<meta property=\"article:modified_time\" content=\"2025-01-27T16:23:39+00:00\" \/>\n<meta property=\"og:image\" content=\"https:\/\/radis.ee\/wp-content\/uploads\/2020\/08\/RADIS_shelf_ESH_5x7_white_film-scaled.jpg\" \/>\n\t<meta property=\"og:image:width\" content=\"5000\" \/>\n\t<meta property=\"og:image:height\" content=\"3750\" \/>\n\t<meta property=\"og:image:type\" content=\"image\/jpeg\" \/>\n<meta name=\"twitter:card\" content=\"summary_large_image\" \/>\n<meta name=\"twitter:label1\" content=\"Dur\u00e9e de lecture estim\u00e9e\" \/>\n\t<meta name=\"twitter:data1\" content=\"1 minute\" \/>\n<script type=\"application\/ld+json\" class=\"yoast-schema-graph\">{\"@context\":\"https:\\\/\\\/schema.org\",\"@graph\":[{\"@type\":\"WebPage\",\"@id\":\"https:\\\/\\\/radis.ee\\\/fr\\\/etagere-mesh\\\/\",\"url\":\"https:\\\/\\\/radis.ee\\\/fr\\\/etagere-mesh\\\/\",\"name\":\"\u00c9tag\u00e8re MESH - Radis\",\"isPartOf\":{\"@id\":\"https:\\\/\\\/radis.ee\\\/#website\"},\"primaryImageOfPage\":{\"@id\":\"https:\\\/\\\/radis.ee\\\/fr\\\/etagere-mesh\\\/#primaryimage\"},\"image\":{\"@id\":\"https:\\\/\\\/radis.ee\\\/fr\\\/etagere-mesh\\\/#primaryimage\"},\"thumbnailUrl\":\"https:\\\/\\\/radis.ee\\\/wp-content\\\/uploads\\\/2020\\\/08\\\/RADIS_shelf_ESH_5x7_white_film-scaled.jpg\",\"datePublished\":\"2020-08-15T08:06:04+00:00\",\"dateModified\":\"2025-01-27T16:23:39+00:00\",\"breadcrumb\":{\"@id\":\"https:\\\/\\\/radis.ee\\\/fr\\\/etagere-mesh\\\/#breadcrumb\"},\"inLanguage\":\"fr-FR\",\"potentialAction\":[{\"@type\":\"ReadAction\",\"target\":[\"https:\\\/\\\/radis.ee\\\/fr\\\/etagere-mesh\\\/\"]}]},{\"@type\":\"ImageObject\",\"inLanguage\":\"fr-FR\",\"@id\":\"https:\\\/\\\/radis.ee\\\/fr\\\/etagere-mesh\\\/#primaryimage\",\"url\":\"https:\\\/\\\/radis.ee\\\/wp-content\\\/uploads\\\/2020\\\/08\\\/RADIS_shelf_ESH_5x7_white_film-scaled.jpg\",\"contentUrl\":\"https:\\\/\\\/radis.ee\\\/wp-content\\\/uploads\\\/2020\\\/08\\\/RADIS_shelf_ESH_5x7_white_film-scaled.jpg\",\"width\":5000,\"height\":3750},{\"@type\":\"BreadcrumbList\",\"@id\":\"https:\\\/\\\/radis.ee\\\/fr\\\/etagere-mesh\\\/#breadcrumb\",\"itemListElement\":[{\"@type\":\"ListItem\",\"position\":1,\"name\":\"Home\",\"item\":\"https:\\\/\\\/radis.ee\\\/\"},{\"@type\":\"ListItem\",\"position\":2,\"name\":\"Magasin\",\"item\":\"https:\\\/\\\/radis.ee\\\/fr\\\/magasin\\\/\"},{\"@type\":\"ListItem\",\"position\":3,\"name\":\"\u00c9tag\u00e8re MESH\"}]},{\"@type\":\"WebSite\",\"@id\":\"https:\\\/\\\/radis.ee\\\/#website\",\"url\":\"https:\\\/\\\/radis.ee\\\/\",\"name\":\"Radis\",\"description\":\"Nordic design furniture, environmentally friendly and sustainable.\",\"publisher\":{\"@id\":\"https:\\\/\\\/radis.ee\\\/#organization\"},\"potentialAction\":[{\"@type\":\"SearchAction\",\"target\":{\"@type\":\"EntryPoint\",\"urlTemplate\":\"https:\\\/\\\/radis.ee\\\/?s={search_term_string}\"},\"query-input\":{\"@type\":\"PropertyValueSpecification\",\"valueRequired\":true,\"valueName\":\"search_term_string\"}}],\"inLanguage\":\"fr-FR\"},{\"@type\":\"Organization\",\"@id\":\"https:\\\/\\\/radis.ee\\\/#organization\",\"name\":\"Radis O\u00dc\",\"url\":\"https:\\\/\\\/radis.ee\\\/\",\"logo\":{\"@type\":\"ImageObject\",\"inLanguage\":\"fr-FR\",\"@id\":\"https:\\\/\\\/radis.ee\\\/#\\\/schema\\\/logo\\\/image\\\/\",\"url\":\"https:\\\/\\\/radis.ee\\\/wp-content\\\/uploads\\\/2020\\\/10\\\/Radis-logo.png\",\"contentUrl\":\"https:\\\/\\\/radis.ee\\\/wp-content\\\/uploads\\\/2020\\\/10\\\/Radis-logo.png\",\"width\":300,\"height\":63,\"caption\":\"Radis O\u00dc\"},\"image\":{\"@id\":\"https:\\\/\\\/radis.ee\\\/#\\\/schema\\\/logo\\\/image\\\/\"},\"sameAs\":[\"https:\\\/\\\/www.facebook.com\\\/radisfurniture\\\/\"]}]}<\/script>\n<!-- \/ Yoast SEO plugin. -->","yoast_head_json":{"title":"\u00c9tag\u00e8re MESH - Radis","robots":{"index":"index","follow":"follow","max-snippet":"max-snippet:-1","max-image-preview":"max-image-preview:large","max-video-preview":"max-video-preview:-1"},"canonical":"https:\/\/radis.ee\/fr\/etagere-mesh\/","og_locale":"fr_FR","og_type":"article","og_title":"\u00c9tag\u00e8re MESH - Radis","og_description":"Cette biblioth\u00e8que en nid d&rsquo;abeille vous fera l&rsquo;envie non seulement de la voisine, mais aussi de toutes les abeilles dans un rayon de 100 km. Les coins passionnants ajoutent du piquant \u00e0 votre int\u00e9rieur, et vous savez que vous ne pourrez jamais en avoir assez. Eh bien, vous ne pouvez tout simplement pas. Disponible en...","og_url":"https:\/\/radis.ee\/fr\/etagere-mesh\/","og_site_name":"Radis","article_publisher":"https:\/\/www.facebook.com\/radisfurniture\/","article_modified_time":"2025-01-27T16:23:39+00:00","og_image":[{"width":5000,"height":3750,"url":"https:\/\/radis.ee\/wp-content\/uploads\/2020\/08\/RADIS_shelf_ESH_5x7_white_film-scaled.jpg","type":"image\/jpeg"}],"twitter_card":"summary_large_image","twitter_misc":{"Dur\u00e9e de lecture estim\u00e9e":"1 minute"},"schema":{"@context":"https:\/\/schema.org","@graph":[{"@type":"WebPage","@id":"https:\/\/radis.ee\/fr\/etagere-mesh\/","url":"https:\/\/radis.ee\/fr\/etagere-mesh\/","name":"\u00c9tag\u00e8re MESH - Radis","isPartOf":{"@id":"https:\/\/radis.ee\/#website"},"primaryImageOfPage":{"@id":"https:\/\/radis.ee\/fr\/etagere-mesh\/#primaryimage"},"image":{"@id":"https:\/\/radis.ee\/fr\/etagere-mesh\/#primaryimage"},"thumbnailUrl":"https:\/\/radis.ee\/wp-content\/uploads\/2020\/08\/RADIS_shelf_ESH_5x7_white_film-scaled.jpg","datePublished":"2020-08-15T08:06:04+00:00","dateModified":"2025-01-27T16:23:39+00:00","breadcrumb":{"@id":"https:\/\/radis.ee\/fr\/etagere-mesh\/#breadcrumb"},"inLanguage":"fr-FR","potentialAction":[{"@type":"ReadAction","target":["https:\/\/radis.ee\/fr\/etagere-mesh\/"]}]},{"@type":"ImageObject","inLanguage":"fr-FR","@id":"https:\/\/radis.ee\/fr\/etagere-mesh\/#primaryimage","url":"https:\/\/radis.ee\/wp-content\/uploads\/2020\/08\/RADIS_shelf_ESH_5x7_white_film-scaled.jpg","contentUrl":"https:\/\/radis.ee\/wp-content\/uploads\/2020\/08\/RADIS_shelf_ESH_5x7_white_film-scaled.jpg","width":5000,"height":3750},{"@type":"BreadcrumbList","@id":"https:\/\/radis.ee\/fr\/etagere-mesh\/#breadcrumb","itemListElement":[{"@type":"ListItem","position":1,"name":"Home","item":"https:\/\/radis.ee\/"},{"@type":"ListItem","position":2,"name":"Magasin","item":"https:\/\/radis.ee\/fr\/magasin\/"},{"@type":"ListItem","position":3,"name":"\u00c9tag\u00e8re MESH"}]},{"@type":"WebSite","@id":"https:\/\/radis.ee\/#website","url":"https:\/\/radis.ee\/","name":"Radis","description":"Nordic design furniture, environmentally friendly and sustainable.","publisher":{"@id":"https:\/\/radis.ee\/#organization"},"potentialAction":[{"@type":"SearchAction","target":{"@type":"EntryPoint","urlTemplate":"https:\/\/radis.ee\/?s={search_term_string}"},"query-input":{"@type":"PropertyValueSpecification","valueRequired":true,"valueName":"search_term_string"}}],"inLanguage":"fr-FR"},{"@type":"Organization","@id":"https:\/\/radis.ee\/#organization","name":"Radis O\u00dc","url":"https:\/\/radis.ee\/","logo":{"@type":"ImageObject","inLanguage":"fr-FR","@id":"https:\/\/radis.ee\/#\/schema\/logo\/image\/","url":"https:\/\/radis.ee\/wp-content\/uploads\/2020\/10\/Radis-logo.png","contentUrl":"https:\/\/radis.ee\/wp-content\/uploads\/2020\/10\/Radis-logo.png","width":300,"height":63,"caption":"Radis O\u00dc"},"image":{"@id":"https:\/\/radis.ee\/#\/schema\/logo\/image\/"},"sameAs":["https:\/\/www.facebook.com\/radisfurniture\/"]}]}},"_links":{"self":[{"href":"https:\/\/radis.ee\/fr\/wp-json\/wp\/v2\/product\/8066","targetHints":{"allow":["GET"]}}],"collection":[{"href":"https:\/\/radis.ee\/fr\/wp-json\/wp\/v2\/product"}],"about":[{"href":"https:\/\/radis.ee\/fr\/wp-json\/wp\/v2\/types\/product"}],"replies":[{"embeddable":true,"href":"https:\/\/radis.ee\/fr\/wp-json\/wp\/v2\/comments?post=8066"}],"wp:featuredmedia":[{"embeddable":true,"href":"https:\/\/radis.ee\/fr\/wp-json\/wp\/v2\/media\/8073"}],"wp:attachment":[{"href":"https:\/\/radis.ee\/fr\/wp-json\/wp\/v2\/media?parent=8066"}],"wp:term":[{"taxonomy":"product_brand","embeddable":true,"href":"https:\/\/radis.ee\/fr\/wp-json\/wp\/v2\/product_brand?post=8066"},{"taxonomy":"product_cat","embeddable":true,"href":"https:\/\/radis.ee\/fr\/wp-json\/wp\/v2\/product_cat?post=8066"},{"taxonomy":"product_tag","embeddable":true,"href":"https:\/\/radis.ee\/fr\/wp-json\/wp\/v2\/product_tag?post=8066"}],"curies":[{"name":"wp","href":"https:\/\/api.w.org\/{rel}","templated":true}]}}