{"id":8079,"date":"2020-06-28T20:41:07","date_gmt":"2020-06-28T17:41:07","guid":{"rendered":"https:\/\/radis.ee\/etagere-sik-sak\/"},"modified":"2020-06-28T20:41:07","modified_gmt":"2020-06-28T17:41:07","slug":"etagere-sik-sak","status":"publish","type":"product","link":"https:\/\/radis.ee\/fr\/etagere-sik-sak\/","title":{"rendered":"Etag\u00e8re SIK-SAK"},"content":{"rendered":"<p>L&rsquo;\u00e9tag\u00e8re SIK-SAK ne se cassera pas sous une charge lourde. Il peut \u00e9galement \u00eatre utilis\u00e9 comme cloison. Vos livres et figurines d&rsquo;\u00e9l\u00e9phants de vos voyages en Asie ont besoin d&rsquo;espace.<\/p>\n<p>Fabriqu\u00e9 en contreplaqu\u00e9 de bouleau ou en contreplaqu\u00e9 plaqu\u00e9 ch\u00eane cir\u00e9 \u00e0 l&rsquo;huile. Les jambes sont reli\u00e9es par des boulons. C&rsquo;est donc une \u00e9tag\u00e8re tr\u00e8s solide.<\/p>\n<p>Shelf SIK-SAK a \u00e9t\u00e9 nomin\u00e9 pour le prix du design estonien Bruno 2014.<\/p>\n","protected":false},"excerpt":{"rendered":"<p>L&rsquo;\u00e9tag\u00e8re SIK-SAK ne se cassera pas sous une charge lourde. Il peut \u00e9galement \u00eatre utilis\u00e9 comme cloison. Vos livres et figurines d&rsquo;\u00e9l\u00e9phants de vos voyages en Asie ont besoin d&rsquo;espace. Fabriqu\u00e9 en contreplaqu\u00e9 de bouleau ou en contreplaqu\u00e9 plaqu\u00e9 ch\u00eane cir\u00e9 \u00e0 l&rsquo;huile. Les jambes sont reli\u00e9es par des boulons. C&rsquo;est donc une \u00e9tag\u00e8re tr\u00e8s&#8230;<\/p>\n","protected":false},"featured_media":8089,"comment_status":"open","ping_status":"closed","template":"","meta":{"_acf_changed":false},"product_brand":[],"product_cat":[109],"product_tag":[],"class_list":{"0":"post-8079","1":"product","2":"type-product","3":"status-publish","4":"has-post-thumbnail","6":"product_cat-riiulid","8":"first","9":"instock","10":"taxable","11":"shipping-taxable","12":"purchasable","13":"product-type-variable","14":"has-default-attributes"},"acf":[],"yoast_head":"<!-- This site is optimized with the Yoast SEO plugin v27.3 - https:\/\/yoast.com\/product\/yoast-seo-wordpress\/ -->\n<title>Etag\u00e8re SIK-SAK - Radis<\/title>\n<meta name=\"robots\" content=\"index, follow, max-snippet:-1, max-image-preview:large, max-video-preview:-1\" \/>\n<link rel=\"canonical\" href=\"https:\/\/radis.ee\/fr\/etagere-sik-sak\/\" \/>\n<meta property=\"og:locale\" content=\"fr_FR\" \/>\n<meta property=\"og:type\" content=\"article\" \/>\n<meta property=\"og:title\" content=\"Etag\u00e8re SIK-SAK - Radis\" \/>\n<meta property=\"og:description\" content=\"L&rsquo;\u00e9tag\u00e8re SIK-SAK ne se cassera pas sous une charge lourde. Il peut \u00e9galement \u00eatre utilis\u00e9 comme cloison. Vos livres et figurines d&rsquo;\u00e9l\u00e9phants de vos voyages en Asie ont besoin d&rsquo;espace. Fabriqu\u00e9 en contreplaqu\u00e9 de bouleau ou en contreplaqu\u00e9 plaqu\u00e9 ch\u00eane cir\u00e9 \u00e0 l&rsquo;huile. Les jambes sont reli\u00e9es par des boulons. C&rsquo;est donc une \u00e9tag\u00e8re tr\u00e8s...\" \/>\n<meta property=\"og:url\" content=\"https:\/\/radis.ee\/fr\/etagere-sik-sak\/\" \/>\n<meta property=\"og:site_name\" content=\"Radis\" \/>\n<meta property=\"article:publisher\" content=\"https:\/\/www.facebook.com\/radisfurniture\/\" \/>\n<meta property=\"og:image\" content=\"https:\/\/radis.ee\/wp-content\/uploads\/2020\/08\/RA0221-Radis-Shelf-ZIG-ZAG-SIK-SAK_WHITE_OSMO_BLACK_LEGS.jpg\" \/>\n\t<meta property=\"og:image:width\" content=\"2500\" \/>\n\t<meta property=\"og:image:height\" content=\"2501\" \/>\n\t<meta property=\"og:image:type\" content=\"image\/jpeg\" \/>\n<meta name=\"twitter:card\" content=\"summary_large_image\" \/>\n<script type=\"application\/ld+json\" class=\"yoast-schema-graph\">{\"@context\":\"https:\\\/\\\/schema.org\",\"@graph\":[{\"@type\":\"WebPage\",\"@id\":\"https:\\\/\\\/radis.ee\\\/fr\\\/etagere-sik-sak\\\/\",\"url\":\"https:\\\/\\\/radis.ee\\\/fr\\\/etagere-sik-sak\\\/\",\"name\":\"Etag\u00e8re SIK-SAK - Radis\",\"isPartOf\":{\"@id\":\"https:\\\/\\\/radis.ee\\\/#website\"},\"primaryImageOfPage\":{\"@id\":\"https:\\\/\\\/radis.ee\\\/fr\\\/etagere-sik-sak\\\/#primaryimage\"},\"image\":{\"@id\":\"https:\\\/\\\/radis.ee\\\/fr\\\/etagere-sik-sak\\\/#primaryimage\"},\"thumbnailUrl\":\"https:\\\/\\\/radis.ee\\\/wp-content\\\/uploads\\\/2020\\\/08\\\/RA0221-Radis-Shelf-ZIG-ZAG-SIK-SAK_WHITE_OSMO_BLACK_LEGS.jpg\",\"datePublished\":\"2020-06-28T17:41:07+00:00\",\"breadcrumb\":{\"@id\":\"https:\\\/\\\/radis.ee\\\/fr\\\/etagere-sik-sak\\\/#breadcrumb\"},\"inLanguage\":\"fr-FR\",\"potentialAction\":[{\"@type\":\"ReadAction\",\"target\":[\"https:\\\/\\\/radis.ee\\\/fr\\\/etagere-sik-sak\\\/\"]}]},{\"@type\":\"ImageObject\",\"inLanguage\":\"fr-FR\",\"@id\":\"https:\\\/\\\/radis.ee\\\/fr\\\/etagere-sik-sak\\\/#primaryimage\",\"url\":\"https:\\\/\\\/radis.ee\\\/wp-content\\\/uploads\\\/2020\\\/08\\\/RA0221-Radis-Shelf-ZIG-ZAG-SIK-SAK_WHITE_OSMO_BLACK_LEGS.jpg\",\"contentUrl\":\"https:\\\/\\\/radis.ee\\\/wp-content\\\/uploads\\\/2020\\\/08\\\/RA0221-Radis-Shelf-ZIG-ZAG-SIK-SAK_WHITE_OSMO_BLACK_LEGS.jpg\",\"width\":2500,\"height\":2501},{\"@type\":\"BreadcrumbList\",\"@id\":\"https:\\\/\\\/radis.ee\\\/fr\\\/etagere-sik-sak\\\/#breadcrumb\",\"itemListElement\":[{\"@type\":\"ListItem\",\"position\":1,\"name\":\"Home\",\"item\":\"https:\\\/\\\/radis.ee\\\/\"},{\"@type\":\"ListItem\",\"position\":2,\"name\":\"Magasin\",\"item\":\"https:\\\/\\\/radis.ee\\\/fr\\\/magasin\\\/\"},{\"@type\":\"ListItem\",\"position\":3,\"name\":\"Etag\u00e8re SIK-SAK\"}]},{\"@type\":\"WebSite\",\"@id\":\"https:\\\/\\\/radis.ee\\\/#website\",\"url\":\"https:\\\/\\\/radis.ee\\\/\",\"name\":\"Radis\",\"description\":\"Nordic design furniture, environmentally friendly and sustainable.\",\"publisher\":{\"@id\":\"https:\\\/\\\/radis.ee\\\/#organization\"},\"potentialAction\":[{\"@type\":\"SearchAction\",\"target\":{\"@type\":\"EntryPoint\",\"urlTemplate\":\"https:\\\/\\\/radis.ee\\\/?s={search_term_string}\"},\"query-input\":{\"@type\":\"PropertyValueSpecification\",\"valueRequired\":true,\"valueName\":\"search_term_string\"}}],\"inLanguage\":\"fr-FR\"},{\"@type\":\"Organization\",\"@id\":\"https:\\\/\\\/radis.ee\\\/#organization\",\"name\":\"Radis O\u00dc\",\"url\":\"https:\\\/\\\/radis.ee\\\/\",\"logo\":{\"@type\":\"ImageObject\",\"inLanguage\":\"fr-FR\",\"@id\":\"https:\\\/\\\/radis.ee\\\/#\\\/schema\\\/logo\\\/image\\\/\",\"url\":\"https:\\\/\\\/radis.ee\\\/wp-content\\\/uploads\\\/2020\\\/10\\\/Radis-logo.png\",\"contentUrl\":\"https:\\\/\\\/radis.ee\\\/wp-content\\\/uploads\\\/2020\\\/10\\\/Radis-logo.png\",\"width\":300,\"height\":63,\"caption\":\"Radis O\u00dc\"},\"image\":{\"@id\":\"https:\\\/\\\/radis.ee\\\/#\\\/schema\\\/logo\\\/image\\\/\"},\"sameAs\":[\"https:\\\/\\\/www.facebook.com\\\/radisfurniture\\\/\"]}]}<\/script>\n<!-- \/ Yoast SEO plugin. -->","yoast_head_json":{"title":"Etag\u00e8re SIK-SAK - Radis","robots":{"index":"index","follow":"follow","max-snippet":"max-snippet:-1","max-image-preview":"max-image-preview:large","max-video-preview":"max-video-preview:-1"},"canonical":"https:\/\/radis.ee\/fr\/etagere-sik-sak\/","og_locale":"fr_FR","og_type":"article","og_title":"Etag\u00e8re SIK-SAK - Radis","og_description":"L&rsquo;\u00e9tag\u00e8re SIK-SAK ne se cassera pas sous une charge lourde. Il peut \u00e9galement \u00eatre utilis\u00e9 comme cloison. Vos livres et figurines d&rsquo;\u00e9l\u00e9phants de vos voyages en Asie ont besoin d&rsquo;espace. Fabriqu\u00e9 en contreplaqu\u00e9 de bouleau ou en contreplaqu\u00e9 plaqu\u00e9 ch\u00eane cir\u00e9 \u00e0 l&rsquo;huile. Les jambes sont reli\u00e9es par des boulons. C&rsquo;est donc une \u00e9tag\u00e8re tr\u00e8s...","og_url":"https:\/\/radis.ee\/fr\/etagere-sik-sak\/","og_site_name":"Radis","article_publisher":"https:\/\/www.facebook.com\/radisfurniture\/","og_image":[{"width":2500,"height":2501,"url":"https:\/\/radis.ee\/wp-content\/uploads\/2020\/08\/RA0221-Radis-Shelf-ZIG-ZAG-SIK-SAK_WHITE_OSMO_BLACK_LEGS.jpg","type":"image\/jpeg"}],"twitter_card":"summary_large_image","schema":{"@context":"https:\/\/schema.org","@graph":[{"@type":"WebPage","@id":"https:\/\/radis.ee\/fr\/etagere-sik-sak\/","url":"https:\/\/radis.ee\/fr\/etagere-sik-sak\/","name":"Etag\u00e8re SIK-SAK - Radis","isPartOf":{"@id":"https:\/\/radis.ee\/#website"},"primaryImageOfPage":{"@id":"https:\/\/radis.ee\/fr\/etagere-sik-sak\/#primaryimage"},"image":{"@id":"https:\/\/radis.ee\/fr\/etagere-sik-sak\/#primaryimage"},"thumbnailUrl":"https:\/\/radis.ee\/wp-content\/uploads\/2020\/08\/RA0221-Radis-Shelf-ZIG-ZAG-SIK-SAK_WHITE_OSMO_BLACK_LEGS.jpg","datePublished":"2020-06-28T17:41:07+00:00","breadcrumb":{"@id":"https:\/\/radis.ee\/fr\/etagere-sik-sak\/#breadcrumb"},"inLanguage":"fr-FR","potentialAction":[{"@type":"ReadAction","target":["https:\/\/radis.ee\/fr\/etagere-sik-sak\/"]}]},{"@type":"ImageObject","inLanguage":"fr-FR","@id":"https:\/\/radis.ee\/fr\/etagere-sik-sak\/#primaryimage","url":"https:\/\/radis.ee\/wp-content\/uploads\/2020\/08\/RA0221-Radis-Shelf-ZIG-ZAG-SIK-SAK_WHITE_OSMO_BLACK_LEGS.jpg","contentUrl":"https:\/\/radis.ee\/wp-content\/uploads\/2020\/08\/RA0221-Radis-Shelf-ZIG-ZAG-SIK-SAK_WHITE_OSMO_BLACK_LEGS.jpg","width":2500,"height":2501},{"@type":"BreadcrumbList","@id":"https:\/\/radis.ee\/fr\/etagere-sik-sak\/#breadcrumb","itemListElement":[{"@type":"ListItem","position":1,"name":"Home","item":"https:\/\/radis.ee\/"},{"@type":"ListItem","position":2,"name":"Magasin","item":"https:\/\/radis.ee\/fr\/magasin\/"},{"@type":"ListItem","position":3,"name":"Etag\u00e8re SIK-SAK"}]},{"@type":"WebSite","@id":"https:\/\/radis.ee\/#website","url":"https:\/\/radis.ee\/","name":"Radis","description":"Nordic design furniture, environmentally friendly and sustainable.","publisher":{"@id":"https:\/\/radis.ee\/#organization"},"potentialAction":[{"@type":"SearchAction","target":{"@type":"EntryPoint","urlTemplate":"https:\/\/radis.ee\/?s={search_term_string}"},"query-input":{"@type":"PropertyValueSpecification","valueRequired":true,"valueName":"search_term_string"}}],"inLanguage":"fr-FR"},{"@type":"Organization","@id":"https:\/\/radis.ee\/#organization","name":"Radis O\u00dc","url":"https:\/\/radis.ee\/","logo":{"@type":"ImageObject","inLanguage":"fr-FR","@id":"https:\/\/radis.ee\/#\/schema\/logo\/image\/","url":"https:\/\/radis.ee\/wp-content\/uploads\/2020\/10\/Radis-logo.png","contentUrl":"https:\/\/radis.ee\/wp-content\/uploads\/2020\/10\/Radis-logo.png","width":300,"height":63,"caption":"Radis O\u00dc"},"image":{"@id":"https:\/\/radis.ee\/#\/schema\/logo\/image\/"},"sameAs":["https:\/\/www.facebook.com\/radisfurniture\/"]}]}},"_links":{"self":[{"href":"https:\/\/radis.ee\/fr\/wp-json\/wp\/v2\/product\/8079","targetHints":{"allow":["GET"]}}],"collection":[{"href":"https:\/\/radis.ee\/fr\/wp-json\/wp\/v2\/product"}],"about":[{"href":"https:\/\/radis.ee\/fr\/wp-json\/wp\/v2\/types\/product"}],"replies":[{"embeddable":true,"href":"https:\/\/radis.ee\/fr\/wp-json\/wp\/v2\/comments?post=8079"}],"wp:featuredmedia":[{"embeddable":true,"href":"https:\/\/radis.ee\/fr\/wp-json\/wp\/v2\/media\/8089"}],"wp:attachment":[{"href":"https:\/\/radis.ee\/fr\/wp-json\/wp\/v2\/media?parent=8079"}],"wp:term":[{"taxonomy":"product_brand","embeddable":true,"href":"https:\/\/radis.ee\/fr\/wp-json\/wp\/v2\/product_brand?post=8079"},{"taxonomy":"product_cat","embeddable":true,"href":"https:\/\/radis.ee\/fr\/wp-json\/wp\/v2\/product_cat?post=8079"},{"taxonomy":"product_tag","embeddable":true,"href":"https:\/\/radis.ee\/fr\/wp-json\/wp\/v2\/product_tag?post=8079"}],"curies":[{"name":"wp","href":"https:\/\/api.w.org\/{rel}","templated":true}]}}