{"id":8148,"date":"2020-05-14T21:36:03","date_gmt":"2020-05-14T18:36:03","guid":{"rendered":"https:\/\/radis.ee\/bureau-reglable-en-hauteur-vista\/"},"modified":"2023-02-21T14:12:07","modified_gmt":"2023-02-21T12:12:07","slug":"bureau-reglable-en-hauteur-vista","status":"publish","type":"product","link":"https:\/\/radis.ee\/fr\/bureau-reglable-en-hauteur-vista\/","title":{"rendered":"Bureau r\u00e9glable en hauteur VISTA"},"content":{"rendered":"<p>Le bureau r\u00e9glable en hauteur Vista garde votre maison ou votre bureau propre. Il maintient \u00e9galement votre dos en bonne sant\u00e9. Pendant votre journ\u00e9e de travail, vous pouvez changer la position du bureau de la position assise \u00e0 la position debout en appuyant simplement sur un bouton. Les pieds r\u00e9glables \u00e9lectriquement du bureau permettent d&rsquo;alterner facilement les positions assise et debout pendant le travail. Cette alternance et cette polyvalence r\u00e9duiront les tensions musculaires de votre dos car vous ne serez pas oblig\u00e9 d&rsquo;\u00eatre dans la m\u00eame position toute la journ\u00e9e.<\/p>\n<p>Vous pouvez choisir la hauteur appropri\u00e9e de la table au centim\u00e8tre pr\u00e8s et les stocker dans la m\u00e9moire de la table. Ceci est particuli\u00e8rement pratique si la table est utilis\u00e9e par plusieurs personnes, ainsi jusqu&rsquo;\u00e0 trois personnes peuvent enregistrer leur hauteur pr\u00e9f\u00e9r\u00e9e et l&rsquo;ajuster correctement en appuyant sur un seul bouton derri\u00e8re la table. Gr\u00e2ce aux deux moteurs, les pieds r\u00e9glables sont tr\u00e8s doux et silencieux lorsque vous modifiez la hauteur de la table. La plage de hauteur du plateau de table est de 71 \u00e0 120 cm. La capacit\u00e9 de charge de la table est de 100 kg. Les pieds \u00e9lectriques ont 3 hauteurs enregistrables.<\/p>\n<p>Le bureau Vista dispose d&rsquo;un grand tiroir pour tous vos documents afin de vous garder dans une bonne humeur de travail. Vous pouvez acheminer les c\u00e2bles de l&rsquo;ordinateur, de la lampe et d&rsquo;autres appareils sous le rabat des plateaux de table d\u00e9di\u00e9s, o\u00f9 vous pouvez \u00e9galement cacher les chargeurs et le c\u00e2ble d&rsquo;extension. La forme \u00e9pur\u00e9e et l&rsquo;adaptabilit\u00e9 du bureau en font le roi de tous les bureaux \u00e0 domicile.<\/p>\n<p>La plaque de panneau est en soie mat, stratifi\u00e9 haute pression extra fort (HPL) sur contreplaqu\u00e9 ou placage de ch\u00eane. Les pieds m\u00e9talliques r\u00e9glables \u00e0 2 moteurs de haute qualit\u00e9 sont disponibles en plusieurs teintes. La largeur interne du tiroir de table spacieux est de 57 cm, profondeur 34 cm, hauteur 8 cm. Le tiroir a des rails de fermeture silencieux. Sous la vanne de c\u00e2ble se trouve une bo\u00eete de base spacieuse pour cacher les c\u00e2bles d&rsquo;une largeur de 63 cm, d&rsquo;une hauteur de 8 cm et d&rsquo;une profondeur de 24 cm.<\/p>\n","protected":false},"excerpt":{"rendered":"<p>Le bureau r\u00e9glable en hauteur Vista garde votre maison ou votre bureau propre. Il maintient \u00e9galement votre dos en bonne sant\u00e9. Pendant votre journ\u00e9e de travail, vous pouvez changer la position du bureau de la position assise \u00e0 la position debout en appuyant simplement sur un bouton. Les pieds r\u00e9glables \u00e9lectriquement du bureau permettent d&rsquo;alterner&#8230;<\/p>\n","protected":false},"featured_media":19804,"comment_status":"open","ping_status":"closed","template":"","meta":{"_acf_changed":false},"product_brand":[],"product_cat":[111],"product_tag":[],"class_list":{"0":"post-8148","1":"product","2":"type-product","3":"status-publish","4":"has-post-thumbnail","6":"product_cat-lauad","8":"first","9":"instock","10":"taxable","11":"shipping-taxable","12":"purchasable","13":"product-type-variable","14":"has-default-attributes"},"acf":[],"yoast_head":"<!-- This site is optimized with the Yoast SEO plugin v27.4 - https:\/\/yoast.com\/product\/yoast-seo-wordpress\/ -->\n<title>Bureau r\u00e9glable en hauteur VISTA - Radis<\/title>\n<meta name=\"robots\" content=\"index, follow, max-snippet:-1, max-image-preview:large, max-video-preview:-1\" \/>\n<link rel=\"canonical\" href=\"https:\/\/radis.ee\/reguleeritava-korgusega-seisulaud-vista\/\" \/>\n<meta property=\"og:locale\" content=\"fr_FR\" \/>\n<meta property=\"og:type\" content=\"article\" \/>\n<meta property=\"og:title\" content=\"Bureau r\u00e9glable en hauteur VISTA - Radis\" \/>\n<meta property=\"og:description\" content=\"Le bureau r\u00e9glable en hauteur Vista garde votre maison ou votre bureau propre. Il maintient \u00e9galement votre dos en bonne sant\u00e9. Pendant votre journ\u00e9e de travail, vous pouvez changer la position du bureau de la position assise \u00e0 la position debout en appuyant simplement sur un bouton. Les pieds r\u00e9glables \u00e9lectriquement du bureau permettent d&rsquo;alterner...\" \/>\n<meta property=\"og:url\" content=\"https:\/\/radis.ee\/reguleeritava-korgusega-seisulaud-vista\/\" \/>\n<meta property=\"og:site_name\" content=\"Radis\" \/>\n<meta property=\"article:publisher\" content=\"https:\/\/www.facebook.com\/radisfurniture\/\" \/>\n<meta property=\"article:modified_time\" content=\"2023-02-21T12:12:07+00:00\" \/>\n<meta property=\"og:image\" content=\"https:\/\/radis.ee\/wp-content\/uploads\/2020\/05\/Radis_desk_VISTA_white_HPL_electrical_legs_white_background-scaled.jpg\" \/>\n\t<meta property=\"og:image:width\" content=\"2150\" \/>\n\t<meta property=\"og:image:height\" content=\"2560\" \/>\n\t<meta property=\"og:image:type\" content=\"image\/jpeg\" \/>\n<meta name=\"twitter:card\" content=\"summary_large_image\" \/>\n<meta name=\"twitter:label1\" content=\"Dur\u00e9e de lecture estim\u00e9e\" \/>\n\t<meta name=\"twitter:data1\" content=\"2 minutes\" \/>\n<script type=\"application\/ld+json\" class=\"yoast-schema-graph\">{\"@context\":\"https:\\\/\\\/schema.org\",\"@graph\":[{\"@type\":\"WebPage\",\"@id\":\"https:\\\/\\\/radis.ee\\\/reguleeritava-korgusega-seisulaud-vista\\\/\",\"url\":\"https:\\\/\\\/radis.ee\\\/reguleeritava-korgusega-seisulaud-vista\\\/\",\"name\":\"Bureau r\u00e9glable en hauteur VISTA - Radis\",\"isPartOf\":{\"@id\":\"https:\\\/\\\/radis.ee\\\/#website\"},\"primaryImageOfPage\":{\"@id\":\"https:\\\/\\\/radis.ee\\\/reguleeritava-korgusega-seisulaud-vista\\\/#primaryimage\"},\"image\":{\"@id\":\"https:\\\/\\\/radis.ee\\\/reguleeritava-korgusega-seisulaud-vista\\\/#primaryimage\"},\"thumbnailUrl\":\"https:\\\/\\\/radis.ee\\\/wp-content\\\/uploads\\\/2020\\\/05\\\/Radis_desk_VISTA_white_HPL_electrical_legs_white_background-scaled.jpg\",\"datePublished\":\"2020-05-14T18:36:03+00:00\",\"dateModified\":\"2023-02-21T12:12:07+00:00\",\"breadcrumb\":{\"@id\":\"https:\\\/\\\/radis.ee\\\/reguleeritava-korgusega-seisulaud-vista\\\/#breadcrumb\"},\"inLanguage\":\"fr-FR\",\"potentialAction\":[{\"@type\":\"ReadAction\",\"target\":[\"https:\\\/\\\/radis.ee\\\/reguleeritava-korgusega-seisulaud-vista\\\/\"]}]},{\"@type\":\"ImageObject\",\"inLanguage\":\"fr-FR\",\"@id\":\"https:\\\/\\\/radis.ee\\\/reguleeritava-korgusega-seisulaud-vista\\\/#primaryimage\",\"url\":\"https:\\\/\\\/radis.ee\\\/wp-content\\\/uploads\\\/2020\\\/05\\\/Radis_desk_VISTA_white_HPL_electrical_legs_white_background-scaled.jpg\",\"contentUrl\":\"https:\\\/\\\/radis.ee\\\/wp-content\\\/uploads\\\/2020\\\/05\\\/Radis_desk_VISTA_white_HPL_electrical_legs_white_background-scaled.jpg\",\"width\":2150,\"height\":2560,\"caption\":\"Radis desk VISTA with height adjustable electrical\"},{\"@type\":\"BreadcrumbList\",\"@id\":\"https:\\\/\\\/radis.ee\\\/reguleeritava-korgusega-seisulaud-vista\\\/#breadcrumb\",\"itemListElement\":[{\"@type\":\"ListItem\",\"position\":1,\"name\":\"Home\",\"item\":\"https:\\\/\\\/radis.ee\\\/\"},{\"@type\":\"ListItem\",\"position\":2,\"name\":\"Magasin\",\"item\":\"https:\\\/\\\/radis.ee\\\/fr\\\/magasin\\\/\"},{\"@type\":\"ListItem\",\"position\":3,\"name\":\"Bureau r\u00e9glable en hauteur VISTA\"}]},{\"@type\":\"WebSite\",\"@id\":\"https:\\\/\\\/radis.ee\\\/#website\",\"url\":\"https:\\\/\\\/radis.ee\\\/\",\"name\":\"Radis\",\"description\":\"Nordic design furniture, environmentally friendly and sustainable.\",\"publisher\":{\"@id\":\"https:\\\/\\\/radis.ee\\\/#organization\"},\"potentialAction\":[{\"@type\":\"SearchAction\",\"target\":{\"@type\":\"EntryPoint\",\"urlTemplate\":\"https:\\\/\\\/radis.ee\\\/?s={search_term_string}\"},\"query-input\":{\"@type\":\"PropertyValueSpecification\",\"valueRequired\":true,\"valueName\":\"search_term_string\"}}],\"inLanguage\":\"fr-FR\"},{\"@type\":\"Organization\",\"@id\":\"https:\\\/\\\/radis.ee\\\/#organization\",\"name\":\"Radis O\u00dc\",\"url\":\"https:\\\/\\\/radis.ee\\\/\",\"logo\":{\"@type\":\"ImageObject\",\"inLanguage\":\"fr-FR\",\"@id\":\"https:\\\/\\\/radis.ee\\\/#\\\/schema\\\/logo\\\/image\\\/\",\"url\":\"https:\\\/\\\/radis.ee\\\/wp-content\\\/uploads\\\/2020\\\/10\\\/Radis-logo.png\",\"contentUrl\":\"https:\\\/\\\/radis.ee\\\/wp-content\\\/uploads\\\/2020\\\/10\\\/Radis-logo.png\",\"width\":300,\"height\":63,\"caption\":\"Radis O\u00dc\"},\"image\":{\"@id\":\"https:\\\/\\\/radis.ee\\\/#\\\/schema\\\/logo\\\/image\\\/\"},\"sameAs\":[\"https:\\\/\\\/www.facebook.com\\\/radisfurniture\\\/\"]}]}<\/script>\n<!-- \/ Yoast SEO plugin. -->","yoast_head_json":{"title":"Bureau r\u00e9glable en hauteur VISTA - Radis","robots":{"index":"index","follow":"follow","max-snippet":"max-snippet:-1","max-image-preview":"max-image-preview:large","max-video-preview":"max-video-preview:-1"},"canonical":"https:\/\/radis.ee\/reguleeritava-korgusega-seisulaud-vista\/","og_locale":"fr_FR","og_type":"article","og_title":"Bureau r\u00e9glable en hauteur VISTA - Radis","og_description":"Le bureau r\u00e9glable en hauteur Vista garde votre maison ou votre bureau propre. Il maintient \u00e9galement votre dos en bonne sant\u00e9. Pendant votre journ\u00e9e de travail, vous pouvez changer la position du bureau de la position assise \u00e0 la position debout en appuyant simplement sur un bouton. Les pieds r\u00e9glables \u00e9lectriquement du bureau permettent d&rsquo;alterner...","og_url":"https:\/\/radis.ee\/reguleeritava-korgusega-seisulaud-vista\/","og_site_name":"Radis","article_publisher":"https:\/\/www.facebook.com\/radisfurniture\/","article_modified_time":"2023-02-21T12:12:07+00:00","og_image":[{"width":2150,"height":2560,"url":"https:\/\/radis.ee\/wp-content\/uploads\/2020\/05\/Radis_desk_VISTA_white_HPL_electrical_legs_white_background-scaled.jpg","type":"image\/jpeg"}],"twitter_card":"summary_large_image","twitter_misc":{"Dur\u00e9e de lecture estim\u00e9e":"2 minutes"},"schema":{"@context":"https:\/\/schema.org","@graph":[{"@type":"WebPage","@id":"https:\/\/radis.ee\/reguleeritava-korgusega-seisulaud-vista\/","url":"https:\/\/radis.ee\/reguleeritava-korgusega-seisulaud-vista\/","name":"Bureau r\u00e9glable en hauteur VISTA - Radis","isPartOf":{"@id":"https:\/\/radis.ee\/#website"},"primaryImageOfPage":{"@id":"https:\/\/radis.ee\/reguleeritava-korgusega-seisulaud-vista\/#primaryimage"},"image":{"@id":"https:\/\/radis.ee\/reguleeritava-korgusega-seisulaud-vista\/#primaryimage"},"thumbnailUrl":"https:\/\/radis.ee\/wp-content\/uploads\/2020\/05\/Radis_desk_VISTA_white_HPL_electrical_legs_white_background-scaled.jpg","datePublished":"2020-05-14T18:36:03+00:00","dateModified":"2023-02-21T12:12:07+00:00","breadcrumb":{"@id":"https:\/\/radis.ee\/reguleeritava-korgusega-seisulaud-vista\/#breadcrumb"},"inLanguage":"fr-FR","potentialAction":[{"@type":"ReadAction","target":["https:\/\/radis.ee\/reguleeritava-korgusega-seisulaud-vista\/"]}]},{"@type":"ImageObject","inLanguage":"fr-FR","@id":"https:\/\/radis.ee\/reguleeritava-korgusega-seisulaud-vista\/#primaryimage","url":"https:\/\/radis.ee\/wp-content\/uploads\/2020\/05\/Radis_desk_VISTA_white_HPL_electrical_legs_white_background-scaled.jpg","contentUrl":"https:\/\/radis.ee\/wp-content\/uploads\/2020\/05\/Radis_desk_VISTA_white_HPL_electrical_legs_white_background-scaled.jpg","width":2150,"height":2560,"caption":"Radis desk VISTA with height adjustable electrical"},{"@type":"BreadcrumbList","@id":"https:\/\/radis.ee\/reguleeritava-korgusega-seisulaud-vista\/#breadcrumb","itemListElement":[{"@type":"ListItem","position":1,"name":"Home","item":"https:\/\/radis.ee\/"},{"@type":"ListItem","position":2,"name":"Magasin","item":"https:\/\/radis.ee\/fr\/magasin\/"},{"@type":"ListItem","position":3,"name":"Bureau r\u00e9glable en hauteur VISTA"}]},{"@type":"WebSite","@id":"https:\/\/radis.ee\/#website","url":"https:\/\/radis.ee\/","name":"Radis","description":"Nordic design furniture, environmentally friendly and sustainable.","publisher":{"@id":"https:\/\/radis.ee\/#organization"},"potentialAction":[{"@type":"SearchAction","target":{"@type":"EntryPoint","urlTemplate":"https:\/\/radis.ee\/?s={search_term_string}"},"query-input":{"@type":"PropertyValueSpecification","valueRequired":true,"valueName":"search_term_string"}}],"inLanguage":"fr-FR"},{"@type":"Organization","@id":"https:\/\/radis.ee\/#organization","name":"Radis O\u00dc","url":"https:\/\/radis.ee\/","logo":{"@type":"ImageObject","inLanguage":"fr-FR","@id":"https:\/\/radis.ee\/#\/schema\/logo\/image\/","url":"https:\/\/radis.ee\/wp-content\/uploads\/2020\/10\/Radis-logo.png","contentUrl":"https:\/\/radis.ee\/wp-content\/uploads\/2020\/10\/Radis-logo.png","width":300,"height":63,"caption":"Radis O\u00dc"},"image":{"@id":"https:\/\/radis.ee\/#\/schema\/logo\/image\/"},"sameAs":["https:\/\/www.facebook.com\/radisfurniture\/"]}]}},"_links":{"self":[{"href":"https:\/\/radis.ee\/fr\/wp-json\/wp\/v2\/product\/8148","targetHints":{"allow":["GET"]}}],"collection":[{"href":"https:\/\/radis.ee\/fr\/wp-json\/wp\/v2\/product"}],"about":[{"href":"https:\/\/radis.ee\/fr\/wp-json\/wp\/v2\/types\/product"}],"replies":[{"embeddable":true,"href":"https:\/\/radis.ee\/fr\/wp-json\/wp\/v2\/comments?post=8148"}],"wp:featuredmedia":[{"embeddable":true,"href":"https:\/\/radis.ee\/fr\/wp-json\/wp\/v2\/media\/19804"}],"wp:attachment":[{"href":"https:\/\/radis.ee\/fr\/wp-json\/wp\/v2\/media?parent=8148"}],"wp:term":[{"taxonomy":"product_brand","embeddable":true,"href":"https:\/\/radis.ee\/fr\/wp-json\/wp\/v2\/product_brand?post=8148"},{"taxonomy":"product_cat","embeddable":true,"href":"https:\/\/radis.ee\/fr\/wp-json\/wp\/v2\/product_cat?post=8148"},{"taxonomy":"product_tag","embeddable":true,"href":"https:\/\/radis.ee\/fr\/wp-json\/wp\/v2\/product_tag?post=8148"}],"curies":[{"name":"wp","href":"https:\/\/api.w.org\/{rel}","templated":true}]}}