{"id":8153,"date":"2020-04-18T19:17:03","date_gmt":"2020-04-18T16:17:03","guid":{"rendered":"https:\/\/radis.ee\/etagere-wav\/"},"modified":"2024-03-05T21:01:24","modified_gmt":"2024-03-05T19:01:24","slug":"etagere-wav","status":"publish","type":"product","link":"https:\/\/radis.ee\/fr\/etagere-wav\/","title":{"rendered":"\u00c9tag\u00e8re WAV"},"content":{"rendered":"<p>Suis le courant. Laissez le flux magique vous entra\u00eener. Il y a beaucoup de place pour diff\u00e9rentes pens\u00e9es et vues sur les \u00e9tag\u00e8res. Vos plus belles possessions se mettront en place comme par magie.<\/p>\n<p>Vous pouvez le placer horizontalement ou verticalement.<\/p>\n<p>Fabriqu\u00e9 en contreplaqu\u00e9 de bouleau, HPL blanc lamin\u00e9. Il y a 4 murs arri\u00e8re pour la stabilit\u00e9. Ils peuvent \u00e9galement \u00eatre utilis\u00e9s pour accrocher l&rsquo;\u00e9tag\u00e8re au mur.<\/p>\n<div id=\"1594130576079-fbc9a5a6-ed5cc019-c3e0\" class=\"w-tabs-section active\">\n<div id=\"content-1594130576079-fbc9a5a6-ed5cc019-c3e0\" class=\"w-tabs-section-content\" aria-expanded=\"true\">\n<div class=\"w-tabs-section-content-h i-cf\">\n<div class=\"w-post-elm post_content\">\n<p><strong>Livraison en 2 semaines dans toute l\u2019Europe !<\/strong><\/p>\n<\/div>\n<\/div>\n<\/div>\n<\/div>\n","protected":false},"excerpt":{"rendered":"<p>Suis le courant. Laissez le flux magique vous entra\u00eener. Il y a beaucoup de place pour diff\u00e9rentes pens\u00e9es et vues sur les \u00e9tag\u00e8res. Vos plus belles possessions se mettront en place comme par magie. Vous pouvez le placer horizontalement ou verticalement. Fabriqu\u00e9 en contreplaqu\u00e9 de bouleau, HPL blanc lamin\u00e9. Il y a 4 murs arri\u00e8re&#8230;<\/p>\n","protected":false},"featured_media":8159,"comment_status":"open","ping_status":"closed","template":"","meta":{"_acf_changed":false},"product_brand":[],"product_cat":[109],"product_tag":[],"class_list":{"0":"post-8153","1":"product","2":"type-product","3":"status-publish","4":"has-post-thumbnail","6":"product_cat-riiulid","8":"first","9":"instock","10":"taxable","11":"shipping-taxable","12":"purchasable","13":"product-type-simple"},"acf":[],"yoast_head":"<!-- This site is optimized with the Yoast SEO plugin v27.3 - https:\/\/yoast.com\/product\/yoast-seo-wordpress\/ -->\n<title>\u00c9tag\u00e8re WAV - Radis<\/title>\n<meta name=\"robots\" content=\"index, follow, max-snippet:-1, max-image-preview:large, max-video-preview:-1\" \/>\n<link rel=\"canonical\" href=\"https:\/\/radis.ee\/fr\/etagere-wav\/\" \/>\n<meta property=\"og:locale\" content=\"fr_FR\" \/>\n<meta property=\"og:type\" content=\"article\" \/>\n<meta property=\"og:title\" content=\"\u00c9tag\u00e8re WAV - Radis\" \/>\n<meta property=\"og:description\" content=\"Suis le courant. Laissez le flux magique vous entra\u00eener. Il y a beaucoup de place pour diff\u00e9rentes pens\u00e9es et vues sur les \u00e9tag\u00e8res. Vos plus belles possessions se mettront en place comme par magie. Vous pouvez le placer horizontalement ou verticalement. Fabriqu\u00e9 en contreplaqu\u00e9 de bouleau, HPL blanc lamin\u00e9. Il y a 4 murs arri\u00e8re...\" \/>\n<meta property=\"og:url\" content=\"https:\/\/radis.ee\/fr\/etagere-wav\/\" \/>\n<meta property=\"og:site_name\" content=\"Radis\" \/>\n<meta property=\"article:publisher\" content=\"https:\/\/www.facebook.com\/radisfurniture\/\" \/>\n<meta property=\"article:modified_time\" content=\"2024-03-05T19:01:24+00:00\" \/>\n<meta property=\"og:image\" content=\"https:\/\/radis.ee\/wp-content\/uploads\/2020\/10\/RA0551-Radis-shelf-WAV-white-film-plywood-scaled.jpg\" \/>\n\t<meta property=\"og:image:width\" content=\"3560\" \/>\n\t<meta property=\"og:image:height\" content=\"3560\" \/>\n\t<meta property=\"og:image:type\" content=\"image\/jpeg\" \/>\n<meta name=\"twitter:card\" content=\"summary_large_image\" \/>\n<script type=\"application\/ld+json\" class=\"yoast-schema-graph\">{\"@context\":\"https:\\\/\\\/schema.org\",\"@graph\":[{\"@type\":\"WebPage\",\"@id\":\"https:\\\/\\\/radis.ee\\\/fr\\\/etagere-wav\\\/\",\"url\":\"https:\\\/\\\/radis.ee\\\/fr\\\/etagere-wav\\\/\",\"name\":\"\u00c9tag\u00e8re WAV - Radis\",\"isPartOf\":{\"@id\":\"https:\\\/\\\/radis.ee\\\/#website\"},\"primaryImageOfPage\":{\"@id\":\"https:\\\/\\\/radis.ee\\\/fr\\\/etagere-wav\\\/#primaryimage\"},\"image\":{\"@id\":\"https:\\\/\\\/radis.ee\\\/fr\\\/etagere-wav\\\/#primaryimage\"},\"thumbnailUrl\":\"https:\\\/\\\/radis.ee\\\/wp-content\\\/uploads\\\/2020\\\/10\\\/RA0551-Radis-shelf-WAV-white-film-plywood-scaled.jpg\",\"datePublished\":\"2020-04-18T16:17:03+00:00\",\"dateModified\":\"2024-03-05T19:01:24+00:00\",\"breadcrumb\":{\"@id\":\"https:\\\/\\\/radis.ee\\\/fr\\\/etagere-wav\\\/#breadcrumb\"},\"inLanguage\":\"fr-FR\",\"potentialAction\":[{\"@type\":\"ReadAction\",\"target\":[\"https:\\\/\\\/radis.ee\\\/fr\\\/etagere-wav\\\/\"]}]},{\"@type\":\"ImageObject\",\"inLanguage\":\"fr-FR\",\"@id\":\"https:\\\/\\\/radis.ee\\\/fr\\\/etagere-wav\\\/#primaryimage\",\"url\":\"https:\\\/\\\/radis.ee\\\/wp-content\\\/uploads\\\/2020\\\/10\\\/RA0551-Radis-shelf-WAV-white-film-plywood-scaled.jpg\",\"contentUrl\":\"https:\\\/\\\/radis.ee\\\/wp-content\\\/uploads\\\/2020\\\/10\\\/RA0551-Radis-shelf-WAV-white-film-plywood-scaled.jpg\",\"width\":3560,\"height\":3560},{\"@type\":\"BreadcrumbList\",\"@id\":\"https:\\\/\\\/radis.ee\\\/fr\\\/etagere-wav\\\/#breadcrumb\",\"itemListElement\":[{\"@type\":\"ListItem\",\"position\":1,\"name\":\"Home\",\"item\":\"https:\\\/\\\/radis.ee\\\/\"},{\"@type\":\"ListItem\",\"position\":2,\"name\":\"Magasin\",\"item\":\"https:\\\/\\\/radis.ee\\\/fr\\\/magasin\\\/\"},{\"@type\":\"ListItem\",\"position\":3,\"name\":\"\u00c9tag\u00e8re WAV\"}]},{\"@type\":\"WebSite\",\"@id\":\"https:\\\/\\\/radis.ee\\\/#website\",\"url\":\"https:\\\/\\\/radis.ee\\\/\",\"name\":\"Radis\",\"description\":\"Nordic design furniture, environmentally friendly and sustainable.\",\"publisher\":{\"@id\":\"https:\\\/\\\/radis.ee\\\/#organization\"},\"potentialAction\":[{\"@type\":\"SearchAction\",\"target\":{\"@type\":\"EntryPoint\",\"urlTemplate\":\"https:\\\/\\\/radis.ee\\\/?s={search_term_string}\"},\"query-input\":{\"@type\":\"PropertyValueSpecification\",\"valueRequired\":true,\"valueName\":\"search_term_string\"}}],\"inLanguage\":\"fr-FR\"},{\"@type\":\"Organization\",\"@id\":\"https:\\\/\\\/radis.ee\\\/#organization\",\"name\":\"Radis O\u00dc\",\"url\":\"https:\\\/\\\/radis.ee\\\/\",\"logo\":{\"@type\":\"ImageObject\",\"inLanguage\":\"fr-FR\",\"@id\":\"https:\\\/\\\/radis.ee\\\/#\\\/schema\\\/logo\\\/image\\\/\",\"url\":\"https:\\\/\\\/radis.ee\\\/wp-content\\\/uploads\\\/2020\\\/10\\\/Radis-logo.png\",\"contentUrl\":\"https:\\\/\\\/radis.ee\\\/wp-content\\\/uploads\\\/2020\\\/10\\\/Radis-logo.png\",\"width\":300,\"height\":63,\"caption\":\"Radis O\u00dc\"},\"image\":{\"@id\":\"https:\\\/\\\/radis.ee\\\/#\\\/schema\\\/logo\\\/image\\\/\"},\"sameAs\":[\"https:\\\/\\\/www.facebook.com\\\/radisfurniture\\\/\"]}]}<\/script>\n<!-- \/ Yoast SEO plugin. -->","yoast_head_json":{"title":"\u00c9tag\u00e8re WAV - Radis","robots":{"index":"index","follow":"follow","max-snippet":"max-snippet:-1","max-image-preview":"max-image-preview:large","max-video-preview":"max-video-preview:-1"},"canonical":"https:\/\/radis.ee\/fr\/etagere-wav\/","og_locale":"fr_FR","og_type":"article","og_title":"\u00c9tag\u00e8re WAV - Radis","og_description":"Suis le courant. Laissez le flux magique vous entra\u00eener. Il y a beaucoup de place pour diff\u00e9rentes pens\u00e9es et vues sur les \u00e9tag\u00e8res. Vos plus belles possessions se mettront en place comme par magie. Vous pouvez le placer horizontalement ou verticalement. Fabriqu\u00e9 en contreplaqu\u00e9 de bouleau, HPL blanc lamin\u00e9. Il y a 4 murs arri\u00e8re...","og_url":"https:\/\/radis.ee\/fr\/etagere-wav\/","og_site_name":"Radis","article_publisher":"https:\/\/www.facebook.com\/radisfurniture\/","article_modified_time":"2024-03-05T19:01:24+00:00","og_image":[{"width":3560,"height":3560,"url":"https:\/\/radis.ee\/wp-content\/uploads\/2020\/10\/RA0551-Radis-shelf-WAV-white-film-plywood-scaled.jpg","type":"image\/jpeg"}],"twitter_card":"summary_large_image","schema":{"@context":"https:\/\/schema.org","@graph":[{"@type":"WebPage","@id":"https:\/\/radis.ee\/fr\/etagere-wav\/","url":"https:\/\/radis.ee\/fr\/etagere-wav\/","name":"\u00c9tag\u00e8re WAV - Radis","isPartOf":{"@id":"https:\/\/radis.ee\/#website"},"primaryImageOfPage":{"@id":"https:\/\/radis.ee\/fr\/etagere-wav\/#primaryimage"},"image":{"@id":"https:\/\/radis.ee\/fr\/etagere-wav\/#primaryimage"},"thumbnailUrl":"https:\/\/radis.ee\/wp-content\/uploads\/2020\/10\/RA0551-Radis-shelf-WAV-white-film-plywood-scaled.jpg","datePublished":"2020-04-18T16:17:03+00:00","dateModified":"2024-03-05T19:01:24+00:00","breadcrumb":{"@id":"https:\/\/radis.ee\/fr\/etagere-wav\/#breadcrumb"},"inLanguage":"fr-FR","potentialAction":[{"@type":"ReadAction","target":["https:\/\/radis.ee\/fr\/etagere-wav\/"]}]},{"@type":"ImageObject","inLanguage":"fr-FR","@id":"https:\/\/radis.ee\/fr\/etagere-wav\/#primaryimage","url":"https:\/\/radis.ee\/wp-content\/uploads\/2020\/10\/RA0551-Radis-shelf-WAV-white-film-plywood-scaled.jpg","contentUrl":"https:\/\/radis.ee\/wp-content\/uploads\/2020\/10\/RA0551-Radis-shelf-WAV-white-film-plywood-scaled.jpg","width":3560,"height":3560},{"@type":"BreadcrumbList","@id":"https:\/\/radis.ee\/fr\/etagere-wav\/#breadcrumb","itemListElement":[{"@type":"ListItem","position":1,"name":"Home","item":"https:\/\/radis.ee\/"},{"@type":"ListItem","position":2,"name":"Magasin","item":"https:\/\/radis.ee\/fr\/magasin\/"},{"@type":"ListItem","position":3,"name":"\u00c9tag\u00e8re WAV"}]},{"@type":"WebSite","@id":"https:\/\/radis.ee\/#website","url":"https:\/\/radis.ee\/","name":"Radis","description":"Nordic design furniture, environmentally friendly and sustainable.","publisher":{"@id":"https:\/\/radis.ee\/#organization"},"potentialAction":[{"@type":"SearchAction","target":{"@type":"EntryPoint","urlTemplate":"https:\/\/radis.ee\/?s={search_term_string}"},"query-input":{"@type":"PropertyValueSpecification","valueRequired":true,"valueName":"search_term_string"}}],"inLanguage":"fr-FR"},{"@type":"Organization","@id":"https:\/\/radis.ee\/#organization","name":"Radis O\u00dc","url":"https:\/\/radis.ee\/","logo":{"@type":"ImageObject","inLanguage":"fr-FR","@id":"https:\/\/radis.ee\/#\/schema\/logo\/image\/","url":"https:\/\/radis.ee\/wp-content\/uploads\/2020\/10\/Radis-logo.png","contentUrl":"https:\/\/radis.ee\/wp-content\/uploads\/2020\/10\/Radis-logo.png","width":300,"height":63,"caption":"Radis O\u00dc"},"image":{"@id":"https:\/\/radis.ee\/#\/schema\/logo\/image\/"},"sameAs":["https:\/\/www.facebook.com\/radisfurniture\/"]}]}},"_links":{"self":[{"href":"https:\/\/radis.ee\/fr\/wp-json\/wp\/v2\/product\/8153","targetHints":{"allow":["GET"]}}],"collection":[{"href":"https:\/\/radis.ee\/fr\/wp-json\/wp\/v2\/product"}],"about":[{"href":"https:\/\/radis.ee\/fr\/wp-json\/wp\/v2\/types\/product"}],"replies":[{"embeddable":true,"href":"https:\/\/radis.ee\/fr\/wp-json\/wp\/v2\/comments?post=8153"}],"wp:featuredmedia":[{"embeddable":true,"href":"https:\/\/radis.ee\/fr\/wp-json\/wp\/v2\/media\/8159"}],"wp:attachment":[{"href":"https:\/\/radis.ee\/fr\/wp-json\/wp\/v2\/media?parent=8153"}],"wp:term":[{"taxonomy":"product_brand","embeddable":true,"href":"https:\/\/radis.ee\/fr\/wp-json\/wp\/v2\/product_brand?post=8153"},{"taxonomy":"product_cat","embeddable":true,"href":"https:\/\/radis.ee\/fr\/wp-json\/wp\/v2\/product_cat?post=8153"},{"taxonomy":"product_tag","embeddable":true,"href":"https:\/\/radis.ee\/fr\/wp-json\/wp\/v2\/product_tag?post=8153"}],"curies":[{"name":"wp","href":"https:\/\/api.w.org\/{rel}","templated":true}]}}