{"id":8172,"date":"2020-04-05T20:12:41","date_gmt":"2020-04-05T17:12:41","guid":{"rendered":"https:\/\/radis.ee\/bureau-pour-enfants-avec-etagere\/"},"modified":"2020-04-05T20:12:41","modified_gmt":"2020-04-05T17:12:41","slug":"bureau-pour-enfants-avec-etagere","status":"publish","type":"product","link":"https:\/\/radis.ee\/fr\/bureau-pour-enfants-avec-etagere\/","title":{"rendered":"Bureau pour enfants avec \u00e9tag\u00e8re"},"content":{"rendered":"<p>Un bureau ludique avec quatre tiroirs et une \u00e9tag\u00e8re, et de l&rsquo;autre c\u00f4t\u00e9 de la table il y a une grande \u00e9tag\u00e8re pour les livres et autres choses \u00e0 voir. Pour un bon \u00e9colier comme pour un joli bureau.<\/p>\n<p>En contreplaqu\u00e9 de bouleau cir\u00e9 \u00e0 l&rsquo;huile &#8211; Osmo blanc, tiroirs-\u00e9tag\u00e8res Pebble Grey et cire \u00e0 l&rsquo;huile jaune. Rails de tiroirs \u00e0 fermeture silencieuse. Largeur du bureau 148 cm, profondeur 60 cm, hauteur 75 cm. Hauteur \u00e9tag\u00e8re 160 cm, largeur 24 cm. Si vous le souhaitez, il peut \u00e9galement \u00eatre mont\u00e9 en position miroir.<\/p>\n<p>La bo\u00eete \u00e0 tiroirs est d\u00e9j\u00e0 assembl\u00e9e, il ne vous reste plus qu&rsquo;\u00e0 placer l&rsquo;\u00e9tag\u00e8re et la table.<\/p>\n","protected":false},"excerpt":{"rendered":"<p>Un bureau ludique avec quatre tiroirs et une \u00e9tag\u00e8re, et de l&rsquo;autre c\u00f4t\u00e9 de la table il y a une grande \u00e9tag\u00e8re pour les livres et autres choses \u00e0 voir. Pour un bon \u00e9colier comme pour un joli bureau. En contreplaqu\u00e9 de bouleau cir\u00e9 \u00e0 l&rsquo;huile &#8211; Osmo blanc, tiroirs-\u00e9tag\u00e8res Pebble Grey et cire \u00e0&#8230;<\/p>\n","protected":false},"featured_media":8176,"comment_status":"open","ping_status":"closed","template":"","meta":{"_acf_changed":false},"product_brand":[],"product_cat":[111],"product_tag":[],"class_list":{"0":"post-8172","1":"product","2":"type-product","3":"status-publish","4":"has-post-thumbnail","6":"product_cat-lauad","8":"first","9":"instock","10":"taxable","11":"shipping-taxable","12":"purchasable","13":"product-type-simple"},"acf":[],"yoast_head":"<!-- This site is optimized with the Yoast SEO plugin v27.3 - https:\/\/yoast.com\/product\/yoast-seo-wordpress\/ -->\n<title>Bureau pour enfants avec \u00e9tag\u00e8re - Radis<\/title>\n<meta name=\"robots\" content=\"index, follow, max-snippet:-1, max-image-preview:large, max-video-preview:-1\" \/>\n<link rel=\"canonical\" href=\"https:\/\/radis.ee\/laste-kirjutuslaud-riiuliga\/\" \/>\n<meta property=\"og:locale\" content=\"fr_FR\" \/>\n<meta property=\"og:type\" content=\"article\" \/>\n<meta property=\"og:title\" content=\"Bureau pour enfants avec \u00e9tag\u00e8re - Radis\" \/>\n<meta property=\"og:description\" content=\"Un bureau ludique avec quatre tiroirs et une \u00e9tag\u00e8re, et de l&rsquo;autre c\u00f4t\u00e9 de la table il y a une grande \u00e9tag\u00e8re pour les livres et autres choses \u00e0 voir. Pour un bon \u00e9colier comme pour un joli bureau. En contreplaqu\u00e9 de bouleau cir\u00e9 \u00e0 l&rsquo;huile &#8211; Osmo blanc, tiroirs-\u00e9tag\u00e8res Pebble Grey et cire \u00e0...\" \/>\n<meta property=\"og:url\" content=\"https:\/\/radis.ee\/laste-kirjutuslaud-riiuliga\/\" \/>\n<meta property=\"og:site_name\" content=\"Radis\" \/>\n<meta property=\"article:publisher\" content=\"https:\/\/www.facebook.com\/radisfurniture\/\" \/>\n<meta property=\"og:image\" content=\"https:\/\/radis.ee\/wp-content\/uploads\/2020\/10\/Radis-children-desk-with-drawers-and-shelf_on_white_background-scaled.jpg\" \/>\n\t<meta property=\"og:image:width\" content=\"2601\" \/>\n\t<meta property=\"og:image:height\" content=\"2601\" \/>\n\t<meta property=\"og:image:type\" content=\"image\/jpeg\" \/>\n<meta name=\"twitter:card\" content=\"summary_large_image\" \/>\n<meta name=\"twitter:label1\" content=\"Dur\u00e9e de lecture estim\u00e9e\" \/>\n\t<meta name=\"twitter:data1\" content=\"1 minute\" \/>\n<script type=\"application\/ld+json\" class=\"yoast-schema-graph\">{\"@context\":\"https:\\\/\\\/schema.org\",\"@graph\":[{\"@type\":\"WebPage\",\"@id\":\"https:\\\/\\\/radis.ee\\\/laste-kirjutuslaud-riiuliga\\\/\",\"url\":\"https:\\\/\\\/radis.ee\\\/laste-kirjutuslaud-riiuliga\\\/\",\"name\":\"Bureau pour enfants avec \u00e9tag\u00e8re - Radis\",\"isPartOf\":{\"@id\":\"https:\\\/\\\/radis.ee\\\/#website\"},\"primaryImageOfPage\":{\"@id\":\"https:\\\/\\\/radis.ee\\\/laste-kirjutuslaud-riiuliga\\\/#primaryimage\"},\"image\":{\"@id\":\"https:\\\/\\\/radis.ee\\\/laste-kirjutuslaud-riiuliga\\\/#primaryimage\"},\"thumbnailUrl\":\"https:\\\/\\\/radis.ee\\\/wp-content\\\/uploads\\\/2020\\\/10\\\/Radis-children-desk-with-drawers-and-shelf_on_white_background-scaled.jpg\",\"datePublished\":\"2020-04-05T17:12:41+00:00\",\"breadcrumb\":{\"@id\":\"https:\\\/\\\/radis.ee\\\/laste-kirjutuslaud-riiuliga\\\/#breadcrumb\"},\"inLanguage\":\"fr-FR\",\"potentialAction\":[{\"@type\":\"ReadAction\",\"target\":[\"https:\\\/\\\/radis.ee\\\/laste-kirjutuslaud-riiuliga\\\/\"]}]},{\"@type\":\"ImageObject\",\"inLanguage\":\"fr-FR\",\"@id\":\"https:\\\/\\\/radis.ee\\\/laste-kirjutuslaud-riiuliga\\\/#primaryimage\",\"url\":\"https:\\\/\\\/radis.ee\\\/wp-content\\\/uploads\\\/2020\\\/10\\\/Radis-children-desk-with-drawers-and-shelf_on_white_background-scaled.jpg\",\"contentUrl\":\"https:\\\/\\\/radis.ee\\\/wp-content\\\/uploads\\\/2020\\\/10\\\/Radis-children-desk-with-drawers-and-shelf_on_white_background-scaled.jpg\",\"width\":2601,\"height\":2601},{\"@type\":\"BreadcrumbList\",\"@id\":\"https:\\\/\\\/radis.ee\\\/laste-kirjutuslaud-riiuliga\\\/#breadcrumb\",\"itemListElement\":[{\"@type\":\"ListItem\",\"position\":1,\"name\":\"Home\",\"item\":\"https:\\\/\\\/radis.ee\\\/\"},{\"@type\":\"ListItem\",\"position\":2,\"name\":\"Magasin\",\"item\":\"https:\\\/\\\/radis.ee\\\/fr\\\/magasin\\\/\"},{\"@type\":\"ListItem\",\"position\":3,\"name\":\"Bureau pour enfants avec \u00e9tag\u00e8re\"}]},{\"@type\":\"WebSite\",\"@id\":\"https:\\\/\\\/radis.ee\\\/#website\",\"url\":\"https:\\\/\\\/radis.ee\\\/\",\"name\":\"Radis\",\"description\":\"Nordic design furniture, environmentally friendly and sustainable.\",\"publisher\":{\"@id\":\"https:\\\/\\\/radis.ee\\\/#organization\"},\"potentialAction\":[{\"@type\":\"SearchAction\",\"target\":{\"@type\":\"EntryPoint\",\"urlTemplate\":\"https:\\\/\\\/radis.ee\\\/?s={search_term_string}\"},\"query-input\":{\"@type\":\"PropertyValueSpecification\",\"valueRequired\":true,\"valueName\":\"search_term_string\"}}],\"inLanguage\":\"fr-FR\"},{\"@type\":\"Organization\",\"@id\":\"https:\\\/\\\/radis.ee\\\/#organization\",\"name\":\"Radis O\u00dc\",\"url\":\"https:\\\/\\\/radis.ee\\\/\",\"logo\":{\"@type\":\"ImageObject\",\"inLanguage\":\"fr-FR\",\"@id\":\"https:\\\/\\\/radis.ee\\\/#\\\/schema\\\/logo\\\/image\\\/\",\"url\":\"https:\\\/\\\/radis.ee\\\/wp-content\\\/uploads\\\/2020\\\/10\\\/Radis-logo.png\",\"contentUrl\":\"https:\\\/\\\/radis.ee\\\/wp-content\\\/uploads\\\/2020\\\/10\\\/Radis-logo.png\",\"width\":300,\"height\":63,\"caption\":\"Radis O\u00dc\"},\"image\":{\"@id\":\"https:\\\/\\\/radis.ee\\\/#\\\/schema\\\/logo\\\/image\\\/\"},\"sameAs\":[\"https:\\\/\\\/www.facebook.com\\\/radisfurniture\\\/\"]}]}<\/script>\n<!-- \/ Yoast SEO plugin. -->","yoast_head_json":{"title":"Bureau pour enfants avec \u00e9tag\u00e8re - Radis","robots":{"index":"index","follow":"follow","max-snippet":"max-snippet:-1","max-image-preview":"max-image-preview:large","max-video-preview":"max-video-preview:-1"},"canonical":"https:\/\/radis.ee\/laste-kirjutuslaud-riiuliga\/","og_locale":"fr_FR","og_type":"article","og_title":"Bureau pour enfants avec \u00e9tag\u00e8re - Radis","og_description":"Un bureau ludique avec quatre tiroirs et une \u00e9tag\u00e8re, et de l&rsquo;autre c\u00f4t\u00e9 de la table il y a une grande \u00e9tag\u00e8re pour les livres et autres choses \u00e0 voir. Pour un bon \u00e9colier comme pour un joli bureau. En contreplaqu\u00e9 de bouleau cir\u00e9 \u00e0 l&rsquo;huile &#8211; Osmo blanc, tiroirs-\u00e9tag\u00e8res Pebble Grey et cire \u00e0...","og_url":"https:\/\/radis.ee\/laste-kirjutuslaud-riiuliga\/","og_site_name":"Radis","article_publisher":"https:\/\/www.facebook.com\/radisfurniture\/","og_image":[{"width":2601,"height":2601,"url":"https:\/\/radis.ee\/wp-content\/uploads\/2020\/10\/Radis-children-desk-with-drawers-and-shelf_on_white_background-scaled.jpg","type":"image\/jpeg"}],"twitter_card":"summary_large_image","twitter_misc":{"Dur\u00e9e de lecture estim\u00e9e":"1 minute"},"schema":{"@context":"https:\/\/schema.org","@graph":[{"@type":"WebPage","@id":"https:\/\/radis.ee\/laste-kirjutuslaud-riiuliga\/","url":"https:\/\/radis.ee\/laste-kirjutuslaud-riiuliga\/","name":"Bureau pour enfants avec \u00e9tag\u00e8re - Radis","isPartOf":{"@id":"https:\/\/radis.ee\/#website"},"primaryImageOfPage":{"@id":"https:\/\/radis.ee\/laste-kirjutuslaud-riiuliga\/#primaryimage"},"image":{"@id":"https:\/\/radis.ee\/laste-kirjutuslaud-riiuliga\/#primaryimage"},"thumbnailUrl":"https:\/\/radis.ee\/wp-content\/uploads\/2020\/10\/Radis-children-desk-with-drawers-and-shelf_on_white_background-scaled.jpg","datePublished":"2020-04-05T17:12:41+00:00","breadcrumb":{"@id":"https:\/\/radis.ee\/laste-kirjutuslaud-riiuliga\/#breadcrumb"},"inLanguage":"fr-FR","potentialAction":[{"@type":"ReadAction","target":["https:\/\/radis.ee\/laste-kirjutuslaud-riiuliga\/"]}]},{"@type":"ImageObject","inLanguage":"fr-FR","@id":"https:\/\/radis.ee\/laste-kirjutuslaud-riiuliga\/#primaryimage","url":"https:\/\/radis.ee\/wp-content\/uploads\/2020\/10\/Radis-children-desk-with-drawers-and-shelf_on_white_background-scaled.jpg","contentUrl":"https:\/\/radis.ee\/wp-content\/uploads\/2020\/10\/Radis-children-desk-with-drawers-and-shelf_on_white_background-scaled.jpg","width":2601,"height":2601},{"@type":"BreadcrumbList","@id":"https:\/\/radis.ee\/laste-kirjutuslaud-riiuliga\/#breadcrumb","itemListElement":[{"@type":"ListItem","position":1,"name":"Home","item":"https:\/\/radis.ee\/"},{"@type":"ListItem","position":2,"name":"Magasin","item":"https:\/\/radis.ee\/fr\/magasin\/"},{"@type":"ListItem","position":3,"name":"Bureau pour enfants avec \u00e9tag\u00e8re"}]},{"@type":"WebSite","@id":"https:\/\/radis.ee\/#website","url":"https:\/\/radis.ee\/","name":"Radis","description":"Nordic design furniture, environmentally friendly and sustainable.","publisher":{"@id":"https:\/\/radis.ee\/#organization"},"potentialAction":[{"@type":"SearchAction","target":{"@type":"EntryPoint","urlTemplate":"https:\/\/radis.ee\/?s={search_term_string}"},"query-input":{"@type":"PropertyValueSpecification","valueRequired":true,"valueName":"search_term_string"}}],"inLanguage":"fr-FR"},{"@type":"Organization","@id":"https:\/\/radis.ee\/#organization","name":"Radis O\u00dc","url":"https:\/\/radis.ee\/","logo":{"@type":"ImageObject","inLanguage":"fr-FR","@id":"https:\/\/radis.ee\/#\/schema\/logo\/image\/","url":"https:\/\/radis.ee\/wp-content\/uploads\/2020\/10\/Radis-logo.png","contentUrl":"https:\/\/radis.ee\/wp-content\/uploads\/2020\/10\/Radis-logo.png","width":300,"height":63,"caption":"Radis O\u00dc"},"image":{"@id":"https:\/\/radis.ee\/#\/schema\/logo\/image\/"},"sameAs":["https:\/\/www.facebook.com\/radisfurniture\/"]}]}},"_links":{"self":[{"href":"https:\/\/radis.ee\/fr\/wp-json\/wp\/v2\/product\/8172","targetHints":{"allow":["GET"]}}],"collection":[{"href":"https:\/\/radis.ee\/fr\/wp-json\/wp\/v2\/product"}],"about":[{"href":"https:\/\/radis.ee\/fr\/wp-json\/wp\/v2\/types\/product"}],"replies":[{"embeddable":true,"href":"https:\/\/radis.ee\/fr\/wp-json\/wp\/v2\/comments?post=8172"}],"wp:featuredmedia":[{"embeddable":true,"href":"https:\/\/radis.ee\/fr\/wp-json\/wp\/v2\/media\/8176"}],"wp:attachment":[{"href":"https:\/\/radis.ee\/fr\/wp-json\/wp\/v2\/media?parent=8172"}],"wp:term":[{"taxonomy":"product_brand","embeddable":true,"href":"https:\/\/radis.ee\/fr\/wp-json\/wp\/v2\/product_brand?post=8172"},{"taxonomy":"product_cat","embeddable":true,"href":"https:\/\/radis.ee\/fr\/wp-json\/wp\/v2\/product_cat?post=8172"},{"taxonomy":"product_tag","embeddable":true,"href":"https:\/\/radis.ee\/fr\/wp-json\/wp\/v2\/product_tag?post=8172"}],"curies":[{"name":"wp","href":"https:\/\/api.w.org\/{rel}","templated":true}]}}