{"id":8186,"date":"2020-10-06T13:09:02","date_gmt":"2020-01-03T11:09:02","guid":{"rendered":"https:\/\/radis.ee\/buffet-etagere-boxy\/"},"modified":"2024-01-30T22:07:30","modified_gmt":"2024-01-30T20:07:30","slug":"buffet-etagere-boxy","status":"publish","type":"product","link":"https:\/\/radis.ee\/fr\/buffet-etagere-boxy\/","title":{"rendered":"Buffet-\u00e9tag\u00e8re BOXY"},"content":{"rendered":"<p>L&rsquo;\u00e9tag\u00e8re-buffet BOXY est comme une brise fra\u00eeche dans le monde des tiroirs. Le design unique place les \u00e9tag\u00e8res avec des portes au milieu tandis que les \u00e9tag\u00e8res ouvertes les entourent. Cela cr\u00e9e un effet visuel \u00e9tonnant et rend le tiroir pratique et attrayant. Les pattes en \u00e9pingle \u00e0 aiguilles lui conf\u00e8rent une sensation encore plus a\u00e9r\u00e9e. L&rsquo;\u00e9tag\u00e8re-buffet BOXY contient beaucoup de choses sans \u00eatre lourde. Votre nouveau favori que vous pouvez \u00e9galement utiliser comme s\u00e9parateur de pi\u00e8ce!<\/p>\n<p>Fabriqu\u00e9 en contreplaqu\u00e9 de bouleau, \u00e9galement plaqu\u00e9 ch\u00eane, huil\u00e9 ou HPL Koskisen blanc. Portes Push2open. Pieds en m\u00e9tal de couleur noire d&rsquo;une hauteur de 17 cm. Il y a \u00e9galement des \u00e9tag\u00e8res interm\u00e9diaires r\u00e9glables en hauteur derri\u00e8re les quatre portes.<\/p>\n","protected":false},"excerpt":{"rendered":"<p>L&rsquo;\u00e9tag\u00e8re-buffet BOXY est comme une brise fra\u00eeche dans le monde des tiroirs. Le design unique place les \u00e9tag\u00e8res avec des portes au milieu tandis que les \u00e9tag\u00e8res ouvertes les entourent. Cela cr\u00e9e un effet visuel \u00e9tonnant et rend le tiroir pratique et attrayant. Les pattes en \u00e9pingle \u00e0 aiguilles lui conf\u00e8rent une sensation encore plus&#8230;<\/p>\n","protected":false},"featured_media":20201,"comment_status":"open","ping_status":"closed","template":"","meta":{"_acf_changed":false},"product_brand":[],"product_cat":[17],"product_tag":[],"class_list":{"0":"post-8186","1":"product","2":"type-product","3":"status-publish","4":"has-post-thumbnail","6":"product_cat-kummutid","8":"first","9":"instock","10":"taxable","11":"shipping-taxable","12":"purchasable","13":"product-type-variable","14":"has-default-attributes"},"acf":[],"yoast_head":"<!-- This site is optimized with the Yoast SEO plugin v27.3 - https:\/\/yoast.com\/product\/yoast-seo-wordpress\/ -->\n<title>Buffet-\u00e9tag\u00e8re BOXY - Radis<\/title>\n<meta name=\"robots\" content=\"index, follow, max-snippet:-1, max-image-preview:large, max-video-preview:-1\" \/>\n<link rel=\"canonical\" href=\"https:\/\/radis.ee\/kummut-riiul-boxy\/\" \/>\n<meta property=\"og:locale\" content=\"fr_FR\" \/>\n<meta property=\"og:type\" content=\"article\" \/>\n<meta property=\"og:title\" content=\"Buffet-\u00e9tag\u00e8re BOXY - Radis\" \/>\n<meta property=\"og:description\" content=\"L&rsquo;\u00e9tag\u00e8re-buffet BOXY est comme une brise fra\u00eeche dans le monde des tiroirs. Le design unique place les \u00e9tag\u00e8res avec des portes au milieu tandis que les \u00e9tag\u00e8res ouvertes les entourent. Cela cr\u00e9e un effet visuel \u00e9tonnant et rend le tiroir pratique et attrayant. Les pattes en \u00e9pingle \u00e0 aiguilles lui conf\u00e8rent une sensation encore plus...\" \/>\n<meta property=\"og:url\" content=\"https:\/\/radis.ee\/kummut-riiul-boxy\/\" \/>\n<meta property=\"og:site_name\" content=\"Radis\" \/>\n<meta property=\"article:publisher\" content=\"https:\/\/www.facebook.com\/radisfurniture\/\" \/>\n<meta property=\"article:modified_time\" content=\"2024-01-30T20:07:30+00:00\" \/>\n<meta property=\"og:image\" content=\"https:\/\/radis.ee\/wp-content\/uploads\/2020\/10\/RADIS_sideboard_shelf_BOXY_oak_veneered_white_background-1.jpg\" \/>\n\t<meta property=\"og:image:width\" content=\"1360\" \/>\n\t<meta property=\"og:image:height\" content=\"1620\" \/>\n\t<meta property=\"og:image:type\" content=\"image\/jpeg\" \/>\n<meta name=\"twitter:card\" content=\"summary_large_image\" \/>\n<meta name=\"twitter:label1\" content=\"Dur\u00e9e de lecture estim\u00e9e\" \/>\n\t<meta name=\"twitter:data1\" content=\"1 minute\" \/>\n<script type=\"application\/ld+json\" class=\"yoast-schema-graph\">{\"@context\":\"https:\\\/\\\/schema.org\",\"@graph\":[{\"@type\":\"WebPage\",\"@id\":\"https:\\\/\\\/radis.ee\\\/kummut-riiul-boxy\\\/\",\"url\":\"https:\\\/\\\/radis.ee\\\/kummut-riiul-boxy\\\/\",\"name\":\"Buffet-\u00e9tag\u00e8re BOXY - Radis\",\"isPartOf\":{\"@id\":\"https:\\\/\\\/radis.ee\\\/#website\"},\"primaryImageOfPage\":{\"@id\":\"https:\\\/\\\/radis.ee\\\/kummut-riiul-boxy\\\/#primaryimage\"},\"image\":{\"@id\":\"https:\\\/\\\/radis.ee\\\/kummut-riiul-boxy\\\/#primaryimage\"},\"thumbnailUrl\":\"https:\\\/\\\/radis.ee\\\/wp-content\\\/uploads\\\/2020\\\/10\\\/RADIS_sideboard_shelf_BOXY_oak_veneered_white_background-1.jpg\",\"datePublished\":\"2020-01-03T11:09:02+00:00\",\"dateModified\":\"2024-01-30T20:07:30+00:00\",\"breadcrumb\":{\"@id\":\"https:\\\/\\\/radis.ee\\\/kummut-riiul-boxy\\\/#breadcrumb\"},\"inLanguage\":\"fr-FR\",\"potentialAction\":[{\"@type\":\"ReadAction\",\"target\":[\"https:\\\/\\\/radis.ee\\\/kummut-riiul-boxy\\\/\"]}]},{\"@type\":\"ImageObject\",\"inLanguage\":\"fr-FR\",\"@id\":\"https:\\\/\\\/radis.ee\\\/kummut-riiul-boxy\\\/#primaryimage\",\"url\":\"https:\\\/\\\/radis.ee\\\/wp-content\\\/uploads\\\/2020\\\/10\\\/RADIS_sideboard_shelf_BOXY_oak_veneered_white_background-1.jpg\",\"contentUrl\":\"https:\\\/\\\/radis.ee\\\/wp-content\\\/uploads\\\/2020\\\/10\\\/RADIS_sideboard_shelf_BOXY_oak_veneered_white_background-1.jpg\",\"width\":1360,\"height\":1620,\"caption\":\"RADIS sideboard shelf BOXY Oak veneered\"},{\"@type\":\"BreadcrumbList\",\"@id\":\"https:\\\/\\\/radis.ee\\\/kummut-riiul-boxy\\\/#breadcrumb\",\"itemListElement\":[{\"@type\":\"ListItem\",\"position\":1,\"name\":\"Home\",\"item\":\"https:\\\/\\\/radis.ee\\\/\"},{\"@type\":\"ListItem\",\"position\":2,\"name\":\"Magasin\",\"item\":\"https:\\\/\\\/radis.ee\\\/fr\\\/magasin\\\/\"},{\"@type\":\"ListItem\",\"position\":3,\"name\":\"Buffet-\u00e9tag\u00e8re BOXY\"}]},{\"@type\":\"WebSite\",\"@id\":\"https:\\\/\\\/radis.ee\\\/#website\",\"url\":\"https:\\\/\\\/radis.ee\\\/\",\"name\":\"Radis\",\"description\":\"Nordic design furniture, environmentally friendly and sustainable.\",\"publisher\":{\"@id\":\"https:\\\/\\\/radis.ee\\\/#organization\"},\"potentialAction\":[{\"@type\":\"SearchAction\",\"target\":{\"@type\":\"EntryPoint\",\"urlTemplate\":\"https:\\\/\\\/radis.ee\\\/?s={search_term_string}\"},\"query-input\":{\"@type\":\"PropertyValueSpecification\",\"valueRequired\":true,\"valueName\":\"search_term_string\"}}],\"inLanguage\":\"fr-FR\"},{\"@type\":\"Organization\",\"@id\":\"https:\\\/\\\/radis.ee\\\/#organization\",\"name\":\"Radis O\u00dc\",\"url\":\"https:\\\/\\\/radis.ee\\\/\",\"logo\":{\"@type\":\"ImageObject\",\"inLanguage\":\"fr-FR\",\"@id\":\"https:\\\/\\\/radis.ee\\\/#\\\/schema\\\/logo\\\/image\\\/\",\"url\":\"https:\\\/\\\/radis.ee\\\/wp-content\\\/uploads\\\/2020\\\/10\\\/Radis-logo.png\",\"contentUrl\":\"https:\\\/\\\/radis.ee\\\/wp-content\\\/uploads\\\/2020\\\/10\\\/Radis-logo.png\",\"width\":300,\"height\":63,\"caption\":\"Radis O\u00dc\"},\"image\":{\"@id\":\"https:\\\/\\\/radis.ee\\\/#\\\/schema\\\/logo\\\/image\\\/\"},\"sameAs\":[\"https:\\\/\\\/www.facebook.com\\\/radisfurniture\\\/\"]}]}<\/script>\n<!-- \/ Yoast SEO plugin. -->","yoast_head_json":{"title":"Buffet-\u00e9tag\u00e8re BOXY - Radis","robots":{"index":"index","follow":"follow","max-snippet":"max-snippet:-1","max-image-preview":"max-image-preview:large","max-video-preview":"max-video-preview:-1"},"canonical":"https:\/\/radis.ee\/kummut-riiul-boxy\/","og_locale":"fr_FR","og_type":"article","og_title":"Buffet-\u00e9tag\u00e8re BOXY - Radis","og_description":"L&rsquo;\u00e9tag\u00e8re-buffet BOXY est comme une brise fra\u00eeche dans le monde des tiroirs. Le design unique place les \u00e9tag\u00e8res avec des portes au milieu tandis que les \u00e9tag\u00e8res ouvertes les entourent. Cela cr\u00e9e un effet visuel \u00e9tonnant et rend le tiroir pratique et attrayant. Les pattes en \u00e9pingle \u00e0 aiguilles lui conf\u00e8rent une sensation encore plus...","og_url":"https:\/\/radis.ee\/kummut-riiul-boxy\/","og_site_name":"Radis","article_publisher":"https:\/\/www.facebook.com\/radisfurniture\/","article_modified_time":"2024-01-30T20:07:30+00:00","og_image":[{"width":1360,"height":1620,"url":"https:\/\/radis.ee\/wp-content\/uploads\/2020\/10\/RADIS_sideboard_shelf_BOXY_oak_veneered_white_background-1.jpg","type":"image\/jpeg"}],"twitter_card":"summary_large_image","twitter_misc":{"Dur\u00e9e de lecture estim\u00e9e":"1 minute"},"schema":{"@context":"https:\/\/schema.org","@graph":[{"@type":"WebPage","@id":"https:\/\/radis.ee\/kummut-riiul-boxy\/","url":"https:\/\/radis.ee\/kummut-riiul-boxy\/","name":"Buffet-\u00e9tag\u00e8re BOXY - Radis","isPartOf":{"@id":"https:\/\/radis.ee\/#website"},"primaryImageOfPage":{"@id":"https:\/\/radis.ee\/kummut-riiul-boxy\/#primaryimage"},"image":{"@id":"https:\/\/radis.ee\/kummut-riiul-boxy\/#primaryimage"},"thumbnailUrl":"https:\/\/radis.ee\/wp-content\/uploads\/2020\/10\/RADIS_sideboard_shelf_BOXY_oak_veneered_white_background-1.jpg","datePublished":"2020-01-03T11:09:02+00:00","dateModified":"2024-01-30T20:07:30+00:00","breadcrumb":{"@id":"https:\/\/radis.ee\/kummut-riiul-boxy\/#breadcrumb"},"inLanguage":"fr-FR","potentialAction":[{"@type":"ReadAction","target":["https:\/\/radis.ee\/kummut-riiul-boxy\/"]}]},{"@type":"ImageObject","inLanguage":"fr-FR","@id":"https:\/\/radis.ee\/kummut-riiul-boxy\/#primaryimage","url":"https:\/\/radis.ee\/wp-content\/uploads\/2020\/10\/RADIS_sideboard_shelf_BOXY_oak_veneered_white_background-1.jpg","contentUrl":"https:\/\/radis.ee\/wp-content\/uploads\/2020\/10\/RADIS_sideboard_shelf_BOXY_oak_veneered_white_background-1.jpg","width":1360,"height":1620,"caption":"RADIS sideboard shelf BOXY Oak veneered"},{"@type":"BreadcrumbList","@id":"https:\/\/radis.ee\/kummut-riiul-boxy\/#breadcrumb","itemListElement":[{"@type":"ListItem","position":1,"name":"Home","item":"https:\/\/radis.ee\/"},{"@type":"ListItem","position":2,"name":"Magasin","item":"https:\/\/radis.ee\/fr\/magasin\/"},{"@type":"ListItem","position":3,"name":"Buffet-\u00e9tag\u00e8re BOXY"}]},{"@type":"WebSite","@id":"https:\/\/radis.ee\/#website","url":"https:\/\/radis.ee\/","name":"Radis","description":"Nordic design furniture, environmentally friendly and sustainable.","publisher":{"@id":"https:\/\/radis.ee\/#organization"},"potentialAction":[{"@type":"SearchAction","target":{"@type":"EntryPoint","urlTemplate":"https:\/\/radis.ee\/?s={search_term_string}"},"query-input":{"@type":"PropertyValueSpecification","valueRequired":true,"valueName":"search_term_string"}}],"inLanguage":"fr-FR"},{"@type":"Organization","@id":"https:\/\/radis.ee\/#organization","name":"Radis O\u00dc","url":"https:\/\/radis.ee\/","logo":{"@type":"ImageObject","inLanguage":"fr-FR","@id":"https:\/\/radis.ee\/#\/schema\/logo\/image\/","url":"https:\/\/radis.ee\/wp-content\/uploads\/2020\/10\/Radis-logo.png","contentUrl":"https:\/\/radis.ee\/wp-content\/uploads\/2020\/10\/Radis-logo.png","width":300,"height":63,"caption":"Radis O\u00dc"},"image":{"@id":"https:\/\/radis.ee\/#\/schema\/logo\/image\/"},"sameAs":["https:\/\/www.facebook.com\/radisfurniture\/"]}]}},"_links":{"self":[{"href":"https:\/\/radis.ee\/fr\/wp-json\/wp\/v2\/product\/8186","targetHints":{"allow":["GET"]}}],"collection":[{"href":"https:\/\/radis.ee\/fr\/wp-json\/wp\/v2\/product"}],"about":[{"href":"https:\/\/radis.ee\/fr\/wp-json\/wp\/v2\/types\/product"}],"replies":[{"embeddable":true,"href":"https:\/\/radis.ee\/fr\/wp-json\/wp\/v2\/comments?post=8186"}],"wp:featuredmedia":[{"embeddable":true,"href":"https:\/\/radis.ee\/fr\/wp-json\/wp\/v2\/media\/20201"}],"wp:attachment":[{"href":"https:\/\/radis.ee\/fr\/wp-json\/wp\/v2\/media?parent=8186"}],"wp:term":[{"taxonomy":"product_brand","embeddable":true,"href":"https:\/\/radis.ee\/fr\/wp-json\/wp\/v2\/product_brand?post=8186"},{"taxonomy":"product_cat","embeddable":true,"href":"https:\/\/radis.ee\/fr\/wp-json\/wp\/v2\/product_cat?post=8186"},{"taxonomy":"product_tag","embeddable":true,"href":"https:\/\/radis.ee\/fr\/wp-json\/wp\/v2\/product_tag?post=8186"}],"curies":[{"name":"wp","href":"https:\/\/api.w.org\/{rel}","templated":true}]}}