{"id":8190,"date":"2019-11-30T22:28:59","date_gmt":"2019-11-30T20:28:59","guid":{"rendered":"https:\/\/radis.ee\/table-a-roulettes-noble\/"},"modified":"2019-11-30T22:28:59","modified_gmt":"2019-11-30T20:28:59","slug":"table-a-roulettes-noble","status":"publish","type":"product","link":"https:\/\/radis.ee\/fr\/table-a-roulettes-noble\/","title":{"rendered":"Table \u00e0 roulettes NOBLE"},"content":{"rendered":"<p>Vous n&rsquo;aurez jamais \u00e0 faire de compromis sur le g\u00e2teau \u00e0 cuire et \u00e0 servir. NOBLE Trolley Table est l\u00e0 pour tout apporter \u00e0 la table avec style.<\/p>\n<p>Utilisez-la comme table de service suppl\u00e9mentaire lorsque vous avez des invit\u00e9s ou simplement comme jolie table d&rsquo;appoint pour placer votre tasse de caf\u00e9 lorsque vous lisez sur le canap\u00e9. Avec ses jolies roues et sa grande fonctionnalit\u00e9, il deviendra votre nouveau meuble pr\u00e9f\u00e9r\u00e9.<\/p>\n<p>Fabriqu\u00e9 en contreplaqu\u00e9 de bouleau plaqu\u00e9 ch\u00eane, cir\u00e9 \u00e0 l&rsquo;huile. Sous les roues de meubles tranquilles de chariot.<\/p>\n<p>La table de service NOBLE devient votre compagnon int\u00e9gral de votre canap\u00e9.<\/p>\n","protected":false},"excerpt":{"rendered":"<p>Vous n&rsquo;aurez jamais \u00e0 faire de compromis sur le g\u00e2teau \u00e0 cuire et \u00e0 servir. NOBLE Trolley Table est l\u00e0 pour tout apporter \u00e0 la table avec style. Utilisez-la comme table de service suppl\u00e9mentaire lorsque vous avez des invit\u00e9s ou simplement comme jolie table d&rsquo;appoint pour placer votre tasse de caf\u00e9 lorsque vous lisez sur&#8230;<\/p>\n","protected":false},"featured_media":8192,"comment_status":"open","ping_status":"closed","template":"","meta":{"_acf_changed":false},"product_brand":[],"product_cat":[111],"product_tag":[],"class_list":{"0":"post-8190","1":"product","2":"type-product","3":"status-publish","4":"has-post-thumbnail","6":"product_cat-lauad","8":"first","9":"instock","10":"taxable","11":"shipping-taxable","12":"purchasable","13":"product-type-simple"},"acf":[],"yoast_head":"<!-- This site is optimized with the Yoast SEO plugin v27.4 - https:\/\/yoast.com\/product\/yoast-seo-wordpress\/ -->\n<title>Table \u00e0 roulettes NOBLE - Radis<\/title>\n<meta name=\"robots\" content=\"index, follow, max-snippet:-1, max-image-preview:large, max-video-preview:-1\" \/>\n<link rel=\"canonical\" href=\"https:\/\/radis.ee\/serveerimislaud-noble\/\" \/>\n<meta property=\"og:locale\" content=\"fr_FR\" \/>\n<meta property=\"og:type\" content=\"article\" \/>\n<meta property=\"og:title\" content=\"Table \u00e0 roulettes NOBLE - Radis\" \/>\n<meta property=\"og:description\" content=\"Vous n&rsquo;aurez jamais \u00e0 faire de compromis sur le g\u00e2teau \u00e0 cuire et \u00e0 servir. NOBLE Trolley Table est l\u00e0 pour tout apporter \u00e0 la table avec style. Utilisez-la comme table de service suppl\u00e9mentaire lorsque vous avez des invit\u00e9s ou simplement comme jolie table d&rsquo;appoint pour placer votre tasse de caf\u00e9 lorsque vous lisez sur...\" \/>\n<meta property=\"og:url\" content=\"https:\/\/radis.ee\/serveerimislaud-noble\/\" \/>\n<meta property=\"og:site_name\" content=\"Radis\" \/>\n<meta property=\"article:publisher\" content=\"https:\/\/www.facebook.com\/radisfurniture\/\" \/>\n<meta property=\"og:image\" content=\"https:\/\/radis.ee\/wp-content\/uploads\/2019\/11\/Radis_trolley_table_NOBLE_oakveneered_interior_2_valgetaust-scaled.jpg\" \/>\n\t<meta property=\"og:image:width\" content=\"1798\" \/>\n\t<meta property=\"og:image:height\" content=\"2560\" \/>\n\t<meta property=\"og:image:type\" content=\"image\/jpeg\" \/>\n<meta name=\"twitter:card\" content=\"summary_large_image\" \/>\n<meta name=\"twitter:label1\" content=\"Dur\u00e9e de lecture estim\u00e9e\" \/>\n\t<meta name=\"twitter:data1\" content=\"1 minute\" \/>\n<script type=\"application\/ld+json\" class=\"yoast-schema-graph\">{\"@context\":\"https:\\\/\\\/schema.org\",\"@graph\":[{\"@type\":\"WebPage\",\"@id\":\"https:\\\/\\\/radis.ee\\\/serveerimislaud-noble\\\/\",\"url\":\"https:\\\/\\\/radis.ee\\\/serveerimislaud-noble\\\/\",\"name\":\"Table \u00e0 roulettes NOBLE - Radis\",\"isPartOf\":{\"@id\":\"https:\\\/\\\/radis.ee\\\/#website\"},\"primaryImageOfPage\":{\"@id\":\"https:\\\/\\\/radis.ee\\\/serveerimislaud-noble\\\/#primaryimage\"},\"image\":{\"@id\":\"https:\\\/\\\/radis.ee\\\/serveerimislaud-noble\\\/#primaryimage\"},\"thumbnailUrl\":\"https:\\\/\\\/radis.ee\\\/wp-content\\\/uploads\\\/2019\\\/11\\\/Radis_trolley_table_NOBLE_oakveneered_interior_2_valgetaust-scaled.jpg\",\"datePublished\":\"2019-11-30T20:28:59+00:00\",\"breadcrumb\":{\"@id\":\"https:\\\/\\\/radis.ee\\\/serveerimislaud-noble\\\/#breadcrumb\"},\"inLanguage\":\"fr-FR\",\"potentialAction\":[{\"@type\":\"ReadAction\",\"target\":[\"https:\\\/\\\/radis.ee\\\/serveerimislaud-noble\\\/\"]}]},{\"@type\":\"ImageObject\",\"inLanguage\":\"fr-FR\",\"@id\":\"https:\\\/\\\/radis.ee\\\/serveerimislaud-noble\\\/#primaryimage\",\"url\":\"https:\\\/\\\/radis.ee\\\/wp-content\\\/uploads\\\/2019\\\/11\\\/Radis_trolley_table_NOBLE_oakveneered_interior_2_valgetaust-scaled.jpg\",\"contentUrl\":\"https:\\\/\\\/radis.ee\\\/wp-content\\\/uploads\\\/2019\\\/11\\\/Radis_trolley_table_NOBLE_oakveneered_interior_2_valgetaust-scaled.jpg\",\"width\":1798,\"height\":2560},{\"@type\":\"BreadcrumbList\",\"@id\":\"https:\\\/\\\/radis.ee\\\/serveerimislaud-noble\\\/#breadcrumb\",\"itemListElement\":[{\"@type\":\"ListItem\",\"position\":1,\"name\":\"Home\",\"item\":\"https:\\\/\\\/radis.ee\\\/\"},{\"@type\":\"ListItem\",\"position\":2,\"name\":\"Magasin\",\"item\":\"https:\\\/\\\/radis.ee\\\/fr\\\/magasin\\\/\"},{\"@type\":\"ListItem\",\"position\":3,\"name\":\"Table \u00e0 roulettes NOBLE\"}]},{\"@type\":\"WebSite\",\"@id\":\"https:\\\/\\\/radis.ee\\\/#website\",\"url\":\"https:\\\/\\\/radis.ee\\\/\",\"name\":\"Radis\",\"description\":\"Nordic design furniture, environmentally friendly and sustainable.\",\"publisher\":{\"@id\":\"https:\\\/\\\/radis.ee\\\/#organization\"},\"potentialAction\":[{\"@type\":\"SearchAction\",\"target\":{\"@type\":\"EntryPoint\",\"urlTemplate\":\"https:\\\/\\\/radis.ee\\\/?s={search_term_string}\"},\"query-input\":{\"@type\":\"PropertyValueSpecification\",\"valueRequired\":true,\"valueName\":\"search_term_string\"}}],\"inLanguage\":\"fr-FR\"},{\"@type\":\"Organization\",\"@id\":\"https:\\\/\\\/radis.ee\\\/#organization\",\"name\":\"Radis O\u00dc\",\"url\":\"https:\\\/\\\/radis.ee\\\/\",\"logo\":{\"@type\":\"ImageObject\",\"inLanguage\":\"fr-FR\",\"@id\":\"https:\\\/\\\/radis.ee\\\/#\\\/schema\\\/logo\\\/image\\\/\",\"url\":\"https:\\\/\\\/radis.ee\\\/wp-content\\\/uploads\\\/2020\\\/10\\\/Radis-logo.png\",\"contentUrl\":\"https:\\\/\\\/radis.ee\\\/wp-content\\\/uploads\\\/2020\\\/10\\\/Radis-logo.png\",\"width\":300,\"height\":63,\"caption\":\"Radis O\u00dc\"},\"image\":{\"@id\":\"https:\\\/\\\/radis.ee\\\/#\\\/schema\\\/logo\\\/image\\\/\"},\"sameAs\":[\"https:\\\/\\\/www.facebook.com\\\/radisfurniture\\\/\"]}]}<\/script>\n<!-- \/ Yoast SEO plugin. -->","yoast_head_json":{"title":"Table \u00e0 roulettes NOBLE - Radis","robots":{"index":"index","follow":"follow","max-snippet":"max-snippet:-1","max-image-preview":"max-image-preview:large","max-video-preview":"max-video-preview:-1"},"canonical":"https:\/\/radis.ee\/serveerimislaud-noble\/","og_locale":"fr_FR","og_type":"article","og_title":"Table \u00e0 roulettes NOBLE - Radis","og_description":"Vous n&rsquo;aurez jamais \u00e0 faire de compromis sur le g\u00e2teau \u00e0 cuire et \u00e0 servir. NOBLE Trolley Table est l\u00e0 pour tout apporter \u00e0 la table avec style. Utilisez-la comme table de service suppl\u00e9mentaire lorsque vous avez des invit\u00e9s ou simplement comme jolie table d&rsquo;appoint pour placer votre tasse de caf\u00e9 lorsque vous lisez sur...","og_url":"https:\/\/radis.ee\/serveerimislaud-noble\/","og_site_name":"Radis","article_publisher":"https:\/\/www.facebook.com\/radisfurniture\/","og_image":[{"width":1798,"height":2560,"url":"https:\/\/radis.ee\/wp-content\/uploads\/2019\/11\/Radis_trolley_table_NOBLE_oakveneered_interior_2_valgetaust-scaled.jpg","type":"image\/jpeg"}],"twitter_card":"summary_large_image","twitter_misc":{"Dur\u00e9e de lecture estim\u00e9e":"1 minute"},"schema":{"@context":"https:\/\/schema.org","@graph":[{"@type":"WebPage","@id":"https:\/\/radis.ee\/serveerimislaud-noble\/","url":"https:\/\/radis.ee\/serveerimislaud-noble\/","name":"Table \u00e0 roulettes NOBLE - Radis","isPartOf":{"@id":"https:\/\/radis.ee\/#website"},"primaryImageOfPage":{"@id":"https:\/\/radis.ee\/serveerimislaud-noble\/#primaryimage"},"image":{"@id":"https:\/\/radis.ee\/serveerimislaud-noble\/#primaryimage"},"thumbnailUrl":"https:\/\/radis.ee\/wp-content\/uploads\/2019\/11\/Radis_trolley_table_NOBLE_oakveneered_interior_2_valgetaust-scaled.jpg","datePublished":"2019-11-30T20:28:59+00:00","breadcrumb":{"@id":"https:\/\/radis.ee\/serveerimislaud-noble\/#breadcrumb"},"inLanguage":"fr-FR","potentialAction":[{"@type":"ReadAction","target":["https:\/\/radis.ee\/serveerimislaud-noble\/"]}]},{"@type":"ImageObject","inLanguage":"fr-FR","@id":"https:\/\/radis.ee\/serveerimislaud-noble\/#primaryimage","url":"https:\/\/radis.ee\/wp-content\/uploads\/2019\/11\/Radis_trolley_table_NOBLE_oakveneered_interior_2_valgetaust-scaled.jpg","contentUrl":"https:\/\/radis.ee\/wp-content\/uploads\/2019\/11\/Radis_trolley_table_NOBLE_oakveneered_interior_2_valgetaust-scaled.jpg","width":1798,"height":2560},{"@type":"BreadcrumbList","@id":"https:\/\/radis.ee\/serveerimislaud-noble\/#breadcrumb","itemListElement":[{"@type":"ListItem","position":1,"name":"Home","item":"https:\/\/radis.ee\/"},{"@type":"ListItem","position":2,"name":"Magasin","item":"https:\/\/radis.ee\/fr\/magasin\/"},{"@type":"ListItem","position":3,"name":"Table \u00e0 roulettes NOBLE"}]},{"@type":"WebSite","@id":"https:\/\/radis.ee\/#website","url":"https:\/\/radis.ee\/","name":"Radis","description":"Nordic design furniture, environmentally friendly and sustainable.","publisher":{"@id":"https:\/\/radis.ee\/#organization"},"potentialAction":[{"@type":"SearchAction","target":{"@type":"EntryPoint","urlTemplate":"https:\/\/radis.ee\/?s={search_term_string}"},"query-input":{"@type":"PropertyValueSpecification","valueRequired":true,"valueName":"search_term_string"}}],"inLanguage":"fr-FR"},{"@type":"Organization","@id":"https:\/\/radis.ee\/#organization","name":"Radis O\u00dc","url":"https:\/\/radis.ee\/","logo":{"@type":"ImageObject","inLanguage":"fr-FR","@id":"https:\/\/radis.ee\/#\/schema\/logo\/image\/","url":"https:\/\/radis.ee\/wp-content\/uploads\/2020\/10\/Radis-logo.png","contentUrl":"https:\/\/radis.ee\/wp-content\/uploads\/2020\/10\/Radis-logo.png","width":300,"height":63,"caption":"Radis O\u00dc"},"image":{"@id":"https:\/\/radis.ee\/#\/schema\/logo\/image\/"},"sameAs":["https:\/\/www.facebook.com\/radisfurniture\/"]}]}},"_links":{"self":[{"href":"https:\/\/radis.ee\/fr\/wp-json\/wp\/v2\/product\/8190","targetHints":{"allow":["GET"]}}],"collection":[{"href":"https:\/\/radis.ee\/fr\/wp-json\/wp\/v2\/product"}],"about":[{"href":"https:\/\/radis.ee\/fr\/wp-json\/wp\/v2\/types\/product"}],"replies":[{"embeddable":true,"href":"https:\/\/radis.ee\/fr\/wp-json\/wp\/v2\/comments?post=8190"}],"wp:featuredmedia":[{"embeddable":true,"href":"https:\/\/radis.ee\/fr\/wp-json\/wp\/v2\/media\/8192"}],"wp:attachment":[{"href":"https:\/\/radis.ee\/fr\/wp-json\/wp\/v2\/media?parent=8190"}],"wp:term":[{"taxonomy":"product_brand","embeddable":true,"href":"https:\/\/radis.ee\/fr\/wp-json\/wp\/v2\/product_brand?post=8190"},{"taxonomy":"product_cat","embeddable":true,"href":"https:\/\/radis.ee\/fr\/wp-json\/wp\/v2\/product_cat?post=8190"},{"taxonomy":"product_tag","embeddable":true,"href":"https:\/\/radis.ee\/fr\/wp-json\/wp\/v2\/product_tag?post=8190"}],"curies":[{"name":"wp","href":"https:\/\/api.w.org\/{rel}","templated":true}]}}