{"id":8278,"date":"2023-10-11T21:49:16","date_gmt":"2023-10-11T18:49:16","guid":{"rendered":"https:\/\/radis.ee\/buffet-noble\/"},"modified":"2025-01-24T19:20:29","modified_gmt":"2025-01-24T17:20:29","slug":"buffet-noble-2-portes-coulissantes-et-3-tiroirs","status":"publish","type":"product","link":"https:\/\/radis.ee\/fr\/buffet-noble-2-portes-coulissantes-et-3-tiroirs\/","title":{"rendered":"Buffet NOBLE 2 portes coulissantes et 3 tiroirs"},"content":{"rendered":"<p>Les tiroirs sont le nouveau noir! Vous n&rsquo;imaginez pas comment vous avez v\u00e9cu sans un sans avoir essay\u00e9 ce que c&rsquo;est que de vivre avec un. Le tiroir de la s\u00e9rie Noble stockera tout et d\u00e9sencombrera votre maison en toute simplicit\u00e9. En m\u00eame temps, il a l&rsquo;air \u00e9l\u00e9gant et am\u00e9liore l&rsquo;esth\u00e9tique visuelle de votre maison.<\/p>\n<p>Comme les autres produits de la s\u00e9rie Noble, il est fabriqu\u00e9 en placage de ch\u00eane ou en contreplaqu\u00e9 de bouleau et poss\u00e8de des portes coulissantes silencieuses. Qu&rsquo;est-ce qu&rsquo;il n&rsquo;y a pas \u00e0 aimer dans le tiroir Noble ?<\/p>\n<p>De part et d&rsquo;autre des tiroirs se trouvent des \u00e9tag\u00e8res interm\u00e9diaires r\u00e9glables en hauteur, de 47 cm de large (64 cm sur la version 2m de large), de 36 cm de profondeur. Hauteur int\u00e9rieure 41 cm. Tiroirs cach\u00e9s \u00e0 fermeture amortie, portes coulissantes sur roulettes H\u00e4fele. Pieds r\u00e9glables en m\u00e9tal avec rev\u00eatement en poudre noire d&rsquo;une hauteur de 17 cm.<\/p>\n<p>La s\u00e9rie NOBLE a atteint le deuxi\u00e8me tour du Prix estonien du design Bruno 2020.<\/p>\n","protected":false},"excerpt":{"rendered":"<p>Les tiroirs sont le nouveau noir! Vous n&rsquo;imaginez pas comment vous avez v\u00e9cu sans un sans avoir essay\u00e9 ce que c&rsquo;est que de vivre avec un. Le tiroir de la s\u00e9rie Noble stockera tout et d\u00e9sencombrera votre maison en toute simplicit\u00e9. En m\u00eame temps, il a l&rsquo;air \u00e9l\u00e9gant et am\u00e9liore l&rsquo;esth\u00e9tique visuelle de votre maison&#8230;.<\/p>\n","protected":false},"featured_media":17376,"comment_status":"open","ping_status":"closed","template":"","meta":{"_acf_changed":false},"product_brand":[],"product_cat":[17],"product_tag":[],"class_list":{"0":"post-8278","1":"product","2":"type-product","3":"status-publish","4":"has-post-thumbnail","6":"product_cat-kummutid","8":"first","9":"instock","10":"sale","11":"taxable","12":"shipping-taxable","13":"purchasable","14":"product-type-variable","15":"has-default-attributes"},"acf":[],"yoast_head":"<!-- This site is optimized with the Yoast SEO plugin v27.4 - https:\/\/yoast.com\/product\/yoast-seo-wordpress\/ -->\n<title>Buffet NOBLE 2 portes coulissantes et 3 tiroirs - Radis<\/title>\n<meta name=\"robots\" content=\"index, follow, max-snippet:-1, max-image-preview:large, max-video-preview:-1\" \/>\n<link rel=\"canonical\" href=\"https:\/\/radis.ee\/fr\/buffet-noble-2-portes-coulissantes-et-3-tiroirs\/\" \/>\n<meta property=\"og:locale\" content=\"fr_FR\" \/>\n<meta property=\"og:type\" content=\"article\" \/>\n<meta property=\"og:title\" content=\"Buffet NOBLE 2 portes coulissantes et 3 tiroirs - Radis\" \/>\n<meta property=\"og:description\" content=\"Les tiroirs sont le nouveau noir! Vous n&rsquo;imaginez pas comment vous avez v\u00e9cu sans un sans avoir essay\u00e9 ce que c&rsquo;est que de vivre avec un. Le tiroir de la s\u00e9rie Noble stockera tout et d\u00e9sencombrera votre maison en toute simplicit\u00e9. En m\u00eame temps, il a l&rsquo;air \u00e9l\u00e9gant et am\u00e9liore l&rsquo;esth\u00e9tique visuelle de votre maison....\" \/>\n<meta property=\"og:url\" content=\"https:\/\/radis.ee\/fr\/buffet-noble-2-portes-coulissantes-et-3-tiroirs\/\" \/>\n<meta property=\"og:site_name\" content=\"Radis\" \/>\n<meta property=\"article:publisher\" content=\"https:\/\/www.facebook.com\/radisfurniture\/\" \/>\n<meta property=\"article:modified_time\" content=\"2025-01-24T17:20:29+00:00\" \/>\n<meta property=\"og:image\" content=\"https:\/\/radis.ee\/wp-content\/uploads\/2022\/02\/RADIS_sideboard_NOBLE_Oak_veneered_plywood_white_background_3.jpg\" \/>\n\t<meta property=\"og:image:width\" content=\"1150\" \/>\n\t<meta property=\"og:image:height\" content=\"1429\" \/>\n\t<meta property=\"og:image:type\" content=\"image\/jpeg\" \/>\n<meta name=\"twitter:card\" content=\"summary_large_image\" \/>\n<meta name=\"twitter:label1\" content=\"Dur\u00e9e de lecture estim\u00e9e\" \/>\n\t<meta name=\"twitter:data1\" content=\"1 minute\" \/>\n<script type=\"application\/ld+json\" class=\"yoast-schema-graph\">{\"@context\":\"https:\\\/\\\/schema.org\",\"@graph\":[{\"@type\":\"WebPage\",\"@id\":\"https:\\\/\\\/radis.ee\\\/fr\\\/buffet-noble-2-portes-coulissantes-et-3-tiroirs\\\/\",\"url\":\"https:\\\/\\\/radis.ee\\\/fr\\\/buffet-noble-2-portes-coulissantes-et-3-tiroirs\\\/\",\"name\":\"Buffet NOBLE 2 portes coulissantes et 3 tiroirs - Radis\",\"isPartOf\":{\"@id\":\"https:\\\/\\\/radis.ee\\\/#website\"},\"primaryImageOfPage\":{\"@id\":\"https:\\\/\\\/radis.ee\\\/fr\\\/buffet-noble-2-portes-coulissantes-et-3-tiroirs\\\/#primaryimage\"},\"image\":{\"@id\":\"https:\\\/\\\/radis.ee\\\/fr\\\/buffet-noble-2-portes-coulissantes-et-3-tiroirs\\\/#primaryimage\"},\"thumbnailUrl\":\"https:\\\/\\\/radis.ee\\\/wp-content\\\/uploads\\\/2022\\\/02\\\/RADIS_sideboard_NOBLE_Oak_veneered_plywood_white_background_3.jpg\",\"datePublished\":\"2023-10-11T18:49:16+00:00\",\"dateModified\":\"2025-01-24T17:20:29+00:00\",\"breadcrumb\":{\"@id\":\"https:\\\/\\\/radis.ee\\\/fr\\\/buffet-noble-2-portes-coulissantes-et-3-tiroirs\\\/#breadcrumb\"},\"inLanguage\":\"fr-FR\",\"potentialAction\":[{\"@type\":\"ReadAction\",\"target\":[\"https:\\\/\\\/radis.ee\\\/fr\\\/buffet-noble-2-portes-coulissantes-et-3-tiroirs\\\/\"]}]},{\"@type\":\"ImageObject\",\"inLanguage\":\"fr-FR\",\"@id\":\"https:\\\/\\\/radis.ee\\\/fr\\\/buffet-noble-2-portes-coulissantes-et-3-tiroirs\\\/#primaryimage\",\"url\":\"https:\\\/\\\/radis.ee\\\/wp-content\\\/uploads\\\/2022\\\/02\\\/RADIS_sideboard_NOBLE_Oak_veneered_plywood_white_background_3.jpg\",\"contentUrl\":\"https:\\\/\\\/radis.ee\\\/wp-content\\\/uploads\\\/2022\\\/02\\\/RADIS_sideboard_NOBLE_Oak_veneered_plywood_white_background_3.jpg\",\"width\":1150,\"height\":1429,\"caption\":\"RADIS_sideboard_NOBLE_Oak_veneered_plywood\"},{\"@type\":\"BreadcrumbList\",\"@id\":\"https:\\\/\\\/radis.ee\\\/fr\\\/buffet-noble-2-portes-coulissantes-et-3-tiroirs\\\/#breadcrumb\",\"itemListElement\":[{\"@type\":\"ListItem\",\"position\":1,\"name\":\"Home\",\"item\":\"https:\\\/\\\/radis.ee\\\/\"},{\"@type\":\"ListItem\",\"position\":2,\"name\":\"Magasin\",\"item\":\"https:\\\/\\\/radis.ee\\\/fr\\\/magasin\\\/\"},{\"@type\":\"ListItem\",\"position\":3,\"name\":\"Buffet NOBLE 2 portes coulissantes et 3 tiroirs\"}]},{\"@type\":\"WebSite\",\"@id\":\"https:\\\/\\\/radis.ee\\\/#website\",\"url\":\"https:\\\/\\\/radis.ee\\\/\",\"name\":\"Radis\",\"description\":\"Nordic design furniture, environmentally friendly and sustainable.\",\"publisher\":{\"@id\":\"https:\\\/\\\/radis.ee\\\/#organization\"},\"potentialAction\":[{\"@type\":\"SearchAction\",\"target\":{\"@type\":\"EntryPoint\",\"urlTemplate\":\"https:\\\/\\\/radis.ee\\\/?s={search_term_string}\"},\"query-input\":{\"@type\":\"PropertyValueSpecification\",\"valueRequired\":true,\"valueName\":\"search_term_string\"}}],\"inLanguage\":\"fr-FR\"},{\"@type\":\"Organization\",\"@id\":\"https:\\\/\\\/radis.ee\\\/#organization\",\"name\":\"Radis O\u00dc\",\"url\":\"https:\\\/\\\/radis.ee\\\/\",\"logo\":{\"@type\":\"ImageObject\",\"inLanguage\":\"fr-FR\",\"@id\":\"https:\\\/\\\/radis.ee\\\/#\\\/schema\\\/logo\\\/image\\\/\",\"url\":\"https:\\\/\\\/radis.ee\\\/wp-content\\\/uploads\\\/2020\\\/10\\\/Radis-logo.png\",\"contentUrl\":\"https:\\\/\\\/radis.ee\\\/wp-content\\\/uploads\\\/2020\\\/10\\\/Radis-logo.png\",\"width\":300,\"height\":63,\"caption\":\"Radis O\u00dc\"},\"image\":{\"@id\":\"https:\\\/\\\/radis.ee\\\/#\\\/schema\\\/logo\\\/image\\\/\"},\"sameAs\":[\"https:\\\/\\\/www.facebook.com\\\/radisfurniture\\\/\"]}]}<\/script>\n<!-- \/ Yoast SEO plugin. -->","yoast_head_json":{"title":"Buffet NOBLE 2 portes coulissantes et 3 tiroirs - Radis","robots":{"index":"index","follow":"follow","max-snippet":"max-snippet:-1","max-image-preview":"max-image-preview:large","max-video-preview":"max-video-preview:-1"},"canonical":"https:\/\/radis.ee\/fr\/buffet-noble-2-portes-coulissantes-et-3-tiroirs\/","og_locale":"fr_FR","og_type":"article","og_title":"Buffet NOBLE 2 portes coulissantes et 3 tiroirs - Radis","og_description":"Les tiroirs sont le nouveau noir! Vous n&rsquo;imaginez pas comment vous avez v\u00e9cu sans un sans avoir essay\u00e9 ce que c&rsquo;est que de vivre avec un. Le tiroir de la s\u00e9rie Noble stockera tout et d\u00e9sencombrera votre maison en toute simplicit\u00e9. En m\u00eame temps, il a l&rsquo;air \u00e9l\u00e9gant et am\u00e9liore l&rsquo;esth\u00e9tique visuelle de votre maison....","og_url":"https:\/\/radis.ee\/fr\/buffet-noble-2-portes-coulissantes-et-3-tiroirs\/","og_site_name":"Radis","article_publisher":"https:\/\/www.facebook.com\/radisfurniture\/","article_modified_time":"2025-01-24T17:20:29+00:00","og_image":[{"width":1150,"height":1429,"url":"https:\/\/radis.ee\/wp-content\/uploads\/2022\/02\/RADIS_sideboard_NOBLE_Oak_veneered_plywood_white_background_3.jpg","type":"image\/jpeg"}],"twitter_card":"summary_large_image","twitter_misc":{"Dur\u00e9e de lecture estim\u00e9e":"1 minute"},"schema":{"@context":"https:\/\/schema.org","@graph":[{"@type":"WebPage","@id":"https:\/\/radis.ee\/fr\/buffet-noble-2-portes-coulissantes-et-3-tiroirs\/","url":"https:\/\/radis.ee\/fr\/buffet-noble-2-portes-coulissantes-et-3-tiroirs\/","name":"Buffet NOBLE 2 portes coulissantes et 3 tiroirs - Radis","isPartOf":{"@id":"https:\/\/radis.ee\/#website"},"primaryImageOfPage":{"@id":"https:\/\/radis.ee\/fr\/buffet-noble-2-portes-coulissantes-et-3-tiroirs\/#primaryimage"},"image":{"@id":"https:\/\/radis.ee\/fr\/buffet-noble-2-portes-coulissantes-et-3-tiroirs\/#primaryimage"},"thumbnailUrl":"https:\/\/radis.ee\/wp-content\/uploads\/2022\/02\/RADIS_sideboard_NOBLE_Oak_veneered_plywood_white_background_3.jpg","datePublished":"2023-10-11T18:49:16+00:00","dateModified":"2025-01-24T17:20:29+00:00","breadcrumb":{"@id":"https:\/\/radis.ee\/fr\/buffet-noble-2-portes-coulissantes-et-3-tiroirs\/#breadcrumb"},"inLanguage":"fr-FR","potentialAction":[{"@type":"ReadAction","target":["https:\/\/radis.ee\/fr\/buffet-noble-2-portes-coulissantes-et-3-tiroirs\/"]}]},{"@type":"ImageObject","inLanguage":"fr-FR","@id":"https:\/\/radis.ee\/fr\/buffet-noble-2-portes-coulissantes-et-3-tiroirs\/#primaryimage","url":"https:\/\/radis.ee\/wp-content\/uploads\/2022\/02\/RADIS_sideboard_NOBLE_Oak_veneered_plywood_white_background_3.jpg","contentUrl":"https:\/\/radis.ee\/wp-content\/uploads\/2022\/02\/RADIS_sideboard_NOBLE_Oak_veneered_plywood_white_background_3.jpg","width":1150,"height":1429,"caption":"RADIS_sideboard_NOBLE_Oak_veneered_plywood"},{"@type":"BreadcrumbList","@id":"https:\/\/radis.ee\/fr\/buffet-noble-2-portes-coulissantes-et-3-tiroirs\/#breadcrumb","itemListElement":[{"@type":"ListItem","position":1,"name":"Home","item":"https:\/\/radis.ee\/"},{"@type":"ListItem","position":2,"name":"Magasin","item":"https:\/\/radis.ee\/fr\/magasin\/"},{"@type":"ListItem","position":3,"name":"Buffet NOBLE 2 portes coulissantes et 3 tiroirs"}]},{"@type":"WebSite","@id":"https:\/\/radis.ee\/#website","url":"https:\/\/radis.ee\/","name":"Radis","description":"Nordic design furniture, environmentally friendly and sustainable.","publisher":{"@id":"https:\/\/radis.ee\/#organization"},"potentialAction":[{"@type":"SearchAction","target":{"@type":"EntryPoint","urlTemplate":"https:\/\/radis.ee\/?s={search_term_string}"},"query-input":{"@type":"PropertyValueSpecification","valueRequired":true,"valueName":"search_term_string"}}],"inLanguage":"fr-FR"},{"@type":"Organization","@id":"https:\/\/radis.ee\/#organization","name":"Radis O\u00dc","url":"https:\/\/radis.ee\/","logo":{"@type":"ImageObject","inLanguage":"fr-FR","@id":"https:\/\/radis.ee\/#\/schema\/logo\/image\/","url":"https:\/\/radis.ee\/wp-content\/uploads\/2020\/10\/Radis-logo.png","contentUrl":"https:\/\/radis.ee\/wp-content\/uploads\/2020\/10\/Radis-logo.png","width":300,"height":63,"caption":"Radis O\u00dc"},"image":{"@id":"https:\/\/radis.ee\/#\/schema\/logo\/image\/"},"sameAs":["https:\/\/www.facebook.com\/radisfurniture\/"]}]}},"_links":{"self":[{"href":"https:\/\/radis.ee\/fr\/wp-json\/wp\/v2\/product\/8278","targetHints":{"allow":["GET"]}}],"collection":[{"href":"https:\/\/radis.ee\/fr\/wp-json\/wp\/v2\/product"}],"about":[{"href":"https:\/\/radis.ee\/fr\/wp-json\/wp\/v2\/types\/product"}],"replies":[{"embeddable":true,"href":"https:\/\/radis.ee\/fr\/wp-json\/wp\/v2\/comments?post=8278"}],"wp:featuredmedia":[{"embeddable":true,"href":"https:\/\/radis.ee\/fr\/wp-json\/wp\/v2\/media\/17376"}],"wp:attachment":[{"href":"https:\/\/radis.ee\/fr\/wp-json\/wp\/v2\/media?parent=8278"}],"wp:term":[{"taxonomy":"product_brand","embeddable":true,"href":"https:\/\/radis.ee\/fr\/wp-json\/wp\/v2\/product_brand?post=8278"},{"taxonomy":"product_cat","embeddable":true,"href":"https:\/\/radis.ee\/fr\/wp-json\/wp\/v2\/product_cat?post=8278"},{"taxonomy":"product_tag","embeddable":true,"href":"https:\/\/radis.ee\/fr\/wp-json\/wp\/v2\/product_tag?post=8278"}],"curies":[{"name":"wp","href":"https:\/\/api.w.org\/{rel}","templated":true}]}}