{"id":8807,"date":"2022-09-12T19:38:07","date_gmt":"2020-01-05T17:38:07","guid":{"rendered":"https:\/\/radis.ee\/lit-boxy-avec-tables-de-nuit\/"},"modified":"2020-01-05T19:38:07","modified_gmt":"2020-01-05T17:38:07","slug":"lit-boxy-avec-tables-de-nuit","status":"publish","type":"product","link":"https:\/\/radis.ee\/fr\/lit-boxy-avec-tables-de-nuit\/","title":{"rendered":"Lit BOXY avec tables de nuit"},"content":{"rendered":"<p>Le lit BOXY est un classique aux lignes \u00e9pur\u00e9es et \u00e0 la forme inspir\u00e9e du cubisme. La t\u00eate de lit est minimale et la chaleur du contreplaqu\u00e9 de bouleau le rend pratique. Les tables de nuit attach\u00e9es au lit vous \u00e9vitent les tracas de la recherche des articles parfaits pour correspondre au lit. Le lit BOXY est un bijou dans votre chambre que vous ch\u00e9rirez pendant des ann\u00e9es.<\/p>\n<p>L&rsquo;appui-t\u00eate est correctement inclin\u00e9 pour lire confortablement au lit. Fabriqu\u00e9 en contreplaqu\u00e9 de bouleau ou en contreplaqu\u00e9 plaqu\u00e9 ch\u00eane cir\u00e9 \u00e0 l&rsquo;huile. Les tables de nuit ont des rails de tiroir \u00e0 fermeture amortie. Sous le lit sont disponibles \u00e9galement deux bo\u00eetes de lit sur roues d&rsquo;une taille de 120x60x19cm.<\/p>\n<p>Le lit avec tables de nuit est 75 cm plus large que la largeur du matelas. La hauteur du sommier est de 25 cm du sol. Comprend les sommiers en contreplaqu\u00e9. Les lits ont \u00e9galement un pied de support au milieu.<\/p>\n","protected":false},"excerpt":{"rendered":"<p>Le lit BOXY est un classique aux lignes \u00e9pur\u00e9es et \u00e0 la forme inspir\u00e9e du cubisme. La t\u00eate de lit est minimale et la chaleur du contreplaqu\u00e9 de bouleau le rend pratique. Les tables de nuit attach\u00e9es au lit vous \u00e9vitent les tracas de la recherche des articles parfaits pour correspondre au lit. Le lit&#8230;<\/p>\n","protected":false},"featured_media":6623,"comment_status":"open","ping_status":"closed","template":"","meta":{"_acf_changed":false},"product_brand":[],"product_cat":[113],"product_tag":[],"class_list":{"0":"post-8807","1":"product","2":"type-product","3":"status-publish","4":"has-post-thumbnail","6":"product_cat-voodid","8":"first","9":"instock","10":"taxable","11":"shipping-taxable","12":"purchasable","13":"product-type-variable","14":"has-default-attributes"},"acf":[],"yoast_head":"<!-- This site is optimized with the Yoast SEO plugin v27.3 - https:\/\/yoast.com\/product\/yoast-seo-wordpress\/ -->\n<title>Lit BOXY avec tables de nuit - Radis<\/title>\n<meta name=\"robots\" content=\"index, follow, max-snippet:-1, max-image-preview:large, max-video-preview:-1\" \/>\n<link rel=\"canonical\" href=\"https:\/\/radis.ee\/ookappidega-voodi-boxy\/\" \/>\n<meta property=\"og:locale\" content=\"fr_FR\" \/>\n<meta property=\"og:type\" content=\"article\" \/>\n<meta property=\"og:title\" content=\"Lit BOXY avec tables de nuit - Radis\" \/>\n<meta property=\"og:description\" content=\"Le lit BOXY est un classique aux lignes \u00e9pur\u00e9es et \u00e0 la forme inspir\u00e9e du cubisme. La t\u00eate de lit est minimale et la chaleur du contreplaqu\u00e9 de bouleau le rend pratique. Les tables de nuit attach\u00e9es au lit vous \u00e9vitent les tracas de la recherche des articles parfaits pour correspondre au lit. Le lit...\" \/>\n<meta property=\"og:url\" content=\"https:\/\/radis.ee\/ookappidega-voodi-boxy\/\" \/>\n<meta property=\"og:site_name\" content=\"Radis\" \/>\n<meta property=\"article:publisher\" content=\"https:\/\/www.facebook.com\/radisfurniture\/\" \/>\n<meta property=\"og:image\" content=\"https:\/\/radis.ee\/wp-content\/uploads\/2021\/01\/Radis_bed_BOXY_Pebble_Grey_White_CPL_white_background_SR-scaled.jpg\" \/>\n\t<meta property=\"og:image:width\" content=\"2107\" \/>\n\t<meta property=\"og:image:height\" content=\"2560\" \/>\n\t<meta property=\"og:image:type\" content=\"image\/jpeg\" \/>\n<meta name=\"twitter:card\" content=\"summary_large_image\" \/>\n<meta name=\"twitter:label1\" content=\"Dur\u00e9e de lecture estim\u00e9e\" \/>\n\t<meta name=\"twitter:data1\" content=\"1 minute\" \/>\n<script type=\"application\/ld+json\" class=\"yoast-schema-graph\">{\"@context\":\"https:\\\/\\\/schema.org\",\"@graph\":[{\"@type\":\"WebPage\",\"@id\":\"https:\\\/\\\/radis.ee\\\/ookappidega-voodi-boxy\\\/\",\"url\":\"https:\\\/\\\/radis.ee\\\/ookappidega-voodi-boxy\\\/\",\"name\":\"Lit BOXY avec tables de nuit - Radis\",\"isPartOf\":{\"@id\":\"https:\\\/\\\/radis.ee\\\/#website\"},\"primaryImageOfPage\":{\"@id\":\"https:\\\/\\\/radis.ee\\\/ookappidega-voodi-boxy\\\/#primaryimage\"},\"image\":{\"@id\":\"https:\\\/\\\/radis.ee\\\/ookappidega-voodi-boxy\\\/#primaryimage\"},\"thumbnailUrl\":\"https:\\\/\\\/radis.ee\\\/wp-content\\\/uploads\\\/2021\\\/01\\\/Radis_bed_BOXY_Pebble_Grey_White_CPL_white_background_SR-scaled.jpg\",\"datePublished\":\"2020-01-05T17:38:07+00:00\",\"breadcrumb\":{\"@id\":\"https:\\\/\\\/radis.ee\\\/ookappidega-voodi-boxy\\\/#breadcrumb\"},\"inLanguage\":\"fr-FR\",\"potentialAction\":[{\"@type\":\"ReadAction\",\"target\":[\"https:\\\/\\\/radis.ee\\\/ookappidega-voodi-boxy\\\/\"]}]},{\"@type\":\"ImageObject\",\"inLanguage\":\"fr-FR\",\"@id\":\"https:\\\/\\\/radis.ee\\\/ookappidega-voodi-boxy\\\/#primaryimage\",\"url\":\"https:\\\/\\\/radis.ee\\\/wp-content\\\/uploads\\\/2021\\\/01\\\/Radis_bed_BOXY_Pebble_Grey_White_CPL_white_background_SR-scaled.jpg\",\"contentUrl\":\"https:\\\/\\\/radis.ee\\\/wp-content\\\/uploads\\\/2021\\\/01\\\/Radis_bed_BOXY_Pebble_Grey_White_CPL_white_background_SR-scaled.jpg\",\"width\":2107,\"height\":2560,\"caption\":\"Bed BOXY\"},{\"@type\":\"BreadcrumbList\",\"@id\":\"https:\\\/\\\/radis.ee\\\/ookappidega-voodi-boxy\\\/#breadcrumb\",\"itemListElement\":[{\"@type\":\"ListItem\",\"position\":1,\"name\":\"Home\",\"item\":\"https:\\\/\\\/radis.ee\\\/\"},{\"@type\":\"ListItem\",\"position\":2,\"name\":\"Magasin\",\"item\":\"https:\\\/\\\/radis.ee\\\/fr\\\/magasin\\\/\"},{\"@type\":\"ListItem\",\"position\":3,\"name\":\"Lit BOXY avec tables de nuit\"}]},{\"@type\":\"WebSite\",\"@id\":\"https:\\\/\\\/radis.ee\\\/#website\",\"url\":\"https:\\\/\\\/radis.ee\\\/\",\"name\":\"Radis\",\"description\":\"Nordic design furniture, environmentally friendly and sustainable.\",\"publisher\":{\"@id\":\"https:\\\/\\\/radis.ee\\\/#organization\"},\"potentialAction\":[{\"@type\":\"SearchAction\",\"target\":{\"@type\":\"EntryPoint\",\"urlTemplate\":\"https:\\\/\\\/radis.ee\\\/?s={search_term_string}\"},\"query-input\":{\"@type\":\"PropertyValueSpecification\",\"valueRequired\":true,\"valueName\":\"search_term_string\"}}],\"inLanguage\":\"fr-FR\"},{\"@type\":\"Organization\",\"@id\":\"https:\\\/\\\/radis.ee\\\/#organization\",\"name\":\"Radis O\u00dc\",\"url\":\"https:\\\/\\\/radis.ee\\\/\",\"logo\":{\"@type\":\"ImageObject\",\"inLanguage\":\"fr-FR\",\"@id\":\"https:\\\/\\\/radis.ee\\\/#\\\/schema\\\/logo\\\/image\\\/\",\"url\":\"https:\\\/\\\/radis.ee\\\/wp-content\\\/uploads\\\/2020\\\/10\\\/Radis-logo.png\",\"contentUrl\":\"https:\\\/\\\/radis.ee\\\/wp-content\\\/uploads\\\/2020\\\/10\\\/Radis-logo.png\",\"width\":300,\"height\":63,\"caption\":\"Radis O\u00dc\"},\"image\":{\"@id\":\"https:\\\/\\\/radis.ee\\\/#\\\/schema\\\/logo\\\/image\\\/\"},\"sameAs\":[\"https:\\\/\\\/www.facebook.com\\\/radisfurniture\\\/\"]}]}<\/script>\n<!-- \/ Yoast SEO plugin. -->","yoast_head_json":{"title":"Lit BOXY avec tables de nuit - Radis","robots":{"index":"index","follow":"follow","max-snippet":"max-snippet:-1","max-image-preview":"max-image-preview:large","max-video-preview":"max-video-preview:-1"},"canonical":"https:\/\/radis.ee\/ookappidega-voodi-boxy\/","og_locale":"fr_FR","og_type":"article","og_title":"Lit BOXY avec tables de nuit - Radis","og_description":"Le lit BOXY est un classique aux lignes \u00e9pur\u00e9es et \u00e0 la forme inspir\u00e9e du cubisme. La t\u00eate de lit est minimale et la chaleur du contreplaqu\u00e9 de bouleau le rend pratique. Les tables de nuit attach\u00e9es au lit vous \u00e9vitent les tracas de la recherche des articles parfaits pour correspondre au lit. Le lit...","og_url":"https:\/\/radis.ee\/ookappidega-voodi-boxy\/","og_site_name":"Radis","article_publisher":"https:\/\/www.facebook.com\/radisfurniture\/","og_image":[{"width":2107,"height":2560,"url":"https:\/\/radis.ee\/wp-content\/uploads\/2021\/01\/Radis_bed_BOXY_Pebble_Grey_White_CPL_white_background_SR-scaled.jpg","type":"image\/jpeg"}],"twitter_card":"summary_large_image","twitter_misc":{"Dur\u00e9e de lecture estim\u00e9e":"1 minute"},"schema":{"@context":"https:\/\/schema.org","@graph":[{"@type":"WebPage","@id":"https:\/\/radis.ee\/ookappidega-voodi-boxy\/","url":"https:\/\/radis.ee\/ookappidega-voodi-boxy\/","name":"Lit BOXY avec tables de nuit - Radis","isPartOf":{"@id":"https:\/\/radis.ee\/#website"},"primaryImageOfPage":{"@id":"https:\/\/radis.ee\/ookappidega-voodi-boxy\/#primaryimage"},"image":{"@id":"https:\/\/radis.ee\/ookappidega-voodi-boxy\/#primaryimage"},"thumbnailUrl":"https:\/\/radis.ee\/wp-content\/uploads\/2021\/01\/Radis_bed_BOXY_Pebble_Grey_White_CPL_white_background_SR-scaled.jpg","datePublished":"2020-01-05T17:38:07+00:00","breadcrumb":{"@id":"https:\/\/radis.ee\/ookappidega-voodi-boxy\/#breadcrumb"},"inLanguage":"fr-FR","potentialAction":[{"@type":"ReadAction","target":["https:\/\/radis.ee\/ookappidega-voodi-boxy\/"]}]},{"@type":"ImageObject","inLanguage":"fr-FR","@id":"https:\/\/radis.ee\/ookappidega-voodi-boxy\/#primaryimage","url":"https:\/\/radis.ee\/wp-content\/uploads\/2021\/01\/Radis_bed_BOXY_Pebble_Grey_White_CPL_white_background_SR-scaled.jpg","contentUrl":"https:\/\/radis.ee\/wp-content\/uploads\/2021\/01\/Radis_bed_BOXY_Pebble_Grey_White_CPL_white_background_SR-scaled.jpg","width":2107,"height":2560,"caption":"Bed BOXY"},{"@type":"BreadcrumbList","@id":"https:\/\/radis.ee\/ookappidega-voodi-boxy\/#breadcrumb","itemListElement":[{"@type":"ListItem","position":1,"name":"Home","item":"https:\/\/radis.ee\/"},{"@type":"ListItem","position":2,"name":"Magasin","item":"https:\/\/radis.ee\/fr\/magasin\/"},{"@type":"ListItem","position":3,"name":"Lit BOXY avec tables de nuit"}]},{"@type":"WebSite","@id":"https:\/\/radis.ee\/#website","url":"https:\/\/radis.ee\/","name":"Radis","description":"Nordic design furniture, environmentally friendly and sustainable.","publisher":{"@id":"https:\/\/radis.ee\/#organization"},"potentialAction":[{"@type":"SearchAction","target":{"@type":"EntryPoint","urlTemplate":"https:\/\/radis.ee\/?s={search_term_string}"},"query-input":{"@type":"PropertyValueSpecification","valueRequired":true,"valueName":"search_term_string"}}],"inLanguage":"fr-FR"},{"@type":"Organization","@id":"https:\/\/radis.ee\/#organization","name":"Radis O\u00dc","url":"https:\/\/radis.ee\/","logo":{"@type":"ImageObject","inLanguage":"fr-FR","@id":"https:\/\/radis.ee\/#\/schema\/logo\/image\/","url":"https:\/\/radis.ee\/wp-content\/uploads\/2020\/10\/Radis-logo.png","contentUrl":"https:\/\/radis.ee\/wp-content\/uploads\/2020\/10\/Radis-logo.png","width":300,"height":63,"caption":"Radis O\u00dc"},"image":{"@id":"https:\/\/radis.ee\/#\/schema\/logo\/image\/"},"sameAs":["https:\/\/www.facebook.com\/radisfurniture\/"]}]}},"_links":{"self":[{"href":"https:\/\/radis.ee\/fr\/wp-json\/wp\/v2\/product\/8807","targetHints":{"allow":["GET"]}}],"collection":[{"href":"https:\/\/radis.ee\/fr\/wp-json\/wp\/v2\/product"}],"about":[{"href":"https:\/\/radis.ee\/fr\/wp-json\/wp\/v2\/types\/product"}],"replies":[{"embeddable":true,"href":"https:\/\/radis.ee\/fr\/wp-json\/wp\/v2\/comments?post=8807"}],"wp:featuredmedia":[{"embeddable":true,"href":"https:\/\/radis.ee\/fr\/wp-json\/wp\/v2\/media\/6623"}],"wp:attachment":[{"href":"https:\/\/radis.ee\/fr\/wp-json\/wp\/v2\/media?parent=8807"}],"wp:term":[{"taxonomy":"product_brand","embeddable":true,"href":"https:\/\/radis.ee\/fr\/wp-json\/wp\/v2\/product_brand?post=8807"},{"taxonomy":"product_cat","embeddable":true,"href":"https:\/\/radis.ee\/fr\/wp-json\/wp\/v2\/product_cat?post=8807"},{"taxonomy":"product_tag","embeddable":true,"href":"https:\/\/radis.ee\/fr\/wp-json\/wp\/v2\/product_tag?post=8807"}],"curies":[{"name":"wp","href":"https:\/\/api.w.org\/{rel}","templated":true}]}}