{"id":8858,"date":"2022-01-28T23:41:47","date_gmt":"2022-01-28T21:41:47","guid":{"rendered":"https:\/\/radis.ee\/meuble-tv-boxy-4-portes\/"},"modified":"2026-04-06T12:09:07","modified_gmt":"2026-04-06T09:09:07","slug":"meuble-tv-riff-aux-lignes-ondulees-verticales","status":"publish","type":"product","link":"https:\/\/radis.ee\/fr\/meuble-tv-riff-aux-lignes-ondulees-verticales\/","title":{"rendered":"Meuble TV RIFF aux lignes ondul\u00e9es verticales"},"content":{"rendered":"<p><strong>Un design qui flatte le regard (et le toucher)<\/strong>\u00a0: RIFF se caract\u00e9rise par sa fa\u00e7ade ondul\u00e9e et rythm\u00e9e. Les lignes verticales frais\u00e9es cr\u00e9ent un jeu d\u2019ombre et de lumi\u00e8re qui modifie l\u2019apparence du meuble au fil de la journ\u00e9e. Gr\u00e2ce \u00e0 sa finition huil\u00e9e-cir\u00e9e, le bois est d\u2019une douceur soyeuse au toucher, pr\u00e9servant la chaleur et l\u2019authenticit\u00e9 propres au ch\u00eane.<\/p>\n<p><strong>Mat\u00e9riaux et durabilit\u00e9<\/strong>\u00a0: nous ne faisons aucun compromis sur la qualit\u00e9. RIFF est fabriqu\u00e9 en contreplaqu\u00e9 de bouleau recouvert d\u2019un placage ch\u00eane haut de gamme. Les portes sont rainur\u00e9es sur les lattes de ch\u00eane. Cette combinaison garantit la stabilit\u00e9 et la long\u00e9vit\u00e9 de la structure.<\/p>\n<p><strong>Choisissez votre style\u00a0<\/strong>: selon la taille et les besoins de votre int\u00e9rieur, RIFF est disponible en deux versions et coloris\u00a0:<\/p>\n<p>Mod\u00e8le compact 4 portes\u00a0: Id\u00e9al pour un appartement de taille moyenne.<\/p>\n<p>Mod\u00e8le massif 6 portes\u00a0: Une pi\u00e8ce ma\u00eetresse pour un grand salon.<\/p>\n<p><strong>Finition<\/strong>: Optez pour le ch\u00eane clair naturel pour une ambiance chaleureuse et conviviale, ou pour la finition noire si vous souhaitez apporter une touche de modernit\u00e9 \u00e0 votre int\u00e9rieur.<\/p>\n<p><strong>Pourquoi choisir le meuble TV RIFF ?<\/strong><\/p>\n<p><strong>Lignes \u00e9pur\u00e9es<\/strong> : Le motif rainur\u00e9 vertical dissimule astucieusement les espaces entre les portes.<\/p>\n<p><strong>Ouverture par simple pression<\/strong> : Un design minimaliste sans poign\u00e9es \u2013 les portes s&rsquo;ouvrent d&rsquo;une simple pression.<\/p>\n<p><strong>Conception responsable<\/strong> : Fabriqu\u00e9 en Estonie \u00e0 partir de mat\u00e9riaux \u00e9cologiques.<\/p>\n<p><strong>Entretien facile<\/strong> : Une huile-cire de haute qualit\u00e9 prot\u00e8ge la surface et facilite le nettoyage.<\/p>\n<p>Fabriqu\u00e9 en contreplaqu\u00e9 de bouleau plaqu\u00e9 ch\u00eane, portes rainur\u00e9es en lattes de ch\u00eane, finition huile-cire, \u00e9galement disponible en noir. Portes \u00e0 ouverture par simple pression, charni\u00e8res \u00e0 fermeture amortie. \u00c9tag\u00e8res optionnelles derri\u00e8re les portes. Un socle de 8 cm de hauteur sous le meuble TV permet d&rsquo;installer diff\u00e9rentes plinthes.<\/p>\n","protected":false},"excerpt":{"rendered":"<p>Un design qui flatte le regard (et le toucher)\u00a0: RIFF se caract\u00e9rise par sa fa\u00e7ade ondul\u00e9e et rythm\u00e9e. Les lignes verticales frais\u00e9es cr\u00e9ent un jeu d\u2019ombre et de lumi\u00e8re qui modifie l\u2019apparence du meuble au fil de la journ\u00e9e. Gr\u00e2ce \u00e0 sa finition huil\u00e9e-cir\u00e9e, le bois est d\u2019une douceur soyeuse au toucher, pr\u00e9servant la chaleur&#8230;<\/p>\n","protected":false},"featured_media":31707,"comment_status":"open","ping_status":"closed","template":"","meta":{"_acf_changed":false},"product_brand":[],"product_cat":[909],"product_tag":[],"class_list":{"0":"post-8858","1":"product","2":"type-product","3":"status-publish","4":"has-post-thumbnail","6":"product_cat-meubles-tv","8":"first","9":"instock","10":"taxable","11":"shipping-taxable","12":"purchasable","13":"product-type-variable","14":"has-default-attributes"},"acf":[],"yoast_head":"<!-- This site is optimized with the Yoast SEO plugin v27.4 - https:\/\/yoast.com\/product\/yoast-seo-wordpress\/ -->\n<title>Meuble TV RIFF aux lignes ondul\u00e9es verticales - Radis<\/title>\n<meta name=\"robots\" content=\"index, follow, max-snippet:-1, max-image-preview:large, max-video-preview:-1\" \/>\n<link rel=\"canonical\" href=\"https:\/\/radis.ee\/fr\/meuble-tv-riff-aux-lignes-ondulees-verticales\/\" \/>\n<meta property=\"og:locale\" content=\"fr_FR\" \/>\n<meta property=\"og:type\" content=\"article\" \/>\n<meta property=\"og:title\" content=\"Meuble TV RIFF aux lignes ondul\u00e9es verticales - Radis\" \/>\n<meta property=\"og:description\" content=\"Un design qui flatte le regard (et le toucher)\u00a0: RIFF se caract\u00e9rise par sa fa\u00e7ade ondul\u00e9e et rythm\u00e9e. Les lignes verticales frais\u00e9es cr\u00e9ent un jeu d\u2019ombre et de lumi\u00e8re qui modifie l\u2019apparence du meuble au fil de la journ\u00e9e. Gr\u00e2ce \u00e0 sa finition huil\u00e9e-cir\u00e9e, le bois est d\u2019une douceur soyeuse au toucher, pr\u00e9servant la chaleur...\" \/>\n<meta property=\"og:url\" content=\"https:\/\/radis.ee\/fr\/meuble-tv-riff-aux-lignes-ondulees-verticales\/\" \/>\n<meta property=\"og:site_name\" content=\"Radis\" \/>\n<meta property=\"article:publisher\" content=\"https:\/\/www.facebook.com\/radisfurniture\/\" \/>\n<meta property=\"article:modified_time\" content=\"2026-04-06T09:09:07+00:00\" \/>\n<meta property=\"og:image\" content=\"https:\/\/radis.ee\/wp-content\/uploads\/2022\/01\/Radis_Furniture_TV_stand_RIFF_6_doors_218cm_Oak_veneered_plywood_oilwaxed_vertical_wavy_lines_white_background_4.webp\" \/>\n\t<meta property=\"og:image:width\" content=\"763\" \/>\n\t<meta property=\"og:image:height\" content=\"882\" \/>\n\t<meta property=\"og:image:type\" content=\"image\/webp\" \/>\n<meta name=\"twitter:card\" content=\"summary_large_image\" \/>\n<meta name=\"twitter:label1\" content=\"Dur\u00e9e de lecture estim\u00e9e\" \/>\n\t<meta name=\"twitter:data1\" content=\"2 minutes\" \/>\n<script type=\"application\/ld+json\" class=\"yoast-schema-graph\">{\"@context\":\"https:\\\/\\\/schema.org\",\"@graph\":[{\"@type\":\"WebPage\",\"@id\":\"https:\\\/\\\/radis.ee\\\/fr\\\/meuble-tv-riff-aux-lignes-ondulees-verticales\\\/\",\"url\":\"https:\\\/\\\/radis.ee\\\/fr\\\/meuble-tv-riff-aux-lignes-ondulees-verticales\\\/\",\"name\":\"Meuble TV RIFF aux lignes ondul\u00e9es verticales - Radis\",\"isPartOf\":{\"@id\":\"https:\\\/\\\/radis.ee\\\/#website\"},\"primaryImageOfPage\":{\"@id\":\"https:\\\/\\\/radis.ee\\\/fr\\\/meuble-tv-riff-aux-lignes-ondulees-verticales\\\/#primaryimage\"},\"image\":{\"@id\":\"https:\\\/\\\/radis.ee\\\/fr\\\/meuble-tv-riff-aux-lignes-ondulees-verticales\\\/#primaryimage\"},\"thumbnailUrl\":\"https:\\\/\\\/radis.ee\\\/wp-content\\\/uploads\\\/2022\\\/01\\\/Radis_Furniture_TV_stand_RIFF_6_doors_218cm_Oak_veneered_plywood_oilwaxed_vertical_wavy_lines_white_background_4.webp\",\"datePublished\":\"2022-01-28T21:41:47+00:00\",\"dateModified\":\"2026-04-06T09:09:07+00:00\",\"breadcrumb\":{\"@id\":\"https:\\\/\\\/radis.ee\\\/fr\\\/meuble-tv-riff-aux-lignes-ondulees-verticales\\\/#breadcrumb\"},\"inLanguage\":\"fr-FR\",\"potentialAction\":[{\"@type\":\"ReadAction\",\"target\":[\"https:\\\/\\\/radis.ee\\\/fr\\\/meuble-tv-riff-aux-lignes-ondulees-verticales\\\/\"]}]},{\"@type\":\"ImageObject\",\"inLanguage\":\"fr-FR\",\"@id\":\"https:\\\/\\\/radis.ee\\\/fr\\\/meuble-tv-riff-aux-lignes-ondulees-verticales\\\/#primaryimage\",\"url\":\"https:\\\/\\\/radis.ee\\\/wp-content\\\/uploads\\\/2022\\\/01\\\/Radis_Furniture_TV_stand_RIFF_6_doors_218cm_Oak_veneered_plywood_oilwaxed_vertical_wavy_lines_white_background_4.webp\",\"contentUrl\":\"https:\\\/\\\/radis.ee\\\/wp-content\\\/uploads\\\/2022\\\/01\\\/Radis_Furniture_TV_stand_RIFF_6_doors_218cm_Oak_veneered_plywood_oilwaxed_vertical_wavy_lines_white_background_4.webp\",\"width\":763,\"height\":882,\"caption\":\"Radis Furniture TV-stand RIFF Oak veneered plywood vertical wavy lines\"},{\"@type\":\"BreadcrumbList\",\"@id\":\"https:\\\/\\\/radis.ee\\\/fr\\\/meuble-tv-riff-aux-lignes-ondulees-verticales\\\/#breadcrumb\",\"itemListElement\":[{\"@type\":\"ListItem\",\"position\":1,\"name\":\"Home\",\"item\":\"https:\\\/\\\/radis.ee\\\/\"},{\"@type\":\"ListItem\",\"position\":2,\"name\":\"Magasin\",\"item\":\"https:\\\/\\\/radis.ee\\\/fr\\\/magasin\\\/\"},{\"@type\":\"ListItem\",\"position\":3,\"name\":\"Meuble TV RIFF aux lignes ondul\u00e9es verticales\"}]},{\"@type\":\"WebSite\",\"@id\":\"https:\\\/\\\/radis.ee\\\/#website\",\"url\":\"https:\\\/\\\/radis.ee\\\/\",\"name\":\"Radis\",\"description\":\"Nordic design furniture, environmentally friendly and sustainable.\",\"publisher\":{\"@id\":\"https:\\\/\\\/radis.ee\\\/#organization\"},\"potentialAction\":[{\"@type\":\"SearchAction\",\"target\":{\"@type\":\"EntryPoint\",\"urlTemplate\":\"https:\\\/\\\/radis.ee\\\/?s={search_term_string}\"},\"query-input\":{\"@type\":\"PropertyValueSpecification\",\"valueRequired\":true,\"valueName\":\"search_term_string\"}}],\"inLanguage\":\"fr-FR\"},{\"@type\":\"Organization\",\"@id\":\"https:\\\/\\\/radis.ee\\\/#organization\",\"name\":\"Radis O\u00dc\",\"url\":\"https:\\\/\\\/radis.ee\\\/\",\"logo\":{\"@type\":\"ImageObject\",\"inLanguage\":\"fr-FR\",\"@id\":\"https:\\\/\\\/radis.ee\\\/#\\\/schema\\\/logo\\\/image\\\/\",\"url\":\"https:\\\/\\\/radis.ee\\\/wp-content\\\/uploads\\\/2020\\\/10\\\/Radis-logo.png\",\"contentUrl\":\"https:\\\/\\\/radis.ee\\\/wp-content\\\/uploads\\\/2020\\\/10\\\/Radis-logo.png\",\"width\":300,\"height\":63,\"caption\":\"Radis O\u00dc\"},\"image\":{\"@id\":\"https:\\\/\\\/radis.ee\\\/#\\\/schema\\\/logo\\\/image\\\/\"},\"sameAs\":[\"https:\\\/\\\/www.facebook.com\\\/radisfurniture\\\/\"]}]}<\/script>\n<!-- \/ Yoast SEO plugin. -->","yoast_head_json":{"title":"Meuble TV RIFF aux lignes ondul\u00e9es verticales - Radis","robots":{"index":"index","follow":"follow","max-snippet":"max-snippet:-1","max-image-preview":"max-image-preview:large","max-video-preview":"max-video-preview:-1"},"canonical":"https:\/\/radis.ee\/fr\/meuble-tv-riff-aux-lignes-ondulees-verticales\/","og_locale":"fr_FR","og_type":"article","og_title":"Meuble TV RIFF aux lignes ondul\u00e9es verticales - Radis","og_description":"Un design qui flatte le regard (et le toucher)\u00a0: RIFF se caract\u00e9rise par sa fa\u00e7ade ondul\u00e9e et rythm\u00e9e. Les lignes verticales frais\u00e9es cr\u00e9ent un jeu d\u2019ombre et de lumi\u00e8re qui modifie l\u2019apparence du meuble au fil de la journ\u00e9e. Gr\u00e2ce \u00e0 sa finition huil\u00e9e-cir\u00e9e, le bois est d\u2019une douceur soyeuse au toucher, pr\u00e9servant la chaleur...","og_url":"https:\/\/radis.ee\/fr\/meuble-tv-riff-aux-lignes-ondulees-verticales\/","og_site_name":"Radis","article_publisher":"https:\/\/www.facebook.com\/radisfurniture\/","article_modified_time":"2026-04-06T09:09:07+00:00","og_image":[{"width":763,"height":882,"url":"https:\/\/radis.ee\/wp-content\/uploads\/2022\/01\/Radis_Furniture_TV_stand_RIFF_6_doors_218cm_Oak_veneered_plywood_oilwaxed_vertical_wavy_lines_white_background_4.webp","type":"image\/webp"}],"twitter_card":"summary_large_image","twitter_misc":{"Dur\u00e9e de lecture estim\u00e9e":"2 minutes"},"schema":{"@context":"https:\/\/schema.org","@graph":[{"@type":"WebPage","@id":"https:\/\/radis.ee\/fr\/meuble-tv-riff-aux-lignes-ondulees-verticales\/","url":"https:\/\/radis.ee\/fr\/meuble-tv-riff-aux-lignes-ondulees-verticales\/","name":"Meuble TV RIFF aux lignes ondul\u00e9es verticales - Radis","isPartOf":{"@id":"https:\/\/radis.ee\/#website"},"primaryImageOfPage":{"@id":"https:\/\/radis.ee\/fr\/meuble-tv-riff-aux-lignes-ondulees-verticales\/#primaryimage"},"image":{"@id":"https:\/\/radis.ee\/fr\/meuble-tv-riff-aux-lignes-ondulees-verticales\/#primaryimage"},"thumbnailUrl":"https:\/\/radis.ee\/wp-content\/uploads\/2022\/01\/Radis_Furniture_TV_stand_RIFF_6_doors_218cm_Oak_veneered_plywood_oilwaxed_vertical_wavy_lines_white_background_4.webp","datePublished":"2022-01-28T21:41:47+00:00","dateModified":"2026-04-06T09:09:07+00:00","breadcrumb":{"@id":"https:\/\/radis.ee\/fr\/meuble-tv-riff-aux-lignes-ondulees-verticales\/#breadcrumb"},"inLanguage":"fr-FR","potentialAction":[{"@type":"ReadAction","target":["https:\/\/radis.ee\/fr\/meuble-tv-riff-aux-lignes-ondulees-verticales\/"]}]},{"@type":"ImageObject","inLanguage":"fr-FR","@id":"https:\/\/radis.ee\/fr\/meuble-tv-riff-aux-lignes-ondulees-verticales\/#primaryimage","url":"https:\/\/radis.ee\/wp-content\/uploads\/2022\/01\/Radis_Furniture_TV_stand_RIFF_6_doors_218cm_Oak_veneered_plywood_oilwaxed_vertical_wavy_lines_white_background_4.webp","contentUrl":"https:\/\/radis.ee\/wp-content\/uploads\/2022\/01\/Radis_Furniture_TV_stand_RIFF_6_doors_218cm_Oak_veneered_plywood_oilwaxed_vertical_wavy_lines_white_background_4.webp","width":763,"height":882,"caption":"Radis Furniture TV-stand RIFF Oak veneered plywood vertical wavy lines"},{"@type":"BreadcrumbList","@id":"https:\/\/radis.ee\/fr\/meuble-tv-riff-aux-lignes-ondulees-verticales\/#breadcrumb","itemListElement":[{"@type":"ListItem","position":1,"name":"Home","item":"https:\/\/radis.ee\/"},{"@type":"ListItem","position":2,"name":"Magasin","item":"https:\/\/radis.ee\/fr\/magasin\/"},{"@type":"ListItem","position":3,"name":"Meuble TV RIFF aux lignes ondul\u00e9es verticales"}]},{"@type":"WebSite","@id":"https:\/\/radis.ee\/#website","url":"https:\/\/radis.ee\/","name":"Radis","description":"Nordic design furniture, environmentally friendly and sustainable.","publisher":{"@id":"https:\/\/radis.ee\/#organization"},"potentialAction":[{"@type":"SearchAction","target":{"@type":"EntryPoint","urlTemplate":"https:\/\/radis.ee\/?s={search_term_string}"},"query-input":{"@type":"PropertyValueSpecification","valueRequired":true,"valueName":"search_term_string"}}],"inLanguage":"fr-FR"},{"@type":"Organization","@id":"https:\/\/radis.ee\/#organization","name":"Radis O\u00dc","url":"https:\/\/radis.ee\/","logo":{"@type":"ImageObject","inLanguage":"fr-FR","@id":"https:\/\/radis.ee\/#\/schema\/logo\/image\/","url":"https:\/\/radis.ee\/wp-content\/uploads\/2020\/10\/Radis-logo.png","contentUrl":"https:\/\/radis.ee\/wp-content\/uploads\/2020\/10\/Radis-logo.png","width":300,"height":63,"caption":"Radis O\u00dc"},"image":{"@id":"https:\/\/radis.ee\/#\/schema\/logo\/image\/"},"sameAs":["https:\/\/www.facebook.com\/radisfurniture\/"]}]}},"_links":{"self":[{"href":"https:\/\/radis.ee\/fr\/wp-json\/wp\/v2\/product\/8858","targetHints":{"allow":["GET"]}}],"collection":[{"href":"https:\/\/radis.ee\/fr\/wp-json\/wp\/v2\/product"}],"about":[{"href":"https:\/\/radis.ee\/fr\/wp-json\/wp\/v2\/types\/product"}],"replies":[{"embeddable":true,"href":"https:\/\/radis.ee\/fr\/wp-json\/wp\/v2\/comments?post=8858"}],"wp:featuredmedia":[{"embeddable":true,"href":"https:\/\/radis.ee\/fr\/wp-json\/wp\/v2\/media\/31707"}],"wp:attachment":[{"href":"https:\/\/radis.ee\/fr\/wp-json\/wp\/v2\/media?parent=8858"}],"wp:term":[{"taxonomy":"product_brand","embeddable":true,"href":"https:\/\/radis.ee\/fr\/wp-json\/wp\/v2\/product_brand?post=8858"},{"taxonomy":"product_cat","embeddable":true,"href":"https:\/\/radis.ee\/fr\/wp-json\/wp\/v2\/product_cat?post=8858"},{"taxonomy":"product_tag","embeddable":true,"href":"https:\/\/radis.ee\/fr\/wp-json\/wp\/v2\/product_tag?post=8858"}],"curies":[{"name":"wp","href":"https:\/\/api.w.org\/{rel}","templated":true}]}}