{"id":9349,"date":"2020-02-09T19:56:14","date_gmt":"2021-02-09T17:56:14","guid":{"rendered":"https:\/\/radis.ee\/applique-murale-priit\/"},"modified":"2021-02-09T21:02:03","modified_gmt":"2021-02-09T19:02:03","slug":"applique-murale-priit","status":"publish","type":"product","link":"https:\/\/radis.ee\/fr\/applique-murale-priit\/","title":{"rendered":"Applique murale PRIIT"},"content":{"rendered":"<p>L&rsquo;applique murale Priit convient \u00e0 la fois \u00e0 la lumi\u00e8re g\u00e9n\u00e9rale inf\u00e9rieure et \u00e0 la lampe de lecture. Le montage simple et fonctionnel permet de changer tr\u00e8s facilement la hauteur du luminaire m\u00eame plus tard.<\/p>\n<p>Fabriqu\u00e9 en ch\u00eane \u00e0 partir de r\u00e9sidus de parquet. C&rsquo;est du bois qui serait autrement utilis\u00e9 pour le chauffage du four. Cependant, les concepteurs font br\u00fbler ces \u00abbois de chauffage\u00bb d&rsquo;une mani\u00e8re diff\u00e9rente &#8211; ils donnent naissance \u00e0 des lampes en ch\u00eane.<\/p>\n<p>Le luminaire est \u00e9quip\u00e9 d&rsquo;un c\u00e2ble en tissu noir de 2,5 m de long et d&rsquo;une prise et d&rsquo;un interrupteur noirs. L&rsquo;ensemble comprend une vis de fixation et une ampoule LED d&rsquo;une intensit\u00e9 lumineuse de 750 lumens. Tout ce que vous devez installer est une cheville qui s&rsquo;adapte au mat\u00e9riau du mur. L&rsquo;applique murale Priit est finie avec de l&rsquo;huile de bois naturel.<\/p>\n<p>Longueur de la partie en bois du luminaire 12 cm, diam\u00e8tre 6 cm; partie murale en bois longueur 16,5 cm, diam\u00e8tre 4,3 cm.<\/p>\n<p>Cr\u00e9ateurs: Liis Tippel et Katrin Girin<\/p>\n","protected":false},"excerpt":{"rendered":"<p>L&rsquo;applique murale Priit convient \u00e0 la fois \u00e0 la lumi\u00e8re g\u00e9n\u00e9rale inf\u00e9rieure et \u00e0 la lampe de lecture. Le montage simple et fonctionnel permet de changer tr\u00e8s facilement la hauteur du luminaire m\u00eame plus tard. Fabriqu\u00e9 en ch\u00eane \u00e0 partir de r\u00e9sidus de parquet. C&rsquo;est du bois qui serait autrement utilis\u00e9 pour le chauffage du&#8230;<\/p>\n","protected":false},"featured_media":9629,"comment_status":"open","ping_status":"closed","template":"","meta":{"_acf_changed":false},"product_brand":[],"product_cat":[34],"product_tag":[],"class_list":{"0":"post-9349","1":"product","2":"type-product","3":"status-publish","4":"has-post-thumbnail","6":"product_cat-aksessuaarid","8":"first","9":"instock","10":"taxable","11":"shipping-taxable","12":"purchasable","13":"product-type-simple"},"acf":[],"yoast_head":"<!-- This site is optimized with the Yoast SEO plugin v27.3 - https:\/\/yoast.com\/product\/yoast-seo-wordpress\/ -->\n<title>Applique murale PRIIT - Radis<\/title>\n<meta name=\"robots\" content=\"index, follow, max-snippet:-1, max-image-preview:large, max-video-preview:-1\" \/>\n<link rel=\"canonical\" href=\"https:\/\/radis.ee\/seinavalgusti-priit\/\" \/>\n<meta property=\"og:locale\" content=\"fr_FR\" \/>\n<meta property=\"og:type\" content=\"article\" \/>\n<meta property=\"og:title\" content=\"Applique murale PRIIT - Radis\" \/>\n<meta property=\"og:description\" content=\"L&rsquo;applique murale Priit convient \u00e0 la fois \u00e0 la lumi\u00e8re g\u00e9n\u00e9rale inf\u00e9rieure et \u00e0 la lampe de lecture. Le montage simple et fonctionnel permet de changer tr\u00e8s facilement la hauteur du luminaire m\u00eame plus tard. Fabriqu\u00e9 en ch\u00eane \u00e0 partir de r\u00e9sidus de parquet. C&rsquo;est du bois qui serait autrement utilis\u00e9 pour le chauffage du...\" \/>\n<meta property=\"og:url\" content=\"https:\/\/radis.ee\/seinavalgusti-priit\/\" \/>\n<meta property=\"og:site_name\" content=\"Radis\" \/>\n<meta property=\"article:publisher\" content=\"https:\/\/www.facebook.com\/radisfurniture\/\" \/>\n<meta property=\"article:modified_time\" content=\"2021-02-09T19:02:03+00:00\" \/>\n<meta property=\"og:image\" content=\"https:\/\/radis.ee\/wp-content\/uploads\/2020\/02\/PULO_disain_seinavalgusti_Priit_1.jpeg\" \/>\n\t<meta property=\"og:image:width\" content=\"640\" \/>\n\t<meta property=\"og:image:height\" content=\"427\" \/>\n\t<meta property=\"og:image:type\" content=\"image\/jpeg\" \/>\n<meta name=\"twitter:card\" content=\"summary_large_image\" \/>\n<meta name=\"twitter:label1\" content=\"Dur\u00e9e de lecture estim\u00e9e\" \/>\n\t<meta name=\"twitter:data1\" content=\"1 minute\" \/>\n<script type=\"application\/ld+json\" class=\"yoast-schema-graph\">{\"@context\":\"https:\\\/\\\/schema.org\",\"@graph\":[{\"@type\":\"WebPage\",\"@id\":\"https:\\\/\\\/radis.ee\\\/seinavalgusti-priit\\\/\",\"url\":\"https:\\\/\\\/radis.ee\\\/seinavalgusti-priit\\\/\",\"name\":\"Applique murale PRIIT - Radis\",\"isPartOf\":{\"@id\":\"https:\\\/\\\/radis.ee\\\/#website\"},\"primaryImageOfPage\":{\"@id\":\"https:\\\/\\\/radis.ee\\\/seinavalgusti-priit\\\/#primaryimage\"},\"image\":{\"@id\":\"https:\\\/\\\/radis.ee\\\/seinavalgusti-priit\\\/#primaryimage\"},\"thumbnailUrl\":\"https:\\\/\\\/radis.ee\\\/wp-content\\\/uploads\\\/2020\\\/02\\\/PULO_disain_seinavalgusti_Priit_1.jpeg\",\"datePublished\":\"2021-02-09T17:56:14+00:00\",\"dateModified\":\"2021-02-09T19:02:03+00:00\",\"breadcrumb\":{\"@id\":\"https:\\\/\\\/radis.ee\\\/seinavalgusti-priit\\\/#breadcrumb\"},\"inLanguage\":\"fr-FR\",\"potentialAction\":[{\"@type\":\"ReadAction\",\"target\":[\"https:\\\/\\\/radis.ee\\\/seinavalgusti-priit\\\/\"]}]},{\"@type\":\"ImageObject\",\"inLanguage\":\"fr-FR\",\"@id\":\"https:\\\/\\\/radis.ee\\\/seinavalgusti-priit\\\/#primaryimage\",\"url\":\"https:\\\/\\\/radis.ee\\\/wp-content\\\/uploads\\\/2020\\\/02\\\/PULO_disain_seinavalgusti_Priit_1.jpeg\",\"contentUrl\":\"https:\\\/\\\/radis.ee\\\/wp-content\\\/uploads\\\/2020\\\/02\\\/PULO_disain_seinavalgusti_Priit_1.jpeg\",\"width\":640,\"height\":427,\"caption\":\"WALL LAMP PRIIT\"},{\"@type\":\"BreadcrumbList\",\"@id\":\"https:\\\/\\\/radis.ee\\\/seinavalgusti-priit\\\/#breadcrumb\",\"itemListElement\":[{\"@type\":\"ListItem\",\"position\":1,\"name\":\"Home\",\"item\":\"https:\\\/\\\/radis.ee\\\/\"},{\"@type\":\"ListItem\",\"position\":2,\"name\":\"Magasin\",\"item\":\"https:\\\/\\\/radis.ee\\\/fr\\\/magasin\\\/\"},{\"@type\":\"ListItem\",\"position\":3,\"name\":\"Applique murale PRIIT\"}]},{\"@type\":\"WebSite\",\"@id\":\"https:\\\/\\\/radis.ee\\\/#website\",\"url\":\"https:\\\/\\\/radis.ee\\\/\",\"name\":\"Radis\",\"description\":\"Nordic design furniture, environmentally friendly and sustainable.\",\"publisher\":{\"@id\":\"https:\\\/\\\/radis.ee\\\/#organization\"},\"potentialAction\":[{\"@type\":\"SearchAction\",\"target\":{\"@type\":\"EntryPoint\",\"urlTemplate\":\"https:\\\/\\\/radis.ee\\\/?s={search_term_string}\"},\"query-input\":{\"@type\":\"PropertyValueSpecification\",\"valueRequired\":true,\"valueName\":\"search_term_string\"}}],\"inLanguage\":\"fr-FR\"},{\"@type\":\"Organization\",\"@id\":\"https:\\\/\\\/radis.ee\\\/#organization\",\"name\":\"Radis O\u00dc\",\"url\":\"https:\\\/\\\/radis.ee\\\/\",\"logo\":{\"@type\":\"ImageObject\",\"inLanguage\":\"fr-FR\",\"@id\":\"https:\\\/\\\/radis.ee\\\/#\\\/schema\\\/logo\\\/image\\\/\",\"url\":\"https:\\\/\\\/radis.ee\\\/wp-content\\\/uploads\\\/2020\\\/10\\\/Radis-logo.png\",\"contentUrl\":\"https:\\\/\\\/radis.ee\\\/wp-content\\\/uploads\\\/2020\\\/10\\\/Radis-logo.png\",\"width\":300,\"height\":63,\"caption\":\"Radis O\u00dc\"},\"image\":{\"@id\":\"https:\\\/\\\/radis.ee\\\/#\\\/schema\\\/logo\\\/image\\\/\"},\"sameAs\":[\"https:\\\/\\\/www.facebook.com\\\/radisfurniture\\\/\"]}]}<\/script>\n<!-- \/ Yoast SEO plugin. -->","yoast_head_json":{"title":"Applique murale PRIIT - Radis","robots":{"index":"index","follow":"follow","max-snippet":"max-snippet:-1","max-image-preview":"max-image-preview:large","max-video-preview":"max-video-preview:-1"},"canonical":"https:\/\/radis.ee\/seinavalgusti-priit\/","og_locale":"fr_FR","og_type":"article","og_title":"Applique murale PRIIT - Radis","og_description":"L&rsquo;applique murale Priit convient \u00e0 la fois \u00e0 la lumi\u00e8re g\u00e9n\u00e9rale inf\u00e9rieure et \u00e0 la lampe de lecture. Le montage simple et fonctionnel permet de changer tr\u00e8s facilement la hauteur du luminaire m\u00eame plus tard. Fabriqu\u00e9 en ch\u00eane \u00e0 partir de r\u00e9sidus de parquet. C&rsquo;est du bois qui serait autrement utilis\u00e9 pour le chauffage du...","og_url":"https:\/\/radis.ee\/seinavalgusti-priit\/","og_site_name":"Radis","article_publisher":"https:\/\/www.facebook.com\/radisfurniture\/","article_modified_time":"2021-02-09T19:02:03+00:00","og_image":[{"width":640,"height":427,"url":"https:\/\/radis.ee\/wp-content\/uploads\/2020\/02\/PULO_disain_seinavalgusti_Priit_1.jpeg","type":"image\/jpeg"}],"twitter_card":"summary_large_image","twitter_misc":{"Dur\u00e9e de lecture estim\u00e9e":"1 minute"},"schema":{"@context":"https:\/\/schema.org","@graph":[{"@type":"WebPage","@id":"https:\/\/radis.ee\/seinavalgusti-priit\/","url":"https:\/\/radis.ee\/seinavalgusti-priit\/","name":"Applique murale PRIIT - Radis","isPartOf":{"@id":"https:\/\/radis.ee\/#website"},"primaryImageOfPage":{"@id":"https:\/\/radis.ee\/seinavalgusti-priit\/#primaryimage"},"image":{"@id":"https:\/\/radis.ee\/seinavalgusti-priit\/#primaryimage"},"thumbnailUrl":"https:\/\/radis.ee\/wp-content\/uploads\/2020\/02\/PULO_disain_seinavalgusti_Priit_1.jpeg","datePublished":"2021-02-09T17:56:14+00:00","dateModified":"2021-02-09T19:02:03+00:00","breadcrumb":{"@id":"https:\/\/radis.ee\/seinavalgusti-priit\/#breadcrumb"},"inLanguage":"fr-FR","potentialAction":[{"@type":"ReadAction","target":["https:\/\/radis.ee\/seinavalgusti-priit\/"]}]},{"@type":"ImageObject","inLanguage":"fr-FR","@id":"https:\/\/radis.ee\/seinavalgusti-priit\/#primaryimage","url":"https:\/\/radis.ee\/wp-content\/uploads\/2020\/02\/PULO_disain_seinavalgusti_Priit_1.jpeg","contentUrl":"https:\/\/radis.ee\/wp-content\/uploads\/2020\/02\/PULO_disain_seinavalgusti_Priit_1.jpeg","width":640,"height":427,"caption":"WALL LAMP PRIIT"},{"@type":"BreadcrumbList","@id":"https:\/\/radis.ee\/seinavalgusti-priit\/#breadcrumb","itemListElement":[{"@type":"ListItem","position":1,"name":"Home","item":"https:\/\/radis.ee\/"},{"@type":"ListItem","position":2,"name":"Magasin","item":"https:\/\/radis.ee\/fr\/magasin\/"},{"@type":"ListItem","position":3,"name":"Applique murale PRIIT"}]},{"@type":"WebSite","@id":"https:\/\/radis.ee\/#website","url":"https:\/\/radis.ee\/","name":"Radis","description":"Nordic design furniture, environmentally friendly and sustainable.","publisher":{"@id":"https:\/\/radis.ee\/#organization"},"potentialAction":[{"@type":"SearchAction","target":{"@type":"EntryPoint","urlTemplate":"https:\/\/radis.ee\/?s={search_term_string}"},"query-input":{"@type":"PropertyValueSpecification","valueRequired":true,"valueName":"search_term_string"}}],"inLanguage":"fr-FR"},{"@type":"Organization","@id":"https:\/\/radis.ee\/#organization","name":"Radis O\u00dc","url":"https:\/\/radis.ee\/","logo":{"@type":"ImageObject","inLanguage":"fr-FR","@id":"https:\/\/radis.ee\/#\/schema\/logo\/image\/","url":"https:\/\/radis.ee\/wp-content\/uploads\/2020\/10\/Radis-logo.png","contentUrl":"https:\/\/radis.ee\/wp-content\/uploads\/2020\/10\/Radis-logo.png","width":300,"height":63,"caption":"Radis O\u00dc"},"image":{"@id":"https:\/\/radis.ee\/#\/schema\/logo\/image\/"},"sameAs":["https:\/\/www.facebook.com\/radisfurniture\/"]}]}},"_links":{"self":[{"href":"https:\/\/radis.ee\/fr\/wp-json\/wp\/v2\/product\/9349","targetHints":{"allow":["GET"]}}],"collection":[{"href":"https:\/\/radis.ee\/fr\/wp-json\/wp\/v2\/product"}],"about":[{"href":"https:\/\/radis.ee\/fr\/wp-json\/wp\/v2\/types\/product"}],"replies":[{"embeddable":true,"href":"https:\/\/radis.ee\/fr\/wp-json\/wp\/v2\/comments?post=9349"}],"wp:featuredmedia":[{"embeddable":true,"href":"https:\/\/radis.ee\/fr\/wp-json\/wp\/v2\/media\/9629"}],"wp:attachment":[{"href":"https:\/\/radis.ee\/fr\/wp-json\/wp\/v2\/media?parent=9349"}],"wp:term":[{"taxonomy":"product_brand","embeddable":true,"href":"https:\/\/radis.ee\/fr\/wp-json\/wp\/v2\/product_brand?post=9349"},{"taxonomy":"product_cat","embeddable":true,"href":"https:\/\/radis.ee\/fr\/wp-json\/wp\/v2\/product_cat?post=9349"},{"taxonomy":"product_tag","embeddable":true,"href":"https:\/\/radis.ee\/fr\/wp-json\/wp\/v2\/product_tag?post=9349"}],"curies":[{"name":"wp","href":"https:\/\/api.w.org\/{rel}","templated":true}]}}