{"id":9548,"date":"2020-02-10T14:21:04","date_gmt":"2021-02-10T12:21:04","guid":{"rendered":"https:\/\/radis.ee\/lampe-de-table-voldemar\/"},"modified":"2021-02-10T16:45:01","modified_gmt":"2021-02-10T14:45:01","slug":"lampe-de-table-voldemar","status":"publish","type":"product","link":"https:\/\/radis.ee\/fr\/lampe-de-table-voldemar\/","title":{"rendered":"Lampe de table VOLDEMAR"},"content":{"rendered":"<p>La lampe de table Voldemar est un bon compagnon pour votre bureau, table de chevet ou coin lecture. La t\u00eate du luminaire se d\u00e9place de haut en bas pour diriger la lumi\u00e8re exactement l\u00e0 o\u00f9 vous devez la placer le plus.<\/p>\n<p>Fabriqu\u00e9 en ch\u00eane \u00e0 partir de r\u00e9sidus de parquet. C&rsquo;est du bois qui serait autrement utilis\u00e9 pour le chauffage du four. Cependant, les concepteurs font br\u00fbler ces \u00abbois de chauffage\u00bb d&rsquo;une mani\u00e8re diff\u00e9rente &#8211; ils donnent naissance \u00e0 des lampes en bois.<\/p>\n<p>Le luminaire est \u00e9quip\u00e9 d&rsquo;un c\u00e2ble en tissu de 2,5 m de long &#8211; prise et interrupteur noir, gris ou blanc et noir. Le luminaire est \u00e9galement livr\u00e9 avec une ampoule LED d&rsquo;une intensit\u00e9 lumineuse de 450 lumens. Les pi\u00e8ces en bois sont finies avec de l&rsquo;huile de bois naturelle. Le pied en m\u00e9tal est peint par poudrage noir ou blanc. Le d\u00f4me en bois mesure 13,5 cm x D 6,3 cm, la semelle a un diam\u00e8tre de 13 cm.<\/p>\n<p>Cr\u00e9ateurs: Liis Tippel et Katrin Girin<\/p>\n<p>La lampe de table Voldemar est nomin\u00e9e pour les Estonian Design Awards 2018 Bruno.<\/p>\n","protected":false},"excerpt":{"rendered":"<p>La lampe de table Voldemar est un bon compagnon pour votre bureau, table de chevet ou coin lecture. La t\u00eate du luminaire se d\u00e9place de haut en bas pour diriger la lumi\u00e8re exactement l\u00e0 o\u00f9 vous devez la placer le plus. Fabriqu\u00e9 en ch\u00eane \u00e0 partir de r\u00e9sidus de parquet. C&rsquo;est du bois qui serait&#8230;<\/p>\n","protected":false},"featured_media":9623,"comment_status":"open","ping_status":"closed","template":"","meta":{"_acf_changed":false},"product_brand":[],"product_cat":[34],"product_tag":[],"class_list":{"0":"post-9548","1":"product","2":"type-product","3":"status-publish","4":"has-post-thumbnail","6":"product_cat-aksessuaarid","8":"first","9":"instock","10":"taxable","11":"shipping-taxable","12":"purchasable","13":"product-type-variable"},"acf":[],"yoast_head":"<!-- This site is optimized with the Yoast SEO plugin v27.3 - https:\/\/yoast.com\/product\/yoast-seo-wordpress\/ -->\n<title>Lampe de table VOLDEMAR - Radis<\/title>\n<meta name=\"robots\" content=\"index, follow, max-snippet:-1, max-image-preview:large, max-video-preview:-1\" \/>\n<link rel=\"canonical\" href=\"https:\/\/radis.ee\/lauavalgusti-voldemar\/\" \/>\n<meta property=\"og:locale\" content=\"fr_FR\" \/>\n<meta property=\"og:type\" content=\"article\" \/>\n<meta property=\"og:title\" content=\"Lampe de table VOLDEMAR - Radis\" \/>\n<meta property=\"og:description\" content=\"La lampe de table Voldemar est un bon compagnon pour votre bureau, table de chevet ou coin lecture. La t\u00eate du luminaire se d\u00e9place de haut en bas pour diriger la lumi\u00e8re exactement l\u00e0 o\u00f9 vous devez la placer le plus. Fabriqu\u00e9 en ch\u00eane \u00e0 partir de r\u00e9sidus de parquet. C&rsquo;est du bois qui serait...\" \/>\n<meta property=\"og:url\" content=\"https:\/\/radis.ee\/lauavalgusti-voldemar\/\" \/>\n<meta property=\"og:site_name\" content=\"Radis\" \/>\n<meta property=\"article:publisher\" content=\"https:\/\/www.facebook.com\/radisfurniture\/\" \/>\n<meta property=\"article:modified_time\" content=\"2021-02-10T14:45:01+00:00\" \/>\n<meta property=\"og:image\" content=\"https:\/\/radis.ee\/wp-content\/uploads\/2020\/02\/Desk_lamp_VOLDEMAR_white.jpg\" \/>\n\t<meta property=\"og:image:width\" content=\"449\" \/>\n\t<meta property=\"og:image:height\" content=\"565\" \/>\n\t<meta property=\"og:image:type\" content=\"image\/jpeg\" \/>\n<meta name=\"twitter:card\" content=\"summary_large_image\" \/>\n<meta name=\"twitter:label1\" content=\"Dur\u00e9e de lecture estim\u00e9e\" \/>\n\t<meta name=\"twitter:data1\" content=\"1 minute\" \/>\n<script type=\"application\/ld+json\" class=\"yoast-schema-graph\">{\"@context\":\"https:\\\/\\\/schema.org\",\"@graph\":[{\"@type\":\"WebPage\",\"@id\":\"https:\\\/\\\/radis.ee\\\/lauavalgusti-voldemar\\\/\",\"url\":\"https:\\\/\\\/radis.ee\\\/lauavalgusti-voldemar\\\/\",\"name\":\"Lampe de table VOLDEMAR - Radis\",\"isPartOf\":{\"@id\":\"https:\\\/\\\/radis.ee\\\/#website\"},\"primaryImageOfPage\":{\"@id\":\"https:\\\/\\\/radis.ee\\\/lauavalgusti-voldemar\\\/#primaryimage\"},\"image\":{\"@id\":\"https:\\\/\\\/radis.ee\\\/lauavalgusti-voldemar\\\/#primaryimage\"},\"thumbnailUrl\":\"https:\\\/\\\/radis.ee\\\/wp-content\\\/uploads\\\/2020\\\/02\\\/Desk_lamp_VOLDEMAR_white.jpg\",\"datePublished\":\"2021-02-10T12:21:04+00:00\",\"dateModified\":\"2021-02-10T14:45:01+00:00\",\"breadcrumb\":{\"@id\":\"https:\\\/\\\/radis.ee\\\/lauavalgusti-voldemar\\\/#breadcrumb\"},\"inLanguage\":\"fr-FR\",\"potentialAction\":[{\"@type\":\"ReadAction\",\"target\":[\"https:\\\/\\\/radis.ee\\\/lauavalgusti-voldemar\\\/\"]}]},{\"@type\":\"ImageObject\",\"inLanguage\":\"fr-FR\",\"@id\":\"https:\\\/\\\/radis.ee\\\/lauavalgusti-voldemar\\\/#primaryimage\",\"url\":\"https:\\\/\\\/radis.ee\\\/wp-content\\\/uploads\\\/2020\\\/02\\\/Desk_lamp_VOLDEMAR_white.jpg\",\"contentUrl\":\"https:\\\/\\\/radis.ee\\\/wp-content\\\/uploads\\\/2020\\\/02\\\/Desk_lamp_VOLDEMAR_white.jpg\",\"width\":449,\"height\":565,\"caption\":\"DESK LAMP VOLDEMAR\"},{\"@type\":\"BreadcrumbList\",\"@id\":\"https:\\\/\\\/radis.ee\\\/lauavalgusti-voldemar\\\/#breadcrumb\",\"itemListElement\":[{\"@type\":\"ListItem\",\"position\":1,\"name\":\"Home\",\"item\":\"https:\\\/\\\/radis.ee\\\/\"},{\"@type\":\"ListItem\",\"position\":2,\"name\":\"Magasin\",\"item\":\"https:\\\/\\\/radis.ee\\\/fr\\\/magasin\\\/\"},{\"@type\":\"ListItem\",\"position\":3,\"name\":\"Lampe de table VOLDEMAR\"}]},{\"@type\":\"WebSite\",\"@id\":\"https:\\\/\\\/radis.ee\\\/#website\",\"url\":\"https:\\\/\\\/radis.ee\\\/\",\"name\":\"Radis\",\"description\":\"Nordic design furniture, environmentally friendly and sustainable.\",\"publisher\":{\"@id\":\"https:\\\/\\\/radis.ee\\\/#organization\"},\"potentialAction\":[{\"@type\":\"SearchAction\",\"target\":{\"@type\":\"EntryPoint\",\"urlTemplate\":\"https:\\\/\\\/radis.ee\\\/?s={search_term_string}\"},\"query-input\":{\"@type\":\"PropertyValueSpecification\",\"valueRequired\":true,\"valueName\":\"search_term_string\"}}],\"inLanguage\":\"fr-FR\"},{\"@type\":\"Organization\",\"@id\":\"https:\\\/\\\/radis.ee\\\/#organization\",\"name\":\"Radis O\u00dc\",\"url\":\"https:\\\/\\\/radis.ee\\\/\",\"logo\":{\"@type\":\"ImageObject\",\"inLanguage\":\"fr-FR\",\"@id\":\"https:\\\/\\\/radis.ee\\\/#\\\/schema\\\/logo\\\/image\\\/\",\"url\":\"https:\\\/\\\/radis.ee\\\/wp-content\\\/uploads\\\/2020\\\/10\\\/Radis-logo.png\",\"contentUrl\":\"https:\\\/\\\/radis.ee\\\/wp-content\\\/uploads\\\/2020\\\/10\\\/Radis-logo.png\",\"width\":300,\"height\":63,\"caption\":\"Radis O\u00dc\"},\"image\":{\"@id\":\"https:\\\/\\\/radis.ee\\\/#\\\/schema\\\/logo\\\/image\\\/\"},\"sameAs\":[\"https:\\\/\\\/www.facebook.com\\\/radisfurniture\\\/\"]}]}<\/script>\n<!-- \/ Yoast SEO plugin. -->","yoast_head_json":{"title":"Lampe de table VOLDEMAR - Radis","robots":{"index":"index","follow":"follow","max-snippet":"max-snippet:-1","max-image-preview":"max-image-preview:large","max-video-preview":"max-video-preview:-1"},"canonical":"https:\/\/radis.ee\/lauavalgusti-voldemar\/","og_locale":"fr_FR","og_type":"article","og_title":"Lampe de table VOLDEMAR - Radis","og_description":"La lampe de table Voldemar est un bon compagnon pour votre bureau, table de chevet ou coin lecture. La t\u00eate du luminaire se d\u00e9place de haut en bas pour diriger la lumi\u00e8re exactement l\u00e0 o\u00f9 vous devez la placer le plus. Fabriqu\u00e9 en ch\u00eane \u00e0 partir de r\u00e9sidus de parquet. C&rsquo;est du bois qui serait...","og_url":"https:\/\/radis.ee\/lauavalgusti-voldemar\/","og_site_name":"Radis","article_publisher":"https:\/\/www.facebook.com\/radisfurniture\/","article_modified_time":"2021-02-10T14:45:01+00:00","og_image":[{"width":449,"height":565,"url":"https:\/\/radis.ee\/wp-content\/uploads\/2020\/02\/Desk_lamp_VOLDEMAR_white.jpg","type":"image\/jpeg"}],"twitter_card":"summary_large_image","twitter_misc":{"Dur\u00e9e de lecture estim\u00e9e":"1 minute"},"schema":{"@context":"https:\/\/schema.org","@graph":[{"@type":"WebPage","@id":"https:\/\/radis.ee\/lauavalgusti-voldemar\/","url":"https:\/\/radis.ee\/lauavalgusti-voldemar\/","name":"Lampe de table VOLDEMAR - Radis","isPartOf":{"@id":"https:\/\/radis.ee\/#website"},"primaryImageOfPage":{"@id":"https:\/\/radis.ee\/lauavalgusti-voldemar\/#primaryimage"},"image":{"@id":"https:\/\/radis.ee\/lauavalgusti-voldemar\/#primaryimage"},"thumbnailUrl":"https:\/\/radis.ee\/wp-content\/uploads\/2020\/02\/Desk_lamp_VOLDEMAR_white.jpg","datePublished":"2021-02-10T12:21:04+00:00","dateModified":"2021-02-10T14:45:01+00:00","breadcrumb":{"@id":"https:\/\/radis.ee\/lauavalgusti-voldemar\/#breadcrumb"},"inLanguage":"fr-FR","potentialAction":[{"@type":"ReadAction","target":["https:\/\/radis.ee\/lauavalgusti-voldemar\/"]}]},{"@type":"ImageObject","inLanguage":"fr-FR","@id":"https:\/\/radis.ee\/lauavalgusti-voldemar\/#primaryimage","url":"https:\/\/radis.ee\/wp-content\/uploads\/2020\/02\/Desk_lamp_VOLDEMAR_white.jpg","contentUrl":"https:\/\/radis.ee\/wp-content\/uploads\/2020\/02\/Desk_lamp_VOLDEMAR_white.jpg","width":449,"height":565,"caption":"DESK LAMP VOLDEMAR"},{"@type":"BreadcrumbList","@id":"https:\/\/radis.ee\/lauavalgusti-voldemar\/#breadcrumb","itemListElement":[{"@type":"ListItem","position":1,"name":"Home","item":"https:\/\/radis.ee\/"},{"@type":"ListItem","position":2,"name":"Magasin","item":"https:\/\/radis.ee\/fr\/magasin\/"},{"@type":"ListItem","position":3,"name":"Lampe de table VOLDEMAR"}]},{"@type":"WebSite","@id":"https:\/\/radis.ee\/#website","url":"https:\/\/radis.ee\/","name":"Radis","description":"Nordic design furniture, environmentally friendly and sustainable.","publisher":{"@id":"https:\/\/radis.ee\/#organization"},"potentialAction":[{"@type":"SearchAction","target":{"@type":"EntryPoint","urlTemplate":"https:\/\/radis.ee\/?s={search_term_string}"},"query-input":{"@type":"PropertyValueSpecification","valueRequired":true,"valueName":"search_term_string"}}],"inLanguage":"fr-FR"},{"@type":"Organization","@id":"https:\/\/radis.ee\/#organization","name":"Radis O\u00dc","url":"https:\/\/radis.ee\/","logo":{"@type":"ImageObject","inLanguage":"fr-FR","@id":"https:\/\/radis.ee\/#\/schema\/logo\/image\/","url":"https:\/\/radis.ee\/wp-content\/uploads\/2020\/10\/Radis-logo.png","contentUrl":"https:\/\/radis.ee\/wp-content\/uploads\/2020\/10\/Radis-logo.png","width":300,"height":63,"caption":"Radis O\u00dc"},"image":{"@id":"https:\/\/radis.ee\/#\/schema\/logo\/image\/"},"sameAs":["https:\/\/www.facebook.com\/radisfurniture\/"]}]}},"_links":{"self":[{"href":"https:\/\/radis.ee\/fr\/wp-json\/wp\/v2\/product\/9548","targetHints":{"allow":["GET"]}}],"collection":[{"href":"https:\/\/radis.ee\/fr\/wp-json\/wp\/v2\/product"}],"about":[{"href":"https:\/\/radis.ee\/fr\/wp-json\/wp\/v2\/types\/product"}],"replies":[{"embeddable":true,"href":"https:\/\/radis.ee\/fr\/wp-json\/wp\/v2\/comments?post=9548"}],"wp:featuredmedia":[{"embeddable":true,"href":"https:\/\/radis.ee\/fr\/wp-json\/wp\/v2\/media\/9623"}],"wp:attachment":[{"href":"https:\/\/radis.ee\/fr\/wp-json\/wp\/v2\/media?parent=9548"}],"wp:term":[{"taxonomy":"product_brand","embeddable":true,"href":"https:\/\/radis.ee\/fr\/wp-json\/wp\/v2\/product_brand?post=9548"},{"taxonomy":"product_cat","embeddable":true,"href":"https:\/\/radis.ee\/fr\/wp-json\/wp\/v2\/product_cat?post=9548"},{"taxonomy":"product_tag","embeddable":true,"href":"https:\/\/radis.ee\/fr\/wp-json\/wp\/v2\/product_tag?post=9548"}],"curies":[{"name":"wp","href":"https:\/\/api.w.org\/{rel}","templated":true}]}}