{"id":9603,"date":"2019-02-10T19:35:08","date_gmt":"2021-02-10T17:35:08","guid":{"rendered":"https:\/\/radis.ee\/porte-boutons-riina\/"},"modified":"2021-02-10T19:35:08","modified_gmt":"2021-02-10T17:35:08","slug":"porte-boutons-riina","status":"publish","type":"product","link":"https:\/\/radis.ee\/fr\/porte-boutons-riina\/","title":{"rendered":"Porte-boutons RIINA"},"content":{"rendered":"<p>Les porte-boutons conviennent bien aux tiroirs et aux boutons de placard, mais aussi aux casiers modernes. Les supports \u00e0 crochets sont disponibles en trois tailles. La taille L est \u00e9norme (diam\u00e8tre 14 cm), mais il y a aussi des mamans modestes M- (D 10 cm) et S (D 7 cm).<\/p>\n<p>Les porte-boutons sont en ch\u00eane, qui provient des r\u00e9sidus de l&rsquo;industrie du rev\u00eatement de sol. C&rsquo;est du bois qui serait autrement utilis\u00e9 pour le chauffage du four. Cependant, les concepteurs \u00e9conomisent le bois et lui donnent une nouvelle utilisation comme boutons ou cr\u00e9maill\u00e8re.<\/p>\n<p>Les racks sont livr\u00e9s dans un ensemble de 3, tous de tailles diff\u00e9rentes &#8211; S, M et L, ainsi que des vis de fixation sont incluses. Tout ce que vous devez installer est une cheville qui s&rsquo;adapte au mat\u00e9riau du mur. Les produits sont finis avec de l&rsquo;huile de bois naturelle.<\/p>\n<p>Cr\u00e9ateurs: Liis Tippel et Katrin Girin<\/p>\n","protected":false},"excerpt":{"rendered":"<p>Les porte-boutons conviennent bien aux tiroirs et aux boutons de placard, mais aussi aux casiers modernes. Les supports \u00e0 crochets sont disponibles en trois tailles. La taille L est \u00e9norme (diam\u00e8tre 14 cm), mais il y a aussi des mamans modestes M- (D 10 cm) et S (D 7 cm). Les porte-boutons sont en ch\u00eane,&#8230;<\/p>\n","protected":false},"featured_media":9600,"comment_status":"open","ping_status":"closed","template":"","meta":{"_acf_changed":false},"product_brand":[],"product_cat":[34],"product_tag":[],"class_list":{"0":"post-9603","1":"product","2":"type-product","3":"status-publish","4":"has-post-thumbnail","6":"product_cat-aksessuaarid","8":"first","9":"instock","10":"taxable","11":"shipping-taxable","12":"purchasable","13":"product-type-simple"},"acf":[],"yoast_head":"<!-- This site is optimized with the Yoast SEO plugin v27.4 - https:\/\/yoast.com\/product\/yoast-seo-wordpress\/ -->\n<title>Porte-boutons RIINA - Radis<\/title>\n<meta name=\"robots\" content=\"index, follow, max-snippet:-1, max-image-preview:large, max-video-preview:-1\" \/>\n<link rel=\"canonical\" href=\"https:\/\/radis.ee\/?post_type=product&p=9565\" \/>\n<meta property=\"og:locale\" content=\"fr_FR\" \/>\n<meta property=\"og:type\" content=\"article\" \/>\n<meta property=\"og:title\" content=\"Porte-boutons RIINA - Radis\" \/>\n<meta property=\"og:description\" content=\"Les porte-boutons conviennent bien aux tiroirs et aux boutons de placard, mais aussi aux casiers modernes. Les supports \u00e0 crochets sont disponibles en trois tailles. La taille L est \u00e9norme (diam\u00e8tre 14 cm), mais il y a aussi des mamans modestes M- (D 10 cm) et S (D 7 cm). Les porte-boutons sont en ch\u00eane,...\" \/>\n<meta property=\"og:url\" content=\"https:\/\/radis.ee\/?post_type=product&amp;p=9565\" \/>\n<meta property=\"og:site_name\" content=\"Radis\" \/>\n<meta property=\"article:publisher\" content=\"https:\/\/www.facebook.com\/radisfurniture\/\" \/>\n<meta property=\"og:image\" content=\"https:\/\/radis.ee\/wp-content\/uploads\/2021\/02\/Hanging_dots_RIINA_white.jpg\" \/>\n\t<meta property=\"og:image:width\" content=\"551\" \/>\n\t<meta property=\"og:image:height\" content=\"549\" \/>\n\t<meta property=\"og:image:type\" content=\"image\/jpeg\" \/>\n<meta name=\"twitter:card\" content=\"summary_large_image\" \/>\n<meta name=\"twitter:label1\" content=\"Dur\u00e9e de lecture estim\u00e9e\" \/>\n\t<meta name=\"twitter:data1\" content=\"1 minute\" \/>\n<script type=\"application\/ld+json\" class=\"yoast-schema-graph\">{\"@context\":\"https:\\\/\\\/schema.org\",\"@graph\":[{\"@type\":\"WebPage\",\"@id\":\"https:\\\/\\\/radis.ee\\\/?post_type=product&p=9565\",\"url\":\"https:\\\/\\\/radis.ee\\\/?post_type=product&p=9565\",\"name\":\"Porte-boutons RIINA - Radis\",\"isPartOf\":{\"@id\":\"https:\\\/\\\/radis.ee\\\/#website\"},\"primaryImageOfPage\":{\"@id\":\"https:\\\/\\\/radis.ee\\\/?post_type=product&p=9565#primaryimage\"},\"image\":{\"@id\":\"https:\\\/\\\/radis.ee\\\/?post_type=product&p=9565#primaryimage\"},\"thumbnailUrl\":\"https:\\\/\\\/radis.ee\\\/wp-content\\\/uploads\\\/2021\\\/02\\\/Hanging_dots_RIINA_white.jpg\",\"datePublished\":\"2021-02-10T17:35:08+00:00\",\"breadcrumb\":{\"@id\":\"https:\\\/\\\/radis.ee\\\/?post_type=product&p=9565#breadcrumb\"},\"inLanguage\":\"fr-FR\",\"potentialAction\":[{\"@type\":\"ReadAction\",\"target\":[\"https:\\\/\\\/radis.ee\\\/?post_type=product&p=9565\"]}]},{\"@type\":\"ImageObject\",\"inLanguage\":\"fr-FR\",\"@id\":\"https:\\\/\\\/radis.ee\\\/?post_type=product&p=9565#primaryimage\",\"url\":\"https:\\\/\\\/radis.ee\\\/wp-content\\\/uploads\\\/2021\\\/02\\\/Hanging_dots_RIINA_white.jpg\",\"contentUrl\":\"https:\\\/\\\/radis.ee\\\/wp-content\\\/uploads\\\/2021\\\/02\\\/Hanging_dots_RIINA_white.jpg\",\"width\":551,\"height\":549,\"caption\":\"HOOK DOTS RIINA\"},{\"@type\":\"BreadcrumbList\",\"@id\":\"https:\\\/\\\/radis.ee\\\/?post_type=product&p=9565#breadcrumb\",\"itemListElement\":[{\"@type\":\"ListItem\",\"position\":1,\"name\":\"Home\",\"item\":\"https:\\\/\\\/radis.ee\\\/\"},{\"@type\":\"ListItem\",\"position\":2,\"name\":\"Magasin\",\"item\":\"https:\\\/\\\/radis.ee\\\/fr\\\/magasin\\\/\"},{\"@type\":\"ListItem\",\"position\":3,\"name\":\"Porte-boutons RIINA\"}]},{\"@type\":\"WebSite\",\"@id\":\"https:\\\/\\\/radis.ee\\\/#website\",\"url\":\"https:\\\/\\\/radis.ee\\\/\",\"name\":\"Radis\",\"description\":\"Nordic design furniture, environmentally friendly and sustainable.\",\"publisher\":{\"@id\":\"https:\\\/\\\/radis.ee\\\/#organization\"},\"potentialAction\":[{\"@type\":\"SearchAction\",\"target\":{\"@type\":\"EntryPoint\",\"urlTemplate\":\"https:\\\/\\\/radis.ee\\\/?s={search_term_string}\"},\"query-input\":{\"@type\":\"PropertyValueSpecification\",\"valueRequired\":true,\"valueName\":\"search_term_string\"}}],\"inLanguage\":\"fr-FR\"},{\"@type\":\"Organization\",\"@id\":\"https:\\\/\\\/radis.ee\\\/#organization\",\"name\":\"Radis O\u00dc\",\"url\":\"https:\\\/\\\/radis.ee\\\/\",\"logo\":{\"@type\":\"ImageObject\",\"inLanguage\":\"fr-FR\",\"@id\":\"https:\\\/\\\/radis.ee\\\/#\\\/schema\\\/logo\\\/image\\\/\",\"url\":\"https:\\\/\\\/radis.ee\\\/wp-content\\\/uploads\\\/2020\\\/10\\\/Radis-logo.png\",\"contentUrl\":\"https:\\\/\\\/radis.ee\\\/wp-content\\\/uploads\\\/2020\\\/10\\\/Radis-logo.png\",\"width\":300,\"height\":63,\"caption\":\"Radis O\u00dc\"},\"image\":{\"@id\":\"https:\\\/\\\/radis.ee\\\/#\\\/schema\\\/logo\\\/image\\\/\"},\"sameAs\":[\"https:\\\/\\\/www.facebook.com\\\/radisfurniture\\\/\"]}]}<\/script>\n<!-- \/ Yoast SEO plugin. -->","yoast_head_json":{"title":"Porte-boutons RIINA - Radis","robots":{"index":"index","follow":"follow","max-snippet":"max-snippet:-1","max-image-preview":"max-image-preview:large","max-video-preview":"max-video-preview:-1"},"canonical":"https:\/\/radis.ee\/?post_type=product&p=9565","og_locale":"fr_FR","og_type":"article","og_title":"Porte-boutons RIINA - Radis","og_description":"Les porte-boutons conviennent bien aux tiroirs et aux boutons de placard, mais aussi aux casiers modernes. Les supports \u00e0 crochets sont disponibles en trois tailles. La taille L est \u00e9norme (diam\u00e8tre 14 cm), mais il y a aussi des mamans modestes M- (D 10 cm) et S (D 7 cm). Les porte-boutons sont en ch\u00eane,...","og_url":"https:\/\/radis.ee\/?post_type=product&p=9565","og_site_name":"Radis","article_publisher":"https:\/\/www.facebook.com\/radisfurniture\/","og_image":[{"width":551,"height":549,"url":"https:\/\/radis.ee\/wp-content\/uploads\/2021\/02\/Hanging_dots_RIINA_white.jpg","type":"image\/jpeg"}],"twitter_card":"summary_large_image","twitter_misc":{"Dur\u00e9e de lecture estim\u00e9e":"1 minute"},"schema":{"@context":"https:\/\/schema.org","@graph":[{"@type":"WebPage","@id":"https:\/\/radis.ee\/?post_type=product&p=9565","url":"https:\/\/radis.ee\/?post_type=product&p=9565","name":"Porte-boutons RIINA - Radis","isPartOf":{"@id":"https:\/\/radis.ee\/#website"},"primaryImageOfPage":{"@id":"https:\/\/radis.ee\/?post_type=product&p=9565#primaryimage"},"image":{"@id":"https:\/\/radis.ee\/?post_type=product&p=9565#primaryimage"},"thumbnailUrl":"https:\/\/radis.ee\/wp-content\/uploads\/2021\/02\/Hanging_dots_RIINA_white.jpg","datePublished":"2021-02-10T17:35:08+00:00","breadcrumb":{"@id":"https:\/\/radis.ee\/?post_type=product&p=9565#breadcrumb"},"inLanguage":"fr-FR","potentialAction":[{"@type":"ReadAction","target":["https:\/\/radis.ee\/?post_type=product&p=9565"]}]},{"@type":"ImageObject","inLanguage":"fr-FR","@id":"https:\/\/radis.ee\/?post_type=product&p=9565#primaryimage","url":"https:\/\/radis.ee\/wp-content\/uploads\/2021\/02\/Hanging_dots_RIINA_white.jpg","contentUrl":"https:\/\/radis.ee\/wp-content\/uploads\/2021\/02\/Hanging_dots_RIINA_white.jpg","width":551,"height":549,"caption":"HOOK DOTS RIINA"},{"@type":"BreadcrumbList","@id":"https:\/\/radis.ee\/?post_type=product&p=9565#breadcrumb","itemListElement":[{"@type":"ListItem","position":1,"name":"Home","item":"https:\/\/radis.ee\/"},{"@type":"ListItem","position":2,"name":"Magasin","item":"https:\/\/radis.ee\/fr\/magasin\/"},{"@type":"ListItem","position":3,"name":"Porte-boutons RIINA"}]},{"@type":"WebSite","@id":"https:\/\/radis.ee\/#website","url":"https:\/\/radis.ee\/","name":"Radis","description":"Nordic design furniture, environmentally friendly and sustainable.","publisher":{"@id":"https:\/\/radis.ee\/#organization"},"potentialAction":[{"@type":"SearchAction","target":{"@type":"EntryPoint","urlTemplate":"https:\/\/radis.ee\/?s={search_term_string}"},"query-input":{"@type":"PropertyValueSpecification","valueRequired":true,"valueName":"search_term_string"}}],"inLanguage":"fr-FR"},{"@type":"Organization","@id":"https:\/\/radis.ee\/#organization","name":"Radis O\u00dc","url":"https:\/\/radis.ee\/","logo":{"@type":"ImageObject","inLanguage":"fr-FR","@id":"https:\/\/radis.ee\/#\/schema\/logo\/image\/","url":"https:\/\/radis.ee\/wp-content\/uploads\/2020\/10\/Radis-logo.png","contentUrl":"https:\/\/radis.ee\/wp-content\/uploads\/2020\/10\/Radis-logo.png","width":300,"height":63,"caption":"Radis O\u00dc"},"image":{"@id":"https:\/\/radis.ee\/#\/schema\/logo\/image\/"},"sameAs":["https:\/\/www.facebook.com\/radisfurniture\/"]}]}},"_links":{"self":[{"href":"https:\/\/radis.ee\/fr\/wp-json\/wp\/v2\/product\/9603","targetHints":{"allow":["GET"]}}],"collection":[{"href":"https:\/\/radis.ee\/fr\/wp-json\/wp\/v2\/product"}],"about":[{"href":"https:\/\/radis.ee\/fr\/wp-json\/wp\/v2\/types\/product"}],"replies":[{"embeddable":true,"href":"https:\/\/radis.ee\/fr\/wp-json\/wp\/v2\/comments?post=9603"}],"wp:featuredmedia":[{"embeddable":true,"href":"https:\/\/radis.ee\/fr\/wp-json\/wp\/v2\/media\/9600"}],"wp:attachment":[{"href":"https:\/\/radis.ee\/fr\/wp-json\/wp\/v2\/media?parent=9603"}],"wp:term":[{"taxonomy":"product_brand","embeddable":true,"href":"https:\/\/radis.ee\/fr\/wp-json\/wp\/v2\/product_brand?post=9603"},{"taxonomy":"product_cat","embeddable":true,"href":"https:\/\/radis.ee\/fr\/wp-json\/wp\/v2\/product_cat?post=9603"},{"taxonomy":"product_tag","embeddable":true,"href":"https:\/\/radis.ee\/fr\/wp-json\/wp\/v2\/product_tag?post=9603"}],"curies":[{"name":"wp","href":"https:\/\/api.w.org\/{rel}","templated":true}]}}