{"id":9777,"date":"2020-04-17T23:02:37","date_gmt":"2021-03-16T21:02:37","guid":{"rendered":"https:\/\/radis.ee\/etagere-murale-pix\/"},"modified":"2024-03-05T20:53:06","modified_gmt":"2024-03-05T18:53:06","slug":"etagere-murale-pix","status":"publish","type":"product","link":"https:\/\/radis.ee\/fr\/etagere-murale-pix\/","title":{"rendered":"\u00c9tag\u00e8re murale PIX"},"content":{"rendered":"<p>Vous pouvez maintenant \u00e9galement accrocher une \u00e9tag\u00e8re PIX populaire pour le mur.<\/p>\n<p>Vous d\u00e9cidez de ce que vous montrez \u00e0 tout le monde et de ce que vous cachez dans le placard.<\/p>\n<p>La hauteur int\u00e9rieure de l&rsquo;\u00e9tag\u00e8re est de 33 cm, ce qui permet de ranger facilement des livres et des classeurs plus grands. La largeur int\u00e9rieure des armoires est de 33 cm.<\/p>\n<p>Fabriqu\u00e9 en contreplaqu\u00e9 de bouleau, cir\u00e9 \u00e0 l&rsquo;huile ou en HPL blanc sur contreplaqu\u00e9. Charni\u00e8res de porte \u00e0 fermeture douce.<\/p>\n","protected":false},"excerpt":{"rendered":"<p>Vous pouvez maintenant \u00e9galement accrocher une \u00e9tag\u00e8re PIX populaire pour le mur. Vous d\u00e9cidez de ce que vous montrez \u00e0 tout le monde et de ce que vous cachez dans le placard. La hauteur int\u00e9rieure de l&rsquo;\u00e9tag\u00e8re est de 33 cm, ce qui permet de ranger facilement des livres et des classeurs plus grands. La&#8230;<\/p>\n","protected":false},"featured_media":21282,"comment_status":"open","ping_status":"closed","template":"","meta":{"_acf_changed":false},"product_brand":[],"product_cat":[109],"product_tag":[],"class_list":{"0":"post-9777","1":"product","2":"type-product","3":"status-publish","4":"has-post-thumbnail","6":"product_cat-riiulid","8":"first","9":"instock","10":"taxable","11":"shipping-taxable","12":"purchasable","13":"product-type-variable","14":"has-default-attributes"},"acf":[],"yoast_head":"<!-- This site is optimized with the Yoast SEO plugin v27.3 - https:\/\/yoast.com\/product\/yoast-seo-wordpress\/ -->\n<title>\u00c9tag\u00e8re murale PIX - Radis<\/title>\n<meta name=\"robots\" content=\"index, follow, max-snippet:-1, max-image-preview:large, max-video-preview:-1\" \/>\n<link rel=\"canonical\" href=\"https:\/\/radis.ee\/fr\/etagere-murale-pix\/\" \/>\n<meta property=\"og:locale\" content=\"fr_FR\" \/>\n<meta property=\"og:type\" content=\"article\" \/>\n<meta property=\"og:title\" content=\"\u00c9tag\u00e8re murale PIX - Radis\" \/>\n<meta property=\"og:description\" content=\"Vous pouvez maintenant \u00e9galement accrocher une \u00e9tag\u00e8re PIX populaire pour le mur. Vous d\u00e9cidez de ce que vous montrez \u00e0 tout le monde et de ce que vous cachez dans le placard. La hauteur int\u00e9rieure de l&rsquo;\u00e9tag\u00e8re est de 33 cm, ce qui permet de ranger facilement des livres et des classeurs plus grands. La...\" \/>\n<meta property=\"og:url\" content=\"https:\/\/radis.ee\/fr\/etagere-murale-pix\/\" \/>\n<meta property=\"og:site_name\" content=\"Radis\" \/>\n<meta property=\"article:publisher\" content=\"https:\/\/www.facebook.com\/radisfurniture\/\" \/>\n<meta property=\"article:modified_time\" content=\"2024-03-05T18:53:06+00:00\" \/>\n<meta property=\"og:image\" content=\"https:\/\/radis.ee\/wp-content\/uploads\/2020\/04\/Radis_wall_shelf_PIX_Light_Oak-doors_White_Osmo_white_background.jpg\" \/>\n\t<meta property=\"og:image:width\" content=\"620\" \/>\n\t<meta property=\"og:image:height\" content=\"521\" \/>\n\t<meta property=\"og:image:type\" content=\"image\/jpeg\" \/>\n<meta name=\"twitter:card\" content=\"summary_large_image\" \/>\n<script type=\"application\/ld+json\" class=\"yoast-schema-graph\">{\"@context\":\"https:\\\/\\\/schema.org\",\"@graph\":[{\"@type\":\"WebPage\",\"@id\":\"https:\\\/\\\/radis.ee\\\/fr\\\/etagere-murale-pix\\\/\",\"url\":\"https:\\\/\\\/radis.ee\\\/fr\\\/etagere-murale-pix\\\/\",\"name\":\"\u00c9tag\u00e8re murale PIX - Radis\",\"isPartOf\":{\"@id\":\"https:\\\/\\\/radis.ee\\\/#website\"},\"primaryImageOfPage\":{\"@id\":\"https:\\\/\\\/radis.ee\\\/fr\\\/etagere-murale-pix\\\/#primaryimage\"},\"image\":{\"@id\":\"https:\\\/\\\/radis.ee\\\/fr\\\/etagere-murale-pix\\\/#primaryimage\"},\"thumbnailUrl\":\"https:\\\/\\\/radis.ee\\\/wp-content\\\/uploads\\\/2020\\\/04\\\/Radis_wall_shelf_PIX_Light_Oak-doors_White_Osmo_white_background.jpg\",\"datePublished\":\"2021-03-16T21:02:37+00:00\",\"dateModified\":\"2024-03-05T18:53:06+00:00\",\"breadcrumb\":{\"@id\":\"https:\\\/\\\/radis.ee\\\/fr\\\/etagere-murale-pix\\\/#breadcrumb\"},\"inLanguage\":\"fr-FR\",\"potentialAction\":[{\"@type\":\"ReadAction\",\"target\":[\"https:\\\/\\\/radis.ee\\\/fr\\\/etagere-murale-pix\\\/\"]}]},{\"@type\":\"ImageObject\",\"inLanguage\":\"fr-FR\",\"@id\":\"https:\\\/\\\/radis.ee\\\/fr\\\/etagere-murale-pix\\\/#primaryimage\",\"url\":\"https:\\\/\\\/radis.ee\\\/wp-content\\\/uploads\\\/2020\\\/04\\\/Radis_wall_shelf_PIX_Light_Oak-doors_White_Osmo_white_background.jpg\",\"contentUrl\":\"https:\\\/\\\/radis.ee\\\/wp-content\\\/uploads\\\/2020\\\/04\\\/Radis_wall_shelf_PIX_Light_Oak-doors_White_Osmo_white_background.jpg\",\"width\":620,\"height\":521,\"caption\":\"Radis_Furniture_wall_shelf_PIX_Light_Oak_doors_White_Osmo\"},{\"@type\":\"BreadcrumbList\",\"@id\":\"https:\\\/\\\/radis.ee\\\/fr\\\/etagere-murale-pix\\\/#breadcrumb\",\"itemListElement\":[{\"@type\":\"ListItem\",\"position\":1,\"name\":\"Home\",\"item\":\"https:\\\/\\\/radis.ee\\\/\"},{\"@type\":\"ListItem\",\"position\":2,\"name\":\"Magasin\",\"item\":\"https:\\\/\\\/radis.ee\\\/fr\\\/magasin\\\/\"},{\"@type\":\"ListItem\",\"position\":3,\"name\":\"\u00c9tag\u00e8re murale PIX\"}]},{\"@type\":\"WebSite\",\"@id\":\"https:\\\/\\\/radis.ee\\\/#website\",\"url\":\"https:\\\/\\\/radis.ee\\\/\",\"name\":\"Radis\",\"description\":\"Nordic design furniture, environmentally friendly and sustainable.\",\"publisher\":{\"@id\":\"https:\\\/\\\/radis.ee\\\/#organization\"},\"potentialAction\":[{\"@type\":\"SearchAction\",\"target\":{\"@type\":\"EntryPoint\",\"urlTemplate\":\"https:\\\/\\\/radis.ee\\\/?s={search_term_string}\"},\"query-input\":{\"@type\":\"PropertyValueSpecification\",\"valueRequired\":true,\"valueName\":\"search_term_string\"}}],\"inLanguage\":\"fr-FR\"},{\"@type\":\"Organization\",\"@id\":\"https:\\\/\\\/radis.ee\\\/#organization\",\"name\":\"Radis O\u00dc\",\"url\":\"https:\\\/\\\/radis.ee\\\/\",\"logo\":{\"@type\":\"ImageObject\",\"inLanguage\":\"fr-FR\",\"@id\":\"https:\\\/\\\/radis.ee\\\/#\\\/schema\\\/logo\\\/image\\\/\",\"url\":\"https:\\\/\\\/radis.ee\\\/wp-content\\\/uploads\\\/2020\\\/10\\\/Radis-logo.png\",\"contentUrl\":\"https:\\\/\\\/radis.ee\\\/wp-content\\\/uploads\\\/2020\\\/10\\\/Radis-logo.png\",\"width\":300,\"height\":63,\"caption\":\"Radis O\u00dc\"},\"image\":{\"@id\":\"https:\\\/\\\/radis.ee\\\/#\\\/schema\\\/logo\\\/image\\\/\"},\"sameAs\":[\"https:\\\/\\\/www.facebook.com\\\/radisfurniture\\\/\"]}]}<\/script>\n<!-- \/ Yoast SEO plugin. -->","yoast_head_json":{"title":"\u00c9tag\u00e8re murale PIX - Radis","robots":{"index":"index","follow":"follow","max-snippet":"max-snippet:-1","max-image-preview":"max-image-preview:large","max-video-preview":"max-video-preview:-1"},"canonical":"https:\/\/radis.ee\/fr\/etagere-murale-pix\/","og_locale":"fr_FR","og_type":"article","og_title":"\u00c9tag\u00e8re murale PIX - Radis","og_description":"Vous pouvez maintenant \u00e9galement accrocher une \u00e9tag\u00e8re PIX populaire pour le mur. Vous d\u00e9cidez de ce que vous montrez \u00e0 tout le monde et de ce que vous cachez dans le placard. La hauteur int\u00e9rieure de l&rsquo;\u00e9tag\u00e8re est de 33 cm, ce qui permet de ranger facilement des livres et des classeurs plus grands. La...","og_url":"https:\/\/radis.ee\/fr\/etagere-murale-pix\/","og_site_name":"Radis","article_publisher":"https:\/\/www.facebook.com\/radisfurniture\/","article_modified_time":"2024-03-05T18:53:06+00:00","og_image":[{"width":620,"height":521,"url":"https:\/\/radis.ee\/wp-content\/uploads\/2020\/04\/Radis_wall_shelf_PIX_Light_Oak-doors_White_Osmo_white_background.jpg","type":"image\/jpeg"}],"twitter_card":"summary_large_image","schema":{"@context":"https:\/\/schema.org","@graph":[{"@type":"WebPage","@id":"https:\/\/radis.ee\/fr\/etagere-murale-pix\/","url":"https:\/\/radis.ee\/fr\/etagere-murale-pix\/","name":"\u00c9tag\u00e8re murale PIX - Radis","isPartOf":{"@id":"https:\/\/radis.ee\/#website"},"primaryImageOfPage":{"@id":"https:\/\/radis.ee\/fr\/etagere-murale-pix\/#primaryimage"},"image":{"@id":"https:\/\/radis.ee\/fr\/etagere-murale-pix\/#primaryimage"},"thumbnailUrl":"https:\/\/radis.ee\/wp-content\/uploads\/2020\/04\/Radis_wall_shelf_PIX_Light_Oak-doors_White_Osmo_white_background.jpg","datePublished":"2021-03-16T21:02:37+00:00","dateModified":"2024-03-05T18:53:06+00:00","breadcrumb":{"@id":"https:\/\/radis.ee\/fr\/etagere-murale-pix\/#breadcrumb"},"inLanguage":"fr-FR","potentialAction":[{"@type":"ReadAction","target":["https:\/\/radis.ee\/fr\/etagere-murale-pix\/"]}]},{"@type":"ImageObject","inLanguage":"fr-FR","@id":"https:\/\/radis.ee\/fr\/etagere-murale-pix\/#primaryimage","url":"https:\/\/radis.ee\/wp-content\/uploads\/2020\/04\/Radis_wall_shelf_PIX_Light_Oak-doors_White_Osmo_white_background.jpg","contentUrl":"https:\/\/radis.ee\/wp-content\/uploads\/2020\/04\/Radis_wall_shelf_PIX_Light_Oak-doors_White_Osmo_white_background.jpg","width":620,"height":521,"caption":"Radis_Furniture_wall_shelf_PIX_Light_Oak_doors_White_Osmo"},{"@type":"BreadcrumbList","@id":"https:\/\/radis.ee\/fr\/etagere-murale-pix\/#breadcrumb","itemListElement":[{"@type":"ListItem","position":1,"name":"Home","item":"https:\/\/radis.ee\/"},{"@type":"ListItem","position":2,"name":"Magasin","item":"https:\/\/radis.ee\/fr\/magasin\/"},{"@type":"ListItem","position":3,"name":"\u00c9tag\u00e8re murale PIX"}]},{"@type":"WebSite","@id":"https:\/\/radis.ee\/#website","url":"https:\/\/radis.ee\/","name":"Radis","description":"Nordic design furniture, environmentally friendly and sustainable.","publisher":{"@id":"https:\/\/radis.ee\/#organization"},"potentialAction":[{"@type":"SearchAction","target":{"@type":"EntryPoint","urlTemplate":"https:\/\/radis.ee\/?s={search_term_string}"},"query-input":{"@type":"PropertyValueSpecification","valueRequired":true,"valueName":"search_term_string"}}],"inLanguage":"fr-FR"},{"@type":"Organization","@id":"https:\/\/radis.ee\/#organization","name":"Radis O\u00dc","url":"https:\/\/radis.ee\/","logo":{"@type":"ImageObject","inLanguage":"fr-FR","@id":"https:\/\/radis.ee\/#\/schema\/logo\/image\/","url":"https:\/\/radis.ee\/wp-content\/uploads\/2020\/10\/Radis-logo.png","contentUrl":"https:\/\/radis.ee\/wp-content\/uploads\/2020\/10\/Radis-logo.png","width":300,"height":63,"caption":"Radis O\u00dc"},"image":{"@id":"https:\/\/radis.ee\/#\/schema\/logo\/image\/"},"sameAs":["https:\/\/www.facebook.com\/radisfurniture\/"]}]}},"_links":{"self":[{"href":"https:\/\/radis.ee\/fr\/wp-json\/wp\/v2\/product\/9777","targetHints":{"allow":["GET"]}}],"collection":[{"href":"https:\/\/radis.ee\/fr\/wp-json\/wp\/v2\/product"}],"about":[{"href":"https:\/\/radis.ee\/fr\/wp-json\/wp\/v2\/types\/product"}],"replies":[{"embeddable":true,"href":"https:\/\/radis.ee\/fr\/wp-json\/wp\/v2\/comments?post=9777"}],"wp:featuredmedia":[{"embeddable":true,"href":"https:\/\/radis.ee\/fr\/wp-json\/wp\/v2\/media\/21282"}],"wp:attachment":[{"href":"https:\/\/radis.ee\/fr\/wp-json\/wp\/v2\/media?parent=9777"}],"wp:term":[{"taxonomy":"product_brand","embeddable":true,"href":"https:\/\/radis.ee\/fr\/wp-json\/wp\/v2\/product_brand?post=9777"},{"taxonomy":"product_cat","embeddable":true,"href":"https:\/\/radis.ee\/fr\/wp-json\/wp\/v2\/product_cat?post=9777"},{"taxonomy":"product_tag","embeddable":true,"href":"https:\/\/radis.ee\/fr\/wp-json\/wp\/v2\/product_tag?post=9777"}],"curies":[{"name":"wp","href":"https:\/\/api.w.org\/{rel}","templated":true}]}}