{"id":9830,"date":"2020-03-17T21:17:47","date_gmt":"2021-03-17T19:17:47","guid":{"rendered":"https:\/\/radis.ee\/bureau-tri\/"},"modified":"2021-03-17T21:17:47","modified_gmt":"2021-03-17T19:17:47","slug":"bureau-tri","status":"publish","type":"product","link":"https:\/\/radis.ee\/fr\/bureau-tri\/","title":{"rendered":"Bureau TRI"},"content":{"rendered":"<p>Le bureau TRI, adapt\u00e9 aux besoins d&rsquo;aujourd&rsquo;hui, convient aussi bien \u00e0 un enfant qu&rsquo;\u00e0 un bureau \u00e0 domicile. La table repose fermement sur les pieds triangulaires. Vous pouvez retirer le cordon de l&rsquo;ordinateur du coin de la table.<\/p>\n<p>Fabriqu\u00e9 en contreplaqu\u00e9 de bouleau cir\u00e9 \u00e0 l&rsquo;huile. Les pieds sont fix\u00e9s avec des boulons m\u00e9talliques.<\/p>\n<p>La hauteur du plateau de bureau TRI est de 75 cm, la hauteur totale du bureau est de 95 cm, la profondeur de l&rsquo;\u00e9tag\u00e8re est de 17 cm, l&rsquo;espacement des \u00e9tag\u00e8res est de 15 cm.<\/p>\n","protected":false},"excerpt":{"rendered":"<p>Le bureau TRI, adapt\u00e9 aux besoins d&rsquo;aujourd&rsquo;hui, convient aussi bien \u00e0 un enfant qu&rsquo;\u00e0 un bureau \u00e0 domicile. La table repose fermement sur les pieds triangulaires. Vous pouvez retirer le cordon de l&rsquo;ordinateur du coin de la table. Fabriqu\u00e9 en contreplaqu\u00e9 de bouleau cir\u00e9 \u00e0 l&rsquo;huile. Les pieds sont fix\u00e9s avec des boulons m\u00e9talliques. La&#8230;<\/p>\n","protected":false},"featured_media":9900,"comment_status":"open","ping_status":"closed","template":"","meta":{"_acf_changed":false},"product_brand":[],"product_cat":[111],"product_tag":[],"class_list":{"0":"post-9830","1":"product","2":"type-product","3":"status-publish","4":"has-post-thumbnail","6":"product_cat-lauad","8":"first","9":"instock","10":"taxable","11":"shipping-taxable","12":"purchasable","13":"product-type-variable","14":"has-default-attributes"},"acf":[],"yoast_head":"<!-- This site is optimized with the Yoast SEO plugin v27.3 - https:\/\/yoast.com\/product\/yoast-seo-wordpress\/ -->\n<title>Bureau TRI - Radis<\/title>\n<meta name=\"robots\" content=\"index, follow, max-snippet:-1, max-image-preview:large, max-video-preview:-1\" \/>\n<link rel=\"canonical\" href=\"https:\/\/radis.ee\/kirjutuslaud-tri\/\" \/>\n<meta property=\"og:locale\" content=\"fr_FR\" \/>\n<meta property=\"og:type\" content=\"article\" \/>\n<meta property=\"og:title\" content=\"Bureau TRI - Radis\" \/>\n<meta property=\"og:description\" content=\"Le bureau TRI, adapt\u00e9 aux besoins d&rsquo;aujourd&rsquo;hui, convient aussi bien \u00e0 un enfant qu&rsquo;\u00e0 un bureau \u00e0 domicile. La table repose fermement sur les pieds triangulaires. Vous pouvez retirer le cordon de l&rsquo;ordinateur du coin de la table. Fabriqu\u00e9 en contreplaqu\u00e9 de bouleau cir\u00e9 \u00e0 l&rsquo;huile. Les pieds sont fix\u00e9s avec des boulons m\u00e9talliques. La...\" \/>\n<meta property=\"og:url\" content=\"https:\/\/radis.ee\/kirjutuslaud-tri\/\" \/>\n<meta property=\"og:site_name\" content=\"Radis\" \/>\n<meta property=\"article:publisher\" content=\"https:\/\/www.facebook.com\/radisfurniture\/\" \/>\n<meta property=\"og:image\" content=\"https:\/\/radis.ee\/wp-content\/uploads\/2021\/03\/RADIS-Desk-TRI-pebble-grey-oilwaxed-legs-white_white_background-scaled.jpg\" \/>\n\t<meta property=\"og:image:width\" content=\"2560\" \/>\n\t<meta property=\"og:image:height\" content=\"2560\" \/>\n\t<meta property=\"og:image:type\" content=\"image\/jpeg\" \/>\n<meta name=\"twitter:card\" content=\"summary_large_image\" \/>\n<script type=\"application\/ld+json\" class=\"yoast-schema-graph\">{\"@context\":\"https:\\\/\\\/schema.org\",\"@graph\":[{\"@type\":\"WebPage\",\"@id\":\"https:\\\/\\\/radis.ee\\\/kirjutuslaud-tri\\\/\",\"url\":\"https:\\\/\\\/radis.ee\\\/kirjutuslaud-tri\\\/\",\"name\":\"Bureau TRI - Radis\",\"isPartOf\":{\"@id\":\"https:\\\/\\\/radis.ee\\\/#website\"},\"primaryImageOfPage\":{\"@id\":\"https:\\\/\\\/radis.ee\\\/kirjutuslaud-tri\\\/#primaryimage\"},\"image\":{\"@id\":\"https:\\\/\\\/radis.ee\\\/kirjutuslaud-tri\\\/#primaryimage\"},\"thumbnailUrl\":\"https:\\\/\\\/radis.ee\\\/wp-content\\\/uploads\\\/2021\\\/03\\\/RADIS-Desk-TRI-pebble-grey-oilwaxed-legs-white_white_background-scaled.jpg\",\"datePublished\":\"2021-03-17T19:17:47+00:00\",\"breadcrumb\":{\"@id\":\"https:\\\/\\\/radis.ee\\\/kirjutuslaud-tri\\\/#breadcrumb\"},\"inLanguage\":\"fr-FR\",\"potentialAction\":[{\"@type\":\"ReadAction\",\"target\":[\"https:\\\/\\\/radis.ee\\\/kirjutuslaud-tri\\\/\"]}]},{\"@type\":\"ImageObject\",\"inLanguage\":\"fr-FR\",\"@id\":\"https:\\\/\\\/radis.ee\\\/kirjutuslaud-tri\\\/#primaryimage\",\"url\":\"https:\\\/\\\/radis.ee\\\/wp-content\\\/uploads\\\/2021\\\/03\\\/RADIS-Desk-TRI-pebble-grey-oilwaxed-legs-white_white_background-scaled.jpg\",\"contentUrl\":\"https:\\\/\\\/radis.ee\\\/wp-content\\\/uploads\\\/2021\\\/03\\\/RADIS-Desk-TRI-pebble-grey-oilwaxed-legs-white_white_background-scaled.jpg\",\"width\":2560,\"height\":2560,\"caption\":\"RADIS desk TRI\"},{\"@type\":\"BreadcrumbList\",\"@id\":\"https:\\\/\\\/radis.ee\\\/kirjutuslaud-tri\\\/#breadcrumb\",\"itemListElement\":[{\"@type\":\"ListItem\",\"position\":1,\"name\":\"Home\",\"item\":\"https:\\\/\\\/radis.ee\\\/\"},{\"@type\":\"ListItem\",\"position\":2,\"name\":\"Magasin\",\"item\":\"https:\\\/\\\/radis.ee\\\/fr\\\/magasin\\\/\"},{\"@type\":\"ListItem\",\"position\":3,\"name\":\"Bureau TRI\"}]},{\"@type\":\"WebSite\",\"@id\":\"https:\\\/\\\/radis.ee\\\/#website\",\"url\":\"https:\\\/\\\/radis.ee\\\/\",\"name\":\"Radis\",\"description\":\"Nordic design furniture, environmentally friendly and sustainable.\",\"publisher\":{\"@id\":\"https:\\\/\\\/radis.ee\\\/#organization\"},\"potentialAction\":[{\"@type\":\"SearchAction\",\"target\":{\"@type\":\"EntryPoint\",\"urlTemplate\":\"https:\\\/\\\/radis.ee\\\/?s={search_term_string}\"},\"query-input\":{\"@type\":\"PropertyValueSpecification\",\"valueRequired\":true,\"valueName\":\"search_term_string\"}}],\"inLanguage\":\"fr-FR\"},{\"@type\":\"Organization\",\"@id\":\"https:\\\/\\\/radis.ee\\\/#organization\",\"name\":\"Radis O\u00dc\",\"url\":\"https:\\\/\\\/radis.ee\\\/\",\"logo\":{\"@type\":\"ImageObject\",\"inLanguage\":\"fr-FR\",\"@id\":\"https:\\\/\\\/radis.ee\\\/#\\\/schema\\\/logo\\\/image\\\/\",\"url\":\"https:\\\/\\\/radis.ee\\\/wp-content\\\/uploads\\\/2020\\\/10\\\/Radis-logo.png\",\"contentUrl\":\"https:\\\/\\\/radis.ee\\\/wp-content\\\/uploads\\\/2020\\\/10\\\/Radis-logo.png\",\"width\":300,\"height\":63,\"caption\":\"Radis O\u00dc\"},\"image\":{\"@id\":\"https:\\\/\\\/radis.ee\\\/#\\\/schema\\\/logo\\\/image\\\/\"},\"sameAs\":[\"https:\\\/\\\/www.facebook.com\\\/radisfurniture\\\/\"]}]}<\/script>\n<!-- \/ Yoast SEO plugin. -->","yoast_head_json":{"title":"Bureau TRI - Radis","robots":{"index":"index","follow":"follow","max-snippet":"max-snippet:-1","max-image-preview":"max-image-preview:large","max-video-preview":"max-video-preview:-1"},"canonical":"https:\/\/radis.ee\/kirjutuslaud-tri\/","og_locale":"fr_FR","og_type":"article","og_title":"Bureau TRI - Radis","og_description":"Le bureau TRI, adapt\u00e9 aux besoins d&rsquo;aujourd&rsquo;hui, convient aussi bien \u00e0 un enfant qu&rsquo;\u00e0 un bureau \u00e0 domicile. La table repose fermement sur les pieds triangulaires. Vous pouvez retirer le cordon de l&rsquo;ordinateur du coin de la table. Fabriqu\u00e9 en contreplaqu\u00e9 de bouleau cir\u00e9 \u00e0 l&rsquo;huile. Les pieds sont fix\u00e9s avec des boulons m\u00e9talliques. La...","og_url":"https:\/\/radis.ee\/kirjutuslaud-tri\/","og_site_name":"Radis","article_publisher":"https:\/\/www.facebook.com\/radisfurniture\/","og_image":[{"width":2560,"height":2560,"url":"https:\/\/radis.ee\/wp-content\/uploads\/2021\/03\/RADIS-Desk-TRI-pebble-grey-oilwaxed-legs-white_white_background-scaled.jpg","type":"image\/jpeg"}],"twitter_card":"summary_large_image","schema":{"@context":"https:\/\/schema.org","@graph":[{"@type":"WebPage","@id":"https:\/\/radis.ee\/kirjutuslaud-tri\/","url":"https:\/\/radis.ee\/kirjutuslaud-tri\/","name":"Bureau TRI - Radis","isPartOf":{"@id":"https:\/\/radis.ee\/#website"},"primaryImageOfPage":{"@id":"https:\/\/radis.ee\/kirjutuslaud-tri\/#primaryimage"},"image":{"@id":"https:\/\/radis.ee\/kirjutuslaud-tri\/#primaryimage"},"thumbnailUrl":"https:\/\/radis.ee\/wp-content\/uploads\/2021\/03\/RADIS-Desk-TRI-pebble-grey-oilwaxed-legs-white_white_background-scaled.jpg","datePublished":"2021-03-17T19:17:47+00:00","breadcrumb":{"@id":"https:\/\/radis.ee\/kirjutuslaud-tri\/#breadcrumb"},"inLanguage":"fr-FR","potentialAction":[{"@type":"ReadAction","target":["https:\/\/radis.ee\/kirjutuslaud-tri\/"]}]},{"@type":"ImageObject","inLanguage":"fr-FR","@id":"https:\/\/radis.ee\/kirjutuslaud-tri\/#primaryimage","url":"https:\/\/radis.ee\/wp-content\/uploads\/2021\/03\/RADIS-Desk-TRI-pebble-grey-oilwaxed-legs-white_white_background-scaled.jpg","contentUrl":"https:\/\/radis.ee\/wp-content\/uploads\/2021\/03\/RADIS-Desk-TRI-pebble-grey-oilwaxed-legs-white_white_background-scaled.jpg","width":2560,"height":2560,"caption":"RADIS desk TRI"},{"@type":"BreadcrumbList","@id":"https:\/\/radis.ee\/kirjutuslaud-tri\/#breadcrumb","itemListElement":[{"@type":"ListItem","position":1,"name":"Home","item":"https:\/\/radis.ee\/"},{"@type":"ListItem","position":2,"name":"Magasin","item":"https:\/\/radis.ee\/fr\/magasin\/"},{"@type":"ListItem","position":3,"name":"Bureau TRI"}]},{"@type":"WebSite","@id":"https:\/\/radis.ee\/#website","url":"https:\/\/radis.ee\/","name":"Radis","description":"Nordic design furniture, environmentally friendly and sustainable.","publisher":{"@id":"https:\/\/radis.ee\/#organization"},"potentialAction":[{"@type":"SearchAction","target":{"@type":"EntryPoint","urlTemplate":"https:\/\/radis.ee\/?s={search_term_string}"},"query-input":{"@type":"PropertyValueSpecification","valueRequired":true,"valueName":"search_term_string"}}],"inLanguage":"fr-FR"},{"@type":"Organization","@id":"https:\/\/radis.ee\/#organization","name":"Radis O\u00dc","url":"https:\/\/radis.ee\/","logo":{"@type":"ImageObject","inLanguage":"fr-FR","@id":"https:\/\/radis.ee\/#\/schema\/logo\/image\/","url":"https:\/\/radis.ee\/wp-content\/uploads\/2020\/10\/Radis-logo.png","contentUrl":"https:\/\/radis.ee\/wp-content\/uploads\/2020\/10\/Radis-logo.png","width":300,"height":63,"caption":"Radis O\u00dc"},"image":{"@id":"https:\/\/radis.ee\/#\/schema\/logo\/image\/"},"sameAs":["https:\/\/www.facebook.com\/radisfurniture\/"]}]}},"_links":{"self":[{"href":"https:\/\/radis.ee\/fr\/wp-json\/wp\/v2\/product\/9830","targetHints":{"allow":["GET"]}}],"collection":[{"href":"https:\/\/radis.ee\/fr\/wp-json\/wp\/v2\/product"}],"about":[{"href":"https:\/\/radis.ee\/fr\/wp-json\/wp\/v2\/types\/product"}],"replies":[{"embeddable":true,"href":"https:\/\/radis.ee\/fr\/wp-json\/wp\/v2\/comments?post=9830"}],"wp:featuredmedia":[{"embeddable":true,"href":"https:\/\/radis.ee\/fr\/wp-json\/wp\/v2\/media\/9900"}],"wp:attachment":[{"href":"https:\/\/radis.ee\/fr\/wp-json\/wp\/v2\/media?parent=9830"}],"wp:term":[{"taxonomy":"product_brand","embeddable":true,"href":"https:\/\/radis.ee\/fr\/wp-json\/wp\/v2\/product_brand?post=9830"},{"taxonomy":"product_cat","embeddable":true,"href":"https:\/\/radis.ee\/fr\/wp-json\/wp\/v2\/product_cat?post=9830"},{"taxonomy":"product_tag","embeddable":true,"href":"https:\/\/radis.ee\/fr\/wp-json\/wp\/v2\/product_tag?post=9830"}],"curies":[{"name":"wp","href":"https:\/\/api.w.org\/{rel}","templated":true}]}}