{"id":8553,"date":"2021-01-07T18:22:55","date_gmt":"2021-01-07T16:22:55","guid":{"rendered":"https:\/\/radis.ee\/verzending\/"},"modified":"2021-01-07T18:22:55","modified_gmt":"2021-01-07T16:22:55","slug":"verzending","status":"publish","type":"page","link":"https:\/\/radis.ee\/nl\/verzending\/","title":{"rendered":"Verzending"},"content":{"rendered":"<h2>1. Hoeveel kost verzending?<\/h2>\n<p>In Europa is de verzending helemaal gratis. Als u zich in een ander land bevindt, neem dan contact op met de klantenservice voor een schatting van de verzendkosten.<\/p>\n<h2>2. Hoe worden Radis-meubelen geleverd?<\/h2>\n<p>De meubels van Radis worden door het vertrouwde bezorgbedrijf Dachser in platte dozen geleverd, rechtstreeks bij uw voordeur.<\/p>\n<h2>3. Naar welke landen bieden we gratis verzending aan?<\/h2>\n<p>We bieden gratis verzending naar: Oostenrijk, Belgi\u00eb, Bulgarije, Kroati\u00eb, Tsjechi\u00eb, Denemarken, Estland, Finland, Frankrijk, Duitsland, Griekenland, Hongarije, Ierland, Itali\u00eb, Letland, Litouwen, Luxemburg, Nederland, Noorwegen, Polen, Portugal, Roemeni\u00eb , Slowakije, Sloveni\u00eb, Spanje, Zweden, Zwitserland en het Verenigd Koninkrijk.<\/p>\n<p>We kunnen ook wereldwijd verzenden en geven u graag een offerte voor verzending naar uw land.<\/p>\n<h2>4. Hoe lang duurt de levering?<\/h2>\n<p>De levertijd van Radis meubelen is maximaal 4 weken.<\/p>\n<h2>5. Hoe weet u wanneer uw bestelling wordt afgeleverd?<\/h2>\n<p>We laten u per e-mail weten wanneer we uw bestelde meubels uit onze fabriek hebben verzonden. We sturen ook de trackinglink zodat u de status van de levering kunt controleren. De rederij belt u ook vooraf om de levertijd af te spreken.<\/p>\n","protected":false},"excerpt":{"rendered":"<p>1. Hoeveel kost verzending? In Europa is de verzending helemaal gratis. Als u zich in een ander land bevindt, neem dan contact op met de klantenservice voor een schatting van de verzendkosten. 2. Hoe worden Radis-meubelen geleverd? De meubels van Radis worden door het vertrouwde bezorgbedrijf Dachser in platte dozen geleverd, rechtstreeks bij uw voordeur&#8230;.<\/p>\n","protected":false},"author":1,"featured_media":0,"parent":0,"menu_order":0,"comment_status":"closed","ping_status":"closed","template":"","meta":{"_acf_changed":false,"footnotes":""},"class_list":["post-8553","page","type-page","status-publish","hentry"],"acf":[],"yoast_head":"<!-- This site is optimized with the Yoast SEO plugin v27.4 - https:\/\/yoast.com\/product\/yoast-seo-wordpress\/ -->\n<title>Verzending - Radis<\/title>\n<meta name=\"robots\" content=\"index, follow, max-snippet:-1, max-image-preview:large, max-video-preview:-1\" \/>\n<link rel=\"canonical\" href=\"https:\/\/radis.ee\/nl\/verzending\/\" \/>\n<meta property=\"og:locale\" content=\"nl_NL\" \/>\n<meta property=\"og:type\" content=\"article\" \/>\n<meta property=\"og:title\" content=\"Verzending - Radis\" \/>\n<meta property=\"og:description\" content=\"1. Hoeveel kost verzending? In Europa is de verzending helemaal gratis. Als u zich in een ander land bevindt, neem dan contact op met de klantenservice voor een schatting van de verzendkosten. 2. Hoe worden Radis-meubelen geleverd? De meubels van Radis worden door het vertrouwde bezorgbedrijf Dachser in platte dozen geleverd, rechtstreeks bij uw voordeur....\" \/>\n<meta property=\"og:url\" content=\"https:\/\/radis.ee\/nl\/verzending\/\" \/>\n<meta property=\"og:site_name\" content=\"Radis\" \/>\n<meta property=\"article:publisher\" content=\"https:\/\/www.facebook.com\/radisfurniture\/\" \/>\n<meta name=\"twitter:card\" content=\"summary_large_image\" \/>\n<meta name=\"twitter:label1\" content=\"Geschatte leestijd\" \/>\n\t<meta name=\"twitter:data1\" content=\"1 minuut\" \/>\n<script type=\"application\/ld+json\" class=\"yoast-schema-graph\">{\"@context\":\"https:\\\/\\\/schema.org\",\"@graph\":[{\"@type\":\"WebPage\",\"@id\":\"https:\\\/\\\/radis.ee\\\/nl\\\/verzending\\\/\",\"url\":\"https:\\\/\\\/radis.ee\\\/nl\\\/verzending\\\/\",\"name\":\"Verzending - Radis\",\"isPartOf\":{\"@id\":\"https:\\\/\\\/radis.ee\\\/#website\"},\"datePublished\":\"2021-01-07T16:22:55+00:00\",\"breadcrumb\":{\"@id\":\"https:\\\/\\\/radis.ee\\\/nl\\\/verzending\\\/#breadcrumb\"},\"inLanguage\":\"nl-NL\",\"potentialAction\":[{\"@type\":\"ReadAction\",\"target\":[\"https:\\\/\\\/radis.ee\\\/nl\\\/verzending\\\/\"]}]},{\"@type\":\"BreadcrumbList\",\"@id\":\"https:\\\/\\\/radis.ee\\\/nl\\\/verzending\\\/#breadcrumb\",\"itemListElement\":[{\"@type\":\"ListItem\",\"position\":1,\"name\":\"Home\",\"item\":\"https:\\\/\\\/radis.ee\\\/\"},{\"@type\":\"ListItem\",\"position\":2,\"name\":\"Verzending\"}]},{\"@type\":\"WebSite\",\"@id\":\"https:\\\/\\\/radis.ee\\\/#website\",\"url\":\"https:\\\/\\\/radis.ee\\\/\",\"name\":\"Radis\",\"description\":\"Nordic design furniture, environmentally friendly and sustainable.\",\"publisher\":{\"@id\":\"https:\\\/\\\/radis.ee\\\/#organization\"},\"potentialAction\":[{\"@type\":\"SearchAction\",\"target\":{\"@type\":\"EntryPoint\",\"urlTemplate\":\"https:\\\/\\\/radis.ee\\\/?s={search_term_string}\"},\"query-input\":{\"@type\":\"PropertyValueSpecification\",\"valueRequired\":true,\"valueName\":\"search_term_string\"}}],\"inLanguage\":\"nl-NL\"},{\"@type\":\"Organization\",\"@id\":\"https:\\\/\\\/radis.ee\\\/#organization\",\"name\":\"Radis O\u00dc\",\"url\":\"https:\\\/\\\/radis.ee\\\/\",\"logo\":{\"@type\":\"ImageObject\",\"inLanguage\":\"nl-NL\",\"@id\":\"https:\\\/\\\/radis.ee\\\/#\\\/schema\\\/logo\\\/image\\\/\",\"url\":\"https:\\\/\\\/radis.ee\\\/wp-content\\\/uploads\\\/2020\\\/10\\\/Radis-logo.png\",\"contentUrl\":\"https:\\\/\\\/radis.ee\\\/wp-content\\\/uploads\\\/2020\\\/10\\\/Radis-logo.png\",\"width\":300,\"height\":63,\"caption\":\"Radis O\u00dc\"},\"image\":{\"@id\":\"https:\\\/\\\/radis.ee\\\/#\\\/schema\\\/logo\\\/image\\\/\"},\"sameAs\":[\"https:\\\/\\\/www.facebook.com\\\/radisfurniture\\\/\"]}]}<\/script>\n<!-- \/ Yoast SEO plugin. -->","yoast_head_json":{"title":"Verzending - Radis","robots":{"index":"index","follow":"follow","max-snippet":"max-snippet:-1","max-image-preview":"max-image-preview:large","max-video-preview":"max-video-preview:-1"},"canonical":"https:\/\/radis.ee\/nl\/verzending\/","og_locale":"nl_NL","og_type":"article","og_title":"Verzending - Radis","og_description":"1. Hoeveel kost verzending? In Europa is de verzending helemaal gratis. Als u zich in een ander land bevindt, neem dan contact op met de klantenservice voor een schatting van de verzendkosten. 2. Hoe worden Radis-meubelen geleverd? De meubels van Radis worden door het vertrouwde bezorgbedrijf Dachser in platte dozen geleverd, rechtstreeks bij uw voordeur....","og_url":"https:\/\/radis.ee\/nl\/verzending\/","og_site_name":"Radis","article_publisher":"https:\/\/www.facebook.com\/radisfurniture\/","twitter_card":"summary_large_image","twitter_misc":{"Geschatte leestijd":"1 minuut"},"schema":{"@context":"https:\/\/schema.org","@graph":[{"@type":"WebPage","@id":"https:\/\/radis.ee\/nl\/verzending\/","url":"https:\/\/radis.ee\/nl\/verzending\/","name":"Verzending - Radis","isPartOf":{"@id":"https:\/\/radis.ee\/#website"},"datePublished":"2021-01-07T16:22:55+00:00","breadcrumb":{"@id":"https:\/\/radis.ee\/nl\/verzending\/#breadcrumb"},"inLanguage":"nl-NL","potentialAction":[{"@type":"ReadAction","target":["https:\/\/radis.ee\/nl\/verzending\/"]}]},{"@type":"BreadcrumbList","@id":"https:\/\/radis.ee\/nl\/verzending\/#breadcrumb","itemListElement":[{"@type":"ListItem","position":1,"name":"Home","item":"https:\/\/radis.ee\/"},{"@type":"ListItem","position":2,"name":"Verzending"}]},{"@type":"WebSite","@id":"https:\/\/radis.ee\/#website","url":"https:\/\/radis.ee\/","name":"Radis","description":"Nordic design furniture, environmentally friendly and sustainable.","publisher":{"@id":"https:\/\/radis.ee\/#organization"},"potentialAction":[{"@type":"SearchAction","target":{"@type":"EntryPoint","urlTemplate":"https:\/\/radis.ee\/?s={search_term_string}"},"query-input":{"@type":"PropertyValueSpecification","valueRequired":true,"valueName":"search_term_string"}}],"inLanguage":"nl-NL"},{"@type":"Organization","@id":"https:\/\/radis.ee\/#organization","name":"Radis O\u00dc","url":"https:\/\/radis.ee\/","logo":{"@type":"ImageObject","inLanguage":"nl-NL","@id":"https:\/\/radis.ee\/#\/schema\/logo\/image\/","url":"https:\/\/radis.ee\/wp-content\/uploads\/2020\/10\/Radis-logo.png","contentUrl":"https:\/\/radis.ee\/wp-content\/uploads\/2020\/10\/Radis-logo.png","width":300,"height":63,"caption":"Radis O\u00dc"},"image":{"@id":"https:\/\/radis.ee\/#\/schema\/logo\/image\/"},"sameAs":["https:\/\/www.facebook.com\/radisfurniture\/"]}]}},"_links":{"self":[{"href":"https:\/\/radis.ee\/nl\/wp-json\/wp\/v2\/pages\/8553","targetHints":{"allow":["GET"]}}],"collection":[{"href":"https:\/\/radis.ee\/nl\/wp-json\/wp\/v2\/pages"}],"about":[{"href":"https:\/\/radis.ee\/nl\/wp-json\/wp\/v2\/types\/page"}],"author":[{"embeddable":true,"href":"https:\/\/radis.ee\/nl\/wp-json\/wp\/v2\/users\/1"}],"replies":[{"embeddable":true,"href":"https:\/\/radis.ee\/nl\/wp-json\/wp\/v2\/comments?post=8553"}],"version-history":[{"count":0,"href":"https:\/\/radis.ee\/nl\/wp-json\/wp\/v2\/pages\/8553\/revisions"}],"wp:attachment":[{"href":"https:\/\/radis.ee\/nl\/wp-json\/wp\/v2\/media?parent=8553"}],"curies":[{"name":"wp","href":"https:\/\/api.w.org\/{rel}","templated":true}]}}